{"id":7616,"date":"2023-03-27T08:07:07","date_gmt":"2023-03-27T08:07:07","guid":{"rendered":"https:\/\/gregorydamy.niceavocats.fr\/?post_type=product&#038;p=7616"},"modified":"2023-05-11T07:17:51","modified_gmt":"2023-05-11T07:17:51","slug":"revoca-dellassicurazione-vita","status":"publish","type":"product","link":"https:\/\/gregorydamy.niceavocats.fr\/it\/produit\/revoca-dellassicurazione-vita\/","title":{"rendered":"Revoca dell&#8217;assicurazione vita"},"content":{"rendered":"<p>Ai sensi dell&#8217;articolo 132-5-1 del Codice delle assicurazioni, potete disdire un contratto di assicurazione sulla vita entro trenta giorni dalla data del primo pagamento. La lettera di rinuncia deve pervenire all&#8217;assicuratore per lettera raccomandata con avviso di ricevimento. L&#8217;assicuratore \u00e8 tenuto a rimborsarle integralmente le somme versate entro trenta giorni dal ricevimento della lettera. Dopo tale periodo, le somme versate sono maggiorate degli interessi al tasso legale + 50% per due mesi, e successivamente al tasso legale + 100%. Se il &#8220;venditore&#8221; non vi ha fornito una nota informativa completa, la data di inizio del periodo di rinuncia \u00e8 estesa alla data di ricevimento di questi documenti.<\/p>\n","protected":false},"excerpt":{"rendered":"<p>Ai sensi dell&#8217;articolo 132-5-1 del Codice delle assicurazioni, potete disdire un contratto di assicurazione sulla vita entro trenta giorni dalla data del primo pagamento. La lettera di rinuncia deve pervenire all&#8217;assicuratore per lettera raccomandata con avviso di ricevimento. L&#8217;assicuratore \u00e8 tenuto a rimborsarle integralmente le somme versate entro trenta giorni dal ricevimento della lettera. Dopo [&hellip;]<\/p>\n","protected":false},"featured_media":17018,"comment_status":"open","ping_status":"closed","template":"","meta":{"_et_pb_use_builder":"","_et_pb_old_content":"","_et_gb_content_width":""},"product_brand":[],"product_cat":[365],"product_tag":[],"class_list":{"0":"post-7616","1":"product","2":"type-product","3":"status-publish","4":"has-post-thumbnail","6":"product_cat-lettere-di-esempio","8":"first","9":"instock","10":"downloadable","11":"taxable","12":"shipping-taxable","13":"purchasable","14":"product-type-simple"},"yoast_head":"<!-- This site is optimized with the Yoast SEO plugin v26.8 - https:\/\/yoast.com\/product\/yoast-seo-wordpress\/ -->\n<title>Revoca dell&#039;assicurazione vita - Soci\u00e9t\u00e9 d&#039;avocats Damy<\/title>\n<meta name=\"description\" content=\"Ai sensi dell&#039;articolo 132-5-1 del Codice delle assicurazioni, potete disdire un contratto di assicurazione sulla vita entro trenta giorni dalla data del primo pagamento. La lettera di rinuncia deve pervenire all&#039;assicuratore per lettera raccomandata con avviso di ricevimento. L&#039;assicuratore \u00e8 tenuto a rimborsarle integralmente le somme versate entro trenta giorni dal ricevimento della lettera. Do\" \/>\n<meta name=\"robots\" content=\"index, follow, max-snippet:-1, max-image-preview:large, max-video-preview:-1\" \/>\n<link rel=\"canonical\" href=\"https:\/\/gregorydamy.niceavocats.fr\/it\/produit\/revoca-dellassicurazione-vita\/\" \/>\n<meta property=\"og:locale\" content=\"it_IT\" \/>\n<meta property=\"og:type\" content=\"article\" \/>\n<meta property=\"og:title\" content=\"Revoca dell&#039;assicurazione vita - Soci\u00e9t\u00e9 d&#039;avocats Damy\" \/>\n<meta property=\"og:description\" content=\"Ai sensi dell&#039;articolo 132-5-1 del Codice delle assicurazioni, potete disdire un contratto di assicurazione sulla vita entro trenta giorni dalla data del primo pagamento. La lettera di rinuncia deve pervenire all&#039;assicuratore per lettera raccomandata con avviso di ricevimento. L&#039;assicuratore \u00e8 tenuto a rimborsarle integralmente le somme versate entro trenta giorni dal ricevimento della lettera. Do\" \/>\n<meta property=\"og:url\" content=\"https:\/\/gregorydamy.niceavocats.fr\/it\/produit\/revoca-dellassicurazione-vita\/\" \/>\n<meta property=\"og:site_name\" content=\"Soci\u00e9t\u00e9 d&#039;avocats Damy\" \/>\n<meta property=\"article:publisher\" content=\"https:\/\/www.facebook.com\/niceavocats.fr\/\" \/>\n<meta property=\"article:modified_time\" content=\"2023-05-11T07:17:51+00:00\" \/>\n<meta property=\"og:image\" content=\"https:\/\/gregorydamy.niceavocats.fr\/wp-content\/uploads\/2023\/04\/formulaires.png\" \/>\n\t<meta property=\"og:image:width\" content=\"2048\" \/>\n\t<meta property=\"og:image:height\" content=\"1536\" \/>\n\t<meta property=\"og:image:type\" content=\"image\/png\" \/>\n<meta name=\"twitter:card\" content=\"summary_large_image\" \/>\n<meta name=\"twitter:label1\" content=\"Tempo di lettura stimato\" \/>\n\t<meta name=\"twitter:data1\" content=\"1 minuto\" \/>\n<script type=\"application\/ld+json\" class=\"yoast-schema-graph\">{\"@context\":\"https:\/\/schema.org\",\"@graph\":[{\"@type\":\"WebPage\",\"@id\":\"https:\/\/gregorydamy.niceavocats.fr\/it\/produit\/revoca-dellassicurazione-vita\/\",\"url\":\"https:\/\/gregorydamy.niceavocats.fr\/it\/produit\/revoca-dellassicurazione-vita\/\",\"name\":\"Revoca dell'assicurazione vita - Soci\u00e9t\u00e9 d&#039;avocats Damy\",\"isPartOf\":{\"@id\":\"https:\/\/gregorydamy.niceavocats.fr\/it\/#website\"},\"primaryImageOfPage\":{\"@id\":\"https:\/\/gregorydamy.niceavocats.fr\/it\/produit\/revoca-dellassicurazione-vita\/#primaryimage\"},\"image\":{\"@id\":\"https:\/\/gregorydamy.niceavocats.fr\/it\/produit\/revoca-dellassicurazione-vita\/#primaryimage\"},\"thumbnailUrl\":\"https:\/\/gregorydamy.niceavocats.fr\/wp-content\/uploads\/2023\/04\/formulaires.png\",\"datePublished\":\"2023-03-27T08:07:07+00:00\",\"dateModified\":\"2023-05-11T07:17:51+00:00\",\"description\":\"Ai sensi dell'articolo 132-5-1 del Codice delle assicurazioni, potete disdire un contratto di assicurazione sulla vita entro trenta giorni dalla data del primo pagamento. La lettera di rinuncia deve pervenire all'assicuratore per lettera raccomandata con avviso di ricevimento. L'assicuratore \u00e8 tenuto a rimborsarle integralmente le somme versate entro trenta giorni dal ricevimento della lettera. Do\",\"breadcrumb\":{\"@id\":\"https:\/\/gregorydamy.niceavocats.fr\/it\/produit\/revoca-dellassicurazione-vita\/#breadcrumb\"},\"inLanguage\":\"it-IT\",\"potentialAction\":[{\"@type\":\"ReadAction\",\"target\":[\"https:\/\/gregorydamy.niceavocats.fr\/it\/produit\/revoca-dellassicurazione-vita\/\"]}]},{\"@type\":\"ImageObject\",\"inLanguage\":\"it-IT\",\"@id\":\"https:\/\/gregorydamy.niceavocats.fr\/it\/produit\/revoca-dellassicurazione-vita\/#primaryimage\",\"url\":\"https:\/\/gregorydamy.niceavocats.fr\/wp-content\/uploads\/2023\/04\/formulaires.png\",\"contentUrl\":\"https:\/\/gregorydamy.niceavocats.fr\/wp-content\/uploads\/2023\/04\/formulaires.png\",\"width\":2048,\"height\":1536,\"caption\":\"Votre avocat \u00e0 Nice vous propose des mod\u00e8les d'actes et vous conseille sur leurs utilisation.\"},{\"@type\":\"BreadcrumbList\",\"@id\":\"https:\/\/gregorydamy.niceavocats.fr\/it\/produit\/revoca-dellassicurazione-vita\/#breadcrumb\",\"itemListElement\":[{\"@type\":\"ListItem\",\"position\":1,\"name\":\"Accueil\",\"item\":\"https:\/\/gregorydamy.niceavocats.fr\/it\/\"},{\"@type\":\"ListItem\",\"position\":2,\"name\":\"Boutique\",\"item\":\"https:\/\/gregorydamy.niceavocats.fr\/boutique\/\"},{\"@type\":\"ListItem\",\"position\":3,\"name\":\"Revoca dell&#8217;assicurazione vita\"}]},{\"@type\":\"WebSite\",\"@id\":\"https:\/\/gregorydamy.niceavocats.fr\/it\/#website\",\"url\":\"https:\/\/gregorydamy.niceavocats.fr\/it\/\",\"name\":\"Soci\u00e9t\u00e9 d&#039;avocats Damy\",\"description\":\"Justice - Confiance - Efficacit\u00e9\",\"publisher\":{\"@id\":\"https:\/\/gregorydamy.niceavocats.fr\/it\/#organization\"},\"potentialAction\":[{\"@type\":\"SearchAction\",\"target\":{\"@type\":\"EntryPoint\",\"urlTemplate\":\"https:\/\/gregorydamy.niceavocats.fr\/it\/?s={search_term_string}\"},\"query-input\":{\"@type\":\"PropertyValueSpecification\",\"valueRequired\":true,\"valueName\":\"search_term_string\"}}],\"inLanguage\":\"it-IT\"},{\"@type\":\"Organization\",\"@id\":\"https:\/\/gregorydamy.niceavocats.fr\/it\/#organization\",\"name\":\"Soci\u00e9t\u00e9 d'Avocats DAMY\",\"alternateName\":\"Gr\u00e9gory DAMY\",\"url\":\"https:\/\/gregorydamy.niceavocats.fr\/it\/\",\"logo\":{\"@type\":\"ImageObject\",\"inLanguage\":\"it-IT\",\"@id\":\"https:\/\/gregorydamy.niceavocats.fr\/it\/#\/schema\/logo\/image\/\",\"url\":\"https:\/\/gregorydamy.niceavocats.fr\/wp-content\/uploads\/2023\/04\/damylogo-1.png\",\"contentUrl\":\"https:\/\/gregorydamy.niceavocats.fr\/wp-content\/uploads\/2023\/04\/damylogo-1.png\",\"width\":1890,\"height\":1417,\"caption\":\"Soci\u00e9t\u00e9 d'Avocats DAMY\"},\"image\":{\"@id\":\"https:\/\/gregorydamy.niceavocats.fr\/it\/#\/schema\/logo\/image\/\"},\"sameAs\":[\"https:\/\/www.facebook.com\/niceavocats.fr\/\"]}]}<\/script>\n<!-- \/ Yoast SEO plugin. -->","yoast_head_json":{"title":"Revoca dell'assicurazione vita - Soci\u00e9t\u00e9 d&#039;avocats Damy","description":"Ai sensi dell'articolo 132-5-1 del Codice delle assicurazioni, potete disdire un contratto di assicurazione sulla vita entro trenta giorni dalla data del primo pagamento. La lettera di rinuncia deve pervenire all'assicuratore per lettera raccomandata con avviso di ricevimento. L'assicuratore \u00e8 tenuto a rimborsarle integralmente le somme versate entro trenta giorni dal ricevimento della lettera. Do","robots":{"index":"index","follow":"follow","max-snippet":"max-snippet:-1","max-image-preview":"max-image-preview:large","max-video-preview":"max-video-preview:-1"},"canonical":"https:\/\/gregorydamy.niceavocats.fr\/it\/produit\/revoca-dellassicurazione-vita\/","og_locale":"it_IT","og_type":"article","og_title":"Revoca dell'assicurazione vita - Soci\u00e9t\u00e9 d&#039;avocats Damy","og_description":"Ai sensi dell'articolo 132-5-1 del Codice delle assicurazioni, potete disdire un contratto di assicurazione sulla vita entro trenta giorni dalla data del primo pagamento. La lettera di rinuncia deve pervenire all'assicuratore per lettera raccomandata con avviso di ricevimento. L'assicuratore \u00e8 tenuto a rimborsarle integralmente le somme versate entro trenta giorni dal ricevimento della lettera. Do","og_url":"https:\/\/gregorydamy.niceavocats.fr\/it\/produit\/revoca-dellassicurazione-vita\/","og_site_name":"Soci\u00e9t\u00e9 d&#039;avocats Damy","article_publisher":"https:\/\/www.facebook.com\/niceavocats.fr\/","article_modified_time":"2023-05-11T07:17:51+00:00","og_image":[{"width":2048,"height":1536,"url":"https:\/\/gregorydamy.niceavocats.fr\/wp-content\/uploads\/2023\/04\/formulaires.png","type":"image\/png"}],"twitter_card":"summary_large_image","twitter_misc":{"Tempo di lettura stimato":"1 minuto"},"schema":{"@context":"https:\/\/schema.org","@graph":[{"@type":"WebPage","@id":"https:\/\/gregorydamy.niceavocats.fr\/it\/produit\/revoca-dellassicurazione-vita\/","url":"https:\/\/gregorydamy.niceavocats.fr\/it\/produit\/revoca-dellassicurazione-vita\/","name":"Revoca dell'assicurazione vita - Soci\u00e9t\u00e9 d&#039;avocats Damy","isPartOf":{"@id":"https:\/\/gregorydamy.niceavocats.fr\/it\/#website"},"primaryImageOfPage":{"@id":"https:\/\/gregorydamy.niceavocats.fr\/it\/produit\/revoca-dellassicurazione-vita\/#primaryimage"},"image":{"@id":"https:\/\/gregorydamy.niceavocats.fr\/it\/produit\/revoca-dellassicurazione-vita\/#primaryimage"},"thumbnailUrl":"https:\/\/gregorydamy.niceavocats.fr\/wp-content\/uploads\/2023\/04\/formulaires.png","datePublished":"2023-03-27T08:07:07+00:00","dateModified":"2023-05-11T07:17:51+00:00","description":"Ai sensi dell'articolo 132-5-1 del Codice delle assicurazioni, potete disdire un contratto di assicurazione sulla vita entro trenta giorni dalla data del primo pagamento. La lettera di rinuncia deve pervenire all'assicuratore per lettera raccomandata con avviso di ricevimento. L'assicuratore \u00e8 tenuto a rimborsarle integralmente le somme versate entro trenta giorni dal ricevimento della lettera. Do","breadcrumb":{"@id":"https:\/\/gregorydamy.niceavocats.fr\/it\/produit\/revoca-dellassicurazione-vita\/#breadcrumb"},"inLanguage":"it-IT","potentialAction":[{"@type":"ReadAction","target":["https:\/\/gregorydamy.niceavocats.fr\/it\/produit\/revoca-dellassicurazione-vita\/"]}]},{"@type":"ImageObject","inLanguage":"it-IT","@id":"https:\/\/gregorydamy.niceavocats.fr\/it\/produit\/revoca-dellassicurazione-vita\/#primaryimage","url":"https:\/\/gregorydamy.niceavocats.fr\/wp-content\/uploads\/2023\/04\/formulaires.png","contentUrl":"https:\/\/gregorydamy.niceavocats.fr\/wp-content\/uploads\/2023\/04\/formulaires.png","width":2048,"height":1536,"caption":"Votre avocat \u00e0 Nice vous propose des mod\u00e8les d'actes et vous conseille sur leurs utilisation."},{"@type":"BreadcrumbList","@id":"https:\/\/gregorydamy.niceavocats.fr\/it\/produit\/revoca-dellassicurazione-vita\/#breadcrumb","itemListElement":[{"@type":"ListItem","position":1,"name":"Accueil","item":"https:\/\/gregorydamy.niceavocats.fr\/it\/"},{"@type":"ListItem","position":2,"name":"Boutique","item":"https:\/\/gregorydamy.niceavocats.fr\/boutique\/"},{"@type":"ListItem","position":3,"name":"Revoca dell&#8217;assicurazione vita"}]},{"@type":"WebSite","@id":"https:\/\/gregorydamy.niceavocats.fr\/it\/#website","url":"https:\/\/gregorydamy.niceavocats.fr\/it\/","name":"Soci\u00e9t\u00e9 d&#039;avocats Damy","description":"Justice - Confiance - Efficacit\u00e9","publisher":{"@id":"https:\/\/gregorydamy.niceavocats.fr\/it\/#organization"},"potentialAction":[{"@type":"SearchAction","target":{"@type":"EntryPoint","urlTemplate":"https:\/\/gregorydamy.niceavocats.fr\/it\/?s={search_term_string}"},"query-input":{"@type":"PropertyValueSpecification","valueRequired":true,"valueName":"search_term_string"}}],"inLanguage":"it-IT"},{"@type":"Organization","@id":"https:\/\/gregorydamy.niceavocats.fr\/it\/#organization","name":"Soci\u00e9t\u00e9 d'Avocats DAMY","alternateName":"Gr\u00e9gory DAMY","url":"https:\/\/gregorydamy.niceavocats.fr\/it\/","logo":{"@type":"ImageObject","inLanguage":"it-IT","@id":"https:\/\/gregorydamy.niceavocats.fr\/it\/#\/schema\/logo\/image\/","url":"https:\/\/gregorydamy.niceavocats.fr\/wp-content\/uploads\/2023\/04\/damylogo-1.png","contentUrl":"https:\/\/gregorydamy.niceavocats.fr\/wp-content\/uploads\/2023\/04\/damylogo-1.png","width":1890,"height":1417,"caption":"Soci\u00e9t\u00e9 d'Avocats DAMY"},"image":{"@id":"https:\/\/gregorydamy.niceavocats.fr\/it\/#\/schema\/logo\/image\/"},"sameAs":["https:\/\/www.facebook.com\/niceavocats.fr\/"]}]}},"_links":{"self":[{"href":"https:\/\/gregorydamy.niceavocats.fr\/it\/wp-json\/wp\/v2\/product\/7616","targetHints":{"allow":["GET"]}}],"collection":[{"href":"https:\/\/gregorydamy.niceavocats.fr\/it\/wp-json\/wp\/v2\/product"}],"about":[{"href":"https:\/\/gregorydamy.niceavocats.fr\/it\/wp-json\/wp\/v2\/types\/product"}],"replies":[{"embeddable":true,"href":"https:\/\/gregorydamy.niceavocats.fr\/it\/wp-json\/wp\/v2\/comments?post=7616"}],"wp:featuredmedia":[{"embeddable":true,"href":"https:\/\/gregorydamy.niceavocats.fr\/it\/wp-json\/wp\/v2\/media\/17018"}],"wp:attachment":[{"href":"https:\/\/gregorydamy.niceavocats.fr\/it\/wp-json\/wp\/v2\/media?parent=7616"}],"wp:term":[{"taxonomy":"product_brand","embeddable":true,"href":"https:\/\/gregorydamy.niceavocats.fr\/it\/wp-json\/wp\/v2\/product_brand?post=7616"},{"taxonomy":"product_cat","embeddable":true,"href":"https:\/\/gregorydamy.niceavocats.fr\/it\/wp-json\/wp\/v2\/product_cat?post=7616"},{"taxonomy":"product_tag","embeddable":true,"href":"https:\/\/gregorydamy.niceavocats.fr\/it\/wp-json\/wp\/v2\/product_tag?post=7616"}],"curies":[{"name":"wp","href":"https:\/\/api.w.org\/{rel}","templated":true}]}}