{"id":12465,"date":"2023-04-01T10:57:37","date_gmt":"2023-04-01T10:57:37","guid":{"rendered":"https:\/\/gregorydamy.niceavocats.fr\/?post_type=product&#038;p=12465"},"modified":"2023-05-10T08:19:51","modified_gmt":"2023-05-10T08:19:51","slug":"declaration-au-greffe-de-la-juridiction-de-proximite-du-tribunal","status":"publish","type":"product","link":"https:\/\/gregorydamy.niceavocats.fr\/it\/produit\/declaration-au-greffe-de-la-juridiction-de-proximite-du-tribunal\/","title":{"rendered":"Dichiarazione alla cancelleria del tribunale locale"},"content":{"rendered":"<p>Ogni individuo pu\u00f2 adire il tribunale locale, mediante dichiarazione alla cancelleria (articoli 847-1, 1406, 1425-1 del Codice di procedura civile, articolo L. 331-2-1 del Codice di organizzazione giudiziaria) per le seguenti controversie &#8211; controversie relative a beni personali e mobili inferiori a 4.000 euro. &#8211; Controversie relative alla restituzione di depositi cauzionali (comunemente chiamati &#8220;cauzione&#8221;, depositati al momento della stipula di un contratto di locazione abitativa) inferiori a 4.000 euro &#8211; Controversie relative all&#8217;adempimento di un&#8217;obbligazione inferiore a 4.000 euro. &#8211; 4.000. &#8211; Procedimento di ingiunzione di pagamento &#8211; Procedimento di ingiunzione di fare Il tribunale competente per territorio \u00e8 in linea di principio quello del domicilio del convenuto. Tuttavia, le controversie relative a beni immobili (come quelle relative al deposito cauzionale) vengono portate davanti al tribunale del luogo in cui si trova il bene in questione. In caso di ingiunzione di pagamento, \u00e8 competente il tribunale del domicilio del debitore. Nel caso di un&#8217;obbligazione di adempimento, \u00e8 competente il tribunale del luogo in cui vive il convenuto o il tribunale del luogo in cui viene eseguita l&#8217;obbligazione. La procedura \u00e8 orale. Il rinvio viene effettuato mediante semplice consegna in cancelleria o mediante raccomandata con ricevuta di ritorno. A NIZZA, la cancelleria del tribunale locale si trova presso il Palais Rusca, di fronte al palazzo di giustizia. La forma della dichiarazione alla cancelleria deve soddisfare i requisiti degli articoli 58 e 847-1, comma 2, del Nuovo Codice di Procedura Civile, a pena di nullit\u00e0. Per questo motivo vi offriamo un modello conforme ai requisiti di legge, per evitare che la vostra domanda venga respinta.<\/p>\n","protected":false},"excerpt":{"rendered":"<p>Ogni individuo pu\u00f2 adire il tribunale locale, mediante dichiarazione alla cancelleria (articoli 847-1, 1406, 1425-1 del Codice di procedura civile, articolo L. 331-2-1 del Codice di organizzazione giudiziaria) per le seguenti controversie &#8211; controversie relative a beni personali e mobili inferiori a 4.000 euro. &#8211; Controversie relative alla restituzione di depositi cauzionali (comunemente chiamati &#8220;cauzione&#8221;, [&hellip;]<\/p>\n","protected":false},"featured_media":17018,"comment_status":"open","ping_status":"closed","template":"","meta":{"_et_pb_use_builder":"","_et_pb_old_content":"","_et_gb_content_width":""},"product_brand":[],"product_cat":[344],"product_tag":[],"class_list":{"0":"post-12465","1":"product","2":"type-product","3":"status-publish","4":"has-post-thumbnail","6":"product_cat-atti-procedurali","8":"first","9":"instock","10":"downloadable","11":"taxable","12":"shipping-taxable","13":"purchasable","14":"product-type-simple"},"yoast_head":"<!-- This site is optimized with the Yoast SEO plugin v26.8 - https:\/\/yoast.com\/product\/yoast-seo-wordpress\/ -->\n<title>Dichiarazione alla cancelleria del tribunale locale - Soci\u00e9t\u00e9 d&#039;avocats Damy<\/title>\n<meta name=\"robots\" content=\"index, follow, max-snippet:-1, max-image-preview:large, max-video-preview:-1\" \/>\n<link rel=\"canonical\" href=\"https:\/\/gregorydamy.niceavocats.fr\/it\/produit\/declaration-au-greffe-de-la-juridiction-de-proximite-du-tribunal\/\" \/>\n<meta property=\"og:locale\" content=\"it_IT\" \/>\n<meta property=\"og:type\" content=\"article\" \/>\n<meta property=\"og:title\" content=\"Dichiarazione alla cancelleria del tribunale locale - Soci\u00e9t\u00e9 d&#039;avocats Damy\" \/>\n<meta property=\"og:description\" content=\"Ogni individuo pu\u00f2 adire il tribunale locale, mediante dichiarazione alla cancelleria (articoli 847-1, 1406, 1425-1 del Codice di procedura civile, articolo L. 331-2-1 del Codice di organizzazione giudiziaria) per le seguenti controversie &#8211; controversie relative a beni personali e mobili inferiori a 4.000 euro. &#8211; Controversie relative alla restituzione di depositi cauzionali (comunemente chiamati &#8220;cauzione&#8221;, [&hellip;]\" \/>\n<meta property=\"og:url\" content=\"https:\/\/gregorydamy.niceavocats.fr\/it\/produit\/declaration-au-greffe-de-la-juridiction-de-proximite-du-tribunal\/\" \/>\n<meta property=\"og:site_name\" content=\"Soci\u00e9t\u00e9 d&#039;avocats Damy\" \/>\n<meta property=\"article:publisher\" content=\"https:\/\/www.facebook.com\/niceavocats.fr\/\" \/>\n<meta property=\"article:modified_time\" content=\"2023-05-10T08:19:51+00:00\" \/>\n<meta property=\"og:image\" content=\"https:\/\/gregorydamy.niceavocats.fr\/wp-content\/uploads\/2023\/04\/formulaires.png\" \/>\n\t<meta property=\"og:image:width\" content=\"2048\" \/>\n\t<meta property=\"og:image:height\" content=\"1536\" \/>\n\t<meta property=\"og:image:type\" content=\"image\/png\" \/>\n<meta name=\"twitter:card\" content=\"summary_large_image\" \/>\n<meta name=\"twitter:label1\" content=\"Tempo di lettura stimato\" \/>\n\t<meta name=\"twitter:data1\" content=\"2 minuti\" \/>\n<script type=\"application\/ld+json\" class=\"yoast-schema-graph\">{\"@context\":\"https:\/\/schema.org\",\"@graph\":[{\"@type\":\"WebPage\",\"@id\":\"https:\/\/gregorydamy.niceavocats.fr\/it\/produit\/declaration-au-greffe-de-la-juridiction-de-proximite-du-tribunal\/\",\"url\":\"https:\/\/gregorydamy.niceavocats.fr\/it\/produit\/declaration-au-greffe-de-la-juridiction-de-proximite-du-tribunal\/\",\"name\":\"Dichiarazione alla cancelleria del tribunale locale - Soci\u00e9t\u00e9 d&#039;avocats Damy\",\"isPartOf\":{\"@id\":\"https:\/\/gregorydamy.niceavocats.fr\/it\/#website\"},\"primaryImageOfPage\":{\"@id\":\"https:\/\/gregorydamy.niceavocats.fr\/it\/produit\/declaration-au-greffe-de-la-juridiction-de-proximite-du-tribunal\/#primaryimage\"},\"image\":{\"@id\":\"https:\/\/gregorydamy.niceavocats.fr\/it\/produit\/declaration-au-greffe-de-la-juridiction-de-proximite-du-tribunal\/#primaryimage\"},\"thumbnailUrl\":\"https:\/\/gregorydamy.niceavocats.fr\/wp-content\/uploads\/2023\/04\/formulaires.png\",\"datePublished\":\"2023-04-01T10:57:37+00:00\",\"dateModified\":\"2023-05-10T08:19:51+00:00\",\"breadcrumb\":{\"@id\":\"https:\/\/gregorydamy.niceavocats.fr\/it\/produit\/declaration-au-greffe-de-la-juridiction-de-proximite-du-tribunal\/#breadcrumb\"},\"inLanguage\":\"it-IT\",\"potentialAction\":[{\"@type\":\"ReadAction\",\"target\":[\"https:\/\/gregorydamy.niceavocats.fr\/it\/produit\/declaration-au-greffe-de-la-juridiction-de-proximite-du-tribunal\/\"]}]},{\"@type\":\"ImageObject\",\"inLanguage\":\"it-IT\",\"@id\":\"https:\/\/gregorydamy.niceavocats.fr\/it\/produit\/declaration-au-greffe-de-la-juridiction-de-proximite-du-tribunal\/#primaryimage\",\"url\":\"https:\/\/gregorydamy.niceavocats.fr\/wp-content\/uploads\/2023\/04\/formulaires.png\",\"contentUrl\":\"https:\/\/gregorydamy.niceavocats.fr\/wp-content\/uploads\/2023\/04\/formulaires.png\",\"width\":2048,\"height\":1536,\"caption\":\"Votre avocat \u00e0 Nice vous propose des mod\u00e8les d'actes et vous conseille sur leurs utilisation.\"},{\"@type\":\"BreadcrumbList\",\"@id\":\"https:\/\/gregorydamy.niceavocats.fr\/it\/produit\/declaration-au-greffe-de-la-juridiction-de-proximite-du-tribunal\/#breadcrumb\",\"itemListElement\":[{\"@type\":\"ListItem\",\"position\":1,\"name\":\"Accueil\",\"item\":\"https:\/\/gregorydamy.niceavocats.fr\/it\/\"},{\"@type\":\"ListItem\",\"position\":2,\"name\":\"Boutique\",\"item\":\"https:\/\/gregorydamy.niceavocats.fr\/boutique\/\"},{\"@type\":\"ListItem\",\"position\":3,\"name\":\"Dichiarazione alla cancelleria del tribunale locale\"}]},{\"@type\":\"WebSite\",\"@id\":\"https:\/\/gregorydamy.niceavocats.fr\/it\/#website\",\"url\":\"https:\/\/gregorydamy.niceavocats.fr\/it\/\",\"name\":\"Soci\u00e9t\u00e9 d&#039;avocats Damy\",\"description\":\"Justice - Confiance - Efficacit\u00e9\",\"publisher\":{\"@id\":\"https:\/\/gregorydamy.niceavocats.fr\/it\/#organization\"},\"potentialAction\":[{\"@type\":\"SearchAction\",\"target\":{\"@type\":\"EntryPoint\",\"urlTemplate\":\"https:\/\/gregorydamy.niceavocats.fr\/it\/?s={search_term_string}\"},\"query-input\":{\"@type\":\"PropertyValueSpecification\",\"valueRequired\":true,\"valueName\":\"search_term_string\"}}],\"inLanguage\":\"it-IT\"},{\"@type\":\"Organization\",\"@id\":\"https:\/\/gregorydamy.niceavocats.fr\/it\/#organization\",\"name\":\"Soci\u00e9t\u00e9 d'Avocats DAMY\",\"alternateName\":\"Gr\u00e9gory DAMY\",\"url\":\"https:\/\/gregorydamy.niceavocats.fr\/it\/\",\"logo\":{\"@type\":\"ImageObject\",\"inLanguage\":\"it-IT\",\"@id\":\"https:\/\/gregorydamy.niceavocats.fr\/it\/#\/schema\/logo\/image\/\",\"url\":\"https:\/\/gregorydamy.niceavocats.fr\/wp-content\/uploads\/2023\/04\/damylogo-1.png\",\"contentUrl\":\"https:\/\/gregorydamy.niceavocats.fr\/wp-content\/uploads\/2023\/04\/damylogo-1.png\",\"width\":1890,\"height\":1417,\"caption\":\"Soci\u00e9t\u00e9 d'Avocats DAMY\"},\"image\":{\"@id\":\"https:\/\/gregorydamy.niceavocats.fr\/it\/#\/schema\/logo\/image\/\"},\"sameAs\":[\"https:\/\/www.facebook.com\/niceavocats.fr\/\"]}]}<\/script>\n<!-- \/ Yoast SEO plugin. -->","yoast_head_json":{"title":"Dichiarazione alla cancelleria del tribunale locale - Soci\u00e9t\u00e9 d&#039;avocats Damy","robots":{"index":"index","follow":"follow","max-snippet":"max-snippet:-1","max-image-preview":"max-image-preview:large","max-video-preview":"max-video-preview:-1"},"canonical":"https:\/\/gregorydamy.niceavocats.fr\/it\/produit\/declaration-au-greffe-de-la-juridiction-de-proximite-du-tribunal\/","og_locale":"it_IT","og_type":"article","og_title":"Dichiarazione alla cancelleria del tribunale locale - Soci\u00e9t\u00e9 d&#039;avocats Damy","og_description":"Ogni individuo pu\u00f2 adire il tribunale locale, mediante dichiarazione alla cancelleria (articoli 847-1, 1406, 1425-1 del Codice di procedura civile, articolo L. 331-2-1 del Codice di organizzazione giudiziaria) per le seguenti controversie &#8211; controversie relative a beni personali e mobili inferiori a 4.000 euro. &#8211; Controversie relative alla restituzione di depositi cauzionali (comunemente chiamati &#8220;cauzione&#8221;, [&hellip;]","og_url":"https:\/\/gregorydamy.niceavocats.fr\/it\/produit\/declaration-au-greffe-de-la-juridiction-de-proximite-du-tribunal\/","og_site_name":"Soci\u00e9t\u00e9 d&#039;avocats Damy","article_publisher":"https:\/\/www.facebook.com\/niceavocats.fr\/","article_modified_time":"2023-05-10T08:19:51+00:00","og_image":[{"width":2048,"height":1536,"url":"https:\/\/gregorydamy.niceavocats.fr\/wp-content\/uploads\/2023\/04\/formulaires.png","type":"image\/png"}],"twitter_card":"summary_large_image","twitter_misc":{"Tempo di lettura stimato":"2 minuti"},"schema":{"@context":"https:\/\/schema.org","@graph":[{"@type":"WebPage","@id":"https:\/\/gregorydamy.niceavocats.fr\/it\/produit\/declaration-au-greffe-de-la-juridiction-de-proximite-du-tribunal\/","url":"https:\/\/gregorydamy.niceavocats.fr\/it\/produit\/declaration-au-greffe-de-la-juridiction-de-proximite-du-tribunal\/","name":"Dichiarazione alla cancelleria del tribunale locale - Soci\u00e9t\u00e9 d&#039;avocats Damy","isPartOf":{"@id":"https:\/\/gregorydamy.niceavocats.fr\/it\/#website"},"primaryImageOfPage":{"@id":"https:\/\/gregorydamy.niceavocats.fr\/it\/produit\/declaration-au-greffe-de-la-juridiction-de-proximite-du-tribunal\/#primaryimage"},"image":{"@id":"https:\/\/gregorydamy.niceavocats.fr\/it\/produit\/declaration-au-greffe-de-la-juridiction-de-proximite-du-tribunal\/#primaryimage"},"thumbnailUrl":"https:\/\/gregorydamy.niceavocats.fr\/wp-content\/uploads\/2023\/04\/formulaires.png","datePublished":"2023-04-01T10:57:37+00:00","dateModified":"2023-05-10T08:19:51+00:00","breadcrumb":{"@id":"https:\/\/gregorydamy.niceavocats.fr\/it\/produit\/declaration-au-greffe-de-la-juridiction-de-proximite-du-tribunal\/#breadcrumb"},"inLanguage":"it-IT","potentialAction":[{"@type":"ReadAction","target":["https:\/\/gregorydamy.niceavocats.fr\/it\/produit\/declaration-au-greffe-de-la-juridiction-de-proximite-du-tribunal\/"]}]},{"@type":"ImageObject","inLanguage":"it-IT","@id":"https:\/\/gregorydamy.niceavocats.fr\/it\/produit\/declaration-au-greffe-de-la-juridiction-de-proximite-du-tribunal\/#primaryimage","url":"https:\/\/gregorydamy.niceavocats.fr\/wp-content\/uploads\/2023\/04\/formulaires.png","contentUrl":"https:\/\/gregorydamy.niceavocats.fr\/wp-content\/uploads\/2023\/04\/formulaires.png","width":2048,"height":1536,"caption":"Votre avocat \u00e0 Nice vous propose des mod\u00e8les d'actes et vous conseille sur leurs utilisation."},{"@type":"BreadcrumbList","@id":"https:\/\/gregorydamy.niceavocats.fr\/it\/produit\/declaration-au-greffe-de-la-juridiction-de-proximite-du-tribunal\/#breadcrumb","itemListElement":[{"@type":"ListItem","position":1,"name":"Accueil","item":"https:\/\/gregorydamy.niceavocats.fr\/it\/"},{"@type":"ListItem","position":2,"name":"Boutique","item":"https:\/\/gregorydamy.niceavocats.fr\/boutique\/"},{"@type":"ListItem","position":3,"name":"Dichiarazione alla cancelleria del tribunale locale"}]},{"@type":"WebSite","@id":"https:\/\/gregorydamy.niceavocats.fr\/it\/#website","url":"https:\/\/gregorydamy.niceavocats.fr\/it\/","name":"Soci\u00e9t\u00e9 d&#039;avocats Damy","description":"Justice - Confiance - Efficacit\u00e9","publisher":{"@id":"https:\/\/gregorydamy.niceavocats.fr\/it\/#organization"},"potentialAction":[{"@type":"SearchAction","target":{"@type":"EntryPoint","urlTemplate":"https:\/\/gregorydamy.niceavocats.fr\/it\/?s={search_term_string}"},"query-input":{"@type":"PropertyValueSpecification","valueRequired":true,"valueName":"search_term_string"}}],"inLanguage":"it-IT"},{"@type":"Organization","@id":"https:\/\/gregorydamy.niceavocats.fr\/it\/#organization","name":"Soci\u00e9t\u00e9 d'Avocats DAMY","alternateName":"Gr\u00e9gory DAMY","url":"https:\/\/gregorydamy.niceavocats.fr\/it\/","logo":{"@type":"ImageObject","inLanguage":"it-IT","@id":"https:\/\/gregorydamy.niceavocats.fr\/it\/#\/schema\/logo\/image\/","url":"https:\/\/gregorydamy.niceavocats.fr\/wp-content\/uploads\/2023\/04\/damylogo-1.png","contentUrl":"https:\/\/gregorydamy.niceavocats.fr\/wp-content\/uploads\/2023\/04\/damylogo-1.png","width":1890,"height":1417,"caption":"Soci\u00e9t\u00e9 d'Avocats DAMY"},"image":{"@id":"https:\/\/gregorydamy.niceavocats.fr\/it\/#\/schema\/logo\/image\/"},"sameAs":["https:\/\/www.facebook.com\/niceavocats.fr\/"]}]}},"_links":{"self":[{"href":"https:\/\/gregorydamy.niceavocats.fr\/it\/wp-json\/wp\/v2\/product\/12465","targetHints":{"allow":["GET"]}}],"collection":[{"href":"https:\/\/gregorydamy.niceavocats.fr\/it\/wp-json\/wp\/v2\/product"}],"about":[{"href":"https:\/\/gregorydamy.niceavocats.fr\/it\/wp-json\/wp\/v2\/types\/product"}],"replies":[{"embeddable":true,"href":"https:\/\/gregorydamy.niceavocats.fr\/it\/wp-json\/wp\/v2\/comments?post=12465"}],"wp:featuredmedia":[{"embeddable":true,"href":"https:\/\/gregorydamy.niceavocats.fr\/it\/wp-json\/wp\/v2\/media\/17018"}],"wp:attachment":[{"href":"https:\/\/gregorydamy.niceavocats.fr\/it\/wp-json\/wp\/v2\/media?parent=12465"}],"wp:term":[{"taxonomy":"product_brand","embeddable":true,"href":"https:\/\/gregorydamy.niceavocats.fr\/it\/wp-json\/wp\/v2\/product_brand?post=12465"},{"taxonomy":"product_cat","embeddable":true,"href":"https:\/\/gregorydamy.niceavocats.fr\/it\/wp-json\/wp\/v2\/product_cat?post=12465"},{"taxonomy":"product_tag","embeddable":true,"href":"https:\/\/gregorydamy.niceavocats.fr\/it\/wp-json\/wp\/v2\/product_tag?post=12465"}],"curies":[{"name":"wp","href":"https:\/\/api.w.org\/{rel}","templated":true}]}}