{"id":11247,"date":"2023-04-01T02:21:49","date_gmt":"2023-04-01T02:21:49","guid":{"rendered":"https:\/\/gregorydamy.niceavocats.fr\/?post_type=product&#038;p=11247"},"modified":"2023-05-10T10:22:25","modified_gmt":"2023-05-10T10:22:25","slug":"contratti-a-tempo-indeterminato-a-tempo-parziale-su-base-mensile","status":"publish","type":"product","link":"https:\/\/gregorydamy.niceavocats.fr\/it\/produit\/contratti-a-tempo-indeterminato-a-tempo-parziale-su-base-mensile\/","title":{"rendered":"Contratti a tempo indeterminato a tempo parziale su base mensile"},"content":{"rendered":"<p>In qualit\u00e0 di datore di lavoro, potete assumere un dipendente a tempo indeterminato. Tale assunzione pu\u00f2 essere orale o scritta. Tuttavia, poich\u00e9 il datore di lavoro \u00e8 tenuto a informare per iscritto il lavoratore delle condizioni essenziali del contratto a tempo indeterminato, si raccomanda vivamente di prevedere la stesura di un contratto di lavoro. Il CSI deve contenere un certo numero di clausole, quali la data di assunzione, la definizione delle mansioni svolte, il contratto collettivo applicabile, la retribuzione, il luogo di lavoro, la durata o l&#8217;orario di lavoro, la durata del periodo di prova e del periodo di preavviso, il regime complementare di protezione sociale. Durante il periodo di prova del contratto a tempo indeterminato, sia il datore di lavoro che il lavoratore possono porre fine al rapporto di lavoro in qualsiasi momento. Al termine del periodo di prova, il CDI pu\u00f2 altres\u00ec cessare in qualsiasi momento, su iniziativa di una o di entrambe le parti del contratto, nel rispetto delle clausole previste dal diritto del lavoro. In particolare, il datore di lavoro deve giustificare una causa reale e grave di rescissione del contratto a tempo indeterminato. Il CSI pu\u00f2 essere a tempo parziale. In questo caso, il contratto di lavoro deve specificare con precisione quante ore il dipendente lavorer\u00e0 e come vengono distribuite le ore di lavoro. Il contratto a tempo indeterminato a tempo parziale su base mensile prevede quindi una distribuzione delle ore di lavoro in base alle settimane del mese.<\/p>\n","protected":false},"excerpt":{"rendered":"<p>In qualit\u00e0 di datore di lavoro, potete assumere un dipendente a tempo indeterminato. Tale assunzione pu\u00f2 essere orale o scritta. Tuttavia, poich\u00e9 il datore di lavoro \u00e8 tenuto a informare per iscritto il lavoratore delle condizioni essenziali del contratto a tempo indeterminato, si raccomanda vivamente di prevedere la stesura di un contratto di lavoro. Il [&hellip;]<\/p>\n","protected":false},"featured_media":17018,"comment_status":"open","ping_status":"closed","template":"","meta":{"_et_pb_use_builder":"","_et_pb_old_content":"","_et_gb_content_width":""},"product_brand":[],"product_cat":[353],"product_tag":[],"class_list":{"0":"post-11247","1":"product","2":"type-product","3":"status-publish","4":"has-post-thumbnail","6":"product_cat-diritto-del-lavoro","8":"first","9":"instock","10":"downloadable","11":"taxable","12":"shipping-taxable","13":"purchasable","14":"product-type-simple"},"yoast_head":"<!-- This site is optimized with the Yoast SEO plugin v26.8 - https:\/\/yoast.com\/product\/yoast-seo-wordpress\/ -->\n<title>Contratti a tempo indeterminato a tempo parziale su base mensile - Soci\u00e9t\u00e9 d&#039;avocats Damy<\/title>\n<meta name=\"robots\" content=\"index, follow, max-snippet:-1, max-image-preview:large, max-video-preview:-1\" \/>\n<link rel=\"canonical\" href=\"https:\/\/gregorydamy.niceavocats.fr\/it\/produit\/contratti-a-tempo-indeterminato-a-tempo-parziale-su-base-mensile\/\" \/>\n<meta property=\"og:locale\" content=\"it_IT\" \/>\n<meta property=\"og:type\" content=\"article\" \/>\n<meta property=\"og:title\" content=\"Contratti a tempo indeterminato a tempo parziale su base mensile - Soci\u00e9t\u00e9 d&#039;avocats Damy\" \/>\n<meta property=\"og:description\" content=\"In qualit\u00e0 di datore di lavoro, potete assumere un dipendente a tempo indeterminato. Tale assunzione pu\u00f2 essere orale o scritta. Tuttavia, poich\u00e9 il datore di lavoro \u00e8 tenuto a informare per iscritto il lavoratore delle condizioni essenziali del contratto a tempo indeterminato, si raccomanda vivamente di prevedere la stesura di un contratto di lavoro. Il [&hellip;]\" \/>\n<meta property=\"og:url\" content=\"https:\/\/gregorydamy.niceavocats.fr\/it\/produit\/contratti-a-tempo-indeterminato-a-tempo-parziale-su-base-mensile\/\" \/>\n<meta property=\"og:site_name\" content=\"Soci\u00e9t\u00e9 d&#039;avocats Damy\" \/>\n<meta property=\"article:publisher\" content=\"https:\/\/www.facebook.com\/niceavocats.fr\/\" \/>\n<meta property=\"article:modified_time\" content=\"2023-05-10T10:22:25+00:00\" \/>\n<meta property=\"og:image\" content=\"https:\/\/gregorydamy.niceavocats.fr\/wp-content\/uploads\/2023\/04\/formulaires.png\" \/>\n\t<meta property=\"og:image:width\" content=\"2048\" \/>\n\t<meta property=\"og:image:height\" content=\"1536\" \/>\n\t<meta property=\"og:image:type\" content=\"image\/png\" \/>\n<meta name=\"twitter:card\" content=\"summary_large_image\" \/>\n<meta name=\"twitter:label1\" content=\"Tempo di lettura stimato\" \/>\n\t<meta name=\"twitter:data1\" content=\"2 minuti\" \/>\n<script type=\"application\/ld+json\" class=\"yoast-schema-graph\">{\"@context\":\"https:\/\/schema.org\",\"@graph\":[{\"@type\":\"WebPage\",\"@id\":\"https:\/\/gregorydamy.niceavocats.fr\/it\/produit\/contratti-a-tempo-indeterminato-a-tempo-parziale-su-base-mensile\/\",\"url\":\"https:\/\/gregorydamy.niceavocats.fr\/it\/produit\/contratti-a-tempo-indeterminato-a-tempo-parziale-su-base-mensile\/\",\"name\":\"Contratti a tempo indeterminato a tempo parziale su base mensile - Soci\u00e9t\u00e9 d&#039;avocats Damy\",\"isPartOf\":{\"@id\":\"https:\/\/gregorydamy.niceavocats.fr\/it\/#website\"},\"primaryImageOfPage\":{\"@id\":\"https:\/\/gregorydamy.niceavocats.fr\/it\/produit\/contratti-a-tempo-indeterminato-a-tempo-parziale-su-base-mensile\/#primaryimage\"},\"image\":{\"@id\":\"https:\/\/gregorydamy.niceavocats.fr\/it\/produit\/contratti-a-tempo-indeterminato-a-tempo-parziale-su-base-mensile\/#primaryimage\"},\"thumbnailUrl\":\"https:\/\/gregorydamy.niceavocats.fr\/wp-content\/uploads\/2023\/04\/formulaires.png\",\"datePublished\":\"2023-04-01T02:21:49+00:00\",\"dateModified\":\"2023-05-10T10:22:25+00:00\",\"breadcrumb\":{\"@id\":\"https:\/\/gregorydamy.niceavocats.fr\/it\/produit\/contratti-a-tempo-indeterminato-a-tempo-parziale-su-base-mensile\/#breadcrumb\"},\"inLanguage\":\"it-IT\",\"potentialAction\":[{\"@type\":\"ReadAction\",\"target\":[\"https:\/\/gregorydamy.niceavocats.fr\/it\/produit\/contratti-a-tempo-indeterminato-a-tempo-parziale-su-base-mensile\/\"]}]},{\"@type\":\"ImageObject\",\"inLanguage\":\"it-IT\",\"@id\":\"https:\/\/gregorydamy.niceavocats.fr\/it\/produit\/contratti-a-tempo-indeterminato-a-tempo-parziale-su-base-mensile\/#primaryimage\",\"url\":\"https:\/\/gregorydamy.niceavocats.fr\/wp-content\/uploads\/2023\/04\/formulaires.png\",\"contentUrl\":\"https:\/\/gregorydamy.niceavocats.fr\/wp-content\/uploads\/2023\/04\/formulaires.png\",\"width\":2048,\"height\":1536,\"caption\":\"Votre avocat \u00e0 Nice vous propose des mod\u00e8les d'actes et vous conseille sur leurs utilisation.\"},{\"@type\":\"BreadcrumbList\",\"@id\":\"https:\/\/gregorydamy.niceavocats.fr\/it\/produit\/contratti-a-tempo-indeterminato-a-tempo-parziale-su-base-mensile\/#breadcrumb\",\"itemListElement\":[{\"@type\":\"ListItem\",\"position\":1,\"name\":\"Accueil\",\"item\":\"https:\/\/gregorydamy.niceavocats.fr\/it\/\"},{\"@type\":\"ListItem\",\"position\":2,\"name\":\"Boutique\",\"item\":\"https:\/\/gregorydamy.niceavocats.fr\/boutique\/\"},{\"@type\":\"ListItem\",\"position\":3,\"name\":\"Contratti a tempo indeterminato a tempo parziale su base mensile\"}]},{\"@type\":\"WebSite\",\"@id\":\"https:\/\/gregorydamy.niceavocats.fr\/it\/#website\",\"url\":\"https:\/\/gregorydamy.niceavocats.fr\/it\/\",\"name\":\"Soci\u00e9t\u00e9 d&#039;avocats Damy\",\"description\":\"Justice - Confiance - Efficacit\u00e9\",\"publisher\":{\"@id\":\"https:\/\/gregorydamy.niceavocats.fr\/it\/#organization\"},\"potentialAction\":[{\"@type\":\"SearchAction\",\"target\":{\"@type\":\"EntryPoint\",\"urlTemplate\":\"https:\/\/gregorydamy.niceavocats.fr\/it\/?s={search_term_string}\"},\"query-input\":{\"@type\":\"PropertyValueSpecification\",\"valueRequired\":true,\"valueName\":\"search_term_string\"}}],\"inLanguage\":\"it-IT\"},{\"@type\":\"Organization\",\"@id\":\"https:\/\/gregorydamy.niceavocats.fr\/it\/#organization\",\"name\":\"Soci\u00e9t\u00e9 d'Avocats DAMY\",\"alternateName\":\"Gr\u00e9gory DAMY\",\"url\":\"https:\/\/gregorydamy.niceavocats.fr\/it\/\",\"logo\":{\"@type\":\"ImageObject\",\"inLanguage\":\"it-IT\",\"@id\":\"https:\/\/gregorydamy.niceavocats.fr\/it\/#\/schema\/logo\/image\/\",\"url\":\"https:\/\/gregorydamy.niceavocats.fr\/wp-content\/uploads\/2023\/04\/damylogo-1.png\",\"contentUrl\":\"https:\/\/gregorydamy.niceavocats.fr\/wp-content\/uploads\/2023\/04\/damylogo-1.png\",\"width\":1890,\"height\":1417,\"caption\":\"Soci\u00e9t\u00e9 d'Avocats DAMY\"},\"image\":{\"@id\":\"https:\/\/gregorydamy.niceavocats.fr\/it\/#\/schema\/logo\/image\/\"},\"sameAs\":[\"https:\/\/www.facebook.com\/niceavocats.fr\/\"]}]}<\/script>\n<!-- \/ Yoast SEO plugin. -->","yoast_head_json":{"title":"Contratti a tempo indeterminato a tempo parziale su base mensile - Soci\u00e9t\u00e9 d&#039;avocats Damy","robots":{"index":"index","follow":"follow","max-snippet":"max-snippet:-1","max-image-preview":"max-image-preview:large","max-video-preview":"max-video-preview:-1"},"canonical":"https:\/\/gregorydamy.niceavocats.fr\/it\/produit\/contratti-a-tempo-indeterminato-a-tempo-parziale-su-base-mensile\/","og_locale":"it_IT","og_type":"article","og_title":"Contratti a tempo indeterminato a tempo parziale su base mensile - Soci\u00e9t\u00e9 d&#039;avocats Damy","og_description":"In qualit\u00e0 di datore di lavoro, potete assumere un dipendente a tempo indeterminato. Tale assunzione pu\u00f2 essere orale o scritta. Tuttavia, poich\u00e9 il datore di lavoro \u00e8 tenuto a informare per iscritto il lavoratore delle condizioni essenziali del contratto a tempo indeterminato, si raccomanda vivamente di prevedere la stesura di un contratto di lavoro. Il [&hellip;]","og_url":"https:\/\/gregorydamy.niceavocats.fr\/it\/produit\/contratti-a-tempo-indeterminato-a-tempo-parziale-su-base-mensile\/","og_site_name":"Soci\u00e9t\u00e9 d&#039;avocats Damy","article_publisher":"https:\/\/www.facebook.com\/niceavocats.fr\/","article_modified_time":"2023-05-10T10:22:25+00:00","og_image":[{"width":2048,"height":1536,"url":"https:\/\/gregorydamy.niceavocats.fr\/wp-content\/uploads\/2023\/04\/formulaires.png","type":"image\/png"}],"twitter_card":"summary_large_image","twitter_misc":{"Tempo di lettura stimato":"2 minuti"},"schema":{"@context":"https:\/\/schema.org","@graph":[{"@type":"WebPage","@id":"https:\/\/gregorydamy.niceavocats.fr\/it\/produit\/contratti-a-tempo-indeterminato-a-tempo-parziale-su-base-mensile\/","url":"https:\/\/gregorydamy.niceavocats.fr\/it\/produit\/contratti-a-tempo-indeterminato-a-tempo-parziale-su-base-mensile\/","name":"Contratti a tempo indeterminato a tempo parziale su base mensile - Soci\u00e9t\u00e9 d&#039;avocats Damy","isPartOf":{"@id":"https:\/\/gregorydamy.niceavocats.fr\/it\/#website"},"primaryImageOfPage":{"@id":"https:\/\/gregorydamy.niceavocats.fr\/it\/produit\/contratti-a-tempo-indeterminato-a-tempo-parziale-su-base-mensile\/#primaryimage"},"image":{"@id":"https:\/\/gregorydamy.niceavocats.fr\/it\/produit\/contratti-a-tempo-indeterminato-a-tempo-parziale-su-base-mensile\/#primaryimage"},"thumbnailUrl":"https:\/\/gregorydamy.niceavocats.fr\/wp-content\/uploads\/2023\/04\/formulaires.png","datePublished":"2023-04-01T02:21:49+00:00","dateModified":"2023-05-10T10:22:25+00:00","breadcrumb":{"@id":"https:\/\/gregorydamy.niceavocats.fr\/it\/produit\/contratti-a-tempo-indeterminato-a-tempo-parziale-su-base-mensile\/#breadcrumb"},"inLanguage":"it-IT","potentialAction":[{"@type":"ReadAction","target":["https:\/\/gregorydamy.niceavocats.fr\/it\/produit\/contratti-a-tempo-indeterminato-a-tempo-parziale-su-base-mensile\/"]}]},{"@type":"ImageObject","inLanguage":"it-IT","@id":"https:\/\/gregorydamy.niceavocats.fr\/it\/produit\/contratti-a-tempo-indeterminato-a-tempo-parziale-su-base-mensile\/#primaryimage","url":"https:\/\/gregorydamy.niceavocats.fr\/wp-content\/uploads\/2023\/04\/formulaires.png","contentUrl":"https:\/\/gregorydamy.niceavocats.fr\/wp-content\/uploads\/2023\/04\/formulaires.png","width":2048,"height":1536,"caption":"Votre avocat \u00e0 Nice vous propose des mod\u00e8les d'actes et vous conseille sur leurs utilisation."},{"@type":"BreadcrumbList","@id":"https:\/\/gregorydamy.niceavocats.fr\/it\/produit\/contratti-a-tempo-indeterminato-a-tempo-parziale-su-base-mensile\/#breadcrumb","itemListElement":[{"@type":"ListItem","position":1,"name":"Accueil","item":"https:\/\/gregorydamy.niceavocats.fr\/it\/"},{"@type":"ListItem","position":2,"name":"Boutique","item":"https:\/\/gregorydamy.niceavocats.fr\/boutique\/"},{"@type":"ListItem","position":3,"name":"Contratti a tempo indeterminato a tempo parziale su base mensile"}]},{"@type":"WebSite","@id":"https:\/\/gregorydamy.niceavocats.fr\/it\/#website","url":"https:\/\/gregorydamy.niceavocats.fr\/it\/","name":"Soci\u00e9t\u00e9 d&#039;avocats Damy","description":"Justice - Confiance - Efficacit\u00e9","publisher":{"@id":"https:\/\/gregorydamy.niceavocats.fr\/it\/#organization"},"potentialAction":[{"@type":"SearchAction","target":{"@type":"EntryPoint","urlTemplate":"https:\/\/gregorydamy.niceavocats.fr\/it\/?s={search_term_string}"},"query-input":{"@type":"PropertyValueSpecification","valueRequired":true,"valueName":"search_term_string"}}],"inLanguage":"it-IT"},{"@type":"Organization","@id":"https:\/\/gregorydamy.niceavocats.fr\/it\/#organization","name":"Soci\u00e9t\u00e9 d'Avocats DAMY","alternateName":"Gr\u00e9gory DAMY","url":"https:\/\/gregorydamy.niceavocats.fr\/it\/","logo":{"@type":"ImageObject","inLanguage":"it-IT","@id":"https:\/\/gregorydamy.niceavocats.fr\/it\/#\/schema\/logo\/image\/","url":"https:\/\/gregorydamy.niceavocats.fr\/wp-content\/uploads\/2023\/04\/damylogo-1.png","contentUrl":"https:\/\/gregorydamy.niceavocats.fr\/wp-content\/uploads\/2023\/04\/damylogo-1.png","width":1890,"height":1417,"caption":"Soci\u00e9t\u00e9 d'Avocats DAMY"},"image":{"@id":"https:\/\/gregorydamy.niceavocats.fr\/it\/#\/schema\/logo\/image\/"},"sameAs":["https:\/\/www.facebook.com\/niceavocats.fr\/"]}]}},"_links":{"self":[{"href":"https:\/\/gregorydamy.niceavocats.fr\/it\/wp-json\/wp\/v2\/product\/11247","targetHints":{"allow":["GET"]}}],"collection":[{"href":"https:\/\/gregorydamy.niceavocats.fr\/it\/wp-json\/wp\/v2\/product"}],"about":[{"href":"https:\/\/gregorydamy.niceavocats.fr\/it\/wp-json\/wp\/v2\/types\/product"}],"replies":[{"embeddable":true,"href":"https:\/\/gregorydamy.niceavocats.fr\/it\/wp-json\/wp\/v2\/comments?post=11247"}],"wp:featuredmedia":[{"embeddable":true,"href":"https:\/\/gregorydamy.niceavocats.fr\/it\/wp-json\/wp\/v2\/media\/17018"}],"wp:attachment":[{"href":"https:\/\/gregorydamy.niceavocats.fr\/it\/wp-json\/wp\/v2\/media?parent=11247"}],"wp:term":[{"taxonomy":"product_brand","embeddable":true,"href":"https:\/\/gregorydamy.niceavocats.fr\/it\/wp-json\/wp\/v2\/product_brand?post=11247"},{"taxonomy":"product_cat","embeddable":true,"href":"https:\/\/gregorydamy.niceavocats.fr\/it\/wp-json\/wp\/v2\/product_cat?post=11247"},{"taxonomy":"product_tag","embeddable":true,"href":"https:\/\/gregorydamy.niceavocats.fr\/it\/wp-json\/wp\/v2\/product_tag?post=11247"}],"curies":[{"name":"wp","href":"https:\/\/api.w.org\/{rel}","templated":true}]}}