{"id":11095,"date":"2023-04-01T01:04:59","date_gmt":"2023-04-01T01:04:59","guid":{"rendered":"https:\/\/gregorydamy.niceavocats.fr\/?post_type=product&#038;p=11095"},"modified":"2023-05-10T12:02:51","modified_gmt":"2023-05-10T12:02:51","slug":"vendita-di-veicoli-usati-in-cattive-condizioni-richiesta-di-riparazione","status":"publish","type":"product","link":"https:\/\/gregorydamy.niceavocats.fr\/it\/produit\/vendita-di-veicoli-usati-in-cattive-condizioni-richiesta-di-riparazione\/","title":{"rendered":"Vendita di veicoli usati in cattive condizioni &#8211; Richiesta di riparazione"},"content":{"rendered":"<p>Hai appena acquistato un&#8217;auto usata da un professionista e il tuo garage ti dice che l&#8217;auto \u00e8 in cattive condizioni, che il venditore non ha segnalato a voi (per esempio, \u00e8 stato gravemente danneggiato o il contatore \u00e8 stato falsificato). Lei ha pertanto diritto alla garanzia legale di conformit\u00e0 di cui all&#8217;articolo L. 211-3 del codice del consumo. L&#8217;azione \u00e8 ben fondata, poich\u00e9 l&#8217;auto che \u00e8 stata venduta a voi non \u00e8 ovviamente conforme al contratto. \u00c8 possibile richiedere al venditore di effettuare le riparazioni necessarie da solo o di ritirare l&#8217;auto e rimborsarvi per l&#8217;importo pagato e il costo delle riparazioni. Avete anche il diritto di chiedere il risarcimento dei danni subiti se la vostra auto \u00e8 stata immobilizzata per diversi giorni.<\/p>\n","protected":false},"excerpt":{"rendered":"<p>Hai appena acquistato un&#8217;auto usata da un professionista e il tuo garage ti dice che l&#8217;auto \u00e8 in cattive condizioni, che il venditore non ha segnalato a voi (per esempio, \u00e8 stato gravemente danneggiato o il contatore \u00e8 stato falsificato). Lei ha pertanto diritto alla garanzia legale di conformit\u00e0 di cui all&#8217;articolo L. 211-3 del [&hellip;]<\/p>\n","protected":false},"featured_media":17018,"comment_status":"open","ping_status":"closed","template":"","meta":{"_et_pb_use_builder":"","_et_pb_old_content":"","_et_gb_content_width":""},"product_brand":[],"product_cat":[344],"product_tag":[],"class_list":{"0":"post-11095","1":"product","2":"type-product","3":"status-publish","4":"has-post-thumbnail","6":"product_cat-atti-procedurali","8":"first","9":"instock","10":"downloadable","11":"taxable","12":"shipping-taxable","13":"purchasable","14":"product-type-simple"},"yoast_head":"<!-- This site is optimized with the Yoast SEO plugin v26.8 - https:\/\/yoast.com\/product\/yoast-seo-wordpress\/ -->\n<title>Vendita di veicoli usati in cattive condizioni - Richiesta di riparazione - Soci\u00e9t\u00e9 d&#039;avocats Damy<\/title>\n<meta name=\"robots\" content=\"index, follow, max-snippet:-1, max-image-preview:large, max-video-preview:-1\" \/>\n<link rel=\"canonical\" href=\"https:\/\/gregorydamy.niceavocats.fr\/it\/produit\/vendita-di-veicoli-usati-in-cattive-condizioni-richiesta-di-riparazione\/\" \/>\n<meta property=\"og:locale\" content=\"it_IT\" \/>\n<meta property=\"og:type\" content=\"article\" \/>\n<meta property=\"og:title\" content=\"Vendita di veicoli usati in cattive condizioni - Richiesta di riparazione - Soci\u00e9t\u00e9 d&#039;avocats Damy\" \/>\n<meta property=\"og:description\" content=\"Hai appena acquistato un&#8217;auto usata da un professionista e il tuo garage ti dice che l&#8217;auto \u00e8 in cattive condizioni, che il venditore non ha segnalato a voi (per esempio, \u00e8 stato gravemente danneggiato o il contatore \u00e8 stato falsificato). Lei ha pertanto diritto alla garanzia legale di conformit\u00e0 di cui all&#8217;articolo L. 211-3 del [&hellip;]\" \/>\n<meta property=\"og:url\" content=\"https:\/\/gregorydamy.niceavocats.fr\/it\/produit\/vendita-di-veicoli-usati-in-cattive-condizioni-richiesta-di-riparazione\/\" \/>\n<meta property=\"og:site_name\" content=\"Soci\u00e9t\u00e9 d&#039;avocats Damy\" \/>\n<meta property=\"article:publisher\" content=\"https:\/\/www.facebook.com\/niceavocats.fr\/\" \/>\n<meta property=\"article:modified_time\" content=\"2023-05-10T12:02:51+00:00\" \/>\n<meta property=\"og:image\" content=\"https:\/\/gregorydamy.niceavocats.fr\/wp-content\/uploads\/2023\/04\/formulaires.png\" \/>\n\t<meta property=\"og:image:width\" content=\"2048\" \/>\n\t<meta property=\"og:image:height\" content=\"1536\" \/>\n\t<meta property=\"og:image:type\" content=\"image\/png\" \/>\n<meta name=\"twitter:card\" content=\"summary_large_image\" \/>\n<meta name=\"twitter:label1\" content=\"Tempo di lettura stimato\" \/>\n\t<meta name=\"twitter:data1\" content=\"1 minuto\" \/>\n<script type=\"application\/ld+json\" class=\"yoast-schema-graph\">{\"@context\":\"https:\/\/schema.org\",\"@graph\":[{\"@type\":\"WebPage\",\"@id\":\"https:\/\/gregorydamy.niceavocats.fr\/it\/produit\/vendita-di-veicoli-usati-in-cattive-condizioni-richiesta-di-riparazione\/\",\"url\":\"https:\/\/gregorydamy.niceavocats.fr\/it\/produit\/vendita-di-veicoli-usati-in-cattive-condizioni-richiesta-di-riparazione\/\",\"name\":\"Vendita di veicoli usati in cattive condizioni - Richiesta di riparazione - Soci\u00e9t\u00e9 d&#039;avocats Damy\",\"isPartOf\":{\"@id\":\"https:\/\/gregorydamy.niceavocats.fr\/it\/#website\"},\"primaryImageOfPage\":{\"@id\":\"https:\/\/gregorydamy.niceavocats.fr\/it\/produit\/vendita-di-veicoli-usati-in-cattive-condizioni-richiesta-di-riparazione\/#primaryimage\"},\"image\":{\"@id\":\"https:\/\/gregorydamy.niceavocats.fr\/it\/produit\/vendita-di-veicoli-usati-in-cattive-condizioni-richiesta-di-riparazione\/#primaryimage\"},\"thumbnailUrl\":\"https:\/\/gregorydamy.niceavocats.fr\/wp-content\/uploads\/2023\/04\/formulaires.png\",\"datePublished\":\"2023-04-01T01:04:59+00:00\",\"dateModified\":\"2023-05-10T12:02:51+00:00\",\"breadcrumb\":{\"@id\":\"https:\/\/gregorydamy.niceavocats.fr\/it\/produit\/vendita-di-veicoli-usati-in-cattive-condizioni-richiesta-di-riparazione\/#breadcrumb\"},\"inLanguage\":\"it-IT\",\"potentialAction\":[{\"@type\":\"ReadAction\",\"target\":[\"https:\/\/gregorydamy.niceavocats.fr\/it\/produit\/vendita-di-veicoli-usati-in-cattive-condizioni-richiesta-di-riparazione\/\"]}]},{\"@type\":\"ImageObject\",\"inLanguage\":\"it-IT\",\"@id\":\"https:\/\/gregorydamy.niceavocats.fr\/it\/produit\/vendita-di-veicoli-usati-in-cattive-condizioni-richiesta-di-riparazione\/#primaryimage\",\"url\":\"https:\/\/gregorydamy.niceavocats.fr\/wp-content\/uploads\/2023\/04\/formulaires.png\",\"contentUrl\":\"https:\/\/gregorydamy.niceavocats.fr\/wp-content\/uploads\/2023\/04\/formulaires.png\",\"width\":2048,\"height\":1536,\"caption\":\"Votre avocat \u00e0 Nice vous propose des mod\u00e8les d'actes et vous conseille sur leurs utilisation.\"},{\"@type\":\"BreadcrumbList\",\"@id\":\"https:\/\/gregorydamy.niceavocats.fr\/it\/produit\/vendita-di-veicoli-usati-in-cattive-condizioni-richiesta-di-riparazione\/#breadcrumb\",\"itemListElement\":[{\"@type\":\"ListItem\",\"position\":1,\"name\":\"Accueil\",\"item\":\"https:\/\/gregorydamy.niceavocats.fr\/it\/\"},{\"@type\":\"ListItem\",\"position\":2,\"name\":\"Boutique\",\"item\":\"https:\/\/gregorydamy.niceavocats.fr\/boutique\/\"},{\"@type\":\"ListItem\",\"position\":3,\"name\":\"Vendita di veicoli usati in cattive condizioni &#8211; Richiesta di riparazione\"}]},{\"@type\":\"WebSite\",\"@id\":\"https:\/\/gregorydamy.niceavocats.fr\/it\/#website\",\"url\":\"https:\/\/gregorydamy.niceavocats.fr\/it\/\",\"name\":\"Soci\u00e9t\u00e9 d&#039;avocats Damy\",\"description\":\"Justice - Confiance - Efficacit\u00e9\",\"publisher\":{\"@id\":\"https:\/\/gregorydamy.niceavocats.fr\/it\/#organization\"},\"potentialAction\":[{\"@type\":\"SearchAction\",\"target\":{\"@type\":\"EntryPoint\",\"urlTemplate\":\"https:\/\/gregorydamy.niceavocats.fr\/it\/?s={search_term_string}\"},\"query-input\":{\"@type\":\"PropertyValueSpecification\",\"valueRequired\":true,\"valueName\":\"search_term_string\"}}],\"inLanguage\":\"it-IT\"},{\"@type\":\"Organization\",\"@id\":\"https:\/\/gregorydamy.niceavocats.fr\/it\/#organization\",\"name\":\"Soci\u00e9t\u00e9 d'Avocats DAMY\",\"alternateName\":\"Gr\u00e9gory DAMY\",\"url\":\"https:\/\/gregorydamy.niceavocats.fr\/it\/\",\"logo\":{\"@type\":\"ImageObject\",\"inLanguage\":\"it-IT\",\"@id\":\"https:\/\/gregorydamy.niceavocats.fr\/it\/#\/schema\/logo\/image\/\",\"url\":\"https:\/\/gregorydamy.niceavocats.fr\/wp-content\/uploads\/2023\/04\/damylogo-1.png\",\"contentUrl\":\"https:\/\/gregorydamy.niceavocats.fr\/wp-content\/uploads\/2023\/04\/damylogo-1.png\",\"width\":1890,\"height\":1417,\"caption\":\"Soci\u00e9t\u00e9 d'Avocats DAMY\"},\"image\":{\"@id\":\"https:\/\/gregorydamy.niceavocats.fr\/it\/#\/schema\/logo\/image\/\"},\"sameAs\":[\"https:\/\/www.facebook.com\/niceavocats.fr\/\"]}]}<\/script>\n<!-- \/ Yoast SEO plugin. -->","yoast_head_json":{"title":"Vendita di veicoli usati in cattive condizioni - Richiesta di riparazione - Soci\u00e9t\u00e9 d&#039;avocats Damy","robots":{"index":"index","follow":"follow","max-snippet":"max-snippet:-1","max-image-preview":"max-image-preview:large","max-video-preview":"max-video-preview:-1"},"canonical":"https:\/\/gregorydamy.niceavocats.fr\/it\/produit\/vendita-di-veicoli-usati-in-cattive-condizioni-richiesta-di-riparazione\/","og_locale":"it_IT","og_type":"article","og_title":"Vendita di veicoli usati in cattive condizioni - Richiesta di riparazione - Soci\u00e9t\u00e9 d&#039;avocats Damy","og_description":"Hai appena acquistato un&#8217;auto usata da un professionista e il tuo garage ti dice che l&#8217;auto \u00e8 in cattive condizioni, che il venditore non ha segnalato a voi (per esempio, \u00e8 stato gravemente danneggiato o il contatore \u00e8 stato falsificato). Lei ha pertanto diritto alla garanzia legale di conformit\u00e0 di cui all&#8217;articolo L. 211-3 del [&hellip;]","og_url":"https:\/\/gregorydamy.niceavocats.fr\/it\/produit\/vendita-di-veicoli-usati-in-cattive-condizioni-richiesta-di-riparazione\/","og_site_name":"Soci\u00e9t\u00e9 d&#039;avocats Damy","article_publisher":"https:\/\/www.facebook.com\/niceavocats.fr\/","article_modified_time":"2023-05-10T12:02:51+00:00","og_image":[{"width":2048,"height":1536,"url":"https:\/\/gregorydamy.niceavocats.fr\/wp-content\/uploads\/2023\/04\/formulaires.png","type":"image\/png"}],"twitter_card":"summary_large_image","twitter_misc":{"Tempo di lettura stimato":"1 minuto"},"schema":{"@context":"https:\/\/schema.org","@graph":[{"@type":"WebPage","@id":"https:\/\/gregorydamy.niceavocats.fr\/it\/produit\/vendita-di-veicoli-usati-in-cattive-condizioni-richiesta-di-riparazione\/","url":"https:\/\/gregorydamy.niceavocats.fr\/it\/produit\/vendita-di-veicoli-usati-in-cattive-condizioni-richiesta-di-riparazione\/","name":"Vendita di veicoli usati in cattive condizioni - Richiesta di riparazione - Soci\u00e9t\u00e9 d&#039;avocats Damy","isPartOf":{"@id":"https:\/\/gregorydamy.niceavocats.fr\/it\/#website"},"primaryImageOfPage":{"@id":"https:\/\/gregorydamy.niceavocats.fr\/it\/produit\/vendita-di-veicoli-usati-in-cattive-condizioni-richiesta-di-riparazione\/#primaryimage"},"image":{"@id":"https:\/\/gregorydamy.niceavocats.fr\/it\/produit\/vendita-di-veicoli-usati-in-cattive-condizioni-richiesta-di-riparazione\/#primaryimage"},"thumbnailUrl":"https:\/\/gregorydamy.niceavocats.fr\/wp-content\/uploads\/2023\/04\/formulaires.png","datePublished":"2023-04-01T01:04:59+00:00","dateModified":"2023-05-10T12:02:51+00:00","breadcrumb":{"@id":"https:\/\/gregorydamy.niceavocats.fr\/it\/produit\/vendita-di-veicoli-usati-in-cattive-condizioni-richiesta-di-riparazione\/#breadcrumb"},"inLanguage":"it-IT","potentialAction":[{"@type":"ReadAction","target":["https:\/\/gregorydamy.niceavocats.fr\/it\/produit\/vendita-di-veicoli-usati-in-cattive-condizioni-richiesta-di-riparazione\/"]}]},{"@type":"ImageObject","inLanguage":"it-IT","@id":"https:\/\/gregorydamy.niceavocats.fr\/it\/produit\/vendita-di-veicoli-usati-in-cattive-condizioni-richiesta-di-riparazione\/#primaryimage","url":"https:\/\/gregorydamy.niceavocats.fr\/wp-content\/uploads\/2023\/04\/formulaires.png","contentUrl":"https:\/\/gregorydamy.niceavocats.fr\/wp-content\/uploads\/2023\/04\/formulaires.png","width":2048,"height":1536,"caption":"Votre avocat \u00e0 Nice vous propose des mod\u00e8les d'actes et vous conseille sur leurs utilisation."},{"@type":"BreadcrumbList","@id":"https:\/\/gregorydamy.niceavocats.fr\/it\/produit\/vendita-di-veicoli-usati-in-cattive-condizioni-richiesta-di-riparazione\/#breadcrumb","itemListElement":[{"@type":"ListItem","position":1,"name":"Accueil","item":"https:\/\/gregorydamy.niceavocats.fr\/it\/"},{"@type":"ListItem","position":2,"name":"Boutique","item":"https:\/\/gregorydamy.niceavocats.fr\/boutique\/"},{"@type":"ListItem","position":3,"name":"Vendita di veicoli usati in cattive condizioni &#8211; Richiesta di riparazione"}]},{"@type":"WebSite","@id":"https:\/\/gregorydamy.niceavocats.fr\/it\/#website","url":"https:\/\/gregorydamy.niceavocats.fr\/it\/","name":"Soci\u00e9t\u00e9 d&#039;avocats Damy","description":"Justice - Confiance - Efficacit\u00e9","publisher":{"@id":"https:\/\/gregorydamy.niceavocats.fr\/it\/#organization"},"potentialAction":[{"@type":"SearchAction","target":{"@type":"EntryPoint","urlTemplate":"https:\/\/gregorydamy.niceavocats.fr\/it\/?s={search_term_string}"},"query-input":{"@type":"PropertyValueSpecification","valueRequired":true,"valueName":"search_term_string"}}],"inLanguage":"it-IT"},{"@type":"Organization","@id":"https:\/\/gregorydamy.niceavocats.fr\/it\/#organization","name":"Soci\u00e9t\u00e9 d'Avocats DAMY","alternateName":"Gr\u00e9gory DAMY","url":"https:\/\/gregorydamy.niceavocats.fr\/it\/","logo":{"@type":"ImageObject","inLanguage":"it-IT","@id":"https:\/\/gregorydamy.niceavocats.fr\/it\/#\/schema\/logo\/image\/","url":"https:\/\/gregorydamy.niceavocats.fr\/wp-content\/uploads\/2023\/04\/damylogo-1.png","contentUrl":"https:\/\/gregorydamy.niceavocats.fr\/wp-content\/uploads\/2023\/04\/damylogo-1.png","width":1890,"height":1417,"caption":"Soci\u00e9t\u00e9 d'Avocats DAMY"},"image":{"@id":"https:\/\/gregorydamy.niceavocats.fr\/it\/#\/schema\/logo\/image\/"},"sameAs":["https:\/\/www.facebook.com\/niceavocats.fr\/"]}]}},"_links":{"self":[{"href":"https:\/\/gregorydamy.niceavocats.fr\/it\/wp-json\/wp\/v2\/product\/11095","targetHints":{"allow":["GET"]}}],"collection":[{"href":"https:\/\/gregorydamy.niceavocats.fr\/it\/wp-json\/wp\/v2\/product"}],"about":[{"href":"https:\/\/gregorydamy.niceavocats.fr\/it\/wp-json\/wp\/v2\/types\/product"}],"replies":[{"embeddable":true,"href":"https:\/\/gregorydamy.niceavocats.fr\/it\/wp-json\/wp\/v2\/comments?post=11095"}],"wp:featuredmedia":[{"embeddable":true,"href":"https:\/\/gregorydamy.niceavocats.fr\/it\/wp-json\/wp\/v2\/media\/17018"}],"wp:attachment":[{"href":"https:\/\/gregorydamy.niceavocats.fr\/it\/wp-json\/wp\/v2\/media?parent=11095"}],"wp:term":[{"taxonomy":"product_brand","embeddable":true,"href":"https:\/\/gregorydamy.niceavocats.fr\/it\/wp-json\/wp\/v2\/product_brand?post=11095"},{"taxonomy":"product_cat","embeddable":true,"href":"https:\/\/gregorydamy.niceavocats.fr\/it\/wp-json\/wp\/v2\/product_cat?post=11095"},{"taxonomy":"product_tag","embeddable":true,"href":"https:\/\/gregorydamy.niceavocats.fr\/it\/wp-json\/wp\/v2\/product_tag?post=11095"}],"curies":[{"name":"wp","href":"https:\/\/api.w.org\/{rel}","templated":true}]}}