{"id":11014,"date":"2023-04-01T00:18:33","date_gmt":"2023-04-01T00:18:33","guid":{"rendered":"https:\/\/gregorydamy.niceavocats.fr\/?post_type=product&#038;p=11014"},"modified":"2023-05-10T12:08:46","modified_gmt":"2023-05-10T12:08:46","slug":"esercizio-del-diritto-di-recesso-vendita-di-beni","status":"publish","type":"product","link":"https:\/\/gregorydamy.niceavocats.fr\/it\/produit\/esercizio-del-diritto-di-recesso-vendita-di-beni\/","title":{"rendered":"Esercizio del diritto di recesso &#8211; vendita di beni"},"content":{"rendered":"<p>In qualit\u00e0 di consumatore, avete un periodo di quattordici giorni dal ricevimento del vostro acquisto per recedere. \u00c8 necessario informare il venditore con lettera raccomandata con ricevuta di ritorno che si desidera annullare la vendita, senza dover giustificare le proprie ragioni. \u00c8 necessario restituire i prodotti al venditore intatto e nella loro confezione originale. I costi di rispedizione e altri eventuali costi (doganali) sono a carico dell&#8217;utente. Il venditore \u00e8 tenuto a rimborsarti l&#8217;importo dell&#8217;ordine al pi\u00f9 tardi entro 30 giorni dall&#8217;esercizio del tuo diritto di recesso, maggiorato degli interessi al tasso legale in vigore. Attenzione: Il diritto di recesso non riguarda: Il diritto di recesso non si applica ai seguenti contratti: servizi beni il cui prezzo dipende dai tassi del mercato finanziario, merci su vostra richiesta o chiaramente personalizzate (mobili su misura, ecc.), merci che si deteriorano o muoiono rapidamente (alimenti, ecc.), merce che avete aperto e che non potete restituire per motivi igienici o di tutela della salute, merci inseparabili da altri articoli, servizi interamente prestati prima della fine del periodo di recesso o la cui esecuzione sia iniziata, con il consenso dell&#8217;utente e l&#8217;espressa rinuncia al suo diritto di recesso, prima della fine di tale periodo, fornitura di bevande alcoliche la cui consegna \u00e8 differita oltre i 30 giorni e il cui valore dipende dalle tariffe dei mercati finanziari, CD, DVD o software aperto, fornitura di giornali, periodici e riviste, ad eccezione dei contratti di abbonamento, i contenuti digitali forniti su un supporto immateriale la cui esecuzione \u00e8 iniziata con il consenso dell&#8217;utente e per i quali quest&#8217;ultimo ha rinunciato al diritto di recesso, Interventi urgenti di manutenzione o riparazione a casa vostra e su vostra richiesta, nei limiti dei pezzi di ricambio e dei lavori strettamente urgenti, Conclusi in un&#8217;asta pubblica, l&#8217;alloggio, il trasporto di merci, l&#8217;autonoleggio, la ristorazione o le attivit\u00e0 ricreative fornite in una data o con una frequenza determinate (biglietto di presentazione, ecc.).<\/p>\n","protected":false},"excerpt":{"rendered":"<p>In qualit\u00e0 di consumatore, avete un periodo di quattordici giorni dal ricevimento del vostro acquisto per recedere. \u00c8 necessario informare il venditore con lettera raccomandata con ricevuta di ritorno che si desidera annullare la vendita, senza dover giustificare le proprie ragioni. \u00c8 necessario restituire i prodotti al venditore intatto e nella loro confezione originale. I [&hellip;]<\/p>\n","protected":false},"featured_media":17018,"comment_status":"open","ping_status":"closed","template":"","meta":{"_et_pb_use_builder":"","_et_pb_old_content":"","_et_gb_content_width":""},"product_brand":[],"product_cat":[365],"product_tag":[],"class_list":{"0":"post-11014","1":"product","2":"type-product","3":"status-publish","4":"has-post-thumbnail","6":"product_cat-lettere-di-esempio","8":"first","9":"instock","10":"downloadable","11":"taxable","12":"shipping-taxable","13":"purchasable","14":"product-type-simple"},"yoast_head":"<!-- This site is optimized with the Yoast SEO plugin v26.8 - https:\/\/yoast.com\/product\/yoast-seo-wordpress\/ -->\n<title>Esercizio del diritto di recesso - vendita di beni - Soci\u00e9t\u00e9 d&#039;avocats Damy<\/title>\n<meta name=\"robots\" content=\"index, follow, max-snippet:-1, max-image-preview:large, max-video-preview:-1\" \/>\n<link rel=\"canonical\" href=\"https:\/\/gregorydamy.niceavocats.fr\/it\/produit\/esercizio-del-diritto-di-recesso-vendita-di-beni\/\" \/>\n<meta property=\"og:locale\" content=\"it_IT\" \/>\n<meta property=\"og:type\" content=\"article\" \/>\n<meta property=\"og:title\" content=\"Esercizio del diritto di recesso - vendita di beni - Soci\u00e9t\u00e9 d&#039;avocats Damy\" \/>\n<meta property=\"og:description\" content=\"In qualit\u00e0 di consumatore, avete un periodo di quattordici giorni dal ricevimento del vostro acquisto per recedere. \u00c8 necessario informare il venditore con lettera raccomandata con ricevuta di ritorno che si desidera annullare la vendita, senza dover giustificare le proprie ragioni. \u00c8 necessario restituire i prodotti al venditore intatto e nella loro confezione originale. I [&hellip;]\" \/>\n<meta property=\"og:url\" content=\"https:\/\/gregorydamy.niceavocats.fr\/it\/produit\/esercizio-del-diritto-di-recesso-vendita-di-beni\/\" \/>\n<meta property=\"og:site_name\" content=\"Soci\u00e9t\u00e9 d&#039;avocats Damy\" \/>\n<meta property=\"article:publisher\" content=\"https:\/\/www.facebook.com\/niceavocats.fr\/\" \/>\n<meta property=\"article:modified_time\" content=\"2023-05-10T12:08:46+00:00\" \/>\n<meta property=\"og:image\" content=\"https:\/\/gregorydamy.niceavocats.fr\/wp-content\/uploads\/2023\/04\/formulaires.png\" \/>\n\t<meta property=\"og:image:width\" content=\"2048\" \/>\n\t<meta property=\"og:image:height\" content=\"1536\" \/>\n\t<meta property=\"og:image:type\" content=\"image\/png\" \/>\n<meta name=\"twitter:card\" content=\"summary_large_image\" \/>\n<meta name=\"twitter:label1\" content=\"Tempo di lettura stimato\" \/>\n\t<meta name=\"twitter:data1\" content=\"2 minuti\" \/>\n<script type=\"application\/ld+json\" class=\"yoast-schema-graph\">{\"@context\":\"https:\/\/schema.org\",\"@graph\":[{\"@type\":\"WebPage\",\"@id\":\"https:\/\/gregorydamy.niceavocats.fr\/it\/produit\/esercizio-del-diritto-di-recesso-vendita-di-beni\/\",\"url\":\"https:\/\/gregorydamy.niceavocats.fr\/it\/produit\/esercizio-del-diritto-di-recesso-vendita-di-beni\/\",\"name\":\"Esercizio del diritto di recesso - vendita di beni - Soci\u00e9t\u00e9 d&#039;avocats Damy\",\"isPartOf\":{\"@id\":\"https:\/\/gregorydamy.niceavocats.fr\/it\/#website\"},\"primaryImageOfPage\":{\"@id\":\"https:\/\/gregorydamy.niceavocats.fr\/it\/produit\/esercizio-del-diritto-di-recesso-vendita-di-beni\/#primaryimage\"},\"image\":{\"@id\":\"https:\/\/gregorydamy.niceavocats.fr\/it\/produit\/esercizio-del-diritto-di-recesso-vendita-di-beni\/#primaryimage\"},\"thumbnailUrl\":\"https:\/\/gregorydamy.niceavocats.fr\/wp-content\/uploads\/2023\/04\/formulaires.png\",\"datePublished\":\"2023-04-01T00:18:33+00:00\",\"dateModified\":\"2023-05-10T12:08:46+00:00\",\"breadcrumb\":{\"@id\":\"https:\/\/gregorydamy.niceavocats.fr\/it\/produit\/esercizio-del-diritto-di-recesso-vendita-di-beni\/#breadcrumb\"},\"inLanguage\":\"it-IT\",\"potentialAction\":[{\"@type\":\"ReadAction\",\"target\":[\"https:\/\/gregorydamy.niceavocats.fr\/it\/produit\/esercizio-del-diritto-di-recesso-vendita-di-beni\/\"]}]},{\"@type\":\"ImageObject\",\"inLanguage\":\"it-IT\",\"@id\":\"https:\/\/gregorydamy.niceavocats.fr\/it\/produit\/esercizio-del-diritto-di-recesso-vendita-di-beni\/#primaryimage\",\"url\":\"https:\/\/gregorydamy.niceavocats.fr\/wp-content\/uploads\/2023\/04\/formulaires.png\",\"contentUrl\":\"https:\/\/gregorydamy.niceavocats.fr\/wp-content\/uploads\/2023\/04\/formulaires.png\",\"width\":2048,\"height\":1536,\"caption\":\"Votre avocat \u00e0 Nice vous propose des mod\u00e8les d'actes et vous conseille sur leurs utilisation.\"},{\"@type\":\"BreadcrumbList\",\"@id\":\"https:\/\/gregorydamy.niceavocats.fr\/it\/produit\/esercizio-del-diritto-di-recesso-vendita-di-beni\/#breadcrumb\",\"itemListElement\":[{\"@type\":\"ListItem\",\"position\":1,\"name\":\"Accueil\",\"item\":\"https:\/\/gregorydamy.niceavocats.fr\/it\/\"},{\"@type\":\"ListItem\",\"position\":2,\"name\":\"Boutique\",\"item\":\"https:\/\/gregorydamy.niceavocats.fr\/boutique\/\"},{\"@type\":\"ListItem\",\"position\":3,\"name\":\"Esercizio del diritto di recesso &#8211; vendita di beni\"}]},{\"@type\":\"WebSite\",\"@id\":\"https:\/\/gregorydamy.niceavocats.fr\/it\/#website\",\"url\":\"https:\/\/gregorydamy.niceavocats.fr\/it\/\",\"name\":\"Soci\u00e9t\u00e9 d&#039;avocats Damy\",\"description\":\"Justice - Confiance - Efficacit\u00e9\",\"publisher\":{\"@id\":\"https:\/\/gregorydamy.niceavocats.fr\/it\/#organization\"},\"potentialAction\":[{\"@type\":\"SearchAction\",\"target\":{\"@type\":\"EntryPoint\",\"urlTemplate\":\"https:\/\/gregorydamy.niceavocats.fr\/it\/?s={search_term_string}\"},\"query-input\":{\"@type\":\"PropertyValueSpecification\",\"valueRequired\":true,\"valueName\":\"search_term_string\"}}],\"inLanguage\":\"it-IT\"},{\"@type\":\"Organization\",\"@id\":\"https:\/\/gregorydamy.niceavocats.fr\/it\/#organization\",\"name\":\"Soci\u00e9t\u00e9 d'Avocats DAMY\",\"alternateName\":\"Gr\u00e9gory DAMY\",\"url\":\"https:\/\/gregorydamy.niceavocats.fr\/it\/\",\"logo\":{\"@type\":\"ImageObject\",\"inLanguage\":\"it-IT\",\"@id\":\"https:\/\/gregorydamy.niceavocats.fr\/it\/#\/schema\/logo\/image\/\",\"url\":\"https:\/\/gregorydamy.niceavocats.fr\/wp-content\/uploads\/2023\/04\/damylogo-1.png\",\"contentUrl\":\"https:\/\/gregorydamy.niceavocats.fr\/wp-content\/uploads\/2023\/04\/damylogo-1.png\",\"width\":1890,\"height\":1417,\"caption\":\"Soci\u00e9t\u00e9 d'Avocats DAMY\"},\"image\":{\"@id\":\"https:\/\/gregorydamy.niceavocats.fr\/it\/#\/schema\/logo\/image\/\"},\"sameAs\":[\"https:\/\/www.facebook.com\/niceavocats.fr\/\"]}]}<\/script>\n<!-- \/ Yoast SEO plugin. -->","yoast_head_json":{"title":"Esercizio del diritto di recesso - vendita di beni - Soci\u00e9t\u00e9 d&#039;avocats Damy","robots":{"index":"index","follow":"follow","max-snippet":"max-snippet:-1","max-image-preview":"max-image-preview:large","max-video-preview":"max-video-preview:-1"},"canonical":"https:\/\/gregorydamy.niceavocats.fr\/it\/produit\/esercizio-del-diritto-di-recesso-vendita-di-beni\/","og_locale":"it_IT","og_type":"article","og_title":"Esercizio del diritto di recesso - vendita di beni - Soci\u00e9t\u00e9 d&#039;avocats Damy","og_description":"In qualit\u00e0 di consumatore, avete un periodo di quattordici giorni dal ricevimento del vostro acquisto per recedere. \u00c8 necessario informare il venditore con lettera raccomandata con ricevuta di ritorno che si desidera annullare la vendita, senza dover giustificare le proprie ragioni. \u00c8 necessario restituire i prodotti al venditore intatto e nella loro confezione originale. I [&hellip;]","og_url":"https:\/\/gregorydamy.niceavocats.fr\/it\/produit\/esercizio-del-diritto-di-recesso-vendita-di-beni\/","og_site_name":"Soci\u00e9t\u00e9 d&#039;avocats Damy","article_publisher":"https:\/\/www.facebook.com\/niceavocats.fr\/","article_modified_time":"2023-05-10T12:08:46+00:00","og_image":[{"width":2048,"height":1536,"url":"https:\/\/gregorydamy.niceavocats.fr\/wp-content\/uploads\/2023\/04\/formulaires.png","type":"image\/png"}],"twitter_card":"summary_large_image","twitter_misc":{"Tempo di lettura stimato":"2 minuti"},"schema":{"@context":"https:\/\/schema.org","@graph":[{"@type":"WebPage","@id":"https:\/\/gregorydamy.niceavocats.fr\/it\/produit\/esercizio-del-diritto-di-recesso-vendita-di-beni\/","url":"https:\/\/gregorydamy.niceavocats.fr\/it\/produit\/esercizio-del-diritto-di-recesso-vendita-di-beni\/","name":"Esercizio del diritto di recesso - vendita di beni - Soci\u00e9t\u00e9 d&#039;avocats Damy","isPartOf":{"@id":"https:\/\/gregorydamy.niceavocats.fr\/it\/#website"},"primaryImageOfPage":{"@id":"https:\/\/gregorydamy.niceavocats.fr\/it\/produit\/esercizio-del-diritto-di-recesso-vendita-di-beni\/#primaryimage"},"image":{"@id":"https:\/\/gregorydamy.niceavocats.fr\/it\/produit\/esercizio-del-diritto-di-recesso-vendita-di-beni\/#primaryimage"},"thumbnailUrl":"https:\/\/gregorydamy.niceavocats.fr\/wp-content\/uploads\/2023\/04\/formulaires.png","datePublished":"2023-04-01T00:18:33+00:00","dateModified":"2023-05-10T12:08:46+00:00","breadcrumb":{"@id":"https:\/\/gregorydamy.niceavocats.fr\/it\/produit\/esercizio-del-diritto-di-recesso-vendita-di-beni\/#breadcrumb"},"inLanguage":"it-IT","potentialAction":[{"@type":"ReadAction","target":["https:\/\/gregorydamy.niceavocats.fr\/it\/produit\/esercizio-del-diritto-di-recesso-vendita-di-beni\/"]}]},{"@type":"ImageObject","inLanguage":"it-IT","@id":"https:\/\/gregorydamy.niceavocats.fr\/it\/produit\/esercizio-del-diritto-di-recesso-vendita-di-beni\/#primaryimage","url":"https:\/\/gregorydamy.niceavocats.fr\/wp-content\/uploads\/2023\/04\/formulaires.png","contentUrl":"https:\/\/gregorydamy.niceavocats.fr\/wp-content\/uploads\/2023\/04\/formulaires.png","width":2048,"height":1536,"caption":"Votre avocat \u00e0 Nice vous propose des mod\u00e8les d'actes et vous conseille sur leurs utilisation."},{"@type":"BreadcrumbList","@id":"https:\/\/gregorydamy.niceavocats.fr\/it\/produit\/esercizio-del-diritto-di-recesso-vendita-di-beni\/#breadcrumb","itemListElement":[{"@type":"ListItem","position":1,"name":"Accueil","item":"https:\/\/gregorydamy.niceavocats.fr\/it\/"},{"@type":"ListItem","position":2,"name":"Boutique","item":"https:\/\/gregorydamy.niceavocats.fr\/boutique\/"},{"@type":"ListItem","position":3,"name":"Esercizio del diritto di recesso &#8211; vendita di beni"}]},{"@type":"WebSite","@id":"https:\/\/gregorydamy.niceavocats.fr\/it\/#website","url":"https:\/\/gregorydamy.niceavocats.fr\/it\/","name":"Soci\u00e9t\u00e9 d&#039;avocats Damy","description":"Justice - Confiance - Efficacit\u00e9","publisher":{"@id":"https:\/\/gregorydamy.niceavocats.fr\/it\/#organization"},"potentialAction":[{"@type":"SearchAction","target":{"@type":"EntryPoint","urlTemplate":"https:\/\/gregorydamy.niceavocats.fr\/it\/?s={search_term_string}"},"query-input":{"@type":"PropertyValueSpecification","valueRequired":true,"valueName":"search_term_string"}}],"inLanguage":"it-IT"},{"@type":"Organization","@id":"https:\/\/gregorydamy.niceavocats.fr\/it\/#organization","name":"Soci\u00e9t\u00e9 d'Avocats DAMY","alternateName":"Gr\u00e9gory DAMY","url":"https:\/\/gregorydamy.niceavocats.fr\/it\/","logo":{"@type":"ImageObject","inLanguage":"it-IT","@id":"https:\/\/gregorydamy.niceavocats.fr\/it\/#\/schema\/logo\/image\/","url":"https:\/\/gregorydamy.niceavocats.fr\/wp-content\/uploads\/2023\/04\/damylogo-1.png","contentUrl":"https:\/\/gregorydamy.niceavocats.fr\/wp-content\/uploads\/2023\/04\/damylogo-1.png","width":1890,"height":1417,"caption":"Soci\u00e9t\u00e9 d'Avocats DAMY"},"image":{"@id":"https:\/\/gregorydamy.niceavocats.fr\/it\/#\/schema\/logo\/image\/"},"sameAs":["https:\/\/www.facebook.com\/niceavocats.fr\/"]}]}},"_links":{"self":[{"href":"https:\/\/gregorydamy.niceavocats.fr\/it\/wp-json\/wp\/v2\/product\/11014","targetHints":{"allow":["GET"]}}],"collection":[{"href":"https:\/\/gregorydamy.niceavocats.fr\/it\/wp-json\/wp\/v2\/product"}],"about":[{"href":"https:\/\/gregorydamy.niceavocats.fr\/it\/wp-json\/wp\/v2\/types\/product"}],"replies":[{"embeddable":true,"href":"https:\/\/gregorydamy.niceavocats.fr\/it\/wp-json\/wp\/v2\/comments?post=11014"}],"wp:featuredmedia":[{"embeddable":true,"href":"https:\/\/gregorydamy.niceavocats.fr\/it\/wp-json\/wp\/v2\/media\/17018"}],"wp:attachment":[{"href":"https:\/\/gregorydamy.niceavocats.fr\/it\/wp-json\/wp\/v2\/media?parent=11014"}],"wp:term":[{"taxonomy":"product_brand","embeddable":true,"href":"https:\/\/gregorydamy.niceavocats.fr\/it\/wp-json\/wp\/v2\/product_brand?post=11014"},{"taxonomy":"product_cat","embeddable":true,"href":"https:\/\/gregorydamy.niceavocats.fr\/it\/wp-json\/wp\/v2\/product_cat?post=11014"},{"taxonomy":"product_tag","embeddable":true,"href":"https:\/\/gregorydamy.niceavocats.fr\/it\/wp-json\/wp\/v2\/product_tag?post=11014"}],"curies":[{"name":"wp","href":"https:\/\/api.w.org\/{rel}","templated":true}]}}