{"id":10908,"date":"2023-03-31T12:02:22","date_gmt":"2023-03-31T12:02:22","guid":{"rendered":"https:\/\/gregorydamy.niceavocats.fr\/?post_type=product&#038;p=10908"},"modified":"2023-05-10T12:21:31","modified_gmt":"2023-05-10T12:21:31","slug":"congedo-di-assenza-rifiuto-di-rinnovo-per-mancato-funzionamento","status":"publish","type":"product","link":"https:\/\/gregorydamy.niceavocats.fr\/it\/produit\/congedo-di-assenza-rifiuto-di-rinnovo-per-mancato-funzionamento\/","title":{"rendered":"Congedo di assenza &#8211; rifiuto di rinnovo per mancato funzionamento"},"content":{"rendered":"<p>Hai affittato uno spazio commerciale. Desiderate concedere un&#8217;aspettativa all&#8217;inquilino, ma rifiutate di rinnovare il contratto di locazione perch\u00e9 non gestisce efficacemente l&#8217;attivit\u00e0. Prima di concedere tale permesso al vostro inquilino, dovete avergli inviato un&#8217;ingiunzione all&#8217;ufficiale giudiziario con lettera raccomandata con ricevuta di ritorno, informandolo dei rimproveri che gli fate e del tempo di cui dispone per regolarizzare la situazione. Se il suo inquilino non ha regolarizzato la situazione dopo la sua messa in mora, ha il diritto di concedergli un&#8217;aspettativa con il rifiuto di rinnovo da parte dell&#8217;ufficiale giudiziario sei mesi prima della scadenza del contratto di locazione commerciale. Poich\u00e9 il congedo deve essere giustificato, dovete indicare il motivo per cui rifiutate di rinnovare il contratto di locazione al vostro inquilino; in questo caso, si tratta di un&#8217;interruzione dell&#8217;attivit\u00e0 dell&#8217;inquilino. \u00c8 inoltre necessario citare l&#8217;articolo L. 145-9 paragrafo 2 del codice di commercio che consente all&#8217;affittuario di contestare l&#8217;aspettativa o di chiedere un indennizzo per l&#8217;espulsione entro due anni dalla data di concessione dell&#8217;aspettativa.<\/p>\n","protected":false},"excerpt":{"rendered":"<p>Hai affittato uno spazio commerciale. Desiderate concedere un&#8217;aspettativa all&#8217;inquilino, ma rifiutate di rinnovare il contratto di locazione perch\u00e9 non gestisce efficacemente l&#8217;attivit\u00e0. Prima di concedere tale permesso al vostro inquilino, dovete avergli inviato un&#8217;ingiunzione all&#8217;ufficiale giudiziario con lettera raccomandata con ricevuta di ritorno, informandolo dei rimproveri che gli fate e del tempo di cui dispone [&hellip;]<\/p>\n","protected":false},"featured_media":17018,"comment_status":"open","ping_status":"closed","template":"","meta":{"_et_pb_use_builder":"","_et_pb_old_content":"","_et_gb_content_width":""},"product_brand":[],"product_cat":[362],"product_tag":[],"class_list":{"0":"post-10908","1":"product","2":"type-product","3":"status-publish","4":"has-post-thumbnail","6":"product_cat-diritto-commerciale","8":"first","9":"instock","10":"downloadable","11":"taxable","12":"shipping-taxable","13":"purchasable","14":"product-type-simple"},"yoast_head":"<!-- This site is optimized with the Yoast SEO plugin v26.8 - https:\/\/yoast.com\/product\/yoast-seo-wordpress\/ -->\n<title>Congedo di assenza - rifiuto di rinnovo per mancato funzionamento - Soci\u00e9t\u00e9 d&#039;avocats Damy<\/title>\n<meta name=\"robots\" content=\"index, follow, max-snippet:-1, max-image-preview:large, max-video-preview:-1\" \/>\n<link rel=\"canonical\" href=\"https:\/\/gregorydamy.niceavocats.fr\/it\/produit\/congedo-di-assenza-rifiuto-di-rinnovo-per-mancato-funzionamento\/\" \/>\n<meta property=\"og:locale\" content=\"it_IT\" \/>\n<meta property=\"og:type\" content=\"article\" \/>\n<meta property=\"og:title\" content=\"Congedo di assenza - rifiuto di rinnovo per mancato funzionamento - Soci\u00e9t\u00e9 d&#039;avocats Damy\" \/>\n<meta property=\"og:description\" content=\"Hai affittato uno spazio commerciale. Desiderate concedere un&#8217;aspettativa all&#8217;inquilino, ma rifiutate di rinnovare il contratto di locazione perch\u00e9 non gestisce efficacemente l&#8217;attivit\u00e0. Prima di concedere tale permesso al vostro inquilino, dovete avergli inviato un&#8217;ingiunzione all&#8217;ufficiale giudiziario con lettera raccomandata con ricevuta di ritorno, informandolo dei rimproveri che gli fate e del tempo di cui dispone [&hellip;]\" \/>\n<meta property=\"og:url\" content=\"https:\/\/gregorydamy.niceavocats.fr\/it\/produit\/congedo-di-assenza-rifiuto-di-rinnovo-per-mancato-funzionamento\/\" \/>\n<meta property=\"og:site_name\" content=\"Soci\u00e9t\u00e9 d&#039;avocats Damy\" \/>\n<meta property=\"article:publisher\" content=\"https:\/\/www.facebook.com\/niceavocats.fr\/\" \/>\n<meta property=\"article:modified_time\" content=\"2023-05-10T12:21:31+00:00\" \/>\n<meta property=\"og:image\" content=\"https:\/\/gregorydamy.niceavocats.fr\/wp-content\/uploads\/2023\/04\/formulaires.png\" \/>\n\t<meta property=\"og:image:width\" content=\"2048\" \/>\n\t<meta property=\"og:image:height\" content=\"1536\" \/>\n\t<meta property=\"og:image:type\" content=\"image\/png\" \/>\n<meta name=\"twitter:card\" content=\"summary_large_image\" \/>\n<meta name=\"twitter:label1\" content=\"Tempo di lettura stimato\" \/>\n\t<meta name=\"twitter:data1\" content=\"1 minuto\" \/>\n<script type=\"application\/ld+json\" class=\"yoast-schema-graph\">{\"@context\":\"https:\/\/schema.org\",\"@graph\":[{\"@type\":\"WebPage\",\"@id\":\"https:\/\/gregorydamy.niceavocats.fr\/it\/produit\/congedo-di-assenza-rifiuto-di-rinnovo-per-mancato-funzionamento\/\",\"url\":\"https:\/\/gregorydamy.niceavocats.fr\/it\/produit\/congedo-di-assenza-rifiuto-di-rinnovo-per-mancato-funzionamento\/\",\"name\":\"Congedo di assenza - rifiuto di rinnovo per mancato funzionamento - Soci\u00e9t\u00e9 d&#039;avocats Damy\",\"isPartOf\":{\"@id\":\"https:\/\/gregorydamy.niceavocats.fr\/it\/#website\"},\"primaryImageOfPage\":{\"@id\":\"https:\/\/gregorydamy.niceavocats.fr\/it\/produit\/congedo-di-assenza-rifiuto-di-rinnovo-per-mancato-funzionamento\/#primaryimage\"},\"image\":{\"@id\":\"https:\/\/gregorydamy.niceavocats.fr\/it\/produit\/congedo-di-assenza-rifiuto-di-rinnovo-per-mancato-funzionamento\/#primaryimage\"},\"thumbnailUrl\":\"https:\/\/gregorydamy.niceavocats.fr\/wp-content\/uploads\/2023\/04\/formulaires.png\",\"datePublished\":\"2023-03-31T12:02:22+00:00\",\"dateModified\":\"2023-05-10T12:21:31+00:00\",\"breadcrumb\":{\"@id\":\"https:\/\/gregorydamy.niceavocats.fr\/it\/produit\/congedo-di-assenza-rifiuto-di-rinnovo-per-mancato-funzionamento\/#breadcrumb\"},\"inLanguage\":\"it-IT\",\"potentialAction\":[{\"@type\":\"ReadAction\",\"target\":[\"https:\/\/gregorydamy.niceavocats.fr\/it\/produit\/congedo-di-assenza-rifiuto-di-rinnovo-per-mancato-funzionamento\/\"]}]},{\"@type\":\"ImageObject\",\"inLanguage\":\"it-IT\",\"@id\":\"https:\/\/gregorydamy.niceavocats.fr\/it\/produit\/congedo-di-assenza-rifiuto-di-rinnovo-per-mancato-funzionamento\/#primaryimage\",\"url\":\"https:\/\/gregorydamy.niceavocats.fr\/wp-content\/uploads\/2023\/04\/formulaires.png\",\"contentUrl\":\"https:\/\/gregorydamy.niceavocats.fr\/wp-content\/uploads\/2023\/04\/formulaires.png\",\"width\":2048,\"height\":1536,\"caption\":\"Votre avocat \u00e0 Nice vous propose des mod\u00e8les d'actes et vous conseille sur leurs utilisation.\"},{\"@type\":\"BreadcrumbList\",\"@id\":\"https:\/\/gregorydamy.niceavocats.fr\/it\/produit\/congedo-di-assenza-rifiuto-di-rinnovo-per-mancato-funzionamento\/#breadcrumb\",\"itemListElement\":[{\"@type\":\"ListItem\",\"position\":1,\"name\":\"Accueil\",\"item\":\"https:\/\/gregorydamy.niceavocats.fr\/it\/\"},{\"@type\":\"ListItem\",\"position\":2,\"name\":\"Boutique\",\"item\":\"https:\/\/gregorydamy.niceavocats.fr\/boutique\/\"},{\"@type\":\"ListItem\",\"position\":3,\"name\":\"Congedo di assenza &#8211; rifiuto di rinnovo per mancato funzionamento\"}]},{\"@type\":\"WebSite\",\"@id\":\"https:\/\/gregorydamy.niceavocats.fr\/it\/#website\",\"url\":\"https:\/\/gregorydamy.niceavocats.fr\/it\/\",\"name\":\"Soci\u00e9t\u00e9 d&#039;avocats Damy\",\"description\":\"Justice - Confiance - Efficacit\u00e9\",\"publisher\":{\"@id\":\"https:\/\/gregorydamy.niceavocats.fr\/it\/#organization\"},\"potentialAction\":[{\"@type\":\"SearchAction\",\"target\":{\"@type\":\"EntryPoint\",\"urlTemplate\":\"https:\/\/gregorydamy.niceavocats.fr\/it\/?s={search_term_string}\"},\"query-input\":{\"@type\":\"PropertyValueSpecification\",\"valueRequired\":true,\"valueName\":\"search_term_string\"}}],\"inLanguage\":\"it-IT\"},{\"@type\":\"Organization\",\"@id\":\"https:\/\/gregorydamy.niceavocats.fr\/it\/#organization\",\"name\":\"Soci\u00e9t\u00e9 d'Avocats DAMY\",\"alternateName\":\"Gr\u00e9gory DAMY\",\"url\":\"https:\/\/gregorydamy.niceavocats.fr\/it\/\",\"logo\":{\"@type\":\"ImageObject\",\"inLanguage\":\"it-IT\",\"@id\":\"https:\/\/gregorydamy.niceavocats.fr\/it\/#\/schema\/logo\/image\/\",\"url\":\"https:\/\/gregorydamy.niceavocats.fr\/wp-content\/uploads\/2023\/04\/damylogo-1.png\",\"contentUrl\":\"https:\/\/gregorydamy.niceavocats.fr\/wp-content\/uploads\/2023\/04\/damylogo-1.png\",\"width\":1890,\"height\":1417,\"caption\":\"Soci\u00e9t\u00e9 d'Avocats DAMY\"},\"image\":{\"@id\":\"https:\/\/gregorydamy.niceavocats.fr\/it\/#\/schema\/logo\/image\/\"},\"sameAs\":[\"https:\/\/www.facebook.com\/niceavocats.fr\/\"]}]}<\/script>\n<!-- \/ Yoast SEO plugin. -->","yoast_head_json":{"title":"Congedo di assenza - rifiuto di rinnovo per mancato funzionamento - Soci\u00e9t\u00e9 d&#039;avocats Damy","robots":{"index":"index","follow":"follow","max-snippet":"max-snippet:-1","max-image-preview":"max-image-preview:large","max-video-preview":"max-video-preview:-1"},"canonical":"https:\/\/gregorydamy.niceavocats.fr\/it\/produit\/congedo-di-assenza-rifiuto-di-rinnovo-per-mancato-funzionamento\/","og_locale":"it_IT","og_type":"article","og_title":"Congedo di assenza - rifiuto di rinnovo per mancato funzionamento - Soci\u00e9t\u00e9 d&#039;avocats Damy","og_description":"Hai affittato uno spazio commerciale. Desiderate concedere un&#8217;aspettativa all&#8217;inquilino, ma rifiutate di rinnovare il contratto di locazione perch\u00e9 non gestisce efficacemente l&#8217;attivit\u00e0. Prima di concedere tale permesso al vostro inquilino, dovete avergli inviato un&#8217;ingiunzione all&#8217;ufficiale giudiziario con lettera raccomandata con ricevuta di ritorno, informandolo dei rimproveri che gli fate e del tempo di cui dispone [&hellip;]","og_url":"https:\/\/gregorydamy.niceavocats.fr\/it\/produit\/congedo-di-assenza-rifiuto-di-rinnovo-per-mancato-funzionamento\/","og_site_name":"Soci\u00e9t\u00e9 d&#039;avocats Damy","article_publisher":"https:\/\/www.facebook.com\/niceavocats.fr\/","article_modified_time":"2023-05-10T12:21:31+00:00","og_image":[{"width":2048,"height":1536,"url":"https:\/\/gregorydamy.niceavocats.fr\/wp-content\/uploads\/2023\/04\/formulaires.png","type":"image\/png"}],"twitter_card":"summary_large_image","twitter_misc":{"Tempo di lettura stimato":"1 minuto"},"schema":{"@context":"https:\/\/schema.org","@graph":[{"@type":"WebPage","@id":"https:\/\/gregorydamy.niceavocats.fr\/it\/produit\/congedo-di-assenza-rifiuto-di-rinnovo-per-mancato-funzionamento\/","url":"https:\/\/gregorydamy.niceavocats.fr\/it\/produit\/congedo-di-assenza-rifiuto-di-rinnovo-per-mancato-funzionamento\/","name":"Congedo di assenza - rifiuto di rinnovo per mancato funzionamento - Soci\u00e9t\u00e9 d&#039;avocats Damy","isPartOf":{"@id":"https:\/\/gregorydamy.niceavocats.fr\/it\/#website"},"primaryImageOfPage":{"@id":"https:\/\/gregorydamy.niceavocats.fr\/it\/produit\/congedo-di-assenza-rifiuto-di-rinnovo-per-mancato-funzionamento\/#primaryimage"},"image":{"@id":"https:\/\/gregorydamy.niceavocats.fr\/it\/produit\/congedo-di-assenza-rifiuto-di-rinnovo-per-mancato-funzionamento\/#primaryimage"},"thumbnailUrl":"https:\/\/gregorydamy.niceavocats.fr\/wp-content\/uploads\/2023\/04\/formulaires.png","datePublished":"2023-03-31T12:02:22+00:00","dateModified":"2023-05-10T12:21:31+00:00","breadcrumb":{"@id":"https:\/\/gregorydamy.niceavocats.fr\/it\/produit\/congedo-di-assenza-rifiuto-di-rinnovo-per-mancato-funzionamento\/#breadcrumb"},"inLanguage":"it-IT","potentialAction":[{"@type":"ReadAction","target":["https:\/\/gregorydamy.niceavocats.fr\/it\/produit\/congedo-di-assenza-rifiuto-di-rinnovo-per-mancato-funzionamento\/"]}]},{"@type":"ImageObject","inLanguage":"it-IT","@id":"https:\/\/gregorydamy.niceavocats.fr\/it\/produit\/congedo-di-assenza-rifiuto-di-rinnovo-per-mancato-funzionamento\/#primaryimage","url":"https:\/\/gregorydamy.niceavocats.fr\/wp-content\/uploads\/2023\/04\/formulaires.png","contentUrl":"https:\/\/gregorydamy.niceavocats.fr\/wp-content\/uploads\/2023\/04\/formulaires.png","width":2048,"height":1536,"caption":"Votre avocat \u00e0 Nice vous propose des mod\u00e8les d'actes et vous conseille sur leurs utilisation."},{"@type":"BreadcrumbList","@id":"https:\/\/gregorydamy.niceavocats.fr\/it\/produit\/congedo-di-assenza-rifiuto-di-rinnovo-per-mancato-funzionamento\/#breadcrumb","itemListElement":[{"@type":"ListItem","position":1,"name":"Accueil","item":"https:\/\/gregorydamy.niceavocats.fr\/it\/"},{"@type":"ListItem","position":2,"name":"Boutique","item":"https:\/\/gregorydamy.niceavocats.fr\/boutique\/"},{"@type":"ListItem","position":3,"name":"Congedo di assenza &#8211; rifiuto di rinnovo per mancato funzionamento"}]},{"@type":"WebSite","@id":"https:\/\/gregorydamy.niceavocats.fr\/it\/#website","url":"https:\/\/gregorydamy.niceavocats.fr\/it\/","name":"Soci\u00e9t\u00e9 d&#039;avocats Damy","description":"Justice - Confiance - Efficacit\u00e9","publisher":{"@id":"https:\/\/gregorydamy.niceavocats.fr\/it\/#organization"},"potentialAction":[{"@type":"SearchAction","target":{"@type":"EntryPoint","urlTemplate":"https:\/\/gregorydamy.niceavocats.fr\/it\/?s={search_term_string}"},"query-input":{"@type":"PropertyValueSpecification","valueRequired":true,"valueName":"search_term_string"}}],"inLanguage":"it-IT"},{"@type":"Organization","@id":"https:\/\/gregorydamy.niceavocats.fr\/it\/#organization","name":"Soci\u00e9t\u00e9 d'Avocats DAMY","alternateName":"Gr\u00e9gory DAMY","url":"https:\/\/gregorydamy.niceavocats.fr\/it\/","logo":{"@type":"ImageObject","inLanguage":"it-IT","@id":"https:\/\/gregorydamy.niceavocats.fr\/it\/#\/schema\/logo\/image\/","url":"https:\/\/gregorydamy.niceavocats.fr\/wp-content\/uploads\/2023\/04\/damylogo-1.png","contentUrl":"https:\/\/gregorydamy.niceavocats.fr\/wp-content\/uploads\/2023\/04\/damylogo-1.png","width":1890,"height":1417,"caption":"Soci\u00e9t\u00e9 d'Avocats DAMY"},"image":{"@id":"https:\/\/gregorydamy.niceavocats.fr\/it\/#\/schema\/logo\/image\/"},"sameAs":["https:\/\/www.facebook.com\/niceavocats.fr\/"]}]}},"_links":{"self":[{"href":"https:\/\/gregorydamy.niceavocats.fr\/it\/wp-json\/wp\/v2\/product\/10908","targetHints":{"allow":["GET"]}}],"collection":[{"href":"https:\/\/gregorydamy.niceavocats.fr\/it\/wp-json\/wp\/v2\/product"}],"about":[{"href":"https:\/\/gregorydamy.niceavocats.fr\/it\/wp-json\/wp\/v2\/types\/product"}],"replies":[{"embeddable":true,"href":"https:\/\/gregorydamy.niceavocats.fr\/it\/wp-json\/wp\/v2\/comments?post=10908"}],"wp:featuredmedia":[{"embeddable":true,"href":"https:\/\/gregorydamy.niceavocats.fr\/it\/wp-json\/wp\/v2\/media\/17018"}],"wp:attachment":[{"href":"https:\/\/gregorydamy.niceavocats.fr\/it\/wp-json\/wp\/v2\/media?parent=10908"}],"wp:term":[{"taxonomy":"product_brand","embeddable":true,"href":"https:\/\/gregorydamy.niceavocats.fr\/it\/wp-json\/wp\/v2\/product_brand?post=10908"},{"taxonomy":"product_cat","embeddable":true,"href":"https:\/\/gregorydamy.niceavocats.fr\/it\/wp-json\/wp\/v2\/product_cat?post=10908"},{"taxonomy":"product_tag","embeddable":true,"href":"https:\/\/gregorydamy.niceavocats.fr\/it\/wp-json\/wp\/v2\/product_tag?post=10908"}],"curies":[{"name":"wp","href":"https:\/\/api.w.org\/{rel}","templated":true}]}}