{"id":10885,"date":"2023-03-31T11:54:02","date_gmt":"2023-03-31T11:54:02","guid":{"rendered":"https:\/\/gregorydamy.niceavocats.fr\/?post_type=product&#038;p=10885"},"modified":"2023-05-10T12:21:55","modified_gmt":"2023-05-10T12:21:55","slug":"congedi-rifiuto-di-rinnovo-per-motivi-legittimi-2","status":"publish","type":"product","link":"https:\/\/gregorydamy.niceavocats.fr\/it\/produit\/congedi-rifiuto-di-rinnovo-per-motivi-legittimi-2\/","title":{"rendered":"Congedi &#8211; Rifiuto di rinnovo per motivi legittimi"},"content":{"rendered":"<p>Hai affittato uno spazio commerciale. Desiderate concedere un&#8217;aspettativa all&#8217;inquilino, ma rifiutate di rinnovare l&#8217;affitto e di pagargli un indennizzo per l&#8217;espulsione perch\u00e9 ha commesso una colpa grave e legittima. A titolo di esempio, esistono motivi sufficientemente gravi per rifiutare il rinnovo: mancato pagamento dell&#8217;affitto o ripetuti ritardi di pagamento; la cessione di locazioni irregolari; subaffitto senza l&#8217;autorizzazione del locatore; la mancata esecuzione dei lavori da parte del locatario; alcuni vizi extracontrattuali quali atti immorali, violenza e ingiurie nei confronti del locatore. Non costituiscono, invece, gravi e legittime ragioni: la mancata manutenzione, l&#8217;esecuzione non autorizzata di alcune opere, un reato non imputabile a&#8230; Prima di concedere tale permesso al suo inquilino, deve avergli inviato, tramite lettera raccomandata con ricevuta di ritorno, una lettera di messa in mora con la quale gli si chiede di rispettare i suoi obblighi. La costituzione in mora deve, a pena di nullit\u00e0, precisare il motivo invocato e riprodurre le disposizioni dell&#8217;articolo L. 145-17, I-1. Essa ha una durata di un mese, durante il quale il locatario deve porre fine alla presunta infrazione, in mancanza della quale pu\u00f2 legittimamente rifiutare il rinnovo del contratto di locazione per motivi seri e legittimi. Non \u00e8 richiesta una messa in mora se la ragione seria e legittima non \u00e8 direttamente connessa all&#8217;esecuzione del contratto di locazione. \u00c8 il caso, ad esempio, di un reato commesso dall&#8217;inquilino. Se il suo inquilino non ha regolarizzato la situazione dopo la sua messa in mora, ha il diritto di concedergli un&#8217;aspettativa con il rifiuto di rinnovo da parte dell&#8217;ufficiale giudiziario sei mesi prima della scadenza del contratto di locazione commerciale. Poich\u00e9 il congedo deve essere giustificato, \u00e8 necessario indicare il motivo per cui si rifiuta di rinnovare il contratto di locazione al locatario. nel caso di specie, si tratta di indicargli esattamente il motivo grave e legittimo che gli viene rimproverato. \u00c8 inoltre necessario citare l&#8217;articolo L. 145-9 paragrafo 2 del codice di commercio che consente all&#8217;affittuario di contestare l&#8217;aspettativa o di chiedere un indennizzo per l&#8217;espulsione entro due anni dalla data di concessione dell&#8217;aspettativa.<\/p>\n","protected":false},"excerpt":{"rendered":"<p>Hai affittato uno spazio commerciale. Desiderate concedere un&#8217;aspettativa all&#8217;inquilino, ma rifiutate di rinnovare l&#8217;affitto e di pagargli un indennizzo per l&#8217;espulsione perch\u00e9 ha commesso una colpa grave e legittima. A titolo di esempio, esistono motivi sufficientemente gravi per rifiutare il rinnovo: mancato pagamento dell&#8217;affitto o ripetuti ritardi di pagamento; la cessione di locazioni irregolari; subaffitto [&hellip;]<\/p>\n","protected":false},"featured_media":17018,"comment_status":"open","ping_status":"closed","template":"","meta":{"_et_pb_use_builder":"","_et_pb_old_content":"","_et_gb_content_width":""},"product_brand":[],"product_cat":[],"product_tag":[],"class_list":{"0":"post-10885","1":"product","2":"type-product","3":"status-publish","4":"has-post-thumbnail","7":"first","8":"instock","9":"taxable","10":"shipping-taxable","11":"purchasable","12":"product-type-simple"},"yoast_head":"<!-- This site is optimized with the Yoast SEO plugin v26.8 - https:\/\/yoast.com\/product\/yoast-seo-wordpress\/ -->\n<title>Congedi - Rifiuto di rinnovo per motivi legittimi - Soci\u00e9t\u00e9 d&#039;avocats Damy<\/title>\n<meta name=\"robots\" content=\"index, follow, max-snippet:-1, max-image-preview:large, max-video-preview:-1\" \/>\n<link rel=\"canonical\" href=\"https:\/\/gregorydamy.niceavocats.fr\/it\/produit\/congedi-rifiuto-di-rinnovo-per-motivi-legittimi-2\/\" \/>\n<meta property=\"og:locale\" content=\"it_IT\" \/>\n<meta property=\"og:type\" content=\"article\" \/>\n<meta property=\"og:title\" content=\"Congedi - Rifiuto di rinnovo per motivi legittimi - Soci\u00e9t\u00e9 d&#039;avocats Damy\" \/>\n<meta property=\"og:description\" content=\"Hai affittato uno spazio commerciale. Desiderate concedere un&#8217;aspettativa all&#8217;inquilino, ma rifiutate di rinnovare l&#8217;affitto e di pagargli un indennizzo per l&#8217;espulsione perch\u00e9 ha commesso una colpa grave e legittima. A titolo di esempio, esistono motivi sufficientemente gravi per rifiutare il rinnovo: mancato pagamento dell&#8217;affitto o ripetuti ritardi di pagamento; la cessione di locazioni irregolari; subaffitto [&hellip;]\" \/>\n<meta property=\"og:url\" content=\"https:\/\/gregorydamy.niceavocats.fr\/it\/produit\/congedi-rifiuto-di-rinnovo-per-motivi-legittimi-2\/\" \/>\n<meta property=\"og:site_name\" content=\"Soci\u00e9t\u00e9 d&#039;avocats Damy\" \/>\n<meta property=\"article:publisher\" content=\"https:\/\/www.facebook.com\/niceavocats.fr\/\" \/>\n<meta property=\"article:modified_time\" content=\"2023-05-10T12:21:55+00:00\" \/>\n<meta property=\"og:image\" content=\"https:\/\/gregorydamy.niceavocats.fr\/wp-content\/uploads\/2023\/04\/formulaires.png\" \/>\n\t<meta property=\"og:image:width\" content=\"2048\" \/>\n\t<meta property=\"og:image:height\" content=\"1536\" \/>\n\t<meta property=\"og:image:type\" content=\"image\/png\" \/>\n<meta name=\"twitter:card\" content=\"summary_large_image\" \/>\n<meta name=\"twitter:label1\" content=\"Tempo di lettura stimato\" \/>\n\t<meta name=\"twitter:data1\" content=\"2 minuti\" \/>\n<script type=\"application\/ld+json\" class=\"yoast-schema-graph\">{\"@context\":\"https:\/\/schema.org\",\"@graph\":[{\"@type\":\"WebPage\",\"@id\":\"https:\/\/gregorydamy.niceavocats.fr\/it\/produit\/congedi-rifiuto-di-rinnovo-per-motivi-legittimi-2\/\",\"url\":\"https:\/\/gregorydamy.niceavocats.fr\/it\/produit\/congedi-rifiuto-di-rinnovo-per-motivi-legittimi-2\/\",\"name\":\"Congedi - Rifiuto di rinnovo per motivi legittimi - Soci\u00e9t\u00e9 d&#039;avocats Damy\",\"isPartOf\":{\"@id\":\"https:\/\/gregorydamy.niceavocats.fr\/it\/#website\"},\"primaryImageOfPage\":{\"@id\":\"https:\/\/gregorydamy.niceavocats.fr\/it\/produit\/congedi-rifiuto-di-rinnovo-per-motivi-legittimi-2\/#primaryimage\"},\"image\":{\"@id\":\"https:\/\/gregorydamy.niceavocats.fr\/it\/produit\/congedi-rifiuto-di-rinnovo-per-motivi-legittimi-2\/#primaryimage\"},\"thumbnailUrl\":\"https:\/\/gregorydamy.niceavocats.fr\/wp-content\/uploads\/2023\/04\/formulaires.png\",\"datePublished\":\"2023-03-31T11:54:02+00:00\",\"dateModified\":\"2023-05-10T12:21:55+00:00\",\"breadcrumb\":{\"@id\":\"https:\/\/gregorydamy.niceavocats.fr\/it\/produit\/congedi-rifiuto-di-rinnovo-per-motivi-legittimi-2\/#breadcrumb\"},\"inLanguage\":\"it-IT\",\"potentialAction\":[{\"@type\":\"ReadAction\",\"target\":[\"https:\/\/gregorydamy.niceavocats.fr\/it\/produit\/congedi-rifiuto-di-rinnovo-per-motivi-legittimi-2\/\"]}]},{\"@type\":\"ImageObject\",\"inLanguage\":\"it-IT\",\"@id\":\"https:\/\/gregorydamy.niceavocats.fr\/it\/produit\/congedi-rifiuto-di-rinnovo-per-motivi-legittimi-2\/#primaryimage\",\"url\":\"https:\/\/gregorydamy.niceavocats.fr\/wp-content\/uploads\/2023\/04\/formulaires.png\",\"contentUrl\":\"https:\/\/gregorydamy.niceavocats.fr\/wp-content\/uploads\/2023\/04\/formulaires.png\",\"width\":2048,\"height\":1536,\"caption\":\"Votre avocat \u00e0 Nice vous propose des mod\u00e8les d'actes et vous conseille sur leurs utilisation.\"},{\"@type\":\"BreadcrumbList\",\"@id\":\"https:\/\/gregorydamy.niceavocats.fr\/it\/produit\/congedi-rifiuto-di-rinnovo-per-motivi-legittimi-2\/#breadcrumb\",\"itemListElement\":[{\"@type\":\"ListItem\",\"position\":1,\"name\":\"Accueil\",\"item\":\"https:\/\/gregorydamy.niceavocats.fr\/it\/\"},{\"@type\":\"ListItem\",\"position\":2,\"name\":\"Boutique\",\"item\":\"https:\/\/gregorydamy.niceavocats.fr\/boutique\/\"},{\"@type\":\"ListItem\",\"position\":3,\"name\":\"Congedi &#8211; Rifiuto di rinnovo per motivi legittimi\"}]},{\"@type\":\"WebSite\",\"@id\":\"https:\/\/gregorydamy.niceavocats.fr\/it\/#website\",\"url\":\"https:\/\/gregorydamy.niceavocats.fr\/it\/\",\"name\":\"Soci\u00e9t\u00e9 d&#039;avocats Damy\",\"description\":\"Justice - Confiance - Efficacit\u00e9\",\"publisher\":{\"@id\":\"https:\/\/gregorydamy.niceavocats.fr\/it\/#organization\"},\"potentialAction\":[{\"@type\":\"SearchAction\",\"target\":{\"@type\":\"EntryPoint\",\"urlTemplate\":\"https:\/\/gregorydamy.niceavocats.fr\/it\/?s={search_term_string}\"},\"query-input\":{\"@type\":\"PropertyValueSpecification\",\"valueRequired\":true,\"valueName\":\"search_term_string\"}}],\"inLanguage\":\"it-IT\"},{\"@type\":\"Organization\",\"@id\":\"https:\/\/gregorydamy.niceavocats.fr\/it\/#organization\",\"name\":\"Soci\u00e9t\u00e9 d'Avocats DAMY\",\"alternateName\":\"Gr\u00e9gory DAMY\",\"url\":\"https:\/\/gregorydamy.niceavocats.fr\/it\/\",\"logo\":{\"@type\":\"ImageObject\",\"inLanguage\":\"it-IT\",\"@id\":\"https:\/\/gregorydamy.niceavocats.fr\/it\/#\/schema\/logo\/image\/\",\"url\":\"https:\/\/gregorydamy.niceavocats.fr\/wp-content\/uploads\/2023\/04\/damylogo-1.png\",\"contentUrl\":\"https:\/\/gregorydamy.niceavocats.fr\/wp-content\/uploads\/2023\/04\/damylogo-1.png\",\"width\":1890,\"height\":1417,\"caption\":\"Soci\u00e9t\u00e9 d'Avocats DAMY\"},\"image\":{\"@id\":\"https:\/\/gregorydamy.niceavocats.fr\/it\/#\/schema\/logo\/image\/\"},\"sameAs\":[\"https:\/\/www.facebook.com\/niceavocats.fr\/\"]}]}<\/script>\n<!-- \/ Yoast SEO plugin. -->","yoast_head_json":{"title":"Congedi - Rifiuto di rinnovo per motivi legittimi - Soci\u00e9t\u00e9 d&#039;avocats Damy","robots":{"index":"index","follow":"follow","max-snippet":"max-snippet:-1","max-image-preview":"max-image-preview:large","max-video-preview":"max-video-preview:-1"},"canonical":"https:\/\/gregorydamy.niceavocats.fr\/it\/produit\/congedi-rifiuto-di-rinnovo-per-motivi-legittimi-2\/","og_locale":"it_IT","og_type":"article","og_title":"Congedi - Rifiuto di rinnovo per motivi legittimi - Soci\u00e9t\u00e9 d&#039;avocats Damy","og_description":"Hai affittato uno spazio commerciale. Desiderate concedere un&#8217;aspettativa all&#8217;inquilino, ma rifiutate di rinnovare l&#8217;affitto e di pagargli un indennizzo per l&#8217;espulsione perch\u00e9 ha commesso una colpa grave e legittima. A titolo di esempio, esistono motivi sufficientemente gravi per rifiutare il rinnovo: mancato pagamento dell&#8217;affitto o ripetuti ritardi di pagamento; la cessione di locazioni irregolari; subaffitto [&hellip;]","og_url":"https:\/\/gregorydamy.niceavocats.fr\/it\/produit\/congedi-rifiuto-di-rinnovo-per-motivi-legittimi-2\/","og_site_name":"Soci\u00e9t\u00e9 d&#039;avocats Damy","article_publisher":"https:\/\/www.facebook.com\/niceavocats.fr\/","article_modified_time":"2023-05-10T12:21:55+00:00","og_image":[{"width":2048,"height":1536,"url":"https:\/\/gregorydamy.niceavocats.fr\/wp-content\/uploads\/2023\/04\/formulaires.png","type":"image\/png"}],"twitter_card":"summary_large_image","twitter_misc":{"Tempo di lettura stimato":"2 minuti"},"schema":{"@context":"https:\/\/schema.org","@graph":[{"@type":"WebPage","@id":"https:\/\/gregorydamy.niceavocats.fr\/it\/produit\/congedi-rifiuto-di-rinnovo-per-motivi-legittimi-2\/","url":"https:\/\/gregorydamy.niceavocats.fr\/it\/produit\/congedi-rifiuto-di-rinnovo-per-motivi-legittimi-2\/","name":"Congedi - Rifiuto di rinnovo per motivi legittimi - Soci\u00e9t\u00e9 d&#039;avocats Damy","isPartOf":{"@id":"https:\/\/gregorydamy.niceavocats.fr\/it\/#website"},"primaryImageOfPage":{"@id":"https:\/\/gregorydamy.niceavocats.fr\/it\/produit\/congedi-rifiuto-di-rinnovo-per-motivi-legittimi-2\/#primaryimage"},"image":{"@id":"https:\/\/gregorydamy.niceavocats.fr\/it\/produit\/congedi-rifiuto-di-rinnovo-per-motivi-legittimi-2\/#primaryimage"},"thumbnailUrl":"https:\/\/gregorydamy.niceavocats.fr\/wp-content\/uploads\/2023\/04\/formulaires.png","datePublished":"2023-03-31T11:54:02+00:00","dateModified":"2023-05-10T12:21:55+00:00","breadcrumb":{"@id":"https:\/\/gregorydamy.niceavocats.fr\/it\/produit\/congedi-rifiuto-di-rinnovo-per-motivi-legittimi-2\/#breadcrumb"},"inLanguage":"it-IT","potentialAction":[{"@type":"ReadAction","target":["https:\/\/gregorydamy.niceavocats.fr\/it\/produit\/congedi-rifiuto-di-rinnovo-per-motivi-legittimi-2\/"]}]},{"@type":"ImageObject","inLanguage":"it-IT","@id":"https:\/\/gregorydamy.niceavocats.fr\/it\/produit\/congedi-rifiuto-di-rinnovo-per-motivi-legittimi-2\/#primaryimage","url":"https:\/\/gregorydamy.niceavocats.fr\/wp-content\/uploads\/2023\/04\/formulaires.png","contentUrl":"https:\/\/gregorydamy.niceavocats.fr\/wp-content\/uploads\/2023\/04\/formulaires.png","width":2048,"height":1536,"caption":"Votre avocat \u00e0 Nice vous propose des mod\u00e8les d'actes et vous conseille sur leurs utilisation."},{"@type":"BreadcrumbList","@id":"https:\/\/gregorydamy.niceavocats.fr\/it\/produit\/congedi-rifiuto-di-rinnovo-per-motivi-legittimi-2\/#breadcrumb","itemListElement":[{"@type":"ListItem","position":1,"name":"Accueil","item":"https:\/\/gregorydamy.niceavocats.fr\/it\/"},{"@type":"ListItem","position":2,"name":"Boutique","item":"https:\/\/gregorydamy.niceavocats.fr\/boutique\/"},{"@type":"ListItem","position":3,"name":"Congedi &#8211; Rifiuto di rinnovo per motivi legittimi"}]},{"@type":"WebSite","@id":"https:\/\/gregorydamy.niceavocats.fr\/it\/#website","url":"https:\/\/gregorydamy.niceavocats.fr\/it\/","name":"Soci\u00e9t\u00e9 d&#039;avocats Damy","description":"Justice - Confiance - Efficacit\u00e9","publisher":{"@id":"https:\/\/gregorydamy.niceavocats.fr\/it\/#organization"},"potentialAction":[{"@type":"SearchAction","target":{"@type":"EntryPoint","urlTemplate":"https:\/\/gregorydamy.niceavocats.fr\/it\/?s={search_term_string}"},"query-input":{"@type":"PropertyValueSpecification","valueRequired":true,"valueName":"search_term_string"}}],"inLanguage":"it-IT"},{"@type":"Organization","@id":"https:\/\/gregorydamy.niceavocats.fr\/it\/#organization","name":"Soci\u00e9t\u00e9 d'Avocats DAMY","alternateName":"Gr\u00e9gory DAMY","url":"https:\/\/gregorydamy.niceavocats.fr\/it\/","logo":{"@type":"ImageObject","inLanguage":"it-IT","@id":"https:\/\/gregorydamy.niceavocats.fr\/it\/#\/schema\/logo\/image\/","url":"https:\/\/gregorydamy.niceavocats.fr\/wp-content\/uploads\/2023\/04\/damylogo-1.png","contentUrl":"https:\/\/gregorydamy.niceavocats.fr\/wp-content\/uploads\/2023\/04\/damylogo-1.png","width":1890,"height":1417,"caption":"Soci\u00e9t\u00e9 d'Avocats DAMY"},"image":{"@id":"https:\/\/gregorydamy.niceavocats.fr\/it\/#\/schema\/logo\/image\/"},"sameAs":["https:\/\/www.facebook.com\/niceavocats.fr\/"]}]}},"_links":{"self":[{"href":"https:\/\/gregorydamy.niceavocats.fr\/it\/wp-json\/wp\/v2\/product\/10885","targetHints":{"allow":["GET"]}}],"collection":[{"href":"https:\/\/gregorydamy.niceavocats.fr\/it\/wp-json\/wp\/v2\/product"}],"about":[{"href":"https:\/\/gregorydamy.niceavocats.fr\/it\/wp-json\/wp\/v2\/types\/product"}],"replies":[{"embeddable":true,"href":"https:\/\/gregorydamy.niceavocats.fr\/it\/wp-json\/wp\/v2\/comments?post=10885"}],"wp:featuredmedia":[{"embeddable":true,"href":"https:\/\/gregorydamy.niceavocats.fr\/it\/wp-json\/wp\/v2\/media\/17018"}],"wp:attachment":[{"href":"https:\/\/gregorydamy.niceavocats.fr\/it\/wp-json\/wp\/v2\/media?parent=10885"}],"wp:term":[{"taxonomy":"product_brand","embeddable":true,"href":"https:\/\/gregorydamy.niceavocats.fr\/it\/wp-json\/wp\/v2\/product_brand?post=10885"},{"taxonomy":"product_cat","embeddable":true,"href":"https:\/\/gregorydamy.niceavocats.fr\/it\/wp-json\/wp\/v2\/product_cat?post=10885"},{"taxonomy":"product_tag","embeddable":true,"href":"https:\/\/gregorydamy.niceavocats.fr\/it\/wp-json\/wp\/v2\/product_tag?post=10885"}],"curies":[{"name":"wp","href":"https:\/\/api.w.org\/{rel}","templated":true}]}}