{"id":10321,"date":"2023-03-31T03:01:02","date_gmt":"2023-03-31T03:01:02","guid":{"rendered":"https:\/\/gregorydamy.niceavocats.fr\/?post_type=product&#038;p=10321"},"modified":"2023-05-10T12:46:59","modified_gmt":"2023-05-10T12:46:59","slug":"proposta-di-esenzione-dallammenda-maggiorata-in-caso-di-assenza-di-pv-dal-parabrezza","status":"publish","type":"product","link":"https:\/\/gregorydamy.niceavocats.fr\/it\/produit\/proposta-di-esenzione-dallammenda-maggiorata-in-caso-di-assenza-di-pv-dal-parabrezza\/","title":{"rendered":"Proposta di esenzione dall&#8217;ammenda maggiorata in caso di assenza di pv dal parabrezza"},"content":{"rendered":"<p>Quando si riceve un biglietto di parcheggio, \u00e8 necessario pagare la multa entro 45 giorni dal reato. Tuttavia, \u00e8 possibile che non hai trovato il biglietto quando si \u00e8 tornato al vostro veicolo e sono stati multati ad un prezzo pi\u00f9 elevato. In questo caso, \u00e8 possibile inviare una lettera raccomandata con avviso di ricevimento al servizio indicato sul biglietto per richiedere l&#8217;esenzione dall&#8217;aumento della multa. La tua richiesta deve essere motivata, cio\u00e8 devi spiegare in dettaglio il motivo per cui il biglietto non era presente sul tuo parabrezza (maltempo, cattivo scherzo di un jolly,&#8230;).<\/p>\n","protected":false},"excerpt":{"rendered":"<p>Quando si riceve un biglietto di parcheggio, \u00e8 necessario pagare la multa entro 45 giorni dal reato. Tuttavia, \u00e8 possibile che non hai trovato il biglietto quando si \u00e8 tornato al vostro veicolo e sono stati multati ad un prezzo pi\u00f9 elevato. In questo caso, \u00e8 possibile inviare una lettera raccomandata con avviso di ricevimento [&hellip;]<\/p>\n","protected":false},"featured_media":17018,"comment_status":"open","ping_status":"closed","template":"","meta":{"_et_pb_use_builder":"","_et_pb_old_content":"","_et_gb_content_width":""},"product_brand":[],"product_cat":[350],"product_tag":[],"class_list":{"0":"post-10321","1":"product","2":"type-product","3":"status-publish","4":"has-post-thumbnail","6":"product_cat-diritto-stradale-penale","8":"first","9":"instock","10":"downloadable","11":"taxable","12":"shipping-taxable","13":"purchasable","14":"product-type-simple"},"yoast_head":"<!-- This site is optimized with the Yoast SEO plugin v26.8 - https:\/\/yoast.com\/product\/yoast-seo-wordpress\/ -->\n<title>Proposta di esenzione dall&#039;ammenda maggiorata in caso di assenza di pv dal parabrezza - Soci\u00e9t\u00e9 d&#039;avocats Damy<\/title>\n<meta name=\"robots\" content=\"index, follow, max-snippet:-1, max-image-preview:large, max-video-preview:-1\" \/>\n<link rel=\"canonical\" href=\"https:\/\/gregorydamy.niceavocats.fr\/it\/produit\/proposta-di-esenzione-dallammenda-maggiorata-in-caso-di-assenza-di-pv-dal-parabrezza\/\" \/>\n<meta property=\"og:locale\" content=\"it_IT\" \/>\n<meta property=\"og:type\" content=\"article\" \/>\n<meta property=\"og:title\" content=\"Proposta di esenzione dall&#039;ammenda maggiorata in caso di assenza di pv dal parabrezza - Soci\u00e9t\u00e9 d&#039;avocats Damy\" \/>\n<meta property=\"og:description\" content=\"Quando si riceve un biglietto di parcheggio, \u00e8 necessario pagare la multa entro 45 giorni dal reato. Tuttavia, \u00e8 possibile che non hai trovato il biglietto quando si \u00e8 tornato al vostro veicolo e sono stati multati ad un prezzo pi\u00f9 elevato. In questo caso, \u00e8 possibile inviare una lettera raccomandata con avviso di ricevimento [&hellip;]\" \/>\n<meta property=\"og:url\" content=\"https:\/\/gregorydamy.niceavocats.fr\/it\/produit\/proposta-di-esenzione-dallammenda-maggiorata-in-caso-di-assenza-di-pv-dal-parabrezza\/\" \/>\n<meta property=\"og:site_name\" content=\"Soci\u00e9t\u00e9 d&#039;avocats Damy\" \/>\n<meta property=\"article:publisher\" content=\"https:\/\/www.facebook.com\/niceavocats.fr\/\" \/>\n<meta property=\"article:modified_time\" content=\"2023-05-10T12:46:59+00:00\" \/>\n<meta property=\"og:image\" content=\"https:\/\/gregorydamy.niceavocats.fr\/wp-content\/uploads\/2023\/04\/formulaires.png\" \/>\n\t<meta property=\"og:image:width\" content=\"2048\" \/>\n\t<meta property=\"og:image:height\" content=\"1536\" \/>\n\t<meta property=\"og:image:type\" content=\"image\/png\" \/>\n<meta name=\"twitter:card\" content=\"summary_large_image\" \/>\n<meta name=\"twitter:label1\" content=\"Tempo di lettura stimato\" \/>\n\t<meta name=\"twitter:data1\" content=\"1 minuto\" \/>\n<script type=\"application\/ld+json\" class=\"yoast-schema-graph\">{\"@context\":\"https:\/\/schema.org\",\"@graph\":[{\"@type\":\"WebPage\",\"@id\":\"https:\/\/gregorydamy.niceavocats.fr\/it\/produit\/proposta-di-esenzione-dallammenda-maggiorata-in-caso-di-assenza-di-pv-dal-parabrezza\/\",\"url\":\"https:\/\/gregorydamy.niceavocats.fr\/it\/produit\/proposta-di-esenzione-dallammenda-maggiorata-in-caso-di-assenza-di-pv-dal-parabrezza\/\",\"name\":\"Proposta di esenzione dall'ammenda maggiorata in caso di assenza di pv dal parabrezza - Soci\u00e9t\u00e9 d&#039;avocats Damy\",\"isPartOf\":{\"@id\":\"https:\/\/gregorydamy.niceavocats.fr\/it\/#website\"},\"primaryImageOfPage\":{\"@id\":\"https:\/\/gregorydamy.niceavocats.fr\/it\/produit\/proposta-di-esenzione-dallammenda-maggiorata-in-caso-di-assenza-di-pv-dal-parabrezza\/#primaryimage\"},\"image\":{\"@id\":\"https:\/\/gregorydamy.niceavocats.fr\/it\/produit\/proposta-di-esenzione-dallammenda-maggiorata-in-caso-di-assenza-di-pv-dal-parabrezza\/#primaryimage\"},\"thumbnailUrl\":\"https:\/\/gregorydamy.niceavocats.fr\/wp-content\/uploads\/2023\/04\/formulaires.png\",\"datePublished\":\"2023-03-31T03:01:02+00:00\",\"dateModified\":\"2023-05-10T12:46:59+00:00\",\"breadcrumb\":{\"@id\":\"https:\/\/gregorydamy.niceavocats.fr\/it\/produit\/proposta-di-esenzione-dallammenda-maggiorata-in-caso-di-assenza-di-pv-dal-parabrezza\/#breadcrumb\"},\"inLanguage\":\"it-IT\",\"potentialAction\":[{\"@type\":\"ReadAction\",\"target\":[\"https:\/\/gregorydamy.niceavocats.fr\/it\/produit\/proposta-di-esenzione-dallammenda-maggiorata-in-caso-di-assenza-di-pv-dal-parabrezza\/\"]}]},{\"@type\":\"ImageObject\",\"inLanguage\":\"it-IT\",\"@id\":\"https:\/\/gregorydamy.niceavocats.fr\/it\/produit\/proposta-di-esenzione-dallammenda-maggiorata-in-caso-di-assenza-di-pv-dal-parabrezza\/#primaryimage\",\"url\":\"https:\/\/gregorydamy.niceavocats.fr\/wp-content\/uploads\/2023\/04\/formulaires.png\",\"contentUrl\":\"https:\/\/gregorydamy.niceavocats.fr\/wp-content\/uploads\/2023\/04\/formulaires.png\",\"width\":2048,\"height\":1536,\"caption\":\"Votre avocat \u00e0 Nice vous propose des mod\u00e8les d'actes et vous conseille sur leurs utilisation.\"},{\"@type\":\"BreadcrumbList\",\"@id\":\"https:\/\/gregorydamy.niceavocats.fr\/it\/produit\/proposta-di-esenzione-dallammenda-maggiorata-in-caso-di-assenza-di-pv-dal-parabrezza\/#breadcrumb\",\"itemListElement\":[{\"@type\":\"ListItem\",\"position\":1,\"name\":\"Accueil\",\"item\":\"https:\/\/gregorydamy.niceavocats.fr\/it\/\"},{\"@type\":\"ListItem\",\"position\":2,\"name\":\"Boutique\",\"item\":\"https:\/\/gregorydamy.niceavocats.fr\/boutique\/\"},{\"@type\":\"ListItem\",\"position\":3,\"name\":\"Proposta di esenzione dall&#8217;ammenda maggiorata in caso di assenza di pv dal parabrezza\"}]},{\"@type\":\"WebSite\",\"@id\":\"https:\/\/gregorydamy.niceavocats.fr\/it\/#website\",\"url\":\"https:\/\/gregorydamy.niceavocats.fr\/it\/\",\"name\":\"Soci\u00e9t\u00e9 d&#039;avocats Damy\",\"description\":\"Justice - Confiance - Efficacit\u00e9\",\"publisher\":{\"@id\":\"https:\/\/gregorydamy.niceavocats.fr\/it\/#organization\"},\"potentialAction\":[{\"@type\":\"SearchAction\",\"target\":{\"@type\":\"EntryPoint\",\"urlTemplate\":\"https:\/\/gregorydamy.niceavocats.fr\/it\/?s={search_term_string}\"},\"query-input\":{\"@type\":\"PropertyValueSpecification\",\"valueRequired\":true,\"valueName\":\"search_term_string\"}}],\"inLanguage\":\"it-IT\"},{\"@type\":\"Organization\",\"@id\":\"https:\/\/gregorydamy.niceavocats.fr\/it\/#organization\",\"name\":\"Soci\u00e9t\u00e9 d'Avocats DAMY\",\"alternateName\":\"Gr\u00e9gory DAMY\",\"url\":\"https:\/\/gregorydamy.niceavocats.fr\/it\/\",\"logo\":{\"@type\":\"ImageObject\",\"inLanguage\":\"it-IT\",\"@id\":\"https:\/\/gregorydamy.niceavocats.fr\/it\/#\/schema\/logo\/image\/\",\"url\":\"https:\/\/gregorydamy.niceavocats.fr\/wp-content\/uploads\/2023\/04\/damylogo-1.png\",\"contentUrl\":\"https:\/\/gregorydamy.niceavocats.fr\/wp-content\/uploads\/2023\/04\/damylogo-1.png\",\"width\":1890,\"height\":1417,\"caption\":\"Soci\u00e9t\u00e9 d'Avocats DAMY\"},\"image\":{\"@id\":\"https:\/\/gregorydamy.niceavocats.fr\/it\/#\/schema\/logo\/image\/\"},\"sameAs\":[\"https:\/\/www.facebook.com\/niceavocats.fr\/\"]}]}<\/script>\n<!-- \/ Yoast SEO plugin. -->","yoast_head_json":{"title":"Proposta di esenzione dall'ammenda maggiorata in caso di assenza di pv dal parabrezza - Soci\u00e9t\u00e9 d&#039;avocats Damy","robots":{"index":"index","follow":"follow","max-snippet":"max-snippet:-1","max-image-preview":"max-image-preview:large","max-video-preview":"max-video-preview:-1"},"canonical":"https:\/\/gregorydamy.niceavocats.fr\/it\/produit\/proposta-di-esenzione-dallammenda-maggiorata-in-caso-di-assenza-di-pv-dal-parabrezza\/","og_locale":"it_IT","og_type":"article","og_title":"Proposta di esenzione dall'ammenda maggiorata in caso di assenza di pv dal parabrezza - Soci\u00e9t\u00e9 d&#039;avocats Damy","og_description":"Quando si riceve un biglietto di parcheggio, \u00e8 necessario pagare la multa entro 45 giorni dal reato. Tuttavia, \u00e8 possibile che non hai trovato il biglietto quando si \u00e8 tornato al vostro veicolo e sono stati multati ad un prezzo pi\u00f9 elevato. In questo caso, \u00e8 possibile inviare una lettera raccomandata con avviso di ricevimento [&hellip;]","og_url":"https:\/\/gregorydamy.niceavocats.fr\/it\/produit\/proposta-di-esenzione-dallammenda-maggiorata-in-caso-di-assenza-di-pv-dal-parabrezza\/","og_site_name":"Soci\u00e9t\u00e9 d&#039;avocats Damy","article_publisher":"https:\/\/www.facebook.com\/niceavocats.fr\/","article_modified_time":"2023-05-10T12:46:59+00:00","og_image":[{"width":2048,"height":1536,"url":"https:\/\/gregorydamy.niceavocats.fr\/wp-content\/uploads\/2023\/04\/formulaires.png","type":"image\/png"}],"twitter_card":"summary_large_image","twitter_misc":{"Tempo di lettura stimato":"1 minuto"},"schema":{"@context":"https:\/\/schema.org","@graph":[{"@type":"WebPage","@id":"https:\/\/gregorydamy.niceavocats.fr\/it\/produit\/proposta-di-esenzione-dallammenda-maggiorata-in-caso-di-assenza-di-pv-dal-parabrezza\/","url":"https:\/\/gregorydamy.niceavocats.fr\/it\/produit\/proposta-di-esenzione-dallammenda-maggiorata-in-caso-di-assenza-di-pv-dal-parabrezza\/","name":"Proposta di esenzione dall'ammenda maggiorata in caso di assenza di pv dal parabrezza - Soci\u00e9t\u00e9 d&#039;avocats Damy","isPartOf":{"@id":"https:\/\/gregorydamy.niceavocats.fr\/it\/#website"},"primaryImageOfPage":{"@id":"https:\/\/gregorydamy.niceavocats.fr\/it\/produit\/proposta-di-esenzione-dallammenda-maggiorata-in-caso-di-assenza-di-pv-dal-parabrezza\/#primaryimage"},"image":{"@id":"https:\/\/gregorydamy.niceavocats.fr\/it\/produit\/proposta-di-esenzione-dallammenda-maggiorata-in-caso-di-assenza-di-pv-dal-parabrezza\/#primaryimage"},"thumbnailUrl":"https:\/\/gregorydamy.niceavocats.fr\/wp-content\/uploads\/2023\/04\/formulaires.png","datePublished":"2023-03-31T03:01:02+00:00","dateModified":"2023-05-10T12:46:59+00:00","breadcrumb":{"@id":"https:\/\/gregorydamy.niceavocats.fr\/it\/produit\/proposta-di-esenzione-dallammenda-maggiorata-in-caso-di-assenza-di-pv-dal-parabrezza\/#breadcrumb"},"inLanguage":"it-IT","potentialAction":[{"@type":"ReadAction","target":["https:\/\/gregorydamy.niceavocats.fr\/it\/produit\/proposta-di-esenzione-dallammenda-maggiorata-in-caso-di-assenza-di-pv-dal-parabrezza\/"]}]},{"@type":"ImageObject","inLanguage":"it-IT","@id":"https:\/\/gregorydamy.niceavocats.fr\/it\/produit\/proposta-di-esenzione-dallammenda-maggiorata-in-caso-di-assenza-di-pv-dal-parabrezza\/#primaryimage","url":"https:\/\/gregorydamy.niceavocats.fr\/wp-content\/uploads\/2023\/04\/formulaires.png","contentUrl":"https:\/\/gregorydamy.niceavocats.fr\/wp-content\/uploads\/2023\/04\/formulaires.png","width":2048,"height":1536,"caption":"Votre avocat \u00e0 Nice vous propose des mod\u00e8les d'actes et vous conseille sur leurs utilisation."},{"@type":"BreadcrumbList","@id":"https:\/\/gregorydamy.niceavocats.fr\/it\/produit\/proposta-di-esenzione-dallammenda-maggiorata-in-caso-di-assenza-di-pv-dal-parabrezza\/#breadcrumb","itemListElement":[{"@type":"ListItem","position":1,"name":"Accueil","item":"https:\/\/gregorydamy.niceavocats.fr\/it\/"},{"@type":"ListItem","position":2,"name":"Boutique","item":"https:\/\/gregorydamy.niceavocats.fr\/boutique\/"},{"@type":"ListItem","position":3,"name":"Proposta di esenzione dall&#8217;ammenda maggiorata in caso di assenza di pv dal parabrezza"}]},{"@type":"WebSite","@id":"https:\/\/gregorydamy.niceavocats.fr\/it\/#website","url":"https:\/\/gregorydamy.niceavocats.fr\/it\/","name":"Soci\u00e9t\u00e9 d&#039;avocats Damy","description":"Justice - Confiance - Efficacit\u00e9","publisher":{"@id":"https:\/\/gregorydamy.niceavocats.fr\/it\/#organization"},"potentialAction":[{"@type":"SearchAction","target":{"@type":"EntryPoint","urlTemplate":"https:\/\/gregorydamy.niceavocats.fr\/it\/?s={search_term_string}"},"query-input":{"@type":"PropertyValueSpecification","valueRequired":true,"valueName":"search_term_string"}}],"inLanguage":"it-IT"},{"@type":"Organization","@id":"https:\/\/gregorydamy.niceavocats.fr\/it\/#organization","name":"Soci\u00e9t\u00e9 d'Avocats DAMY","alternateName":"Gr\u00e9gory DAMY","url":"https:\/\/gregorydamy.niceavocats.fr\/it\/","logo":{"@type":"ImageObject","inLanguage":"it-IT","@id":"https:\/\/gregorydamy.niceavocats.fr\/it\/#\/schema\/logo\/image\/","url":"https:\/\/gregorydamy.niceavocats.fr\/wp-content\/uploads\/2023\/04\/damylogo-1.png","contentUrl":"https:\/\/gregorydamy.niceavocats.fr\/wp-content\/uploads\/2023\/04\/damylogo-1.png","width":1890,"height":1417,"caption":"Soci\u00e9t\u00e9 d'Avocats DAMY"},"image":{"@id":"https:\/\/gregorydamy.niceavocats.fr\/it\/#\/schema\/logo\/image\/"},"sameAs":["https:\/\/www.facebook.com\/niceavocats.fr\/"]}]}},"_links":{"self":[{"href":"https:\/\/gregorydamy.niceavocats.fr\/it\/wp-json\/wp\/v2\/product\/10321","targetHints":{"allow":["GET"]}}],"collection":[{"href":"https:\/\/gregorydamy.niceavocats.fr\/it\/wp-json\/wp\/v2\/product"}],"about":[{"href":"https:\/\/gregorydamy.niceavocats.fr\/it\/wp-json\/wp\/v2\/types\/product"}],"replies":[{"embeddable":true,"href":"https:\/\/gregorydamy.niceavocats.fr\/it\/wp-json\/wp\/v2\/comments?post=10321"}],"wp:featuredmedia":[{"embeddable":true,"href":"https:\/\/gregorydamy.niceavocats.fr\/it\/wp-json\/wp\/v2\/media\/17018"}],"wp:attachment":[{"href":"https:\/\/gregorydamy.niceavocats.fr\/it\/wp-json\/wp\/v2\/media?parent=10321"}],"wp:term":[{"taxonomy":"product_brand","embeddable":true,"href":"https:\/\/gregorydamy.niceavocats.fr\/it\/wp-json\/wp\/v2\/product_brand?post=10321"},{"taxonomy":"product_cat","embeddable":true,"href":"https:\/\/gregorydamy.niceavocats.fr\/it\/wp-json\/wp\/v2\/product_cat?post=10321"},{"taxonomy":"product_tag","embeddable":true,"href":"https:\/\/gregorydamy.niceavocats.fr\/it\/wp-json\/wp\/v2\/product_tag?post=10321"}],"curies":[{"name":"wp","href":"https:\/\/api.w.org\/{rel}","templated":true}]}}