{"id":10292,"date":"2023-03-31T02:37:51","date_gmt":"2023-03-31T02:37:51","guid":{"rendered":"https:\/\/gregorydamy.niceavocats.fr\/?post_type=product&#038;p=10292"},"modified":"2023-05-10T12:48:22","modified_gmt":"2023-05-10T12:48:22","slug":"avviso-siepi-di-prugne-secche","status":"publish","type":"product","link":"https:\/\/gregorydamy.niceavocats.fr\/it\/produit\/avviso-siepi-di-prugne-secche\/","title":{"rendered":"Avviso siepi di prugne secche"},"content":{"rendered":"<p>La vita di condominio a volte pu\u00f2 essere difficile, soprattutto quando si tratta di persone irresponsabili e individualiste. I conflitti di vicinato sono ricorrenti e spesso assumono proporzioni considerevoli. Per non raggiungere la legge del pi\u00f9 forte, questi conflitti possono in ogni caso essere risolti in via amichevole. A tal fine, \u00e8 necessario inviare una lettera direttamente al vicino, obbligandolo a tagliare le siepi all&#8217;altezza legale. Le altezze minima e massima sono previste da un regolamento di compropriet\u00e0 o, in mancanza di questo, si applicano gli articoli 671 e 672 del Codice Civile (vedi sopra). Se non dipende da una suddivisione per legge, \u00e8 necessario verificare con i servizi interessati: Municipio, Servizi di pianificazione urbana o Camera dell&#8217;Agricoltura se non ci sono regolamenti o pratiche locali in vigore. In assenza di normative o usi locali: una distanza minima di 0,50 m dal limite di separazione delle piantagioni (detti fusti bassi) non superiore a 2 m. una distanza minima di 2 m dalla linea di separazione degli alberi (detti alberi ad alto fusto) di altezza superiore a 2 m. La distanza viene misurata dal centro del tronco d&#8217;albero. L&#8217;altezza \u00e8 misurata dal livello del suolo dove l&#8217;albero \u00e8 piantato fino alla punta. Art. 671 c.c: E&#8217; ammessa la presenza di alberi, arbusti e arboscelli in prossimit\u00e0 del perimetro della propriet\u00e0 limitrofa solo alla distanza prescritta dalla normativa specifica vigente, o da usi costanti e riconosciuti, e in mancanza di normative e usi, solo alla distanza di due metri dalla linea di demarcazione tra i due patrimoni per le piantagioni di altezza superiore a due metri, e alla distanza di mezzo metro per le altre piantagioni. Alberi, arbusti e cespugli di qualsiasi specie possono essere piantati come spalliere su entrambi i lati del muro divisorio, senza osservare alcuna distanza, ma non possono estendersi oltre la cresta del muro. Se il muro non \u00e8 fissato, il proprietario da solo ha il diritto di sostenere le spalliere. Articolo. 672 del Codice Civile: Il vicino pu\u00f2 richiedere che gli alberi, arbusti e cespugli, piantati ad una distanza inferiore alla distanza legale, siano sradicati o ridotti all&#8217;altezza determinata nell&#8217;articolo precedente, a meno che non vi sia un titolo, una destinazione del padre della famiglia o una prescrizione trentennale. Se gli alberi muoiono o se vengono tagliati o estirpati, possono essere sostituiti solo rispettando le distanze previste dalla legge. ATTENZIONE: queste richieste possono essere fatte solo dal proprietario o dal suo usufruttuario. In assenza di decreti locali, si applicano le norme del Codice Civile.<\/p>\n","protected":false},"excerpt":{"rendered":"<p>La vita di condominio a volte pu\u00f2 essere difficile, soprattutto quando si tratta di persone irresponsabili e individualiste. I conflitti di vicinato sono ricorrenti e spesso assumono proporzioni considerevoli. Per non raggiungere la legge del pi\u00f9 forte, questi conflitti possono in ogni caso essere risolti in via amichevole. A tal fine, \u00e8 necessario inviare una [&hellip;]<\/p>\n","protected":false},"featured_media":17018,"comment_status":"open","ping_status":"closed","template":"","meta":{"_et_pb_use_builder":"","_et_pb_old_content":"","_et_gb_content_width":""},"product_brand":[],"product_cat":[365],"product_tag":[],"class_list":{"0":"post-10292","1":"product","2":"type-product","3":"status-publish","4":"has-post-thumbnail","6":"product_cat-lettere-di-esempio","8":"first","9":"instock","10":"downloadable","11":"taxable","12":"shipping-taxable","13":"purchasable","14":"product-type-simple"},"yoast_head":"<!-- This site is optimized with the Yoast SEO plugin v26.8 - https:\/\/yoast.com\/product\/yoast-seo-wordpress\/ -->\n<title>Avviso siepi di prugne secche - Soci\u00e9t\u00e9 d&#039;avocats Damy<\/title>\n<meta name=\"robots\" content=\"index, follow, max-snippet:-1, max-image-preview:large, max-video-preview:-1\" \/>\n<link rel=\"canonical\" href=\"https:\/\/gregorydamy.niceavocats.fr\/it\/produit\/avviso-siepi-di-prugne-secche\/\" \/>\n<meta property=\"og:locale\" content=\"it_IT\" \/>\n<meta property=\"og:type\" content=\"article\" \/>\n<meta property=\"og:title\" content=\"Avviso siepi di prugne secche - Soci\u00e9t\u00e9 d&#039;avocats Damy\" \/>\n<meta property=\"og:description\" content=\"La vita di condominio a volte pu\u00f2 essere difficile, soprattutto quando si tratta di persone irresponsabili e individualiste. I conflitti di vicinato sono ricorrenti e spesso assumono proporzioni considerevoli. Per non raggiungere la legge del pi\u00f9 forte, questi conflitti possono in ogni caso essere risolti in via amichevole. A tal fine, \u00e8 necessario inviare una [&hellip;]\" \/>\n<meta property=\"og:url\" content=\"https:\/\/gregorydamy.niceavocats.fr\/it\/produit\/avviso-siepi-di-prugne-secche\/\" \/>\n<meta property=\"og:site_name\" content=\"Soci\u00e9t\u00e9 d&#039;avocats Damy\" \/>\n<meta property=\"article:publisher\" content=\"https:\/\/www.facebook.com\/niceavocats.fr\/\" \/>\n<meta property=\"article:modified_time\" content=\"2023-05-10T12:48:22+00:00\" \/>\n<meta property=\"og:image\" content=\"https:\/\/gregorydamy.niceavocats.fr\/wp-content\/uploads\/2023\/04\/formulaires.png\" \/>\n\t<meta property=\"og:image:width\" content=\"2048\" \/>\n\t<meta property=\"og:image:height\" content=\"1536\" \/>\n\t<meta property=\"og:image:type\" content=\"image\/png\" \/>\n<meta name=\"twitter:card\" content=\"summary_large_image\" \/>\n<meta name=\"twitter:label1\" content=\"Tempo di lettura stimato\" \/>\n\t<meta name=\"twitter:data1\" content=\"2 minuti\" \/>\n<script type=\"application\/ld+json\" class=\"yoast-schema-graph\">{\"@context\":\"https:\/\/schema.org\",\"@graph\":[{\"@type\":\"WebPage\",\"@id\":\"https:\/\/gregorydamy.niceavocats.fr\/it\/produit\/avviso-siepi-di-prugne-secche\/\",\"url\":\"https:\/\/gregorydamy.niceavocats.fr\/it\/produit\/avviso-siepi-di-prugne-secche\/\",\"name\":\"Avviso siepi di prugne secche - Soci\u00e9t\u00e9 d&#039;avocats Damy\",\"isPartOf\":{\"@id\":\"https:\/\/gregorydamy.niceavocats.fr\/it\/#website\"},\"primaryImageOfPage\":{\"@id\":\"https:\/\/gregorydamy.niceavocats.fr\/it\/produit\/avviso-siepi-di-prugne-secche\/#primaryimage\"},\"image\":{\"@id\":\"https:\/\/gregorydamy.niceavocats.fr\/it\/produit\/avviso-siepi-di-prugne-secche\/#primaryimage\"},\"thumbnailUrl\":\"https:\/\/gregorydamy.niceavocats.fr\/wp-content\/uploads\/2023\/04\/formulaires.png\",\"datePublished\":\"2023-03-31T02:37:51+00:00\",\"dateModified\":\"2023-05-10T12:48:22+00:00\",\"breadcrumb\":{\"@id\":\"https:\/\/gregorydamy.niceavocats.fr\/it\/produit\/avviso-siepi-di-prugne-secche\/#breadcrumb\"},\"inLanguage\":\"it-IT\",\"potentialAction\":[{\"@type\":\"ReadAction\",\"target\":[\"https:\/\/gregorydamy.niceavocats.fr\/it\/produit\/avviso-siepi-di-prugne-secche\/\"]}]},{\"@type\":\"ImageObject\",\"inLanguage\":\"it-IT\",\"@id\":\"https:\/\/gregorydamy.niceavocats.fr\/it\/produit\/avviso-siepi-di-prugne-secche\/#primaryimage\",\"url\":\"https:\/\/gregorydamy.niceavocats.fr\/wp-content\/uploads\/2023\/04\/formulaires.png\",\"contentUrl\":\"https:\/\/gregorydamy.niceavocats.fr\/wp-content\/uploads\/2023\/04\/formulaires.png\",\"width\":2048,\"height\":1536,\"caption\":\"Votre avocat \u00e0 Nice vous propose des mod\u00e8les d'actes et vous conseille sur leurs utilisation.\"},{\"@type\":\"BreadcrumbList\",\"@id\":\"https:\/\/gregorydamy.niceavocats.fr\/it\/produit\/avviso-siepi-di-prugne-secche\/#breadcrumb\",\"itemListElement\":[{\"@type\":\"ListItem\",\"position\":1,\"name\":\"Accueil\",\"item\":\"https:\/\/gregorydamy.niceavocats.fr\/it\/\"},{\"@type\":\"ListItem\",\"position\":2,\"name\":\"Boutique\",\"item\":\"https:\/\/gregorydamy.niceavocats.fr\/boutique\/\"},{\"@type\":\"ListItem\",\"position\":3,\"name\":\"Avviso siepi di prugne secche\"}]},{\"@type\":\"WebSite\",\"@id\":\"https:\/\/gregorydamy.niceavocats.fr\/it\/#website\",\"url\":\"https:\/\/gregorydamy.niceavocats.fr\/it\/\",\"name\":\"Soci\u00e9t\u00e9 d&#039;avocats Damy\",\"description\":\"Justice - Confiance - Efficacit\u00e9\",\"publisher\":{\"@id\":\"https:\/\/gregorydamy.niceavocats.fr\/it\/#organization\"},\"potentialAction\":[{\"@type\":\"SearchAction\",\"target\":{\"@type\":\"EntryPoint\",\"urlTemplate\":\"https:\/\/gregorydamy.niceavocats.fr\/it\/?s={search_term_string}\"},\"query-input\":{\"@type\":\"PropertyValueSpecification\",\"valueRequired\":true,\"valueName\":\"search_term_string\"}}],\"inLanguage\":\"it-IT\"},{\"@type\":\"Organization\",\"@id\":\"https:\/\/gregorydamy.niceavocats.fr\/it\/#organization\",\"name\":\"Soci\u00e9t\u00e9 d'Avocats DAMY\",\"alternateName\":\"Gr\u00e9gory DAMY\",\"url\":\"https:\/\/gregorydamy.niceavocats.fr\/it\/\",\"logo\":{\"@type\":\"ImageObject\",\"inLanguage\":\"it-IT\",\"@id\":\"https:\/\/gregorydamy.niceavocats.fr\/it\/#\/schema\/logo\/image\/\",\"url\":\"https:\/\/gregorydamy.niceavocats.fr\/wp-content\/uploads\/2023\/04\/damylogo-1.png\",\"contentUrl\":\"https:\/\/gregorydamy.niceavocats.fr\/wp-content\/uploads\/2023\/04\/damylogo-1.png\",\"width\":1890,\"height\":1417,\"caption\":\"Soci\u00e9t\u00e9 d'Avocats DAMY\"},\"image\":{\"@id\":\"https:\/\/gregorydamy.niceavocats.fr\/it\/#\/schema\/logo\/image\/\"},\"sameAs\":[\"https:\/\/www.facebook.com\/niceavocats.fr\/\"]}]}<\/script>\n<!-- \/ Yoast SEO plugin. -->","yoast_head_json":{"title":"Avviso siepi di prugne secche - Soci\u00e9t\u00e9 d&#039;avocats Damy","robots":{"index":"index","follow":"follow","max-snippet":"max-snippet:-1","max-image-preview":"max-image-preview:large","max-video-preview":"max-video-preview:-1"},"canonical":"https:\/\/gregorydamy.niceavocats.fr\/it\/produit\/avviso-siepi-di-prugne-secche\/","og_locale":"it_IT","og_type":"article","og_title":"Avviso siepi di prugne secche - Soci\u00e9t\u00e9 d&#039;avocats Damy","og_description":"La vita di condominio a volte pu\u00f2 essere difficile, soprattutto quando si tratta di persone irresponsabili e individualiste. I conflitti di vicinato sono ricorrenti e spesso assumono proporzioni considerevoli. Per non raggiungere la legge del pi\u00f9 forte, questi conflitti possono in ogni caso essere risolti in via amichevole. A tal fine, \u00e8 necessario inviare una [&hellip;]","og_url":"https:\/\/gregorydamy.niceavocats.fr\/it\/produit\/avviso-siepi-di-prugne-secche\/","og_site_name":"Soci\u00e9t\u00e9 d&#039;avocats Damy","article_publisher":"https:\/\/www.facebook.com\/niceavocats.fr\/","article_modified_time":"2023-05-10T12:48:22+00:00","og_image":[{"width":2048,"height":1536,"url":"https:\/\/gregorydamy.niceavocats.fr\/wp-content\/uploads\/2023\/04\/formulaires.png","type":"image\/png"}],"twitter_card":"summary_large_image","twitter_misc":{"Tempo di lettura stimato":"2 minuti"},"schema":{"@context":"https:\/\/schema.org","@graph":[{"@type":"WebPage","@id":"https:\/\/gregorydamy.niceavocats.fr\/it\/produit\/avviso-siepi-di-prugne-secche\/","url":"https:\/\/gregorydamy.niceavocats.fr\/it\/produit\/avviso-siepi-di-prugne-secche\/","name":"Avviso siepi di prugne secche - Soci\u00e9t\u00e9 d&#039;avocats Damy","isPartOf":{"@id":"https:\/\/gregorydamy.niceavocats.fr\/it\/#website"},"primaryImageOfPage":{"@id":"https:\/\/gregorydamy.niceavocats.fr\/it\/produit\/avviso-siepi-di-prugne-secche\/#primaryimage"},"image":{"@id":"https:\/\/gregorydamy.niceavocats.fr\/it\/produit\/avviso-siepi-di-prugne-secche\/#primaryimage"},"thumbnailUrl":"https:\/\/gregorydamy.niceavocats.fr\/wp-content\/uploads\/2023\/04\/formulaires.png","datePublished":"2023-03-31T02:37:51+00:00","dateModified":"2023-05-10T12:48:22+00:00","breadcrumb":{"@id":"https:\/\/gregorydamy.niceavocats.fr\/it\/produit\/avviso-siepi-di-prugne-secche\/#breadcrumb"},"inLanguage":"it-IT","potentialAction":[{"@type":"ReadAction","target":["https:\/\/gregorydamy.niceavocats.fr\/it\/produit\/avviso-siepi-di-prugne-secche\/"]}]},{"@type":"ImageObject","inLanguage":"it-IT","@id":"https:\/\/gregorydamy.niceavocats.fr\/it\/produit\/avviso-siepi-di-prugne-secche\/#primaryimage","url":"https:\/\/gregorydamy.niceavocats.fr\/wp-content\/uploads\/2023\/04\/formulaires.png","contentUrl":"https:\/\/gregorydamy.niceavocats.fr\/wp-content\/uploads\/2023\/04\/formulaires.png","width":2048,"height":1536,"caption":"Votre avocat \u00e0 Nice vous propose des mod\u00e8les d'actes et vous conseille sur leurs utilisation."},{"@type":"BreadcrumbList","@id":"https:\/\/gregorydamy.niceavocats.fr\/it\/produit\/avviso-siepi-di-prugne-secche\/#breadcrumb","itemListElement":[{"@type":"ListItem","position":1,"name":"Accueil","item":"https:\/\/gregorydamy.niceavocats.fr\/it\/"},{"@type":"ListItem","position":2,"name":"Boutique","item":"https:\/\/gregorydamy.niceavocats.fr\/boutique\/"},{"@type":"ListItem","position":3,"name":"Avviso siepi di prugne secche"}]},{"@type":"WebSite","@id":"https:\/\/gregorydamy.niceavocats.fr\/it\/#website","url":"https:\/\/gregorydamy.niceavocats.fr\/it\/","name":"Soci\u00e9t\u00e9 d&#039;avocats Damy","description":"Justice - Confiance - Efficacit\u00e9","publisher":{"@id":"https:\/\/gregorydamy.niceavocats.fr\/it\/#organization"},"potentialAction":[{"@type":"SearchAction","target":{"@type":"EntryPoint","urlTemplate":"https:\/\/gregorydamy.niceavocats.fr\/it\/?s={search_term_string}"},"query-input":{"@type":"PropertyValueSpecification","valueRequired":true,"valueName":"search_term_string"}}],"inLanguage":"it-IT"},{"@type":"Organization","@id":"https:\/\/gregorydamy.niceavocats.fr\/it\/#organization","name":"Soci\u00e9t\u00e9 d'Avocats DAMY","alternateName":"Gr\u00e9gory DAMY","url":"https:\/\/gregorydamy.niceavocats.fr\/it\/","logo":{"@type":"ImageObject","inLanguage":"it-IT","@id":"https:\/\/gregorydamy.niceavocats.fr\/it\/#\/schema\/logo\/image\/","url":"https:\/\/gregorydamy.niceavocats.fr\/wp-content\/uploads\/2023\/04\/damylogo-1.png","contentUrl":"https:\/\/gregorydamy.niceavocats.fr\/wp-content\/uploads\/2023\/04\/damylogo-1.png","width":1890,"height":1417,"caption":"Soci\u00e9t\u00e9 d'Avocats DAMY"},"image":{"@id":"https:\/\/gregorydamy.niceavocats.fr\/it\/#\/schema\/logo\/image\/"},"sameAs":["https:\/\/www.facebook.com\/niceavocats.fr\/"]}]}},"_links":{"self":[{"href":"https:\/\/gregorydamy.niceavocats.fr\/it\/wp-json\/wp\/v2\/product\/10292","targetHints":{"allow":["GET"]}}],"collection":[{"href":"https:\/\/gregorydamy.niceavocats.fr\/it\/wp-json\/wp\/v2\/product"}],"about":[{"href":"https:\/\/gregorydamy.niceavocats.fr\/it\/wp-json\/wp\/v2\/types\/product"}],"replies":[{"embeddable":true,"href":"https:\/\/gregorydamy.niceavocats.fr\/it\/wp-json\/wp\/v2\/comments?post=10292"}],"wp:featuredmedia":[{"embeddable":true,"href":"https:\/\/gregorydamy.niceavocats.fr\/it\/wp-json\/wp\/v2\/media\/17018"}],"wp:attachment":[{"href":"https:\/\/gregorydamy.niceavocats.fr\/it\/wp-json\/wp\/v2\/media?parent=10292"}],"wp:term":[{"taxonomy":"product_brand","embeddable":true,"href":"https:\/\/gregorydamy.niceavocats.fr\/it\/wp-json\/wp\/v2\/product_brand?post=10292"},{"taxonomy":"product_cat","embeddable":true,"href":"https:\/\/gregorydamy.niceavocats.fr\/it\/wp-json\/wp\/v2\/product_cat?post=10292"},{"taxonomy":"product_tag","embeddable":true,"href":"https:\/\/gregorydamy.niceavocats.fr\/it\/wp-json\/wp\/v2\/product_tag?post=10292"}],"curies":[{"name":"wp","href":"https:\/\/api.w.org\/{rel}","templated":true}]}}