{"id":16793,"date":"2023-01-10T15:19:50","date_gmt":"2023-01-10T15:19:50","guid":{"rendered":"https:\/\/gregorydamy.niceavocats.fr\/?page_id=16793"},"modified":"2023-09-01T10:16:29","modified_gmt":"2023-09-01T10:16:29","slug":"civile-2","status":"publish","type":"page","link":"https:\/\/gregorydamy.niceavocats.fr\/it\/civile-2\/","title":{"rendered":"Civile"},"content":{"rendered":"<p>[et_pb_section fb_built=&#8221;1&#8243; custom_padding_last_edited=&#8221;on|phone&#8221; _builder_version=&#8221;4.20.2&#8243; background_color=&#8221;#FFFFFF&#8221; background_enable_image=&#8221;off&#8221; custom_padding=&#8221;40px||31px||false|false&#8221; custom_padding_tablet=&#8221;150px||||false|false&#8221; custom_padding_phone=&#8221;125px||||false|false&#8221; box_shadow_style=&#8221;preset3&#8243; global_colors_info=&#8221;{}&#8221;][et_pb_row _builder_version=&#8221;4.16&#8243; global_colors_info=&#8221;{}&#8221;][et_pb_column type=&#8221;4_4&#8243; _builder_version=&#8221;4.16&#8243; global_colors_info=&#8221;{}&#8221;][et_pb_text _builder_version=&#8221;4.20.2&#8243; header_3_text_color=&#8221;#d5aa6d&#8221; text_orientation=&#8221;center&#8221; custom_margin=&#8221;||0px||false|false&#8221; global_colors_info=&#8221;{}&#8221;]<\/p>\n<h3>Una competenza<\/h3>\n<p>[\/et_pb_text][et_pb_text _builder_version=&#8221;4.20.2&#8243; text_orientation=&#8221;center&#8221; background_layout=&#8221;dark&#8221; global_colors_info=&#8221;{}&#8221;]<\/p>\n<h1><span style=\"color: #333333;\">Avvocato civilista a Nizza<\/span><\/h1>\n<p>[\/et_pb_text][\/et_pb_column][\/et_pb_row][\/et_pb_section][et_pb_section fb_built=&#8221;1&#8243; _builder_version=&#8221;4.20.2&#8243; background_enable_color=&#8221;off&#8221; background_enable_image=&#8221;off&#8221; locked=&#8221;off&#8221; global_colors_info=&#8221;{}&#8221;][et_pb_row custom_padding_last_edited=&#8221;on|desktop&#8221; _builder_version=&#8221;4.20.2&#8243; background_color=&#8221;#bfcdd9&#8243; custom_padding=&#8221;|225px||225px|false|true&#8221; custom_padding_tablet=&#8221;|0px||0px|false|true&#8221; custom_padding_phone=&#8221;&#8221; box_shadow_style=&#8221;preset2&#8243; global_colors_info=&#8221;{}&#8221;][et_pb_column type=&#8221;4_4&#8243; _builder_version=&#8221;4.16&#8243; global_colors_info=&#8221;{}&#8221;][et_pb_text _builder_version=&#8221;4.20.2&#8243; text_orientation=&#8221;center&#8221; global_colors_info=&#8221;{}&#8221;]<\/p>\n<h2><span style=\"color: #ffffff;\">Civile<\/span><\/h2>\n<p>[\/et_pb_text][et_pb_divider _builder_version=&#8221;4.16&#8243; width=&#8221;50%&#8221; module_alignment=&#8221;center&#8221; custom_margin=&#8221;||0px||false|false&#8221; global_colors_info=&#8221;{}&#8221;][\/et_pb_divider][et_pb_text _builder_version=&#8221;4.20.2&#8243; text_orientation=&#8221;center&#8221; global_colors_info=&#8221;{}&#8221;]<\/p>\n<p style=\"text-align: center;\"><span style=\"color: #ffffff;\">La competenza di Gr\u00e9gory DAMY in materia di famiglia e questioni personali si estende a tutte le fasi della vita di una persona e comprende sia la consulenza che il contenzioso.<\/span><\/p>\n<p>[\/et_pb_text][\/et_pb_column][\/et_pb_row][et_pb_row _builder_version=&#8221;4.20.2&#8243; background_color=&#8221;#262626&#8243; box_shadow_style=&#8221;preset2&#8243; global_colors_info=&#8221;{}&#8221;][et_pb_column type=&#8221;4_4&#8243; _builder_version=&#8221;4.16&#8243; global_colors_info=&#8221;{}&#8221;][et_pb_blurb title=&#8221;In sintesi&#8221; image=&#8221;https:\/\/gregorydamy.niceavocats.fr\/wp-content\/uploads\/2023\/04\/gt-partners-case-study-4.jpg&#8221; content_tablet=&#8221;<\/p>\n<p style=%22text-align: justify;%22><span style=%22color: #ffffff;%22>Ma\u00eetre DAMY propose son accompagnement dans de multiples domaines r\u00e9gis par le droit civil, notamment :<\/span><\/p>\n<p style=%22text-align: justify;%22><span style=%22color: #ffffff;%22> <\/span><\/p>\n<ul style=%22text-align: justify;%22>\n<li><span style=%22color: #ffffff;%22>La r\u00e9daction d\u2019un <strong>PACS<\/strong> afin de garantir au mieux vos int\u00e9r\u00eats,<\/span><\/li>\n<li><span style=%22color: #ffffff;%22>Les <strong>divorces<\/strong> sous toutes ses formes. Ma\u00eetre DAMY peut, depuis f\u00e9vrier 2017, r\u00e9gler un divorce par consentement mutuel, sans passer devant un juge, en 3 semaines,<\/span><\/li>\n<li><span style=%22color: #ffffff;%22>R\u00e8glement des <strong>droits de visite et d\u2019h\u00e9bergement<\/strong>, de <strong>l\u2019autorit\u00e9<\/strong> <strong>parentale<\/strong> toujours en respectant l\u2019int\u00e9r\u00eat de l\u2019enfant,<\/span><\/li>\n<li><span style=%22color: #ffffff;%22>Les <strong>successions<\/strong>, par exemple lorsque les h\u00e9ritiers ne parviennent pas \u00e0 trouver un accord entre eux,<\/span><\/li>\n<li><span style=%22color: #ffffff;%22>R\u00e9gler des probl\u00e8mes li\u00e9s au <strong>voisinage<\/strong>,<\/span><\/li>\n<li><span style=%22color: #ffffff;%22>Plus largement prot\u00e9ger vos droits concernant la non-conformit\u00e9 de certains produits.<\/span><\/li>\n<\/ul>\n<p style=%22text-align: justify;%22><span style=%22color: #ffffff;%22> <\/span><\/p>\n<p style=%22text-align: justify;%22><span style=%22color: #ffffff;%22>La comp\u00e9tence de Ma\u00eetre DAMY en <strong>droit<\/strong> <strong>patrimonial<\/strong> des personnes s\u2019appuie sur sa technicit\u00e9 et son exp\u00e9rience acquise depuis plus de 17 ans. Le droit de la famille est complexe. Dans les situations de conflit av\u00e9r\u00e9, Ma\u00eetre Gr\u00e9gory DAMY saura vous donner des conseils avis\u00e9s pour vous permettre de sortir rapidement de l\u2019impasse.<\/span><\/p>\n<p>&#8221; content_phone=&#8221;<\/p>\n<p style=%22text-align: center;%22><span style=%22color: #ffffff;%22>Ma\u00eetre DAMY propose son accompagnement dans de multiples domaines r\u00e9gis par le droit civil, notamment :<\/span><\/p>\n<p style=%22text-align: center;%22><span style=%22color: #ffffff;%22> <\/span><\/p>\n<ul style=%22text-align: center;%22>\n<li><span style=%22color: #ffffff;%22>La r\u00e9daction d\u2019un <strong>PACS<\/strong> afin de garantir au mieux vos int\u00e9r\u00eats,<\/span><\/li>\n<li><span style=%22color: #ffffff;%22>Les <strong>divorces<\/strong> sous toutes ses formes. Ma\u00eetre DAMY peut, depuis f\u00e9vrier 2017, r\u00e9gler un divorce par consentement mutuel, sans passer devant un juge, en 3 semaines,<\/span><\/li>\n<li><span style=%22color: #ffffff;%22>R\u00e8glement des <strong>droits de visite et d\u2019h\u00e9bergement<\/strong>, de <strong>l\u2019autorit\u00e9<\/strong> <strong>parentale<\/strong> toujours en respectant l\u2019int\u00e9r\u00eat de l\u2019enfant,<\/span><\/li>\n<li><span style=%22color: #ffffff;%22>Les <strong>successions<\/strong>, par exemple lorsque les h\u00e9ritiers ne parviennent pas \u00e0 trouver un accord entre eux,<\/span><\/li>\n<li><span style=%22color: #ffffff;%22>R\u00e9gler des probl\u00e8mes li\u00e9s au <strong>voisinage<\/strong>,<\/span><\/li>\n<li><span style=%22color: #ffffff;%22>Plus largement prot\u00e9ger vos droits concernant la non-conformit\u00e9 de certains produits.<\/span><\/li>\n<\/ul>\n<p style=%22text-align: center;%22><span style=%22color: #ffffff;%22> <\/span><\/p>\n<p style=%22text-align: center;%22><span style=%22color: #ffffff;%22>La comp\u00e9tence de Ma\u00eetre DAMY en <strong>droit<\/strong> <strong>patrimonial<\/strong> des personnes s\u2019appuie sur sa technicit\u00e9 et son exp\u00e9rience acquise depuis plus de 17 ans. Le droit de la famille est complexe. Dans les situations de conflit av\u00e9r\u00e9, Ma\u00eetre Gr\u00e9gory DAMY saura vous donner des conseils avis\u00e9s pour vous permettre de sortir rapidement de l\u2019impasse.<\/span><\/p>\n<p>&#8221; content_last_edited=&#8221;on|phone&#8221; module_class=&#8221;gt_service_style2&#8243; _builder_version=&#8221;4.20.2&#8243; header_level=&#8221;h3&#8243; header_text_color=&#8221;#d5aa6d&#8221; transform_translate_linked__hover=&#8221;off&#8221; text_orientation=&#8221;center&#8221; box_shadow_style_image=&#8221;preset2&#8243; global_colors_info=&#8221;{}&#8221; transform_styles__hover_enabled=&#8221;on|hover&#8221; transform_scale__hover_enabled=&#8221;on|desktop&#8221; transform_translate__hover_enabled=&#8221;on|hover&#8221; transform_rotate__hover_enabled=&#8221;on|desktop&#8221; transform_skew__hover_enabled=&#8221;on|desktop&#8221; transform_origin__hover_enabled=&#8221;on|desktop&#8221; transform_translate__hover=&#8221;0px|-5px&#8221;]<\/p>\n<p style=\"text-align: justify;\"><span style=\"color: #ffffff;\">Ma\u00eetre DAMY offre assistenza in molte aree disciplinate dal diritto civile, tra cui<\/span><\/p>\n<p style=\"text-align: justify;\">\n<p style=\"text-align: justify;\"><span style=\"color: #ffffff;\">La redazione di un PACS per garantire i vostri interessi,<\/span><br \/><span style=\"color: #ffffff;\">il divorzio in tutte le sue forme. Da febbraio 2017, Ma\u00eetre DAMY \u00e8 in grado di risolvere un divorzio consensuale, senza ricorrere al giudice, in 3 settimane,<\/span><br \/><span style=\"color: #ffffff;\">Regolamentazione dei diritti di visita e di alloggio, della potest\u00e0 genitoriale, sempre nel rispetto dell&#8217;interesse del minore,<\/span><br \/><span style=\"color: #ffffff;\">Eredit\u00e0, ad esempio quando gli eredi non riescono a trovare un accordo tra loro,<\/span><br \/><span style=\"color: #ffffff;\">Risoluzione di problemi legati al vicinato,<\/span><br \/><span style=\"color: #ffffff;\">pi\u00f9 in generale, la tutela dei diritti del cliente in caso di non conformit\u00e0 di alcuni prodotti.<\/span><\/p>\n<p style=\"text-align: justify;\">\n<p style=\"text-align: justify;\"><span style=\"color: #ffffff;\">La competenza di Ma\u00eetre DAMY in materia di diritto dei beni personali si basa sulle sue capacit\u00e0 tecniche e sull&#8217;esperienza acquisita in oltre 17 anni di attivit\u00e0. Il diritto di famiglia \u00e8 complesso. In situazioni di conflitto, Gr\u00e9gory DAMY vi dar\u00e0 consigli validi per aiutarvi a uscire rapidamente dall&#8217;impasse.<\/span><\/p>\n<p>[\/et_pb_blurb][\/et_pb_column][\/et_pb_row][\/et_pb_section]<\/p>\n","protected":false},"excerpt":{"rendered":"<p>Una competenzaAvvocato civilista a NizzaCivileLa competenza di Gr\u00e9gory DAMY in materia di famiglia e questioni personali si estende a tutte le fasi della vita di una persona e comprende sia la consulenza che il contenzioso.Ma\u00eetre DAMY offre assistenza in molte aree disciplinate dal diritto civile, tra cui La redazione di un PACS per garantire i [&hellip;]<\/p>\n","protected":false},"author":2,"featured_media":0,"parent":0,"menu_order":0,"comment_status":"closed","ping_status":"closed","template":"","meta":{"_et_pb_use_builder":"on","_et_pb_old_content":"","_et_gb_content_width":"","footnotes":""},"class_list":["post-16793","page","type-page","status-publish","hentry"],"yoast_head":"<!-- This site is optimized with the Yoast SEO plugin v26.8 - https:\/\/yoast.com\/product\/yoast-seo-wordpress\/ -->\n<title>Civile - Soci\u00e9t\u00e9 d&#039;avocats Damy<\/title>\n<meta name=\"description\" content=\"Assistenza in aree del diritto civile: divorzio, eredit\u00e0, vicinato, non conformit\u00e0 di prodotti, diritto dei beni, diritto di famiglia.\" \/>\n<meta name=\"robots\" content=\"index, follow, max-snippet:-1, max-image-preview:large, max-video-preview:-1\" \/>\n<link rel=\"canonical\" href=\"https:\/\/gregorydamy.niceavocats.fr\/it\/civile-2\/\" \/>\n<meta property=\"og:locale\" content=\"it_IT\" \/>\n<meta property=\"og:type\" content=\"article\" \/>\n<meta property=\"og:title\" content=\"Civile - Soci\u00e9t\u00e9 d&#039;avocats Damy\" \/>\n<meta property=\"og:description\" content=\"Assistenza in aree del diritto civile: divorzio, eredit\u00e0, vicinato, non conformit\u00e0 di prodotti, diritto dei beni, diritto di famiglia.\" \/>\n<meta property=\"og:url\" content=\"https:\/\/gregorydamy.niceavocats.fr\/it\/civile-2\/\" \/>\n<meta property=\"og:site_name\" content=\"Soci\u00e9t\u00e9 d&#039;avocats Damy\" \/>\n<meta property=\"article:publisher\" content=\"https:\/\/www.facebook.com\/niceavocats.fr\/\" \/>\n<meta property=\"article:modified_time\" content=\"2023-09-01T10:16:29+00:00\" \/>\n<meta name=\"twitter:card\" content=\"summary_large_image\" \/>\n<meta name=\"twitter:label1\" content=\"Tempo di lettura stimato\" \/>\n\t<meta name=\"twitter:data1\" content=\"3 minuti\" \/>\n<script type=\"application\/ld+json\" class=\"yoast-schema-graph\">{\"@context\":\"https:\/\/schema.org\",\"@graph\":[{\"@type\":\"WebPage\",\"@id\":\"https:\/\/gregorydamy.niceavocats.fr\/it\/civile-2\/\",\"url\":\"https:\/\/gregorydamy.niceavocats.fr\/it\/civile-2\/\",\"name\":\"Civile - Soci\u00e9t\u00e9 d&#039;avocats Damy\",\"isPartOf\":{\"@id\":\"https:\/\/gregorydamy.niceavocats.fr\/it\/#website\"},\"datePublished\":\"2023-01-10T15:19:50+00:00\",\"dateModified\":\"2023-09-01T10:16:29+00:00\",\"description\":\"Assistenza in aree del diritto civile: divorzio, eredit\u00e0, vicinato, non conformit\u00e0 di prodotti, diritto dei beni, diritto di famiglia.\",\"breadcrumb\":{\"@id\":\"https:\/\/gregorydamy.niceavocats.fr\/it\/civile-2\/#breadcrumb\"},\"inLanguage\":\"it-IT\",\"potentialAction\":[{\"@type\":\"ReadAction\",\"target\":[\"https:\/\/gregorydamy.niceavocats.fr\/it\/civile-2\/\"]}]},{\"@type\":\"BreadcrumbList\",\"@id\":\"https:\/\/gregorydamy.niceavocats.fr\/it\/civile-2\/#breadcrumb\",\"itemListElement\":[{\"@type\":\"ListItem\",\"position\":1,\"name\":\"Accueil\",\"item\":\"https:\/\/gregorydamy.niceavocats.fr\/it\/\"},{\"@type\":\"ListItem\",\"position\":2,\"name\":\"Civile\"}]},{\"@type\":\"WebSite\",\"@id\":\"https:\/\/gregorydamy.niceavocats.fr\/it\/#website\",\"url\":\"https:\/\/gregorydamy.niceavocats.fr\/it\/\",\"name\":\"Soci\u00e9t\u00e9 d&#039;avocats Damy\",\"description\":\"Justice - Confiance - Efficacit\u00e9\",\"publisher\":{\"@id\":\"https:\/\/gregorydamy.niceavocats.fr\/it\/#organization\"},\"potentialAction\":[{\"@type\":\"SearchAction\",\"target\":{\"@type\":\"EntryPoint\",\"urlTemplate\":\"https:\/\/gregorydamy.niceavocats.fr\/it\/?s={search_term_string}\"},\"query-input\":{\"@type\":\"PropertyValueSpecification\",\"valueRequired\":true,\"valueName\":\"search_term_string\"}}],\"inLanguage\":\"it-IT\"},{\"@type\":\"Organization\",\"@id\":\"https:\/\/gregorydamy.niceavocats.fr\/it\/#organization\",\"name\":\"Soci\u00e9t\u00e9 d'Avocats DAMY\",\"alternateName\":\"Gr\u00e9gory DAMY\",\"url\":\"https:\/\/gregorydamy.niceavocats.fr\/it\/\",\"logo\":{\"@type\":\"ImageObject\",\"inLanguage\":\"it-IT\",\"@id\":\"https:\/\/gregorydamy.niceavocats.fr\/it\/#\/schema\/logo\/image\/\",\"url\":\"https:\/\/gregorydamy.niceavocats.fr\/wp-content\/uploads\/2023\/04\/damylogo-1.png\",\"contentUrl\":\"https:\/\/gregorydamy.niceavocats.fr\/wp-content\/uploads\/2023\/04\/damylogo-1.png\",\"width\":1890,\"height\":1417,\"caption\":\"Soci\u00e9t\u00e9 d'Avocats DAMY\"},\"image\":{\"@id\":\"https:\/\/gregorydamy.niceavocats.fr\/it\/#\/schema\/logo\/image\/\"},\"sameAs\":[\"https:\/\/www.facebook.com\/niceavocats.fr\/\"]}]}<\/script>\n<!-- \/ Yoast SEO plugin. -->","yoast_head_json":{"title":"Civile - Soci\u00e9t\u00e9 d&#039;avocats Damy","description":"Assistenza in aree del diritto civile: divorzio, eredit\u00e0, vicinato, non conformit\u00e0 di prodotti, diritto dei beni, diritto di famiglia.","robots":{"index":"index","follow":"follow","max-snippet":"max-snippet:-1","max-image-preview":"max-image-preview:large","max-video-preview":"max-video-preview:-1"},"canonical":"https:\/\/gregorydamy.niceavocats.fr\/it\/civile-2\/","og_locale":"it_IT","og_type":"article","og_title":"Civile - Soci\u00e9t\u00e9 d&#039;avocats Damy","og_description":"Assistenza in aree del diritto civile: divorzio, eredit\u00e0, vicinato, non conformit\u00e0 di prodotti, diritto dei beni, diritto di famiglia.","og_url":"https:\/\/gregorydamy.niceavocats.fr\/it\/civile-2\/","og_site_name":"Soci\u00e9t\u00e9 d&#039;avocats Damy","article_publisher":"https:\/\/www.facebook.com\/niceavocats.fr\/","article_modified_time":"2023-09-01T10:16:29+00:00","twitter_card":"summary_large_image","twitter_misc":{"Tempo di lettura stimato":"3 minuti"},"schema":{"@context":"https:\/\/schema.org","@graph":[{"@type":"WebPage","@id":"https:\/\/gregorydamy.niceavocats.fr\/it\/civile-2\/","url":"https:\/\/gregorydamy.niceavocats.fr\/it\/civile-2\/","name":"Civile - Soci\u00e9t\u00e9 d&#039;avocats Damy","isPartOf":{"@id":"https:\/\/gregorydamy.niceavocats.fr\/it\/#website"},"datePublished":"2023-01-10T15:19:50+00:00","dateModified":"2023-09-01T10:16:29+00:00","description":"Assistenza in aree del diritto civile: divorzio, eredit\u00e0, vicinato, non conformit\u00e0 di prodotti, diritto dei beni, diritto di famiglia.","breadcrumb":{"@id":"https:\/\/gregorydamy.niceavocats.fr\/it\/civile-2\/#breadcrumb"},"inLanguage":"it-IT","potentialAction":[{"@type":"ReadAction","target":["https:\/\/gregorydamy.niceavocats.fr\/it\/civile-2\/"]}]},{"@type":"BreadcrumbList","@id":"https:\/\/gregorydamy.niceavocats.fr\/it\/civile-2\/#breadcrumb","itemListElement":[{"@type":"ListItem","position":1,"name":"Accueil","item":"https:\/\/gregorydamy.niceavocats.fr\/it\/"},{"@type":"ListItem","position":2,"name":"Civile"}]},{"@type":"WebSite","@id":"https:\/\/gregorydamy.niceavocats.fr\/it\/#website","url":"https:\/\/gregorydamy.niceavocats.fr\/it\/","name":"Soci\u00e9t\u00e9 d&#039;avocats Damy","description":"Justice - Confiance - Efficacit\u00e9","publisher":{"@id":"https:\/\/gregorydamy.niceavocats.fr\/it\/#organization"},"potentialAction":[{"@type":"SearchAction","target":{"@type":"EntryPoint","urlTemplate":"https:\/\/gregorydamy.niceavocats.fr\/it\/?s={search_term_string}"},"query-input":{"@type":"PropertyValueSpecification","valueRequired":true,"valueName":"search_term_string"}}],"inLanguage":"it-IT"},{"@type":"Organization","@id":"https:\/\/gregorydamy.niceavocats.fr\/it\/#organization","name":"Soci\u00e9t\u00e9 d'Avocats DAMY","alternateName":"Gr\u00e9gory DAMY","url":"https:\/\/gregorydamy.niceavocats.fr\/it\/","logo":{"@type":"ImageObject","inLanguage":"it-IT","@id":"https:\/\/gregorydamy.niceavocats.fr\/it\/#\/schema\/logo\/image\/","url":"https:\/\/gregorydamy.niceavocats.fr\/wp-content\/uploads\/2023\/04\/damylogo-1.png","contentUrl":"https:\/\/gregorydamy.niceavocats.fr\/wp-content\/uploads\/2023\/04\/damylogo-1.png","width":1890,"height":1417,"caption":"Soci\u00e9t\u00e9 d'Avocats DAMY"},"image":{"@id":"https:\/\/gregorydamy.niceavocats.fr\/it\/#\/schema\/logo\/image\/"},"sameAs":["https:\/\/www.facebook.com\/niceavocats.fr\/"]}]}},"_links":{"self":[{"href":"https:\/\/gregorydamy.niceavocats.fr\/it\/wp-json\/wp\/v2\/pages\/16793","targetHints":{"allow":["GET"]}}],"collection":[{"href":"https:\/\/gregorydamy.niceavocats.fr\/it\/wp-json\/wp\/v2\/pages"}],"about":[{"href":"https:\/\/gregorydamy.niceavocats.fr\/it\/wp-json\/wp\/v2\/types\/page"}],"author":[{"embeddable":true,"href":"https:\/\/gregorydamy.niceavocats.fr\/it\/wp-json\/wp\/v2\/users\/2"}],"replies":[{"embeddable":true,"href":"https:\/\/gregorydamy.niceavocats.fr\/it\/wp-json\/wp\/v2\/comments?post=16793"}],"version-history":[{"count":0,"href":"https:\/\/gregorydamy.niceavocats.fr\/it\/wp-json\/wp\/v2\/pages\/16793\/revisions"}],"wp:attachment":[{"href":"https:\/\/gregorydamy.niceavocats.fr\/it\/wp-json\/wp\/v2\/media?parent=16793"}],"curies":[{"name":"wp","href":"https:\/\/api.w.org\/{rel}","templated":true}]}}