{"id":16789,"date":"2023-01-10T15:22:13","date_gmt":"2023-01-10T15:22:13","guid":{"rendered":"https:\/\/gregorydamy.niceavocats.fr\/?page_id=16789"},"modified":"2023-09-01T09:35:18","modified_gmt":"2023-09-01T09:35:18","slug":"banca-2","status":"publish","type":"page","link":"https:\/\/gregorydamy.niceavocats.fr\/it\/banca-2\/","title":{"rendered":"Banca"},"content":{"rendered":"<p>[et_pb_section fb_built=&#8221;1&#8243; custom_padding_last_edited=&#8221;on|phone&#8221; _builder_version=&#8221;4.20.2&#8243; background_enable_image=&#8221;off&#8221; custom_padding=&#8221;64px||||false|false&#8221; custom_padding_tablet=&#8221;150px||||false|false&#8221; custom_padding_phone=&#8221;125px||||false|false&#8221; box_shadow_style=&#8221;preset3&#8243; global_colors_info=&#8221;{}&#8221;][et_pb_row _builder_version=&#8221;4.16&#8243; global_colors_info=&#8221;{}&#8221;][et_pb_column type=&#8221;4_4&#8243; _builder_version=&#8221;4.16&#8243; global_colors_info=&#8221;{}&#8221;][et_pb_text _builder_version=&#8221;4.20.2&#8243; header_3_text_color=&#8221;#d5aa6d&#8221; text_orientation=&#8221;center&#8221; custom_margin=&#8221;||0px||false|false&#8221; global_colors_info=&#8221;{}&#8221;]<\/p>\n<h3>Competenza<\/h3>\n<p>[\/et_pb_text][et_pb_text _builder_version=&#8221;4.20.2&#8243; text_orientation=&#8221;center&#8221; background_layout=&#8221;dark&#8221; global_colors_info=&#8221;{}&#8221;]<\/p>\n<h1><span style=\"color: #333333;\">Avvocato esperto in diritto bancario a Nizza<\/span><\/h1>\n<p>[\/et_pb_text][\/et_pb_column][\/et_pb_row][\/et_pb_section][et_pb_section fb_built=&#8221;1&#8243; _builder_version=&#8221;4.20.2&#8243; background_enable_color=&#8221;off&#8221; background_enable_image=&#8221;off&#8221; background_blend=&#8221;darken&#8221; locked=&#8221;off&#8221; global_colors_info=&#8221;{}&#8221;][et_pb_row custom_padding_last_edited=&#8221;on|desktop&#8221; _builder_version=&#8221;4.20.2&#8243; background_color=&#8221;#bfcdd9&#8243; custom_padding=&#8221;|225px||225px|false|true&#8221; custom_padding_tablet=&#8221;|0px||0px|false|true&#8221; custom_padding_phone=&#8221;&#8221; box_shadow_style=&#8221;preset2&#8243; global_colors_info=&#8221;{}&#8221;][et_pb_column type=&#8221;4_4&#8243; _builder_version=&#8221;4.16&#8243; global_colors_info=&#8221;{}&#8221;][et_pb_text _builder_version=&#8221;4.20.2&#8243; text_orientation=&#8221;center&#8221; global_colors_info=&#8221;{}&#8221;]<\/p>\n<h2><span style=\"color: #ffffff;\">Aree di competenza<\/span><\/h2>\n<p>[\/et_pb_text][et_pb_divider _builder_version=&#8221;4.16&#8243; width=&#8221;50%&#8221; module_alignment=&#8221;center&#8221; custom_margin=&#8221;||0px||false|false&#8221; global_colors_info=&#8221;{}&#8221;][\/et_pb_divider][et_pb_text _builder_version=&#8221;4.20.2&#8243; text_orientation=&#8221;center&#8221; global_colors_info=&#8221;{}&#8221;]<\/p>\n<p style=\"text-align: center;\"><span style=\"color: #ffffff;\">Gr\u00e9gory DAMY ha conseguito un dottorato in legge e una tesi in diritto bancario. Grazie a questa base di conoscenze e a pi\u00f9 di quindici anni di esperienza, il diritto bancario \u00e8 uno dei suoi campi preferiti.<\/span><\/p>\n<p style=\"text-align: center;\"><span style=\"color: #ffffff;\">Gr\u00e9gory DAMY vi consiglier\u00e0 e vi assister\u00e0 in materia di diritto bancario grazie alla sua profonda competenza in caso di controversie con il vostro banchiere, assicuratore o consulente di gestione patrimoniale.<\/span><\/p>\n<p>[\/et_pb_text][\/et_pb_column][\/et_pb_row][et_pb_row _builder_version=&#8221;4.20.2&#8243; background_color=&#8221;#262626&#8243; global_colors_info=&#8221;{}&#8221;][et_pb_column type=&#8221;4_4&#8243; _builder_version=&#8221;4.16&#8243; global_colors_info=&#8221;{}&#8221;][et_pb_blurb title=&#8221;In sintesi&#8221; image=&#8221;https:\/\/gregorydamy.niceavocats.fr\/wp-content\/uploads\/2023\/04\/gt-partners-case-study-5.jpg&#8221; content_tablet=&#8221;<\/p>\n<p style=%22text-align: justify;%22><span style=%22color: #ffffff;%22>Tr\u00e8s souvent, les banques vous poursuivent en justice alors qu&#8217;il est possible de soutenir que l&#8217;\u00e9tablissement est forclos dans son action. Dans 90 % de nos cas, nous arrivons \u00e0 faire constater par les tribunaux cette forclusion. Nos clients n&#8217;ont donc plus rien \u00e0 payer&#8230;<\/span><\/p>\n<p style=%22text-align: justify;%22><span style=%22color: #ffffff;%22>La responsabilit\u00e9 des \u00e9tablissements de cr\u00e9dit peut \u00eatre mise en cause notamment en cas de refus ou de rupture abusive de cr\u00e9dit ainsi qu\u2019en cas de demandes de garanties abusives.<\/span><\/p>\n<p style=%22text-align: justify;%22><span style=%22color: #ffffff;%22>Ces agissements peuvent avoir de graves cons\u00e9quences pour un particulier ou une entreprise.<\/span><\/p>\n<p style=%22text-align: justify;%22><span style=%22color: #ffffff;%22>Ma\u00eetre Gr\u00e9gory DAMY vous apportera son soutien face \u00e0 des institutions financi\u00e8res qui n\u2019agissent pas toujours dans le respect de la loi.<\/span><\/p>\n<p style=%22text-align: justify;%22><span style=%22color: #ffffff;%22>Un exemple : vous avez souscrit un cr\u00e9dit immobilier pour acheter un bien. Le taux effectif global est erron\u00e9. Notre cabinet pourra vous l\u2019indiquer tr\u00e8s rapidement car il a cr\u00e9\u00e9 un logiciel permettant de relever les anomalies de taux effectif global. Beaucoup de cr\u00e9dits sont ainsi vici\u00e9s. Il existe des recours pour y rem\u00e9dier et faire valoir vos droits.<\/span><br \/><span style=%22color: #ffffff;%22>Si le tribunal constate que le taux effectif global du cr\u00e9dit est erron\u00e9, il substituera \u00e0 l\u2019int\u00e9r\u00eat conventionnel, l\u2019int\u00e9r\u00eat l\u00e9gal qui est proche de 0%.<\/span><br \/><span style=%22color: #ffffff;%22>Notre cabinet a fait annuler les taux d\u2019int\u00e9r\u00eats de nombreux cr\u00e9dits permettant \u00e0 nos clients d\u2019\u00e9conomiser plusieurs centaines de milliers d\u2019euros.<\/span><\/p>\n<p style=%22text-align: justify;%22>&#8221; content_phone=&#8221;<\/p>\n<p style=%22text-align: center;%22><span style=%22color: #ffffff;%22>Tr\u00e8s souvent, les banques vous poursuivent en justice alors qu&#8217;il est possible de soutenir que l&#8217;\u00e9tablissement est forclos dans son action. Dans 90 % de nos cas, nous arrivons \u00e0 faire constater par les tribunaux cette forclusion. Nos clients n&#8217;ont donc plus rien \u00e0 payer&#8230;<\/span><\/p>\n<p style=%22text-align: center;%22><span style=%22color: #ffffff;%22>La responsabilit\u00e9 des \u00e9tablissements de cr\u00e9dit peut \u00eatre mise en cause notamment en cas de refus ou de rupture abusive de cr\u00e9dit ainsi qu\u2019en cas de demandes de garanties abusives.<\/span><\/p>\n<p style=%22text-align: center;%22><span style=%22color: #ffffff;%22>Ces agissements peuvent avoir de graves cons\u00e9quences pour un particulier ou une entreprise.<\/span><\/p>\n<p style=%22text-align: center;%22><span style=%22color: #ffffff;%22>Ma\u00eetre Gr\u00e9gory DAMY vous apportera son soutien face \u00e0 des institutions financi\u00e8res qui n\u2019agissent pas toujours dans le respect de la loi.<\/span><\/p>\n<p style=%22text-align: center;%22><span style=%22color: #ffffff;%22>Un exemple : vous avez souscrit un cr\u00e9dit immobilier pour acheter un bien. Le taux effectif global est erron\u00e9. Notre cabinet pourra vous l\u2019indiquer tr\u00e8s rapidement car il a cr\u00e9\u00e9 un logiciel permettant de relever les anomalies de taux effectif global. Beaucoup de cr\u00e9dits sont ainsi vici\u00e9s. Il existe des recours pour y rem\u00e9dier et faire valoir vos droits.<\/span><br \/><span style=%22color: #ffffff;%22>Si le tribunal constate que le taux effectif global du cr\u00e9dit est erron\u00e9, il substituera \u00e0 l\u2019int\u00e9r\u00eat conventionnel, l\u2019int\u00e9r\u00eat l\u00e9gal qui est proche de 0%.<\/span><br \/><span style=%22color: #ffffff;%22>Notre cabinet a fait annuler les taux d\u2019int\u00e9r\u00eats de nombreux cr\u00e9dits permettant \u00e0 nos clients d\u2019\u00e9conomiser plusieurs centaines de milliers d\u2019euros.<\/span><\/p>\n<p style=%22text-align: center;%22>&#8221; content_last_edited=&#8221;on|phone&#8221; module_class=&#8221;gt_service_style2&#8243; _builder_version=&#8221;4.20.2&#8243; header_level=&#8221;h3&#8243; header_text_color=&#8221;#d5aa6d&#8221; transform_translate_linked__hover=&#8221;off&#8221; text_orientation=&#8221;center&#8221; box_shadow_style=&#8221;preset2&#8243; box_shadow_style_image=&#8221;preset2&#8243; global_colors_info=&#8221;{}&#8221; transform_styles__hover_enabled=&#8221;on|hover&#8221; transform_scale__hover_enabled=&#8221;on|desktop&#8221; transform_translate__hover_enabled=&#8221;on|hover&#8221; transform_rotate__hover_enabled=&#8221;on|desktop&#8221; transform_skew__hover_enabled=&#8221;on|desktop&#8221; transform_origin__hover_enabled=&#8221;on|desktop&#8221; transform_translate__hover=&#8221;0px|-5px&#8221;]<\/p>\n<p style=\"text-align: justify;\"><span style=\"color: #ffffff;\">Molto spesso le banche vi portano in tribunale anche se \u00e8 possibile sostenere che l&#8217;istituto \u00e8 pignorato nella sua azione. Nel 90% dei nostri casi, riusciamo a far dichiarare ai tribunali il pignoramento. I nostri clienti non hanno pi\u00f9 nulla da pagare&#8230;<\/span><\/p>\n<p style=\"text-align: justify;\"><span style=\"color: #ffffff;\">La responsabilit\u00e0 degli istituti di credito pu\u00f2 essere messa in discussione, in particolare in caso di rifiuto o cessazione abusiva del credito, nonch\u00e9 in caso di richiesta abusiva di garanzie.<\/span><\/p>\n<p style=\"text-align: justify;\"><span style=\"color: #ffffff;\">Queste azioni possono avere gravi conseguenze per un individuo o un&#8217;azienda.<\/span><\/p>\n<p style=\"text-align: justify;\"><span style=\"color: #ffffff;\">Ma\u00eetre Gr\u00e9gory DAMY vi fornir\u00e0 un supporto di fronte a istituzioni finanziarie che non sempre agiscono nel rispetto della legge.<\/span><\/p>\n<p style=\"text-align: justify;\"><span style=\"color: #ffffff;\">Un esempio: avete contratto un mutuo per l&#8217;acquisto di un immobile. Il tasso effettivo totale \u00e8 sbagliato. Il nostro studio sar\u00e0 in grado di dirvelo molto rapidamente perch\u00e9 ha creato un software che permette di individuare le anomalie nel tasso effettivo globale. Molti prestiti sono quindi difettosi. Esistono dei rimedi per rimediare e far valere i propri diritti.<\/span><br \/><span style=\"color: #ffffff;\">Se il tribunale ritiene che il tasso effettivo globale del credito non sia corretto, sostituir\u00e0 l&#8217;interesse convenzionale con quello legale, che \u00e8 prossimo allo 0%.<\/span><br \/><span style=\"color: #ffffff;\">Il nostro studio ha fatto annullare i tassi di interesse di molti prestiti, facendo risparmiare ai nostri clienti diverse centinaia di migliaia di euro.<\/span><\/p>\n<p>[\/et_pb_blurb][\/et_pb_column][\/et_pb_row][\/et_pb_section]<\/p>\n","protected":false},"excerpt":{"rendered":"<p>CompetenzaAvvocato esperto in diritto bancario a NizzaAree di competenzaGr\u00e9gory DAMY ha conseguito un dottorato in legge e una tesi in diritto bancario. Grazie a questa base di conoscenze e a pi\u00f9 di quindici anni di esperienza, il diritto bancario \u00e8 uno dei suoi campi preferiti. Gr\u00e9gory DAMY vi consiglier\u00e0 e vi assister\u00e0 in materia di [&hellip;]<\/p>\n","protected":false},"author":2,"featured_media":0,"parent":0,"menu_order":0,"comment_status":"closed","ping_status":"closed","template":"","meta":{"_et_pb_use_builder":"on","_et_pb_old_content":"","_et_gb_content_width":"","footnotes":""},"class_list":["post-16789","page","type-page","status-publish","hentry"],"yoast_head":"<!-- This site is optimized with the Yoast SEO plugin v26.8 - https:\/\/yoast.com\/product\/yoast-seo-wordpress\/ -->\n<title>Banca - Soci\u00e9t\u00e9 d&#039;avocats Damy<\/title>\n<meta name=\"description\" content=\"Gr\u00e9gory DAMY ha conseguito un dottorato in legge e una tesi in diritto bancario e pi\u00f9 di quindici anni di esperienza\" \/>\n<meta name=\"robots\" content=\"index, follow, max-snippet:-1, max-image-preview:large, max-video-preview:-1\" \/>\n<link rel=\"canonical\" href=\"https:\/\/gregorydamy.niceavocats.fr\/it\/banca-2\/\" \/>\n<meta property=\"og:locale\" content=\"it_IT\" \/>\n<meta property=\"og:type\" content=\"article\" \/>\n<meta property=\"og:title\" content=\"Banca - Soci\u00e9t\u00e9 d&#039;avocats Damy\" \/>\n<meta property=\"og:description\" content=\"Gr\u00e9gory DAMY ha conseguito un dottorato in legge e una tesi in diritto bancario e pi\u00f9 di quindici anni di esperienza\" \/>\n<meta property=\"og:url\" content=\"https:\/\/gregorydamy.niceavocats.fr\/it\/banca-2\/\" \/>\n<meta property=\"og:site_name\" content=\"Soci\u00e9t\u00e9 d&#039;avocats Damy\" \/>\n<meta property=\"article:publisher\" content=\"https:\/\/www.facebook.com\/niceavocats.fr\/\" \/>\n<meta property=\"article:modified_time\" content=\"2023-09-01T09:35:18+00:00\" \/>\n<meta name=\"twitter:card\" content=\"summary_large_image\" \/>\n<meta name=\"twitter:label1\" content=\"Tempo di lettura stimato\" \/>\n\t<meta name=\"twitter:data1\" content=\"5 minuti\" \/>\n<script type=\"application\/ld+json\" class=\"yoast-schema-graph\">{\"@context\":\"https:\/\/schema.org\",\"@graph\":[{\"@type\":\"WebPage\",\"@id\":\"https:\/\/gregorydamy.niceavocats.fr\/it\/banca-2\/\",\"url\":\"https:\/\/gregorydamy.niceavocats.fr\/it\/banca-2\/\",\"name\":\"Banca - Soci\u00e9t\u00e9 d&#039;avocats Damy\",\"isPartOf\":{\"@id\":\"https:\/\/gregorydamy.niceavocats.fr\/it\/#website\"},\"datePublished\":\"2023-01-10T15:22:13+00:00\",\"dateModified\":\"2023-09-01T09:35:18+00:00\",\"description\":\"Gr\u00e9gory DAMY ha conseguito un dottorato in legge e una tesi in diritto bancario e pi\u00f9 di quindici anni di esperienza\",\"breadcrumb\":{\"@id\":\"https:\/\/gregorydamy.niceavocats.fr\/it\/banca-2\/#breadcrumb\"},\"inLanguage\":\"it-IT\",\"potentialAction\":[{\"@type\":\"ReadAction\",\"target\":[\"https:\/\/gregorydamy.niceavocats.fr\/it\/banca-2\/\"]}]},{\"@type\":\"BreadcrumbList\",\"@id\":\"https:\/\/gregorydamy.niceavocats.fr\/it\/banca-2\/#breadcrumb\",\"itemListElement\":[{\"@type\":\"ListItem\",\"position\":1,\"name\":\"Accueil\",\"item\":\"https:\/\/gregorydamy.niceavocats.fr\/it\/\"},{\"@type\":\"ListItem\",\"position\":2,\"name\":\"Banca\"}]},{\"@type\":\"WebSite\",\"@id\":\"https:\/\/gregorydamy.niceavocats.fr\/it\/#website\",\"url\":\"https:\/\/gregorydamy.niceavocats.fr\/it\/\",\"name\":\"Soci\u00e9t\u00e9 d&#039;avocats Damy\",\"description\":\"Justice - Confiance - Efficacit\u00e9\",\"publisher\":{\"@id\":\"https:\/\/gregorydamy.niceavocats.fr\/it\/#organization\"},\"potentialAction\":[{\"@type\":\"SearchAction\",\"target\":{\"@type\":\"EntryPoint\",\"urlTemplate\":\"https:\/\/gregorydamy.niceavocats.fr\/it\/?s={search_term_string}\"},\"query-input\":{\"@type\":\"PropertyValueSpecification\",\"valueRequired\":true,\"valueName\":\"search_term_string\"}}],\"inLanguage\":\"it-IT\"},{\"@type\":\"Organization\",\"@id\":\"https:\/\/gregorydamy.niceavocats.fr\/it\/#organization\",\"name\":\"Soci\u00e9t\u00e9 d'Avocats DAMY\",\"alternateName\":\"Gr\u00e9gory DAMY\",\"url\":\"https:\/\/gregorydamy.niceavocats.fr\/it\/\",\"logo\":{\"@type\":\"ImageObject\",\"inLanguage\":\"it-IT\",\"@id\":\"https:\/\/gregorydamy.niceavocats.fr\/it\/#\/schema\/logo\/image\/\",\"url\":\"https:\/\/gregorydamy.niceavocats.fr\/wp-content\/uploads\/2023\/04\/damylogo-1.png\",\"contentUrl\":\"https:\/\/gregorydamy.niceavocats.fr\/wp-content\/uploads\/2023\/04\/damylogo-1.png\",\"width\":1890,\"height\":1417,\"caption\":\"Soci\u00e9t\u00e9 d'Avocats DAMY\"},\"image\":{\"@id\":\"https:\/\/gregorydamy.niceavocats.fr\/it\/#\/schema\/logo\/image\/\"},\"sameAs\":[\"https:\/\/www.facebook.com\/niceavocats.fr\/\"]}]}<\/script>\n<!-- \/ Yoast SEO plugin. -->","yoast_head_json":{"title":"Banca - Soci\u00e9t\u00e9 d&#039;avocats Damy","description":"Gr\u00e9gory DAMY ha conseguito un dottorato in legge e una tesi in diritto bancario e pi\u00f9 di quindici anni di esperienza","robots":{"index":"index","follow":"follow","max-snippet":"max-snippet:-1","max-image-preview":"max-image-preview:large","max-video-preview":"max-video-preview:-1"},"canonical":"https:\/\/gregorydamy.niceavocats.fr\/it\/banca-2\/","og_locale":"it_IT","og_type":"article","og_title":"Banca - Soci\u00e9t\u00e9 d&#039;avocats Damy","og_description":"Gr\u00e9gory DAMY ha conseguito un dottorato in legge e una tesi in diritto bancario e pi\u00f9 di quindici anni di esperienza","og_url":"https:\/\/gregorydamy.niceavocats.fr\/it\/banca-2\/","og_site_name":"Soci\u00e9t\u00e9 d&#039;avocats Damy","article_publisher":"https:\/\/www.facebook.com\/niceavocats.fr\/","article_modified_time":"2023-09-01T09:35:18+00:00","twitter_card":"summary_large_image","twitter_misc":{"Tempo di lettura stimato":"5 minuti"},"schema":{"@context":"https:\/\/schema.org","@graph":[{"@type":"WebPage","@id":"https:\/\/gregorydamy.niceavocats.fr\/it\/banca-2\/","url":"https:\/\/gregorydamy.niceavocats.fr\/it\/banca-2\/","name":"Banca - Soci\u00e9t\u00e9 d&#039;avocats Damy","isPartOf":{"@id":"https:\/\/gregorydamy.niceavocats.fr\/it\/#website"},"datePublished":"2023-01-10T15:22:13+00:00","dateModified":"2023-09-01T09:35:18+00:00","description":"Gr\u00e9gory DAMY ha conseguito un dottorato in legge e una tesi in diritto bancario e pi\u00f9 di quindici anni di esperienza","breadcrumb":{"@id":"https:\/\/gregorydamy.niceavocats.fr\/it\/banca-2\/#breadcrumb"},"inLanguage":"it-IT","potentialAction":[{"@type":"ReadAction","target":["https:\/\/gregorydamy.niceavocats.fr\/it\/banca-2\/"]}]},{"@type":"BreadcrumbList","@id":"https:\/\/gregorydamy.niceavocats.fr\/it\/banca-2\/#breadcrumb","itemListElement":[{"@type":"ListItem","position":1,"name":"Accueil","item":"https:\/\/gregorydamy.niceavocats.fr\/it\/"},{"@type":"ListItem","position":2,"name":"Banca"}]},{"@type":"WebSite","@id":"https:\/\/gregorydamy.niceavocats.fr\/it\/#website","url":"https:\/\/gregorydamy.niceavocats.fr\/it\/","name":"Soci\u00e9t\u00e9 d&#039;avocats Damy","description":"Justice - Confiance - Efficacit\u00e9","publisher":{"@id":"https:\/\/gregorydamy.niceavocats.fr\/it\/#organization"},"potentialAction":[{"@type":"SearchAction","target":{"@type":"EntryPoint","urlTemplate":"https:\/\/gregorydamy.niceavocats.fr\/it\/?s={search_term_string}"},"query-input":{"@type":"PropertyValueSpecification","valueRequired":true,"valueName":"search_term_string"}}],"inLanguage":"it-IT"},{"@type":"Organization","@id":"https:\/\/gregorydamy.niceavocats.fr\/it\/#organization","name":"Soci\u00e9t\u00e9 d'Avocats DAMY","alternateName":"Gr\u00e9gory DAMY","url":"https:\/\/gregorydamy.niceavocats.fr\/it\/","logo":{"@type":"ImageObject","inLanguage":"it-IT","@id":"https:\/\/gregorydamy.niceavocats.fr\/it\/#\/schema\/logo\/image\/","url":"https:\/\/gregorydamy.niceavocats.fr\/wp-content\/uploads\/2023\/04\/damylogo-1.png","contentUrl":"https:\/\/gregorydamy.niceavocats.fr\/wp-content\/uploads\/2023\/04\/damylogo-1.png","width":1890,"height":1417,"caption":"Soci\u00e9t\u00e9 d'Avocats DAMY"},"image":{"@id":"https:\/\/gregorydamy.niceavocats.fr\/it\/#\/schema\/logo\/image\/"},"sameAs":["https:\/\/www.facebook.com\/niceavocats.fr\/"]}]}},"_links":{"self":[{"href":"https:\/\/gregorydamy.niceavocats.fr\/it\/wp-json\/wp\/v2\/pages\/16789","targetHints":{"allow":["GET"]}}],"collection":[{"href":"https:\/\/gregorydamy.niceavocats.fr\/it\/wp-json\/wp\/v2\/pages"}],"about":[{"href":"https:\/\/gregorydamy.niceavocats.fr\/it\/wp-json\/wp\/v2\/types\/page"}],"author":[{"embeddable":true,"href":"https:\/\/gregorydamy.niceavocats.fr\/it\/wp-json\/wp\/v2\/users\/2"}],"replies":[{"embeddable":true,"href":"https:\/\/gregorydamy.niceavocats.fr\/it\/wp-json\/wp\/v2\/comments?post=16789"}],"version-history":[{"count":0,"href":"https:\/\/gregorydamy.niceavocats.fr\/it\/wp-json\/wp\/v2\/pages\/16789\/revisions"}],"wp:attachment":[{"href":"https:\/\/gregorydamy.niceavocats.fr\/it\/wp-json\/wp\/v2\/media?parent=16789"}],"curies":[{"name":"wp","href":"https:\/\/api.w.org\/{rel}","templated":true}]}}