{"id":16767,"date":"2023-01-10T15:24:21","date_gmt":"2023-01-10T15:24:21","guid":{"rendered":"https:\/\/gregorydamy.niceavocats.fr\/?page_id=16767"},"modified":"2023-04-29T13:32:39","modified_gmt":"2023-04-29T13:32:39","slug":"vittime","status":"publish","type":"page","link":"https:\/\/gregorydamy.niceavocats.fr\/it\/vittime\/","title":{"rendered":"Vittime"},"content":{"rendered":"<p>[et_pb_section fb_built=&#8221;1&#8243; custom_padding_last_edited=&#8221;on|phone&#8221; _builder_version=&#8221;4.20.2&#8243; background_enable_image=&#8221;off&#8221; custom_padding=&#8221;97px||||false|false&#8221; custom_padding_tablet=&#8221;150px||||false|false&#8221; custom_padding_phone=&#8221;125px||||false|false&#8221; box_shadow_style=&#8221;preset3&#8243; global_colors_info=&#8221;{}&#8221;][et_pb_row _builder_version=&#8221;4.16&#8243; global_colors_info=&#8221;{}&#8221;][et_pb_column type=&#8221;4_4&#8243; _builder_version=&#8221;4.16&#8243; global_colors_info=&#8221;{}&#8221;][et_pb_text _builder_version=&#8221;4.20.2&#8243; header_3_text_color=&#8221;#d5aa6d&#8221; text_orientation=&#8221;center&#8221; custom_margin=&#8221;||0px||false|false&#8221; hover_enabled=&#8221;0&#8243; global_colors_info=&#8221;{}&#8221; sticky_enabled=&#8221;0&#8243;]<\/p>\n<h3>Una competenza<\/h3>\n<p>[\/et_pb_text][et_pb_text _builder_version=&#8221;4.20.2&#8243; text_orientation=&#8221;center&#8221; background_layout=&#8221;dark&#8221; hover_enabled=&#8221;0&#8243; global_colors_info=&#8221;{}&#8221; sticky_enabled=&#8221;0&#8243;]<\/p>\n<h1><span style=\"color: #000000;\">Avvocato esperto di diritto delle vittime<\/span><\/h1>\n<p>[\/et_pb_text][\/et_pb_column][\/et_pb_row][\/et_pb_section][et_pb_section fb_built=&#8221;1&#8243; _builder_version=&#8221;4.20.2&#8243; background_enable_color=&#8221;off&#8221; background_enable_image=&#8221;off&#8221; background_blend=&#8221;darken&#8221; locked=&#8221;off&#8221; global_colors_info=&#8221;{}&#8221;][et_pb_row custom_padding_last_edited=&#8221;on|desktop&#8221; _builder_version=&#8221;4.20.2&#8243; background_color=&#8221;#bfcdd9&#8243; custom_padding=&#8221;|225px||225px|false|true&#8221; custom_padding_tablet=&#8221;|0px||0px|false|true&#8221; custom_padding_phone=&#8221;&#8221; box_shadow_style=&#8221;preset2&#8243; global_colors_info=&#8221;{}&#8221;][et_pb_column type=&#8221;4_4&#8243; _builder_version=&#8221;4.16&#8243; global_colors_info=&#8221;{}&#8221;][et_pb_text _builder_version=&#8221;4.20.2&#8243; text_orientation=&#8221;center&#8221; hover_enabled=&#8221;0&#8243; global_colors_info=&#8221;{}&#8221; sticky_enabled=&#8221;0&#8243;]<\/p>\n<h2>Una difesa acuta<\/h2>\n<p>[\/et_pb_text][et_pb_divider _builder_version=&#8221;4.16&#8243; width=&#8221;50%&#8221; module_alignment=&#8221;center&#8221; custom_margin=&#8221;||0px||false|false&#8221; global_colors_info=&#8221;{}&#8221;][\/et_pb_divider][et_pb_text _builder_version=&#8221;4.20.2&#8243; text_orientation=&#8221;center&#8221; hover_enabled=&#8221;0&#8243; global_colors_info=&#8221;{}&#8221; sticky_enabled=&#8221;0&#8243;]<\/p>\n<p style=\"text-align: center;\">Oltre quindici anni di pratica e un particolare interesse per questo settore conferiscono a Gr\u00e9gory DAMY una competenza molto apprezzata dai suoi clienti.<\/p>\n<p>[\/et_pb_text][\/et_pb_column][\/et_pb_row][et_pb_row _builder_version=&#8221;4.20.2&#8243; background_color=&#8221;#262626&#8243; box_shadow_style=&#8221;preset2&#8243; global_colors_info=&#8221;{}&#8221;][et_pb_column type=&#8221;4_4&#8243; _builder_version=&#8221;4.16&#8243; global_colors_info=&#8221;{}&#8221;][et_pb_blurb title=&#8221;In sintesi&#8221; image=&#8221;https:\/\/gregorydamy.niceavocats.fr\/wp-content\/uploads\/2023\/04\/gt-partners-case-study-3.jpg&#8221; content_tablet=&#8221;<\/p>\n<p style=%22text-align: justify;%22><span style=%22color: #ffffff;%22>Les victimes recontr\u00e9es peuvent avoir subi un pr\u00e9judice corporel mais cette th\u00e9matique est bien plus large. Nous nous occupons des victimes d&#8217;arnaques sur Internet, des victimes des banques ou des crypto-monnaies&#8230;<\/span><\/p>\n<p style=%22text-align: justify;%22><span style=%22color: #ffffff;%22>Toute personne bless\u00e9e a droit \u00e0 une indemnisation qui va au-del\u00e0 de ce que les assureurs s\u2019empressent de proposer sur simple lecture de bar\u00e8mes. Le droit de la r\u00e9paration du dommage est un droit militant, opposant les victimes aux assureurs. Nous sommes aux c\u00f4t\u00e9s des victimes pour leur obtenir la meilleure indemnisation possible.<\/span><\/p>\n<p style=%22text-align: justify;%22><span style=%22color: #ffffff;%22>Chaque victime a droit \u00e0 la personnalisation de son indemnit\u00e9 quant \u00e0 sa situation professionnelle et personnelle. La v\u00e9ritable indemnisation passe par la constitution d&#8217;un dossier argument\u00e9 et technique, permettant d&#8217;individualiser votre pr\u00e9judice et de sortir du cadre des bar\u00e8mes des assureurs. Chaque situation est unique et l&#8217;indemnisation doit \u00eatre \u00e0 la hauteur du pr\u00e9judice r\u00e9ellement subi, afin que l&#8217;avenir puisse \u00eatre envisag\u00e9 sereinement.<\/span><\/p>\n<p style=%22text-align: justify;%22><span style=%22color: #ffffff;%22>Il n&#8217;est donc pas envisageable de s&#8217;en tenir au questionnaire adress\u00e9 par l&#8217;assureur qui ne permettra jamais d&#8217;aboutir \u00e0 une indemnisation optimale, \u00e0 la hauteur de ce que vous \u00eates en droit de percevoir.<\/span><\/p>\n<p style=%22text-align: justify;%22><span style=%22color: #ffffff;%22>Ma\u00eetre Gr\u00e9gory DAMY s\u2019engage \u00e0 vous apporter son analyse personnalis\u00e9e afin de d\u00e9terminer une indemnisation maximum adapt\u00e9e \u00e0 votre situation.<\/span><\/p>\n<p style=%22text-align: justify;%22><span style=%22color: #ffffff;%22>Vous m\u00e9ritez une approche individuelle afin de d\u00e9terminer le changement pr\u00e9cis de situation qu\u2019a engendr\u00e9 votre statut de victime tant au plan personnel (probl\u00e8mes m\u00e9dicaux, situation financi\u00e8re d\u00e9grad\u00e9e, rupture avec votre conjoint \u2026.) que professionnel (perte d\u2019un emploi ou perte d\u2019une chance de promotion\u2026).<\/span><\/p>\n<p style=%22text-align: justify;%22><span style=%22color: #ffffff;%22>D\u00e8s lors que l\u2019accident a eu lieu (il peut s\u2019agir d\u2019un accident de la circulation, vous \u00eates victime d\u2019une agression ou d\u2019un attentat. Vous avez subi une erreur m\u00e9dicale ou vous avez perdu toutes vos \u00e9conomies) vous devez contacter votre avocat qui vous aidera \u00e0 r\u00e9unir les documents et preuves (certificats m\u00e9dicaux, dossier m\u00e9dical, rapports de police\u2026) qui seront n\u00e9cessaires pour obtenir la meilleure indemnisation possible.<\/span><\/p>\n<p style=%22text-align: justify;%22><span style=%22color: #ffffff;%22>En cas d\u2019accident de la circulation, la l\u00e9gislation fran\u00e7aise est tr\u00e8s pr\u00e9cise sur les responsabilit\u00e9s et le droit \u00e0 indemnisation de chaque victime. Notre cabinet d&#8217;avocats vous accompagne tout au long de la proc\u00e9dure jusqu\u2019\u00e0 votre indemnisation compl\u00e8te.<\/span><\/p>\n<p style=%22text-align: justify;%22><span style=%22color: #ffffff;%22>La juste indemnisation, c&#8217;est celle qui compense int\u00e9gralement votre dommage, sans laisser de c\u00f4t\u00e9 le moindre \u00e9l\u00e9ment qui le compose.<\/span><\/p>\n<p style=%22text-align: justify;%22><span style=%22color: #ffffff;%22>Votre entourage, dont la vie est \u00e9galement affect\u00e9e, doit \u00eatre aussi indemnis\u00e9.<\/span><br \/><span style=%22color: #ffffff;%22>Sur le plan financier, votre accident vous place dans la difficult\u00e9, les indemnit\u00e9s journali\u00e8res, pay\u00e9es avec un d\u00e9calage, ne couvrent plus vos d\u00e9penses. Cela m\u00e9rite une analyse approfondie, selon une m\u00e9thode tr\u00e8s technique, parfaitement ma\u00eetris\u00e9e par votre avocat expert dans l&#8217;indemnisation du pr\u00e9judice corporel.<\/span><\/p>\n<p style=%22text-align: justify;%22><span style=%22color: #ffffff;%22>Votre assureur a pour r\u00f4le de vous faire accepter une indemnisation faible le plus rapidement possible, l&#8217;\u00e9tude d&#8217;avocats de<\/span><\/p>\n<p style=%22text-align: justify;%22><span style=%22color: #ffffff;%22>Ma\u00eetre Gr\u00e9gory DAMY d\u00e9fendra avec ferveur l\u2019ensemble de vos int\u00e9r\u00eats amiablement dans un premier temps puis au contentieux si n\u00e9cessaire.  <\/span><\/p>\n<p>&#8221; content_phone=&#8221;<\/p>\n<p style=%22text-align: center;%22><span style=%22color: #ffffff;%22>Les victimes recontr\u00e9es peuvent avoir subi un pr\u00e9judice corporel mais cette th\u00e9matique est bien plus large. Nous nous occupons des victimes d&#8217;arnaques sur Internet, des victimes des banques ou des crypto-monnaies&#8230;<\/span><\/p>\n<p style=%22text-align: center;%22><span style=%22color: #ffffff;%22>Toute personne bless\u00e9e a droit \u00e0 une indemnisation qui va au-del\u00e0 de ce que les assureurs s\u2019empressent de proposer sur simple lecture de bar\u00e8mes. Le droit de la r\u00e9paration du dommage est un droit militant, opposant les victimes aux assureurs. Nous sommes aux c\u00f4t\u00e9s des victimes pour leur obtenir la meilleure indemnisation possible.<\/span><\/p>\n<p style=%22text-align: center;%22><span style=%22color: #ffffff;%22>Chaque victime a droit \u00e0 la personnalisation de son indemnit\u00e9 quant \u00e0 sa situation professionnelle et personnelle. La v\u00e9ritable indemnisation passe par la constitution d&#8217;un dossier argument\u00e9 et technique, permettant d&#8217;individualiser votre pr\u00e9judice et de sortir du cadre des bar\u00e8mes des assureurs. Chaque situation est unique et l&#8217;indemnisation doit \u00eatre \u00e0 la hauteur du pr\u00e9judice r\u00e9ellement subi, afin que l&#8217;avenir puisse \u00eatre envisag\u00e9 sereinement.<\/span><\/p>\n<p style=%22text-align: center;%22><span style=%22color: #ffffff;%22>Il n&#8217;est donc pas envisageable de s&#8217;en tenir au questionnaire adress\u00e9 par l&#8217;assureur qui ne permettra jamais d&#8217;aboutir \u00e0 une indemnisation optimale, \u00e0 la hauteur de ce que vous \u00eates en droit de percevoir.<\/span><\/p>\n<p style=%22text-align: center;%22><span style=%22color: #ffffff;%22>Ma\u00eetre Gr\u00e9gory DAMY s\u2019engage \u00e0 vous apporter son analyse personnalis\u00e9e afin de d\u00e9terminer une indemnisation maximum adapt\u00e9e \u00e0 votre situation.<\/span><\/p>\n<p style=%22text-align: center;%22><span style=%22color: #ffffff;%22>Vous m\u00e9ritez une approche individuelle afin de d\u00e9terminer le changement pr\u00e9cis de situation qu\u2019a engendr\u00e9 votre statut de victime tant au plan personnel (probl\u00e8mes m\u00e9dicaux, situation financi\u00e8re d\u00e9grad\u00e9e, rupture avec votre conjoint \u2026.) que professionnel (perte d\u2019un emploi ou perte d\u2019une chance de promotion\u2026).<\/span><\/p>\n<p style=%22text-align: center;%22><span style=%22color: #ffffff;%22>D\u00e8s lors que l\u2019accident a eu lieu (il peut s\u2019agir d\u2019un accident de la circulation, vous \u00eates victime d\u2019une agression ou d\u2019un attentat. Vous avez subi une erreur m\u00e9dicale ou vous avez perdu toutes vos \u00e9conomies) vous devez contacter votre avocat qui vous aidera \u00e0 r\u00e9unir les documents et preuves (certificats m\u00e9dicaux, dossier m\u00e9dical, rapports de police\u2026) qui seront n\u00e9cessaires pour obtenir la meilleure indemnisation possible.<\/span><\/p>\n<p style=%22text-align: center;%22><span style=%22color: #ffffff;%22>En cas d\u2019accident de la circulation, la l\u00e9gislation fran\u00e7aise est tr\u00e8s pr\u00e9cise sur les responsabilit\u00e9s et le droit \u00e0 indemnisation de chaque victime. Notre cabinet d&#8217;avocats vous accompagne tout au long de la proc\u00e9dure jusqu\u2019\u00e0 votre indemnisation compl\u00e8te.<\/span><\/p>\n<p style=%22text-align: center;%22><span style=%22color: #ffffff;%22>La juste indemnisation, c&#8217;est celle qui compense int\u00e9gralement votre dommage, sans laisser de c\u00f4t\u00e9 le moindre \u00e9l\u00e9ment qui le compose.<\/span><\/p>\n<p style=%22text-align: center;%22><span style=%22color: #ffffff;%22>Votre entourage, dont la vie est \u00e9galement affect\u00e9e, doit \u00eatre aussi indemnis\u00e9.<\/span><br \/><span style=%22color: #ffffff;%22>Sur le plan financier, votre accident vous place dans la difficult\u00e9, les indemnit\u00e9s journali\u00e8res, pay\u00e9es avec un d\u00e9calage, ne couvrent plus vos d\u00e9penses. Cela m\u00e9rite une analyse approfondie, selon une m\u00e9thode tr\u00e8s technique, parfaitement ma\u00eetris\u00e9e par votre avocat expert dans l&#8217;indemnisation du pr\u00e9judice corporel.<\/span><\/p>\n<p style=%22text-align: center;%22><span style=%22color: #ffffff;%22>Votre assureur a pour r\u00f4le de vous faire accepter une indemnisation faible le plus rapidement possible, l&#8217;\u00e9tude d&#8217;avocats de<\/span><\/p>\n<p style=%22text-align: center;%22><span style=%22color: #ffffff;%22>Ma\u00eetre Gr\u00e9gory DAMY d\u00e9fendra avec ferveur l\u2019ensemble de vos int\u00e9r\u00eats amiablement dans un premier temps puis au contentieux si n\u00e9cessaire.  <\/span><\/p>\n<p>&#8221; content_last_edited=&#8221;on|phone&#8221; module_class=&#8221;gt_service_style2&#8243; _builder_version=&#8221;4.20.2&#8243; header_level=&#8221;h3&#8243; header_text_color=&#8221;#d5aa6d&#8221; transform_translate_linked__hover=&#8221;off&#8221; text_orientation=&#8221;center&#8221; hover_enabled=&#8221;0&#8243; box_shadow_style_image=&#8221;preset2&#8243; global_colors_info=&#8221;{}&#8221; transform_styles__hover_enabled=&#8221;on|hover&#8221; transform_scale__hover_enabled=&#8221;on|desktop&#8221; transform_translate__hover_enabled=&#8221;on|hover&#8221; transform_rotate__hover_enabled=&#8221;on|desktop&#8221; transform_skew__hover_enabled=&#8221;on|desktop&#8221; transform_origin__hover_enabled=&#8221;on|desktop&#8221; transform_translate__hover=&#8221;0px|-5px&#8221; sticky_enabled=&#8221;0&#8243;]<\/p>\n<p style=\"text-align: justify;\">Le vittime possono aver subito un danno alla persona, ma l&#8217;argomento \u00e8 molto pi\u00f9 ampio. Ci occupiamo di vittime di truffe via Internet, di vittime del settore bancario o delle criptovalute&#8230;<\/p>\n<p style=\"text-align: justify;\">Chiunque subisca un danno ha diritto a un risarcimento che va al di l\u00e0 di quello che gli assicuratori sono pronti a offrire semplicemente leggendo le tabelle. La legge sul risarcimento \u00e8 una legge attivista, che contrappone le vittime agli assicuratori. Noi siamo al fianco delle vittime per ottenere il miglior risarcimento possibile.<\/p>\n<p style=\"text-align: justify;\">Ogni vittima ha il diritto di ottenere un risarcimento adeguato alla propria situazione professionale e personale. Un vero risarcimento si ottiene mettendo insieme un fascicolo tecnico e ben fondato, che permette di individualizzare il proprio danno e di uscire dal quadro delle tabelle degli assicuratori. Ogni situazione \u00e8 unica e il risarcimento deve essere commisurato all&#8217;effettivo danno subito, in modo da poter prevedere serenamente il futuro.<\/p>\n<p style=\"text-align: justify;\">\u00c8 quindi impensabile attenersi al questionario inviato dall&#8217;assicuratore, che non porter\u00e0 mai a un risarcimento ottimale, all&#8217;altezza di quanto si ha diritto di ricevere.<\/p>\n<p style=\"text-align: justify;\">L&#8217;avvocato Gr\u00e9gory DAMY si impegna a fornirvi un&#8217;analisi personalizzata per determinare il risarcimento massimo adatto alla vostra situazione.<\/p>\n<p style=\"text-align: justify;\">Meritate un approccio individuale per determinare l&#8217;esatto cambiamento della vostra situazione causato dalla vostra condizione di vittima, sia a livello personale (problemi medici, deterioramento della situazione finanziaria, rottura con il coniuge &#8230;.) sia a livello professionale (perdita del posto di lavoro o di una possibilit\u00e0 di promozione, ecc.)<\/p>\n<p style=\"text-align: justify;\">Non appena si \u00e8 verificato l&#8217;incidente (pu\u00f2 trattarsi di un incidente stradale, di un&#8217;aggressione o di un attentato. Avete subito un errore medico o avete perso tutti i vostri risparmi) dovete contattare il vostro avvocato che vi aiuter\u00e0 a raccogliere i documenti e le prove (certificati medici, cartelle cliniche, rapporti di polizia, ecc.) necessari per ottenere il miglior risarcimento possibile.<\/p>\n<p style=\"text-align: justify;\">In caso di incidente stradale, la legge francese \u00e8 molto precisa sulle responsabilit\u00e0 e sul diritto al risarcimento di ogni vittima. Il nostro studio legale vi accompagner\u00e0 durante tutta la procedura fino al completo risarcimento.<\/p>\n<p style=\"text-align: justify;\">Il giusto risarcimento \u00e8 quello che compensa interamente il vostro danno, senza tralasciare nessuna delle sue componenti.<\/p>\n<p style=\"text-align: justify;\">Anche i vostri familiari e amici, la cui vita \u00e8 stata colpita, devono essere risarciti.<br \/>Dal punto di vista finanziario, l&#8217;incidente vi ha messo in difficolt\u00e0, poich\u00e9 le indennit\u00e0 giornaliere, pagate con un certo ritardo, non coprono pi\u00f9 le vostre spese. [&#8230;]<\/p>\n<p style=\"text-align: justify;\">[&#8230;]<\/p>\n<p>[\/et_pb_blurb][\/et_pb_column][\/et_pb_row][\/et_pb_section]<\/p>\n","protected":false},"excerpt":{"rendered":"<p>Una competenzaAvvocato esperto di diritto delle vittimeUna difesa acutaOltre quindici anni di pratica e un particolare interesse per questo settore conferiscono a Gr\u00e9gory DAMY una competenza molto apprezzata dai suoi clienti.Le vittime possono aver subito un danno alla persona, ma l&#8217;argomento \u00e8 molto pi\u00f9 ampio. Ci occupiamo di vittime di truffe via Internet, di vittime [&hellip;]<\/p>\n","protected":false},"author":2,"featured_media":0,"parent":0,"menu_order":0,"comment_status":"closed","ping_status":"closed","template":"","meta":{"_et_pb_use_builder":"on","_et_pb_old_content":"","_et_gb_content_width":"","footnotes":""},"class_list":["post-16767","page","type-page","status-publish","hentry"],"yoast_head":"<!-- This site is optimized with the Yoast SEO plugin v26.8 - https:\/\/yoast.com\/product\/yoast-seo-wordpress\/ -->\n<title>Vittime - Soci\u00e9t\u00e9 d&#039;avocats Damy<\/title>\n<meta name=\"robots\" content=\"index, follow, max-snippet:-1, max-image-preview:large, max-video-preview:-1\" \/>\n<link rel=\"canonical\" href=\"https:\/\/gregorydamy.niceavocats.fr\/it\/vittime\/\" \/>\n<meta property=\"og:locale\" content=\"it_IT\" \/>\n<meta property=\"og:type\" content=\"article\" \/>\n<meta property=\"og:title\" content=\"Vittime - Soci\u00e9t\u00e9 d&#039;avocats Damy\" \/>\n<meta property=\"og:description\" content=\"Una competenzaAvvocato esperto di diritto delle vittimeUna difesa acutaOltre quindici anni di pratica e un particolare interesse per questo settore conferiscono a Gr\u00e9gory DAMY una competenza molto apprezzata dai suoi clienti.Le vittime possono aver subito un danno alla persona, ma l&#039;argomento \u00e8 molto pi\u00f9 ampio. Ci occupiamo di vittime di truffe via Internet, di vittime [&hellip;]\" \/>\n<meta property=\"og:url\" content=\"https:\/\/gregorydamy.niceavocats.fr\/it\/vittime\/\" \/>\n<meta property=\"og:site_name\" content=\"Soci\u00e9t\u00e9 d&#039;avocats Damy\" \/>\n<meta property=\"article:publisher\" content=\"https:\/\/www.facebook.com\/niceavocats.fr\/\" \/>\n<meta property=\"article:modified_time\" content=\"2023-04-29T13:32:39+00:00\" \/>\n<meta name=\"twitter:card\" content=\"summary_large_image\" \/>\n<meta name=\"twitter:label1\" content=\"Tempo di lettura stimato\" \/>\n\t<meta name=\"twitter:data1\" content=\"9 minuti\" \/>\n<script type=\"application\/ld+json\" class=\"yoast-schema-graph\">{\"@context\":\"https:\/\/schema.org\",\"@graph\":[{\"@type\":\"WebPage\",\"@id\":\"https:\/\/gregorydamy.niceavocats.fr\/it\/vittime\/\",\"url\":\"https:\/\/gregorydamy.niceavocats.fr\/it\/vittime\/\",\"name\":\"Vittime - Soci\u00e9t\u00e9 d&#039;avocats Damy\",\"isPartOf\":{\"@id\":\"https:\/\/gregorydamy.niceavocats.fr\/it\/#website\"},\"datePublished\":\"2023-01-10T15:24:21+00:00\",\"dateModified\":\"2023-04-29T13:32:39+00:00\",\"breadcrumb\":{\"@id\":\"https:\/\/gregorydamy.niceavocats.fr\/it\/vittime\/#breadcrumb\"},\"inLanguage\":\"it-IT\",\"potentialAction\":[{\"@type\":\"ReadAction\",\"target\":[\"https:\/\/gregorydamy.niceavocats.fr\/it\/vittime\/\"]}]},{\"@type\":\"BreadcrumbList\",\"@id\":\"https:\/\/gregorydamy.niceavocats.fr\/it\/vittime\/#breadcrumb\",\"itemListElement\":[{\"@type\":\"ListItem\",\"position\":1,\"name\":\"Accueil\",\"item\":\"https:\/\/gregorydamy.niceavocats.fr\/it\/\"},{\"@type\":\"ListItem\",\"position\":2,\"name\":\"Vittime\"}]},{\"@type\":\"WebSite\",\"@id\":\"https:\/\/gregorydamy.niceavocats.fr\/it\/#website\",\"url\":\"https:\/\/gregorydamy.niceavocats.fr\/it\/\",\"name\":\"Soci\u00e9t\u00e9 d&#039;avocats Damy\",\"description\":\"Justice - Confiance - Efficacit\u00e9\",\"publisher\":{\"@id\":\"https:\/\/gregorydamy.niceavocats.fr\/it\/#organization\"},\"potentialAction\":[{\"@type\":\"SearchAction\",\"target\":{\"@type\":\"EntryPoint\",\"urlTemplate\":\"https:\/\/gregorydamy.niceavocats.fr\/it\/?s={search_term_string}\"},\"query-input\":{\"@type\":\"PropertyValueSpecification\",\"valueRequired\":true,\"valueName\":\"search_term_string\"}}],\"inLanguage\":\"it-IT\"},{\"@type\":\"Organization\",\"@id\":\"https:\/\/gregorydamy.niceavocats.fr\/it\/#organization\",\"name\":\"Soci\u00e9t\u00e9 d'Avocats DAMY\",\"alternateName\":\"Gr\u00e9gory DAMY\",\"url\":\"https:\/\/gregorydamy.niceavocats.fr\/it\/\",\"logo\":{\"@type\":\"ImageObject\",\"inLanguage\":\"it-IT\",\"@id\":\"https:\/\/gregorydamy.niceavocats.fr\/it\/#\/schema\/logo\/image\/\",\"url\":\"https:\/\/gregorydamy.niceavocats.fr\/wp-content\/uploads\/2023\/04\/damylogo-1.png\",\"contentUrl\":\"https:\/\/gregorydamy.niceavocats.fr\/wp-content\/uploads\/2023\/04\/damylogo-1.png\",\"width\":1890,\"height\":1417,\"caption\":\"Soci\u00e9t\u00e9 d'Avocats DAMY\"},\"image\":{\"@id\":\"https:\/\/gregorydamy.niceavocats.fr\/it\/#\/schema\/logo\/image\/\"},\"sameAs\":[\"https:\/\/www.facebook.com\/niceavocats.fr\/\"]}]}<\/script>\n<!-- \/ Yoast SEO plugin. -->","yoast_head_json":{"title":"Vittime - Soci\u00e9t\u00e9 d&#039;avocats Damy","robots":{"index":"index","follow":"follow","max-snippet":"max-snippet:-1","max-image-preview":"max-image-preview:large","max-video-preview":"max-video-preview:-1"},"canonical":"https:\/\/gregorydamy.niceavocats.fr\/it\/vittime\/","og_locale":"it_IT","og_type":"article","og_title":"Vittime - Soci\u00e9t\u00e9 d&#039;avocats Damy","og_description":"Una competenzaAvvocato esperto di diritto delle vittimeUna difesa acutaOltre quindici anni di pratica e un particolare interesse per questo settore conferiscono a Gr\u00e9gory DAMY una competenza molto apprezzata dai suoi clienti.Le vittime possono aver subito un danno alla persona, ma l'argomento \u00e8 molto pi\u00f9 ampio. Ci occupiamo di vittime di truffe via Internet, di vittime [&hellip;]","og_url":"https:\/\/gregorydamy.niceavocats.fr\/it\/vittime\/","og_site_name":"Soci\u00e9t\u00e9 d&#039;avocats Damy","article_publisher":"https:\/\/www.facebook.com\/niceavocats.fr\/","article_modified_time":"2023-04-29T13:32:39+00:00","twitter_card":"summary_large_image","twitter_misc":{"Tempo di lettura stimato":"9 minuti"},"schema":{"@context":"https:\/\/schema.org","@graph":[{"@type":"WebPage","@id":"https:\/\/gregorydamy.niceavocats.fr\/it\/vittime\/","url":"https:\/\/gregorydamy.niceavocats.fr\/it\/vittime\/","name":"Vittime - Soci\u00e9t\u00e9 d&#039;avocats Damy","isPartOf":{"@id":"https:\/\/gregorydamy.niceavocats.fr\/it\/#website"},"datePublished":"2023-01-10T15:24:21+00:00","dateModified":"2023-04-29T13:32:39+00:00","breadcrumb":{"@id":"https:\/\/gregorydamy.niceavocats.fr\/it\/vittime\/#breadcrumb"},"inLanguage":"it-IT","potentialAction":[{"@type":"ReadAction","target":["https:\/\/gregorydamy.niceavocats.fr\/it\/vittime\/"]}]},{"@type":"BreadcrumbList","@id":"https:\/\/gregorydamy.niceavocats.fr\/it\/vittime\/#breadcrumb","itemListElement":[{"@type":"ListItem","position":1,"name":"Accueil","item":"https:\/\/gregorydamy.niceavocats.fr\/it\/"},{"@type":"ListItem","position":2,"name":"Vittime"}]},{"@type":"WebSite","@id":"https:\/\/gregorydamy.niceavocats.fr\/it\/#website","url":"https:\/\/gregorydamy.niceavocats.fr\/it\/","name":"Soci\u00e9t\u00e9 d&#039;avocats Damy","description":"Justice - Confiance - Efficacit\u00e9","publisher":{"@id":"https:\/\/gregorydamy.niceavocats.fr\/it\/#organization"},"potentialAction":[{"@type":"SearchAction","target":{"@type":"EntryPoint","urlTemplate":"https:\/\/gregorydamy.niceavocats.fr\/it\/?s={search_term_string}"},"query-input":{"@type":"PropertyValueSpecification","valueRequired":true,"valueName":"search_term_string"}}],"inLanguage":"it-IT"},{"@type":"Organization","@id":"https:\/\/gregorydamy.niceavocats.fr\/it\/#organization","name":"Soci\u00e9t\u00e9 d'Avocats DAMY","alternateName":"Gr\u00e9gory DAMY","url":"https:\/\/gregorydamy.niceavocats.fr\/it\/","logo":{"@type":"ImageObject","inLanguage":"it-IT","@id":"https:\/\/gregorydamy.niceavocats.fr\/it\/#\/schema\/logo\/image\/","url":"https:\/\/gregorydamy.niceavocats.fr\/wp-content\/uploads\/2023\/04\/damylogo-1.png","contentUrl":"https:\/\/gregorydamy.niceavocats.fr\/wp-content\/uploads\/2023\/04\/damylogo-1.png","width":1890,"height":1417,"caption":"Soci\u00e9t\u00e9 d'Avocats DAMY"},"image":{"@id":"https:\/\/gregorydamy.niceavocats.fr\/it\/#\/schema\/logo\/image\/"},"sameAs":["https:\/\/www.facebook.com\/niceavocats.fr\/"]}]}},"_links":{"self":[{"href":"https:\/\/gregorydamy.niceavocats.fr\/it\/wp-json\/wp\/v2\/pages\/16767","targetHints":{"allow":["GET"]}}],"collection":[{"href":"https:\/\/gregorydamy.niceavocats.fr\/it\/wp-json\/wp\/v2\/pages"}],"about":[{"href":"https:\/\/gregorydamy.niceavocats.fr\/it\/wp-json\/wp\/v2\/types\/page"}],"author":[{"embeddable":true,"href":"https:\/\/gregorydamy.niceavocats.fr\/it\/wp-json\/wp\/v2\/users\/2"}],"replies":[{"embeddable":true,"href":"https:\/\/gregorydamy.niceavocats.fr\/it\/wp-json\/wp\/v2\/comments?post=16767"}],"version-history":[{"count":0,"href":"https:\/\/gregorydamy.niceavocats.fr\/it\/wp-json\/wp\/v2\/pages\/16767\/revisions"}],"wp:attachment":[{"href":"https:\/\/gregorydamy.niceavocats.fr\/it\/wp-json\/wp\/v2\/media?parent=16767"}],"curies":[{"name":"wp","href":"https:\/\/api.w.org\/{rel}","templated":true}]}}