{"id":16759,"date":"2023-01-10T07:35:33","date_gmt":"2023-01-10T07:35:33","guid":{"rendered":"https:\/\/gregorydamy.niceavocats.fr\/?page_id=16759"},"modified":"2023-08-30T09:52:06","modified_gmt":"2023-08-30T09:52:06","slug":"affari","status":"publish","type":"page","link":"https:\/\/gregorydamy.niceavocats.fr\/it\/affari\/","title":{"rendered":"Affari"},"content":{"rendered":"<p>[et_pb_section fb_built=&#8221;1&#8243; custom_padding_last_edited=&#8221;on|phone&#8221; _builder_version=&#8221;4.20.2&#8243; background_color=&#8221;#FFFFFF&#8221; background_enable_image=&#8221;off&#8221; parallax=&#8221;on&#8221; custom_padding=&#8221;69px||||false|false&#8221; custom_padding_tablet=&#8221;150px||||false|false&#8221; custom_padding_phone=&#8221;125px||||false|false&#8221; animation_style=&#8221;slide&#8221; animation_direction=&#8221;top&#8221; box_shadow_style=&#8221;preset3&#8243; global_colors_info=&#8221;{}&#8221;][et_pb_row _builder_version=&#8221;4.16&#8243; global_colors_info=&#8221;{}&#8221;][et_pb_column type=&#8221;4_4&#8243; _builder_version=&#8221;4.16&#8243; global_colors_info=&#8221;{}&#8221;][et_pb_text _builder_version=&#8221;4.20.2&#8243; header_3_text_color=&#8221;#d5aa6d&#8221; text_orientation=&#8221;center&#8221; custom_margin=&#8221;||0px||false|false&#8221; global_colors_info=&#8221;{}&#8221;]<\/p>\n<h3>Diritto commerciale<\/h3>\n<p>[\/et_pb_text][et_pb_text _builder_version=&#8221;4.20.2&#8243; text_orientation=&#8221;center&#8221; background_layout=&#8221;dark&#8221; global_colors_info=&#8221;{}&#8221;]<\/p>\n<h1><span style=\"color: #333333;\">Avvocato specializzato in diritto commerciale a Nizza<\/span><\/h1>\n<p>[\/et_pb_text][\/et_pb_column][\/et_pb_row][\/et_pb_section][et_pb_section fb_built=&#8221;1&#8243; _builder_version=&#8221;4.20.2&#8243; background_color=&#8221;#FFFFFF&#8221; background_enable_image=&#8221;off&#8221; background_blend=&#8221;darken&#8221; locked=&#8221;off&#8221; global_colors_info=&#8221;{}&#8221;][et_pb_row custom_padding_last_edited=&#8221;on|desktop&#8221; _builder_version=&#8221;4.20.2&#8243; background_color=&#8221;#bfcdd9&#8243; custom_padding=&#8221;|225px||225px|false|true&#8221; custom_padding_tablet=&#8221;|0px||0px|false|true&#8221; custom_padding_phone=&#8221;&#8221; box_shadow_style=&#8221;preset2&#8243; global_colors_info=&#8221;{}&#8221;][et_pb_column type=&#8221;4_4&#8243; _builder_version=&#8221;4.16&#8243; global_colors_info=&#8221;{}&#8221;][et_pb_text _builder_version=&#8221;4.20.2&#8243; text_orientation=&#8221;center&#8221; global_colors_info=&#8221;{}&#8221;]<\/p>\n<h2><span style=\"color: #ffffff;\">Pratiche e specialit\u00e0<\/span><\/h2>\n<p>[\/et_pb_text][et_pb_divider _builder_version=&#8221;4.16&#8243; width=&#8221;50%&#8221; module_alignment=&#8221;center&#8221; custom_margin=&#8221;||0px||false|false&#8221; global_colors_info=&#8221;{}&#8221;][\/et_pb_divider][et_pb_text _builder_version=&#8221;4.20.2&#8243; text_orientation=&#8221;center&#8221; global_colors_info=&#8221;{}&#8221;]<\/p>\n<p><span style=\"color: #ffffff;\">Gr\u00e9gory DAMY ha conseguito certificati di specializzazione in diritto commerciale, aziendale e della concorrenza.<\/span><br \/><span style=\"color: #ffffff;\">Ha anche un certificato di specializzazione in diritto societario.<\/span><\/p>\n<p>[\/et_pb_text][\/et_pb_column][\/et_pb_row][et_pb_row _builder_version=&#8221;4.20.2&#8243; background_color=&#8221;#262626&#8243; box_shadow_style=&#8221;preset2&#8243; global_colors_info=&#8221;{}&#8221;][et_pb_column type=&#8221;4_4&#8243; _builder_version=&#8221;4.16&#8243; global_colors_info=&#8221;{}&#8221;][et_pb_blurb title=&#8221;En R\u00e9sum\u00e9&#8221; image=&#8221;https:\/\/gregorydamy.niceavocats.fr\/wp-content\/uploads\/2023\/04\/gt-partners-case-study-2.jpg&#8221; content_tablet=&#8221;<\/p>\n<p style=%22text-align: justify;%22><span style=%22color: #ffffff;%22>Il accompagne ses clients pour l\u2019ensemble des probl\u00e9matiques que ceux-ci rencontrent en mati\u00e8re de droit des affaires.<\/span><\/p>\n<p style=%22text-align: justify;%22><span style=%22color: #ffffff;%22>Ma\u00eetre DAMY propose une analyse pr\u00e9cise des besoins de l\u2019entreprise.<\/span><\/p>\n<ul style=%22text-align: justify;%22>\n<li><span style=%22color: #ffffff;%22>Il apporte des conseils avis\u00e9s sur la forme sociale de l\u2019entreprise qui aura un impact sur sa fiscalit\u00e9 future,<\/span><\/li>\n<li><span style=%22color: #ffffff;%22>Il r\u00e9dige des statuts et s\u2019occupe de toutes les formalit\u00e9s \u00e0 effectuer au tribunal,<\/span><\/li>\n<li><span style=%22color: #ffffff;%22>Il accompagne la croissance de l\u2019entreprise avec des acquisitions de fonds de commerces, des rachats de parts sociales ou des fusions-acquisitions,<\/span><\/li>\n<li><span style=%22color: #ffffff;%22>Il g\u00e8re les op\u00e9rations de restructurations,<\/span><\/li>\n<li><span style=%22color: #ffffff;%22>Il accompagne la structure en cas de redressement ou de liquidation judiciaire,<\/span><\/li>\n<li><span style=%22color: #ffffff;%22>Il s\u2019occupe de toutes les probl\u00e9matiques de droit auxquelles sont confront\u00e9es nos clients.<\/span><\/li>\n<\/ul>\n<p style=%22text-align: justify;%22><span style=%22color: #ffffff;%22>Tous nos clients ont besoin d\u2019un suivi juridique appropri\u00e9, que leur activit\u00e9 soit p\u00e9renne ou en difficult\u00e9, pour faire des choix \u00e9clair\u00e9s. Ma\u00eetre DAMY met \u00e0 disposition son expertise.<\/span><\/p>\n<p>&#8221; content_phone=&#8221;<\/p>\n<p style=%22text-align: center;%22><span style=%22color: #ffffff;%22>Il accompagne ses clients pour l\u2019ensemble des probl\u00e9matiques que ceux-ci rencontrent en mati\u00e8re de droit des affaires.<\/span><\/p>\n<p style=%22text-align: center;%22><span style=%22color: #ffffff;%22>Ma\u00eetre DAMY propose une analyse pr\u00e9cise des besoins de l\u2019entreprise.<\/span><\/p>\n<ul style=%22text-align: center;%22>\n<li><span style=%22color: #ffffff;%22>Il apporte des conseils avis\u00e9s sur la forme sociale de l\u2019entreprise qui aura un impact sur sa fiscalit\u00e9 future,<\/span><\/li>\n<li><span style=%22color: #ffffff;%22>Il r\u00e9dige des statuts et s\u2019occupe de toutes les formalit\u00e9s \u00e0 effectuer au tribunal,<\/span><\/li>\n<li><span style=%22color: #ffffff;%22>Il accompagne la croissance de l\u2019entreprise avec des acquisitions de fonds de commerces, des rachats de parts sociales ou des fusions-acquisitions,<\/span><\/li>\n<li><span style=%22color: #ffffff;%22>Il g\u00e8re les op\u00e9rations de restructurations,<\/span><\/li>\n<li><span style=%22color: #ffffff;%22>Il accompagne la structure en cas de redressement ou de liquidation judiciaire,<\/span><\/li>\n<li><span style=%22color: #ffffff;%22>Il s\u2019occupe de toutes les probl\u00e9matiques de droit auxquelles sont confront\u00e9es nos clients.<\/span><\/li>\n<\/ul>\n<p style=%22text-align: center;%22><span style=%22color: #ffffff;%22>Tous nos clients ont besoin d\u2019un suivi juridique appropri\u00e9, que leur activit\u00e9 soit p\u00e9renne ou en difficult\u00e9, pour faire des choix \u00e9clair\u00e9s. Ma\u00eetre DAMY met \u00e0 disposition son expertise.<\/span><\/p>\n<p>&#8221; content_last_edited=&#8221;on|phone&#8221; module_class=&#8221;gt_service_style2&#8243; _builder_version=&#8221;4.20.2&#8243; header_level=&#8221;h3&#8243; header_text_color=&#8221;#d5aa6d&#8221; transform_translate_linked__hover=&#8221;off&#8221; text_orientation=&#8221;center&#8221; box_shadow_style_image=&#8221;preset2&#8243; global_colors_info=&#8221;{}&#8221; transform_styles__hover_enabled=&#8221;on|hover&#8221; transform_scale__hover_enabled=&#8221;on|desktop&#8221; transform_translate__hover_enabled=&#8221;on|hover&#8221; transform_rotate__hover_enabled=&#8221;on|desktop&#8221; transform_skew__hover_enabled=&#8221;on|desktop&#8221; transform_origin__hover_enabled=&#8221;on|desktop&#8221; transform_translate__hover=&#8221;0px|-5px&#8221;]<\/p>\n<p style=\"text-align: justify;\"><span style=\"color: #ffffff;\">Assiste i suoi clienti in tutti i problemi che incontrano nella vita aziendale.<\/span><\/p>\n<p style=\"text-align: justify;\"><span style=\"color: #ffffff;\"><a href=\"https:\/\/gregorydamy.niceavocats.fr\/presentation-du-cabinet\/notre-equipe\">Ma\u00eetre DAMY<\/a> offre un&#8217;analisi precisa delle esigenze dell&#8217;azienda.<\/span><\/p>\n<p style=\"text-align: justify;\"><span style=\"color: #ffffff;\">Fornisce una solida consulenza sulla forma societaria dell&#8217;azienda, che avr\u00e0 un impatto sulla sua futura tassazione,<\/span><br \/><span style=\"color: #ffffff;\">redige l&#8217;atto costitutivo e si occupa di tutte le formalit\u00e0 da espletare in tribunale,<\/span><br \/><span style=\"color: #ffffff;\">accompagna la crescita dell&#8217;azienda con l&#8217;acquisizione di attivit\u00e0, l&#8217;acquisto di azioni o fusioni e acquisizioni,<\/span><br \/><span style=\"color: #ffffff;\">Gestisce le operazioni di ristrutturazione,<\/span><br \/><span style=\"color: #ffffff;\">Accompagna la struttura in caso di amministrazione controllata o liquidazione giudiziaria,<\/span><br \/><span style=\"color: #ffffff;\">Si occupa di tutte le questioni legali.<\/span><\/p>\n<p style=\"text-align: justify;\"><span style=\"color: #ffffff;\">Tutti i nostri clienti hanno bisogno di un supporto legale adeguato, sia che la loro attivit\u00e0 sia sostenibile o in difficolt\u00e0, per fare scelte consapevoli. Ma\u00eetre DAMY offre la sua esperienza.<\/span><\/p>\n<p>[\/et_pb_blurb][\/et_pb_column][\/et_pb_row][\/et_pb_section]<\/p>\n","protected":false},"excerpt":{"rendered":"<p>Diritto commercialeAvvocato specializzato in diritto commerciale a NizzaPratiche e specialit\u00e0Gr\u00e9gory DAMY ha conseguito certificati di specializzazione in diritto commerciale, aziendale e della concorrenza.Ha anche un certificato di specializzazione in diritto societario.Assiste i suoi clienti in tutti i problemi che incontrano nella vita aziendale. Ma\u00eetre DAMY offre un&#8217;analisi precisa delle esigenze dell&#8217;azienda. Fornisce una solida consulenza [&hellip;]<\/p>\n","protected":false},"author":2,"featured_media":15785,"parent":0,"menu_order":0,"comment_status":"closed","ping_status":"closed","template":"","meta":{"_et_pb_use_builder":"on","_et_pb_old_content":"","_et_gb_content_width":"","footnotes":""},"class_list":["post-16759","page","type-page","status-publish","has-post-thumbnail","hentry"],"yoast_head":"<!-- This site is optimized with the Yoast SEO plugin v26.8 - https:\/\/yoast.com\/product\/yoast-seo-wordpress\/ -->\n<title>Affari - Soci\u00e9t\u00e9 d&#039;avocats Damy<\/title>\n<meta name=\"description\" content=\"L&#039;avvocato DAMY, uffici Francia e Lussemburgo, dottore in giurisprudenza, \u00e8 specializzato in diritto commerciale, societario e degli affari\" \/>\n<meta name=\"robots\" content=\"index, follow, max-snippet:-1, max-image-preview:large, max-video-preview:-1\" \/>\n<link rel=\"canonical\" href=\"https:\/\/gregorydamy.niceavocats.fr\/it\/affari\/\" \/>\n<meta property=\"og:locale\" content=\"it_IT\" \/>\n<meta property=\"og:type\" content=\"article\" \/>\n<meta property=\"og:title\" content=\"Affari - Soci\u00e9t\u00e9 d&#039;avocats Damy\" \/>\n<meta property=\"og:description\" content=\"L&#039;avvocato DAMY, uffici Francia e Lussemburgo, dottore in giurisprudenza, \u00e8 specializzato in diritto commerciale, societario e degli affari\" \/>\n<meta property=\"og:url\" content=\"https:\/\/gregorydamy.niceavocats.fr\/it\/affari\/\" \/>\n<meta property=\"og:site_name\" content=\"Soci\u00e9t\u00e9 d&#039;avocats Damy\" \/>\n<meta property=\"article:publisher\" content=\"https:\/\/www.facebook.com\/niceavocats.fr\/\" \/>\n<meta property=\"article:modified_time\" content=\"2023-08-30T09:52:06+00:00\" \/>\n<meta property=\"og:image\" content=\"https:\/\/gregorydamy.niceavocats.fr\/wp-content\/uploads\/2023\/04\/gt-partners-case-study-2.jpg\" \/>\n\t<meta property=\"og:image:width\" content=\"1920\" \/>\n\t<meta property=\"og:image:height\" content=\"1280\" \/>\n\t<meta property=\"og:image:type\" content=\"image\/jpeg\" \/>\n<meta name=\"twitter:card\" content=\"summary_large_image\" \/>\n<meta name=\"twitter:label1\" content=\"Tempo di lettura stimato\" \/>\n\t<meta name=\"twitter:data1\" content=\"3 minuti\" \/>\n<script type=\"application\/ld+json\" class=\"yoast-schema-graph\">{\"@context\":\"https:\/\/schema.org\",\"@graph\":[{\"@type\":\"WebPage\",\"@id\":\"https:\/\/gregorydamy.niceavocats.fr\/it\/affari\/\",\"url\":\"https:\/\/gregorydamy.niceavocats.fr\/it\/affari\/\",\"name\":\"Affari - Soci\u00e9t\u00e9 d&#039;avocats Damy\",\"isPartOf\":{\"@id\":\"https:\/\/gregorydamy.niceavocats.fr\/it\/#website\"},\"primaryImageOfPage\":{\"@id\":\"https:\/\/gregorydamy.niceavocats.fr\/it\/affari\/#primaryimage\"},\"image\":{\"@id\":\"https:\/\/gregorydamy.niceavocats.fr\/it\/affari\/#primaryimage\"},\"thumbnailUrl\":\"https:\/\/gregorydamy.niceavocats.fr\/wp-content\/uploads\/2023\/04\/gt-partners-case-study-2.jpg\",\"datePublished\":\"2023-01-10T07:35:33+00:00\",\"dateModified\":\"2023-08-30T09:52:06+00:00\",\"description\":\"L'avvocato DAMY, uffici Francia e Lussemburgo, dottore in giurisprudenza, \u00e8 specializzato in diritto commerciale, societario e degli affari\",\"breadcrumb\":{\"@id\":\"https:\/\/gregorydamy.niceavocats.fr\/it\/affari\/#breadcrumb\"},\"inLanguage\":\"it-IT\",\"potentialAction\":[{\"@type\":\"ReadAction\",\"target\":[\"https:\/\/gregorydamy.niceavocats.fr\/it\/affari\/\"]}]},{\"@type\":\"ImageObject\",\"inLanguage\":\"it-IT\",\"@id\":\"https:\/\/gregorydamy.niceavocats.fr\/it\/affari\/#primaryimage\",\"url\":\"https:\/\/gregorydamy.niceavocats.fr\/wp-content\/uploads\/2023\/04\/gt-partners-case-study-2.jpg\",\"contentUrl\":\"https:\/\/gregorydamy.niceavocats.fr\/wp-content\/uploads\/2023\/04\/gt-partners-case-study-2.jpg\",\"width\":1920,\"height\":1280,\"caption\":\"affaires\"},{\"@type\":\"BreadcrumbList\",\"@id\":\"https:\/\/gregorydamy.niceavocats.fr\/it\/affari\/#breadcrumb\",\"itemListElement\":[{\"@type\":\"ListItem\",\"position\":1,\"name\":\"Accueil\",\"item\":\"https:\/\/gregorydamy.niceavocats.fr\/it\/\"},{\"@type\":\"ListItem\",\"position\":2,\"name\":\"Affari\"}]},{\"@type\":\"WebSite\",\"@id\":\"https:\/\/gregorydamy.niceavocats.fr\/it\/#website\",\"url\":\"https:\/\/gregorydamy.niceavocats.fr\/it\/\",\"name\":\"Soci\u00e9t\u00e9 d&#039;avocats Damy\",\"description\":\"Justice - Confiance - Efficacit\u00e9\",\"publisher\":{\"@id\":\"https:\/\/gregorydamy.niceavocats.fr\/it\/#organization\"},\"potentialAction\":[{\"@type\":\"SearchAction\",\"target\":{\"@type\":\"EntryPoint\",\"urlTemplate\":\"https:\/\/gregorydamy.niceavocats.fr\/it\/?s={search_term_string}\"},\"query-input\":{\"@type\":\"PropertyValueSpecification\",\"valueRequired\":true,\"valueName\":\"search_term_string\"}}],\"inLanguage\":\"it-IT\"},{\"@type\":\"Organization\",\"@id\":\"https:\/\/gregorydamy.niceavocats.fr\/it\/#organization\",\"name\":\"Soci\u00e9t\u00e9 d'Avocats DAMY\",\"alternateName\":\"Gr\u00e9gory DAMY\",\"url\":\"https:\/\/gregorydamy.niceavocats.fr\/it\/\",\"logo\":{\"@type\":\"ImageObject\",\"inLanguage\":\"it-IT\",\"@id\":\"https:\/\/gregorydamy.niceavocats.fr\/it\/#\/schema\/logo\/image\/\",\"url\":\"https:\/\/gregorydamy.niceavocats.fr\/wp-content\/uploads\/2023\/04\/damylogo-1.png\",\"contentUrl\":\"https:\/\/gregorydamy.niceavocats.fr\/wp-content\/uploads\/2023\/04\/damylogo-1.png\",\"width\":1890,\"height\":1417,\"caption\":\"Soci\u00e9t\u00e9 d'Avocats DAMY\"},\"image\":{\"@id\":\"https:\/\/gregorydamy.niceavocats.fr\/it\/#\/schema\/logo\/image\/\"},\"sameAs\":[\"https:\/\/www.facebook.com\/niceavocats.fr\/\"]}]}<\/script>\n<!-- \/ Yoast SEO plugin. -->","yoast_head_json":{"title":"Affari - Soci\u00e9t\u00e9 d&#039;avocats Damy","description":"L'avvocato DAMY, uffici Francia e Lussemburgo, dottore in giurisprudenza, \u00e8 specializzato in diritto commerciale, societario e degli affari","robots":{"index":"index","follow":"follow","max-snippet":"max-snippet:-1","max-image-preview":"max-image-preview:large","max-video-preview":"max-video-preview:-1"},"canonical":"https:\/\/gregorydamy.niceavocats.fr\/it\/affari\/","og_locale":"it_IT","og_type":"article","og_title":"Affari - Soci\u00e9t\u00e9 d&#039;avocats Damy","og_description":"L'avvocato DAMY, uffici Francia e Lussemburgo, dottore in giurisprudenza, \u00e8 specializzato in diritto commerciale, societario e degli affari","og_url":"https:\/\/gregorydamy.niceavocats.fr\/it\/affari\/","og_site_name":"Soci\u00e9t\u00e9 d&#039;avocats Damy","article_publisher":"https:\/\/www.facebook.com\/niceavocats.fr\/","article_modified_time":"2023-08-30T09:52:06+00:00","og_image":[{"width":1920,"height":1280,"url":"https:\/\/gregorydamy.niceavocats.fr\/wp-content\/uploads\/2023\/04\/gt-partners-case-study-2.jpg","type":"image\/jpeg"}],"twitter_card":"summary_large_image","twitter_misc":{"Tempo di lettura stimato":"3 minuti"},"schema":{"@context":"https:\/\/schema.org","@graph":[{"@type":"WebPage","@id":"https:\/\/gregorydamy.niceavocats.fr\/it\/affari\/","url":"https:\/\/gregorydamy.niceavocats.fr\/it\/affari\/","name":"Affari - Soci\u00e9t\u00e9 d&#039;avocats Damy","isPartOf":{"@id":"https:\/\/gregorydamy.niceavocats.fr\/it\/#website"},"primaryImageOfPage":{"@id":"https:\/\/gregorydamy.niceavocats.fr\/it\/affari\/#primaryimage"},"image":{"@id":"https:\/\/gregorydamy.niceavocats.fr\/it\/affari\/#primaryimage"},"thumbnailUrl":"https:\/\/gregorydamy.niceavocats.fr\/wp-content\/uploads\/2023\/04\/gt-partners-case-study-2.jpg","datePublished":"2023-01-10T07:35:33+00:00","dateModified":"2023-08-30T09:52:06+00:00","description":"L'avvocato DAMY, uffici Francia e Lussemburgo, dottore in giurisprudenza, \u00e8 specializzato in diritto commerciale, societario e degli affari","breadcrumb":{"@id":"https:\/\/gregorydamy.niceavocats.fr\/it\/affari\/#breadcrumb"},"inLanguage":"it-IT","potentialAction":[{"@type":"ReadAction","target":["https:\/\/gregorydamy.niceavocats.fr\/it\/affari\/"]}]},{"@type":"ImageObject","inLanguage":"it-IT","@id":"https:\/\/gregorydamy.niceavocats.fr\/it\/affari\/#primaryimage","url":"https:\/\/gregorydamy.niceavocats.fr\/wp-content\/uploads\/2023\/04\/gt-partners-case-study-2.jpg","contentUrl":"https:\/\/gregorydamy.niceavocats.fr\/wp-content\/uploads\/2023\/04\/gt-partners-case-study-2.jpg","width":1920,"height":1280,"caption":"affaires"},{"@type":"BreadcrumbList","@id":"https:\/\/gregorydamy.niceavocats.fr\/it\/affari\/#breadcrumb","itemListElement":[{"@type":"ListItem","position":1,"name":"Accueil","item":"https:\/\/gregorydamy.niceavocats.fr\/it\/"},{"@type":"ListItem","position":2,"name":"Affari"}]},{"@type":"WebSite","@id":"https:\/\/gregorydamy.niceavocats.fr\/it\/#website","url":"https:\/\/gregorydamy.niceavocats.fr\/it\/","name":"Soci\u00e9t\u00e9 d&#039;avocats Damy","description":"Justice - Confiance - Efficacit\u00e9","publisher":{"@id":"https:\/\/gregorydamy.niceavocats.fr\/it\/#organization"},"potentialAction":[{"@type":"SearchAction","target":{"@type":"EntryPoint","urlTemplate":"https:\/\/gregorydamy.niceavocats.fr\/it\/?s={search_term_string}"},"query-input":{"@type":"PropertyValueSpecification","valueRequired":true,"valueName":"search_term_string"}}],"inLanguage":"it-IT"},{"@type":"Organization","@id":"https:\/\/gregorydamy.niceavocats.fr\/it\/#organization","name":"Soci\u00e9t\u00e9 d'Avocats DAMY","alternateName":"Gr\u00e9gory DAMY","url":"https:\/\/gregorydamy.niceavocats.fr\/it\/","logo":{"@type":"ImageObject","inLanguage":"it-IT","@id":"https:\/\/gregorydamy.niceavocats.fr\/it\/#\/schema\/logo\/image\/","url":"https:\/\/gregorydamy.niceavocats.fr\/wp-content\/uploads\/2023\/04\/damylogo-1.png","contentUrl":"https:\/\/gregorydamy.niceavocats.fr\/wp-content\/uploads\/2023\/04\/damylogo-1.png","width":1890,"height":1417,"caption":"Soci\u00e9t\u00e9 d'Avocats DAMY"},"image":{"@id":"https:\/\/gregorydamy.niceavocats.fr\/it\/#\/schema\/logo\/image\/"},"sameAs":["https:\/\/www.facebook.com\/niceavocats.fr\/"]}]}},"_links":{"self":[{"href":"https:\/\/gregorydamy.niceavocats.fr\/it\/wp-json\/wp\/v2\/pages\/16759","targetHints":{"allow":["GET"]}}],"collection":[{"href":"https:\/\/gregorydamy.niceavocats.fr\/it\/wp-json\/wp\/v2\/pages"}],"about":[{"href":"https:\/\/gregorydamy.niceavocats.fr\/it\/wp-json\/wp\/v2\/types\/page"}],"author":[{"embeddable":true,"href":"https:\/\/gregorydamy.niceavocats.fr\/it\/wp-json\/wp\/v2\/users\/2"}],"replies":[{"embeddable":true,"href":"https:\/\/gregorydamy.niceavocats.fr\/it\/wp-json\/wp\/v2\/comments?post=16759"}],"version-history":[{"count":0,"href":"https:\/\/gregorydamy.niceavocats.fr\/it\/wp-json\/wp\/v2\/pages\/16759\/revisions"}],"wp:featuredmedia":[{"embeddable":true,"href":"https:\/\/gregorydamy.niceavocats.fr\/it\/wp-json\/wp\/v2\/media\/15785"}],"wp:attachment":[{"href":"https:\/\/gregorydamy.niceavocats.fr\/it\/wp-json\/wp\/v2\/media?parent=16759"}],"curies":[{"name":"wp","href":"https:\/\/api.w.org\/{rel}","templated":true}]}}