{"id":16633,"date":"2023-04-27T21:11:53","date_gmt":"2023-04-27T21:11:53","guid":{"rendered":"https:\/\/gregorydamy.niceavocats.fr\/?page_id=16633"},"modified":"2023-06-10T09:24:20","modified_gmt":"2023-06-10T09:24:20","slug":"diritto-del-lavoro","status":"publish","type":"page","link":"https:\/\/gregorydamy.niceavocats.fr\/it\/diritto-del-lavoro\/","title":{"rendered":"Diritto del lavoro"},"content":{"rendered":"<p>[et_pb_section fb_built=&#8221;1&#8243; _builder_version=&#8221;4.21.0&#8243; _module_preset=&#8221;default&#8221; global_colors_info=&#8221;{}&#8221;][et_pb_row _builder_version=&#8221;4.21.0&#8243; _module_preset=&#8221;default&#8221; global_colors_info=&#8221;{}&#8221;][et_pb_column type=&#8221;4_4&#8243; _builder_version=&#8221;4.21.0&#8243; _module_preset=&#8221;default&#8221; global_colors_info=&#8221;{}&#8221;][et_pb_image src=&#8221;https:\/\/gregorydamy.niceavocats.fr\/wp-content\/uploads\/2023\/06\/closeup-shot-person-writing-book-with-gavel-table-scaled.jpg&#8221; title_text=&#8221;closeup-shot-person-writing-book-with-gavel-table&#8221; _builder_version=&#8221;4.21.0&#8243; _module_preset=&#8221;default&#8221; global_colors_info=&#8221;{}&#8221;][\/et_pb_image][et_pb_text _builder_version=&#8221;4.21.0&#8243; _module_preset=&#8221;default&#8221; global_colors_info=&#8221;{}&#8221;]<\/p>\n<p><span>Il presidente del diritto del lavoro<\/span><span>\u00a0Emmanuel Macron ha utilizzato le ordinanze per attuare le riforme del diritto del lavoro in Francia.\u00a0Tale approccio, previsto dall&#8217;art. 38 della Costituzione del 1958, attribuisce al governo la facolt\u00e0 di richiedere al Parlamento l&#8217;autorizzazione ad emanare ordinanze per un periodo limitato, anche per materie tipicamente di competenza legislativa.\u00a0Ordinariamente, le leggi vengono discusse in Parlamento, con vari emendamenti proposti da deputati di diversi partiti politici.\u00a0Tuttavia, questi dibattiti possono richiedere molto tempo a causa delle scadenze legali.\u00a0Al contrario, quando il governo \u00e8 autorizzato a legiferare con ordinanza, il processo diventa accelerato, scavalcando i dibattiti parlamentari.\u00a0Il governo redige l&#8217;ordinanza, che viene poi firmata dal Presidente della\u00a0<\/span><a href=\"https:\/\/gregorydamy.niceavocats.fr\/en\/employer-obligations\/\"><span>Repubblica<\/span><\/a><span>\u00a0.<\/span><\/p>\n<h2><span>Riforme legislative attraverso ordinanze: un approccio accelerato al diritto del lavoro:-<\/span><\/h2>\n<p><span>Con la pubblicazione nella Gazzetta Ufficiale, l&#8217;ordinanza ha effetto immediato ed \u00e8 esecutiva.\u00a0Assomiglia a un decreto.\u00a0Il Parlamento ha successivamente il potere di approvare o respingere l&#8217;ordinanza.\u00a0L&#8217;approvazione fa s\u00ec che l&#8217;ordinanza diventi legge, mentre il rigetto la rende nulla.\u00a0Data la significativa maggioranza dell&#8217;attuale governo nell&#8217;Assemblea nazionale, il Parlamento ha convalidato questi ordini.<\/span><\/p>\n<h2><span>Il ruolo del Parlamento e il potere delle ordinanze nella legislazione francese:-<\/span><\/h2>\n<p><span>Dopo le elezioni legislative tenutesi il 19 giugno 2022, \u00e8 altamente probabile che l&#8217;amministrazione Macron utilizzi nuovamente questa tecnica per approvare la legislazione.\u00a0<span class=\"\">La forte maggioranza del governo in Parlamento consente un processo decisionale snello, facilitando l&#8217;uso delle ordinanze come mezzo efficiente per attuare le riforme.\u00a0<\/span>Utilizzando questo approccio, il governo Macron pu\u00f2 attuare rapidamente modifiche al diritto del lavoro senza lunghi dibattiti parlamentari, garantendo un&#8217;azione tempestiva in linea con il proprio\u00a0<\/span><a href=\"https:\/\/www.service-public.fr\/\"><span>programma<\/span><\/a><span>\u00a0.<\/span><\/p>\n<p>[\/et_pb_text][\/et_pb_column][\/et_pb_row][\/et_pb_section]<\/p>\n","protected":false},"excerpt":{"rendered":"<p>Il presidente del diritto del lavoro\u00a0Emmanuel Macron ha utilizzato le ordinanze per attuare le riforme del diritto del lavoro in Francia.\u00a0Tale approccio, previsto dall&#8217;art. 38 della Costituzione del 1958, attribuisce al governo la facolt\u00e0 di richiedere al Parlamento l&#8217;autorizzazione ad emanare ordinanze per un periodo limitato, anche per materie tipicamente di competenza legislativa.\u00a0Ordinariamente, le leggi [&hellip;]<\/p>\n","protected":false},"author":2,"featured_media":0,"parent":0,"menu_order":0,"comment_status":"closed","ping_status":"closed","template":"","meta":{"_et_pb_use_builder":"on","_et_pb_old_content":"","_et_gb_content_width":"","footnotes":""},"class_list":["post-16633","page","type-page","status-publish","hentry"],"yoast_head":"<!-- This site is optimized with the Yoast SEO plugin v26.8 - https:\/\/yoast.com\/product\/yoast-seo-wordpress\/ -->\n<title>Diritto del lavoro - Soci\u00e9t\u00e9 d&#039;avocats Damy<\/title>\n<meta name=\"description\" content=\"Il presidente del diritto del lavoro Emmanuel Macron ha utilizzato le ordinanze per attuare le riforme del diritto del lavoro in Francia.\" \/>\n<meta name=\"robots\" content=\"index, follow, max-snippet:-1, max-image-preview:large, max-video-preview:-1\" \/>\n<link rel=\"canonical\" href=\"https:\/\/gregorydamy.niceavocats.fr\/it\/diritto-del-lavoro\/\" \/>\n<meta property=\"og:locale\" content=\"it_IT\" \/>\n<meta property=\"og:type\" content=\"article\" \/>\n<meta property=\"og:title\" content=\"Diritto del lavoro - Soci\u00e9t\u00e9 d&#039;avocats Damy\" \/>\n<meta property=\"og:description\" content=\"Il presidente del diritto del lavoro Emmanuel Macron ha utilizzato le ordinanze per attuare le riforme del diritto del lavoro in Francia.\" \/>\n<meta property=\"og:url\" content=\"https:\/\/gregorydamy.niceavocats.fr\/it\/diritto-del-lavoro\/\" \/>\n<meta property=\"og:site_name\" content=\"Soci\u00e9t\u00e9 d&#039;avocats Damy\" \/>\n<meta property=\"article:publisher\" content=\"https:\/\/www.facebook.com\/niceavocats.fr\/\" \/>\n<meta property=\"article:modified_time\" content=\"2023-06-10T09:24:20+00:00\" \/>\n<meta name=\"twitter:card\" content=\"summary_large_image\" \/>\n<meta name=\"twitter:label1\" content=\"Tempo di lettura stimato\" \/>\n\t<meta name=\"twitter:data1\" content=\"2 minuti\" \/>\n<script type=\"application\/ld+json\" class=\"yoast-schema-graph\">{\"@context\":\"https:\/\/schema.org\",\"@graph\":[{\"@type\":\"WebPage\",\"@id\":\"https:\/\/gregorydamy.niceavocats.fr\/it\/diritto-del-lavoro\/\",\"url\":\"https:\/\/gregorydamy.niceavocats.fr\/it\/diritto-del-lavoro\/\",\"name\":\"Diritto del lavoro - Soci\u00e9t\u00e9 d&#039;avocats Damy\",\"isPartOf\":{\"@id\":\"https:\/\/gregorydamy.niceavocats.fr\/it\/#website\"},\"datePublished\":\"2023-04-27T21:11:53+00:00\",\"dateModified\":\"2023-06-10T09:24:20+00:00\",\"description\":\"Il presidente del diritto del lavoro Emmanuel Macron ha utilizzato le ordinanze per attuare le riforme del diritto del lavoro in Francia.\",\"breadcrumb\":{\"@id\":\"https:\/\/gregorydamy.niceavocats.fr\/it\/diritto-del-lavoro\/#breadcrumb\"},\"inLanguage\":\"it-IT\",\"potentialAction\":[{\"@type\":\"ReadAction\",\"target\":[\"https:\/\/gregorydamy.niceavocats.fr\/it\/diritto-del-lavoro\/\"]}]},{\"@type\":\"BreadcrumbList\",\"@id\":\"https:\/\/gregorydamy.niceavocats.fr\/it\/diritto-del-lavoro\/#breadcrumb\",\"itemListElement\":[{\"@type\":\"ListItem\",\"position\":1,\"name\":\"Accueil\",\"item\":\"https:\/\/gregorydamy.niceavocats.fr\/it\/\"},{\"@type\":\"ListItem\",\"position\":2,\"name\":\"Diritto del lavoro\"}]},{\"@type\":\"WebSite\",\"@id\":\"https:\/\/gregorydamy.niceavocats.fr\/it\/#website\",\"url\":\"https:\/\/gregorydamy.niceavocats.fr\/it\/\",\"name\":\"Soci\u00e9t\u00e9 d&#039;avocats Damy\",\"description\":\"Justice - Confiance - Efficacit\u00e9\",\"publisher\":{\"@id\":\"https:\/\/gregorydamy.niceavocats.fr\/it\/#organization\"},\"potentialAction\":[{\"@type\":\"SearchAction\",\"target\":{\"@type\":\"EntryPoint\",\"urlTemplate\":\"https:\/\/gregorydamy.niceavocats.fr\/it\/?s={search_term_string}\"},\"query-input\":{\"@type\":\"PropertyValueSpecification\",\"valueRequired\":true,\"valueName\":\"search_term_string\"}}],\"inLanguage\":\"it-IT\"},{\"@type\":\"Organization\",\"@id\":\"https:\/\/gregorydamy.niceavocats.fr\/it\/#organization\",\"name\":\"Soci\u00e9t\u00e9 d'Avocats DAMY\",\"alternateName\":\"Gr\u00e9gory DAMY\",\"url\":\"https:\/\/gregorydamy.niceavocats.fr\/it\/\",\"logo\":{\"@type\":\"ImageObject\",\"inLanguage\":\"it-IT\",\"@id\":\"https:\/\/gregorydamy.niceavocats.fr\/it\/#\/schema\/logo\/image\/\",\"url\":\"https:\/\/gregorydamy.niceavocats.fr\/wp-content\/uploads\/2023\/04\/damylogo-1.png\",\"contentUrl\":\"https:\/\/gregorydamy.niceavocats.fr\/wp-content\/uploads\/2023\/04\/damylogo-1.png\",\"width\":1890,\"height\":1417,\"caption\":\"Soci\u00e9t\u00e9 d'Avocats DAMY\"},\"image\":{\"@id\":\"https:\/\/gregorydamy.niceavocats.fr\/it\/#\/schema\/logo\/image\/\"},\"sameAs\":[\"https:\/\/www.facebook.com\/niceavocats.fr\/\"]}]}<\/script>\n<!-- \/ Yoast SEO plugin. -->","yoast_head_json":{"title":"Diritto del lavoro - Soci\u00e9t\u00e9 d&#039;avocats Damy","description":"Il presidente del diritto del lavoro Emmanuel Macron ha utilizzato le ordinanze per attuare le riforme del diritto del lavoro in Francia.","robots":{"index":"index","follow":"follow","max-snippet":"max-snippet:-1","max-image-preview":"max-image-preview:large","max-video-preview":"max-video-preview:-1"},"canonical":"https:\/\/gregorydamy.niceavocats.fr\/it\/diritto-del-lavoro\/","og_locale":"it_IT","og_type":"article","og_title":"Diritto del lavoro - Soci\u00e9t\u00e9 d&#039;avocats Damy","og_description":"Il presidente del diritto del lavoro Emmanuel Macron ha utilizzato le ordinanze per attuare le riforme del diritto del lavoro in Francia.","og_url":"https:\/\/gregorydamy.niceavocats.fr\/it\/diritto-del-lavoro\/","og_site_name":"Soci\u00e9t\u00e9 d&#039;avocats Damy","article_publisher":"https:\/\/www.facebook.com\/niceavocats.fr\/","article_modified_time":"2023-06-10T09:24:20+00:00","twitter_card":"summary_large_image","twitter_misc":{"Tempo di lettura stimato":"2 minuti"},"schema":{"@context":"https:\/\/schema.org","@graph":[{"@type":"WebPage","@id":"https:\/\/gregorydamy.niceavocats.fr\/it\/diritto-del-lavoro\/","url":"https:\/\/gregorydamy.niceavocats.fr\/it\/diritto-del-lavoro\/","name":"Diritto del lavoro - Soci\u00e9t\u00e9 d&#039;avocats Damy","isPartOf":{"@id":"https:\/\/gregorydamy.niceavocats.fr\/it\/#website"},"datePublished":"2023-04-27T21:11:53+00:00","dateModified":"2023-06-10T09:24:20+00:00","description":"Il presidente del diritto del lavoro Emmanuel Macron ha utilizzato le ordinanze per attuare le riforme del diritto del lavoro in Francia.","breadcrumb":{"@id":"https:\/\/gregorydamy.niceavocats.fr\/it\/diritto-del-lavoro\/#breadcrumb"},"inLanguage":"it-IT","potentialAction":[{"@type":"ReadAction","target":["https:\/\/gregorydamy.niceavocats.fr\/it\/diritto-del-lavoro\/"]}]},{"@type":"BreadcrumbList","@id":"https:\/\/gregorydamy.niceavocats.fr\/it\/diritto-del-lavoro\/#breadcrumb","itemListElement":[{"@type":"ListItem","position":1,"name":"Accueil","item":"https:\/\/gregorydamy.niceavocats.fr\/it\/"},{"@type":"ListItem","position":2,"name":"Diritto del lavoro"}]},{"@type":"WebSite","@id":"https:\/\/gregorydamy.niceavocats.fr\/it\/#website","url":"https:\/\/gregorydamy.niceavocats.fr\/it\/","name":"Soci\u00e9t\u00e9 d&#039;avocats Damy","description":"Justice - Confiance - Efficacit\u00e9","publisher":{"@id":"https:\/\/gregorydamy.niceavocats.fr\/it\/#organization"},"potentialAction":[{"@type":"SearchAction","target":{"@type":"EntryPoint","urlTemplate":"https:\/\/gregorydamy.niceavocats.fr\/it\/?s={search_term_string}"},"query-input":{"@type":"PropertyValueSpecification","valueRequired":true,"valueName":"search_term_string"}}],"inLanguage":"it-IT"},{"@type":"Organization","@id":"https:\/\/gregorydamy.niceavocats.fr\/it\/#organization","name":"Soci\u00e9t\u00e9 d'Avocats DAMY","alternateName":"Gr\u00e9gory DAMY","url":"https:\/\/gregorydamy.niceavocats.fr\/it\/","logo":{"@type":"ImageObject","inLanguage":"it-IT","@id":"https:\/\/gregorydamy.niceavocats.fr\/it\/#\/schema\/logo\/image\/","url":"https:\/\/gregorydamy.niceavocats.fr\/wp-content\/uploads\/2023\/04\/damylogo-1.png","contentUrl":"https:\/\/gregorydamy.niceavocats.fr\/wp-content\/uploads\/2023\/04\/damylogo-1.png","width":1890,"height":1417,"caption":"Soci\u00e9t\u00e9 d'Avocats DAMY"},"image":{"@id":"https:\/\/gregorydamy.niceavocats.fr\/it\/#\/schema\/logo\/image\/"},"sameAs":["https:\/\/www.facebook.com\/niceavocats.fr\/"]}]}},"_links":{"self":[{"href":"https:\/\/gregorydamy.niceavocats.fr\/it\/wp-json\/wp\/v2\/pages\/16633","targetHints":{"allow":["GET"]}}],"collection":[{"href":"https:\/\/gregorydamy.niceavocats.fr\/it\/wp-json\/wp\/v2\/pages"}],"about":[{"href":"https:\/\/gregorydamy.niceavocats.fr\/it\/wp-json\/wp\/v2\/types\/page"}],"author":[{"embeddable":true,"href":"https:\/\/gregorydamy.niceavocats.fr\/it\/wp-json\/wp\/v2\/users\/2"}],"replies":[{"embeddable":true,"href":"https:\/\/gregorydamy.niceavocats.fr\/it\/wp-json\/wp\/v2\/comments?post=16633"}],"version-history":[{"count":0,"href":"https:\/\/gregorydamy.niceavocats.fr\/it\/wp-json\/wp\/v2\/pages\/16633\/revisions"}],"wp:attachment":[{"href":"https:\/\/gregorydamy.niceavocats.fr\/it\/wp-json\/wp\/v2\/media?parent=16633"}],"curies":[{"name":"wp","href":"https:\/\/api.w.org\/{rel}","templated":true}]}}