{"id":16178,"date":"2023-04-16T10:13:02","date_gmt":"2023-04-16T10:13:02","guid":{"rendered":"https:\/\/gregorydamy.niceavocats.fr\/?page_id=16178"},"modified":"2024-04-17T10:03:41","modified_gmt":"2024-04-17T10:03:41","slug":"informacion-juridica","status":"publish","type":"page","link":"https:\/\/gregorydamy.niceavocats.fr\/it\/informacion-juridica\/","title":{"rendered":"Informaci\u00f3n jur\u00eddica"},"content":{"rendered":"<p>[et_pb_section fb_built=&#8221;1&#8243; custom_padding_last_edited=&#8221;on|phone&#8221; _builder_version=&#8221;4.20.2&#8243; background_enable_image=&#8221;off&#8221; custom_padding=&#8221;62px||||false|false&#8221; custom_padding_tablet=&#8221;150px||||false|false&#8221; custom_padding_phone=&#8221;125px||||false|false&#8221; box_shadow_style=&#8221;preset3&#8243; global_colors_info=&#8221;{}&#8221;][et_pb_row _builder_version=&#8221;4.16&#8243; global_colors_info=&#8221;{}&#8221;][et_pb_column type=&#8221;4_4&#8243; _builder_version=&#8221;4.16&#8243; global_colors_info=&#8221;{}&#8221;][et_pb_text _builder_version=&#8221;4.20.2&#8243; header_3_text_color=&#8221;#d5aa6d&#8221; text_orientation=&#8221;center&#8221; custom_margin=&#8221;||0px||false|false&#8221; global_colors_info=&#8221;{}&#8221;]<\/p>\n<h3>Da consultare regolarmente<\/h3>\n<p>[\/et_pb_text][et_pb_text _builder_version=&#8221;4.20.2&#8243; text_orientation=&#8221;center&#8221; background_layout=&#8221;dark&#8221; global_colors_info=&#8221;{}&#8221;]<\/p>\n<h1><span style=\"color: #333333;\">Nota legale e informativa sulla privacy<\/span><\/h1>\n<p>[\/et_pb_text][\/et_pb_column][\/et_pb_row][\/et_pb_section][et_pb_section fb_built=&#8221;1&#8243; _builder_version=&#8221;4.16&#8243; global_colors_info=&#8221;{}&#8221;][et_pb_row _builder_version=&#8221;4.16&#8243; global_colors_info=&#8221;{}&#8221;][et_pb_column type=&#8221;4_4&#8243; _builder_version=&#8221;4.16&#8243; global_colors_info=&#8221;{}&#8221;][et_pb_text _builder_version=&#8221;4.20.2&#8243; global_colors_info=&#8221;{}&#8221;]<\/p>\n<div class=\"page-header\">\n<p>Si prega di leggere attentamente i presenti termini e condizioni delle note legali di utilizzo del sito Ma\u00eetre Gr\u00e9gory DAMY prima di navigare in questo sito. Collegandovi a questo sito, accettate i presenti termini e condizioni delle note legali.<\/p>\n<h3>Copyright<\/h3>\n<p>Tutti i diritti riservati\u00a9 Soci\u00e9t\u00e9 d&#8217;avocats DAMY 2006-2018. Tutte le pagine del sito web di Ma\u00eetre Gr\u00e9gory DAMY sono protette \u00a9 2018. Tutti i diritti di riproduzione e distribuzione sono riservati. Studio legale DAMY 2006-2022.<\/p>\n<h3>Il contenuto del sito<\/h3>\n<p>Tutte le informazioni contenute nel sito web di Ma\u00eetre Gr\u00e9gory DAMY sono di natura extracontrattuale. Le informazioni contenute nel sito sono fornite al solo scopo di fornire informazioni generali ai visitatori. Non sono destinate a sostituire o a rimpiazzare consigli o consulenze legali, fiscali o di altro tipo.<br \/>Queste informazioni non costituiscono in alcun modo un&#8217;affermazione, una garanzia o un impegno da parte di Ma\u00eetre Gr\u00e9gory DAMY in relazione a qualsiasi prodotto o servizio; e Ma\u00eetre Gr\u00e9gory DAMY declina ogni responsabilit\u00e0, espressa o implicita, in merito alla loro completezza, accuratezza o idoneit\u00e0 per qualsiasi scopo. Ma\u00eetre Gr\u00e9gory DAMY compie ogni sforzo per garantire l&#8217;accuratezza e l&#8217;aggiornamento delle informazioni pubblicate su questo sito, il cui contenuto si riserva il diritto di correggere in qualsiasi momento e senza preavviso. Tuttavia, non pu\u00f2 garantirne la completezza n\u00e9 l&#8217;assenza di modifiche da parte di terzi (intrusioni, virus).<br \/>Ma\u00eetre Gr\u00e9gory DAMY declina ogni responsabilit\u00e0 sulla pertinenza delle informazioni fornite e sull&#8217;uso che un utente di Internet pu\u00f2 farne. Le informazioni contenute in questo sito sono destinate a un uso personale e non commerciale.<\/p>\n<h3>Trattamento dei dati e libert\u00e0<\/h3>\n<p>Conformemente alla legge n\u00b0 78-17 del 6 gennaio 1978, relativa all&#8217;informatica, ai file e alle libert\u00e0 (nota come legge &#8220;Informatica e Libert\u00e0&#8221;), questo sito beneficia di un&#8217;esenzione dalla dichiarazione (Deliberazione n\u00b02006-138 del 9 maggio 2006 che decide sull&#8217;esenzione dalla dichiarazione dei trattamenti costituiti a fini di informazione o di comunicazione esterna: Esenzione n\u00b07). In virt\u00f9 della legge n\u00b0 2000-719 del 1\u00b0 agosto 2000, i dati di contatto dichiarati dall&#8217;utente possono essere comunicati su richiesta delle autorit\u00e0 giudiziarie.<\/p>\n<h3>Propriet\u00e0 intellettuale<\/h3>\n<p>La struttura generale del Sito, i testi, i dati e gli elementi grafici, animati o meno, costituiscono opere protette in quanto tali dalle leggi sulla propriet\u00e0 intellettuale, in particolare dal diritto d&#8217;autore, dai disegni e modelli e dal diritto di marchio, nonch\u00e9 dai trattati internazionali.<\/p>\n<p>Qualsiasi utilizzo dei prodotti offerti dal sito web di Ma\u00eetre Gr\u00e9gory DAMY pu\u00f2 essere effettuato solo previa autorizzazione scritta di Ma\u00eetre Gr\u00e9gory DAMY.<\/p>\n<p>Secondo le regole del diritto comune, Ma\u00eetre Gr\u00e9gory DAMY pu\u00f2 anche chiamare in causa la responsabilit\u00e0 contrattuale dei suoi visitatori o intraprendere un&#8217;azione di concorrenza sleale o parassitaria contro gli autori di violazioni delle disposizioni in questione.<\/p>\n<p>L&#8217;utente di Internet non pu\u00f2 modificare, riprodurre o adattare i dati disponibili sul sito web di Ma\u00eetre Gr\u00e9gory DAMY.<\/p>\n<p>Chiunque scarichi o raccolga le informazioni pubblicate sul sito web di Ma\u00eetre Gr\u00e9gory DAMY ha solo un diritto di utilizzo privato, personale e non trasferibile. Qualsiasi uso del prodotto diverso da quello elencato nel presente avviso costituisce un atto di distribuzione che richiede l&#8217;autorizzazione preventiva di Ma\u00eetre Gr\u00e9gory DAMY. In assenza di tale autorizzazione, qualsiasi riproduzione o rappresentazione, anche parziale, con qualsiasi mezzo, senza il consenso scritto di Ma\u00eetre Gr\u00e9gory DAMY \u00e8 vietata e illegale. L&#8217;inosservanza di questo divieto costituisce una violazione che pu\u00f2 comportare la responsabilit\u00e0 civile e penale dell&#8217;autore della violazione.<br \/>Il visitatore riconosce di aver letto questa nota legale e si impegna a rispettarla.<\/p>\n<p>Dichiarazione alla CNIL<\/p>\n<p>Questo sito \u00e8 stato dichiarato alla CNIL<\/p>\n<\/div>\n<p>[\/et_pb_text][\/et_pb_column][\/et_pb_row][\/et_pb_section]<\/p>\n","protected":false},"excerpt":{"rendered":"<p>Da consultare regolarmenteNota legale e informativa sulla privacy Si prega di leggere attentamente i presenti termini e condizioni delle note legali di utilizzo del sito Ma\u00eetre Gr\u00e9gory DAMY prima di navigare in questo sito. Collegandovi a questo sito, accettate i presenti termini e condizioni delle note legali. Copyright Tutti i diritti riservati\u00a9 Soci\u00e9t\u00e9 d&#8217;avocats DAMY [&hellip;]<\/p>\n","protected":false},"author":2,"featured_media":0,"parent":0,"menu_order":0,"comment_status":"closed","ping_status":"closed","template":"","meta":{"_et_pb_use_builder":"on","_et_pb_old_content":"","_et_gb_content_width":"","footnotes":""},"class_list":["post-16178","page","type-page","status-publish","hentry"],"yoast_head":"<!-- This site is optimized with the Yoast SEO plugin v26.8 - https:\/\/yoast.com\/product\/yoast-seo-wordpress\/ -->\n<title>Informaci\u00f3n jur\u00eddica - Soci\u00e9t\u00e9 d&#039;avocats Damy<\/title>\n<meta name=\"description\" content=\"Si prega di leggere attentamente i presenti termini e condizioni delle note legali di utilizzo del sito Ma\u00eetre Gr\u00e9gory DAMY prima di navigare in questo sito.\" \/>\n<meta name=\"robots\" content=\"index, follow, max-snippet:-1, max-image-preview:large, max-video-preview:-1\" \/>\n<link rel=\"canonical\" href=\"https:\/\/gregorydamy.niceavocats.fr\/it\/informacion-juridica\/\" \/>\n<meta property=\"og:locale\" content=\"it_IT\" \/>\n<meta property=\"og:type\" content=\"article\" \/>\n<meta property=\"og:title\" content=\"Informaci\u00f3n jur\u00eddica - Soci\u00e9t\u00e9 d&#039;avocats Damy\" \/>\n<meta property=\"og:description\" content=\"Si prega di leggere attentamente i presenti termini e condizioni delle note legali di utilizzo del sito Ma\u00eetre Gr\u00e9gory DAMY prima di navigare in questo sito.\" \/>\n<meta property=\"og:url\" content=\"https:\/\/gregorydamy.niceavocats.fr\/it\/informacion-juridica\/\" \/>\n<meta property=\"og:site_name\" content=\"Soci\u00e9t\u00e9 d&#039;avocats Damy\" \/>\n<meta property=\"article:publisher\" content=\"https:\/\/www.facebook.com\/niceavocats.fr\/\" \/>\n<meta property=\"article:modified_time\" content=\"2024-04-17T10:03:41+00:00\" \/>\n<meta name=\"twitter:card\" content=\"summary_large_image\" \/>\n<meta name=\"twitter:label1\" content=\"Tempo di lettura stimato\" \/>\n\t<meta name=\"twitter:data1\" content=\"4 minuti\" \/>\n<script type=\"application\/ld+json\" class=\"yoast-schema-graph\">{\"@context\":\"https:\/\/schema.org\",\"@graph\":[{\"@type\":\"WebPage\",\"@id\":\"https:\/\/gregorydamy.niceavocats.fr\/it\/informacion-juridica\/\",\"url\":\"https:\/\/gregorydamy.niceavocats.fr\/it\/informacion-juridica\/\",\"name\":\"Informaci\u00f3n jur\u00eddica - Soci\u00e9t\u00e9 d&#039;avocats Damy\",\"isPartOf\":{\"@id\":\"https:\/\/gregorydamy.niceavocats.fr\/it\/#website\"},\"datePublished\":\"2023-04-16T10:13:02+00:00\",\"dateModified\":\"2024-04-17T10:03:41+00:00\",\"description\":\"Si prega di leggere attentamente i presenti termini e condizioni delle note legali di utilizzo del sito Ma\u00eetre Gr\u00e9gory DAMY prima di navigare in questo sito.\",\"breadcrumb\":{\"@id\":\"https:\/\/gregorydamy.niceavocats.fr\/it\/informacion-juridica\/#breadcrumb\"},\"inLanguage\":\"it-IT\",\"potentialAction\":[{\"@type\":\"ReadAction\",\"target\":[\"https:\/\/gregorydamy.niceavocats.fr\/it\/informacion-juridica\/\"]}]},{\"@type\":\"BreadcrumbList\",\"@id\":\"https:\/\/gregorydamy.niceavocats.fr\/it\/informacion-juridica\/#breadcrumb\",\"itemListElement\":[{\"@type\":\"ListItem\",\"position\":1,\"name\":\"Accueil\",\"item\":\"https:\/\/gregorydamy.niceavocats.fr\/it\/\"},{\"@type\":\"ListItem\",\"position\":2,\"name\":\"Informaci\u00f3n jur\u00eddica\"}]},{\"@type\":\"WebSite\",\"@id\":\"https:\/\/gregorydamy.niceavocats.fr\/it\/#website\",\"url\":\"https:\/\/gregorydamy.niceavocats.fr\/it\/\",\"name\":\"Soci\u00e9t\u00e9 d&#039;avocats Damy\",\"description\":\"Justice - Confiance - Efficacit\u00e9\",\"publisher\":{\"@id\":\"https:\/\/gregorydamy.niceavocats.fr\/it\/#organization\"},\"potentialAction\":[{\"@type\":\"SearchAction\",\"target\":{\"@type\":\"EntryPoint\",\"urlTemplate\":\"https:\/\/gregorydamy.niceavocats.fr\/it\/?s={search_term_string}\"},\"query-input\":{\"@type\":\"PropertyValueSpecification\",\"valueRequired\":true,\"valueName\":\"search_term_string\"}}],\"inLanguage\":\"it-IT\"},{\"@type\":\"Organization\",\"@id\":\"https:\/\/gregorydamy.niceavocats.fr\/it\/#organization\",\"name\":\"Soci\u00e9t\u00e9 d'Avocats DAMY\",\"alternateName\":\"Gr\u00e9gory DAMY\",\"url\":\"https:\/\/gregorydamy.niceavocats.fr\/it\/\",\"logo\":{\"@type\":\"ImageObject\",\"inLanguage\":\"it-IT\",\"@id\":\"https:\/\/gregorydamy.niceavocats.fr\/it\/#\/schema\/logo\/image\/\",\"url\":\"https:\/\/gregorydamy.niceavocats.fr\/wp-content\/uploads\/2023\/04\/damylogo-1.png\",\"contentUrl\":\"https:\/\/gregorydamy.niceavocats.fr\/wp-content\/uploads\/2023\/04\/damylogo-1.png\",\"width\":1890,\"height\":1417,\"caption\":\"Soci\u00e9t\u00e9 d'Avocats DAMY\"},\"image\":{\"@id\":\"https:\/\/gregorydamy.niceavocats.fr\/it\/#\/schema\/logo\/image\/\"},\"sameAs\":[\"https:\/\/www.facebook.com\/niceavocats.fr\/\"]}]}<\/script>\n<!-- \/ Yoast SEO plugin. -->","yoast_head_json":{"title":"Informaci\u00f3n jur\u00eddica - Soci\u00e9t\u00e9 d&#039;avocats Damy","description":"Si prega di leggere attentamente i presenti termini e condizioni delle note legali di utilizzo del sito Ma\u00eetre Gr\u00e9gory DAMY prima di navigare in questo sito.","robots":{"index":"index","follow":"follow","max-snippet":"max-snippet:-1","max-image-preview":"max-image-preview:large","max-video-preview":"max-video-preview:-1"},"canonical":"https:\/\/gregorydamy.niceavocats.fr\/it\/informacion-juridica\/","og_locale":"it_IT","og_type":"article","og_title":"Informaci\u00f3n jur\u00eddica - Soci\u00e9t\u00e9 d&#039;avocats Damy","og_description":"Si prega di leggere attentamente i presenti termini e condizioni delle note legali di utilizzo del sito Ma\u00eetre Gr\u00e9gory DAMY prima di navigare in questo sito.","og_url":"https:\/\/gregorydamy.niceavocats.fr\/it\/informacion-juridica\/","og_site_name":"Soci\u00e9t\u00e9 d&#039;avocats Damy","article_publisher":"https:\/\/www.facebook.com\/niceavocats.fr\/","article_modified_time":"2024-04-17T10:03:41+00:00","twitter_card":"summary_large_image","twitter_misc":{"Tempo di lettura stimato":"4 minuti"},"schema":{"@context":"https:\/\/schema.org","@graph":[{"@type":"WebPage","@id":"https:\/\/gregorydamy.niceavocats.fr\/it\/informacion-juridica\/","url":"https:\/\/gregorydamy.niceavocats.fr\/it\/informacion-juridica\/","name":"Informaci\u00f3n jur\u00eddica - Soci\u00e9t\u00e9 d&#039;avocats Damy","isPartOf":{"@id":"https:\/\/gregorydamy.niceavocats.fr\/it\/#website"},"datePublished":"2023-04-16T10:13:02+00:00","dateModified":"2024-04-17T10:03:41+00:00","description":"Si prega di leggere attentamente i presenti termini e condizioni delle note legali di utilizzo del sito Ma\u00eetre Gr\u00e9gory DAMY prima di navigare in questo sito.","breadcrumb":{"@id":"https:\/\/gregorydamy.niceavocats.fr\/it\/informacion-juridica\/#breadcrumb"},"inLanguage":"it-IT","potentialAction":[{"@type":"ReadAction","target":["https:\/\/gregorydamy.niceavocats.fr\/it\/informacion-juridica\/"]}]},{"@type":"BreadcrumbList","@id":"https:\/\/gregorydamy.niceavocats.fr\/it\/informacion-juridica\/#breadcrumb","itemListElement":[{"@type":"ListItem","position":1,"name":"Accueil","item":"https:\/\/gregorydamy.niceavocats.fr\/it\/"},{"@type":"ListItem","position":2,"name":"Informaci\u00f3n jur\u00eddica"}]},{"@type":"WebSite","@id":"https:\/\/gregorydamy.niceavocats.fr\/it\/#website","url":"https:\/\/gregorydamy.niceavocats.fr\/it\/","name":"Soci\u00e9t\u00e9 d&#039;avocats Damy","description":"Justice - Confiance - Efficacit\u00e9","publisher":{"@id":"https:\/\/gregorydamy.niceavocats.fr\/it\/#organization"},"potentialAction":[{"@type":"SearchAction","target":{"@type":"EntryPoint","urlTemplate":"https:\/\/gregorydamy.niceavocats.fr\/it\/?s={search_term_string}"},"query-input":{"@type":"PropertyValueSpecification","valueRequired":true,"valueName":"search_term_string"}}],"inLanguage":"it-IT"},{"@type":"Organization","@id":"https:\/\/gregorydamy.niceavocats.fr\/it\/#organization","name":"Soci\u00e9t\u00e9 d'Avocats DAMY","alternateName":"Gr\u00e9gory DAMY","url":"https:\/\/gregorydamy.niceavocats.fr\/it\/","logo":{"@type":"ImageObject","inLanguage":"it-IT","@id":"https:\/\/gregorydamy.niceavocats.fr\/it\/#\/schema\/logo\/image\/","url":"https:\/\/gregorydamy.niceavocats.fr\/wp-content\/uploads\/2023\/04\/damylogo-1.png","contentUrl":"https:\/\/gregorydamy.niceavocats.fr\/wp-content\/uploads\/2023\/04\/damylogo-1.png","width":1890,"height":1417,"caption":"Soci\u00e9t\u00e9 d'Avocats DAMY"},"image":{"@id":"https:\/\/gregorydamy.niceavocats.fr\/it\/#\/schema\/logo\/image\/"},"sameAs":["https:\/\/www.facebook.com\/niceavocats.fr\/"]}]}},"_links":{"self":[{"href":"https:\/\/gregorydamy.niceavocats.fr\/it\/wp-json\/wp\/v2\/pages\/16178","targetHints":{"allow":["GET"]}}],"collection":[{"href":"https:\/\/gregorydamy.niceavocats.fr\/it\/wp-json\/wp\/v2\/pages"}],"about":[{"href":"https:\/\/gregorydamy.niceavocats.fr\/it\/wp-json\/wp\/v2\/types\/page"}],"author":[{"embeddable":true,"href":"https:\/\/gregorydamy.niceavocats.fr\/it\/wp-json\/wp\/v2\/users\/2"}],"replies":[{"embeddable":true,"href":"https:\/\/gregorydamy.niceavocats.fr\/it\/wp-json\/wp\/v2\/comments?post=16178"}],"version-history":[{"count":0,"href":"https:\/\/gregorydamy.niceavocats.fr\/it\/wp-json\/wp\/v2\/pages\/16178\/revisions"}],"wp:attachment":[{"href":"https:\/\/gregorydamy.niceavocats.fr\/it\/wp-json\/wp\/v2\/media?parent=16178"}],"curies":[{"name":"wp","href":"https:\/\/api.w.org\/{rel}","templated":true}]}}