{"id":16170,"date":"2023-04-16T10:00:18","date_gmt":"2023-04-16T10:00:18","guid":{"rendered":"https:\/\/gregorydamy.niceavocats.fr\/?page_id=16170"},"modified":"2023-04-28T11:58:14","modified_gmt":"2023-04-28T11:58:14","slug":"tariffe","status":"publish","type":"page","link":"https:\/\/gregorydamy.niceavocats.fr\/it\/tariffe\/","title":{"rendered":"Tariffe"},"content":{"rendered":"<p>[et_pb_section fb_built=&#8221;1&#8243; custom_padding_last_edited=&#8221;on|phone&#8221; _builder_version=&#8221;4.20.2&#8243; background_enable_image=&#8221;off&#8221; custom_padding=&#8221;62px||||false|false&#8221; custom_padding_tablet=&#8221;150px||||false|false&#8221; custom_padding_phone=&#8221;125px||||false|false&#8221; box_shadow_style=&#8221;preset3&#8243; global_colors_info=&#8221;{}&#8221;][et_pb_row _builder_version=&#8221;4.16&#8243; global_colors_info=&#8221;{}&#8221;][et_pb_column type=&#8221;4_4&#8243; _builder_version=&#8221;4.16&#8243; global_colors_info=&#8221;{}&#8221;][et_pb_text _builder_version=&#8221;4.20.2&#8243; header_3_text_color=&#8221;#d5aa6d&#8221; text_orientation=&#8221;center&#8221; custom_margin=&#8221;||0px||false|false&#8221; global_colors_info=&#8221;{}&#8221;]<\/p>\n<h3>Informazioni trasparenti<\/h3>\n<p>[\/et_pb_text][et_pb_text _builder_version=&#8221;4.20.2&#8243; text_orientation=&#8221;center&#8221; background_layout=&#8221;dark&#8221; global_colors_info=&#8221;{}&#8221;]<\/p>\n<h1><span style=\"color: #333333;\">Le nostre tariffe<\/span><\/h1>\n<p>[\/et_pb_text][\/et_pb_column][\/et_pb_row][\/et_pb_section][et_pb_section fb_built=&#8221;1&#8243; _builder_version=&#8221;4.16&#8243; global_colors_info=&#8221;{}&#8221;][et_pb_row _builder_version=&#8221;4.16&#8243; global_colors_info=&#8221;{}&#8221;][et_pb_column type=&#8221;4_4&#8243; _builder_version=&#8221;4.16&#8243; global_colors_info=&#8221;{}&#8221;][et_pb_text _builder_version=&#8221;4.20.2&#8243; hover_enabled=&#8221;0&#8243; global_colors_info=&#8221;{}&#8221; sticky_enabled=&#8221;0&#8243;]<\/p>\n<div class=\"page-header\">\n<h3>Tasse<\/h3>\n<p>Le tariffe sono troppo spesso sconosciute, fraintese e di conseguenza percepite come arbitrarie. Le tariffe applicate dallo studio di Ma\u00eetre DAMY sono totalmente trasparenti.<\/p>\n<p>Dalla promulgazione della legge MACRON, il 6 agosto 2015, la convenzione di onorario tra l&#8217;avvocato e il suo cliente \u00e8 obbligatoria in tutte le materie e per tutti gli interventi.<\/p>\n<p>Lo studio ha accolto con favore l&#8217;entrata in vigore di questa legge perch\u00e9 la sua politica \u00e8 sempre stata quella di essere totalmente trasparente con i clienti fin dall&#8217;inizio, che \u00e8 il modo migliore per preservare un clima di fiducia.<\/p>\n<p>In linea di massima, gli onorari dello studio sono stabiliti in base al lavoro svolto e al tempo impiegato, due parametri che dipendono ovviamente dalla difficolt\u00e0 del caso, ma lo studio offre anche onorari forfettari o basati sul risultato.<\/p>\n<p>Gli onorari di DAMY si basano sul numero di ore di lavoro per ogni caso, vale a dire<br \/>&#8211; 360 \u20ac TTC \/ ora di lavoro.<\/p>\n<h3>CONDIZIONI DI FATTURAZIONE<\/h3>\n<p>I servizi dello Studio Legale DAMY saranno fatturati secondo i seguenti termini e condizioni:<br \/>&#8211; Per ogni procedura, viene fissato un anticipo iniziale in funzione dell&#8217;importanza prevedibile del caso;<br \/>&#8211; Lo studio vi far\u00e0 firmare un contratto di onorario perfettamente trasparente che riassumer\u00e0 i servizi di cui avrete bisogno e i relativi prezzi.<\/p>\n<h3>ONORARI E SPESE DI POSTULAZIONE IN AGGIUNTA AL COMPENSO<\/h3>\n<p>Per qualsiasi intervento davanti ai Tribunali di Grande Istanza di NIZZA, GRASSE, DRAGUIGNAN, TOULON, MARSIGLIA e AIX-EN-PROVENCE, il Cabinet DAMY applicher\u00e0 le spese legali derivanti dalla legge n. 71-1130 del 31 dicembre 1971, dal decreto 60-323 del 2 aprile 1960 e pi\u00f9 in generale dalle disposizioni della legge del 10 luglio 1991.<br \/>Per qualsiasi intervento davanti ai tribunali di primo grado al di fuori della giurisdizione della Corte d&#8217;appello di AIX-EN-PROVENCE, le spese e gli esborsi di postulazione saranno fatturati direttamente al cliente dal corrispondente scelto dal Cabinet DAMY.<\/p>\n<h3>SPESE DI RISULTATO, IN ACCORDO CON IL CLIENTE<\/h3>\n<p>Al termine della procedura o della chiusura del caso da parte del Gabinetto DAMY in occasione del completamento della sua missione, verr\u00e0 emessa una nota di onorario aggiuntiva che terr\u00e0 conto del risultato (se si tratta di un guadagno per il cliente o di una perdita che sar\u00e0 stata evitata). Questi onorari sono calcolati secondo una percentuale in linea con gli usi della professione per ogni tranche della somma in gioco e fatturati in accordo con il cliente.<\/p>\n<p>Naturalmente, il compenso per il risultato sar\u00e0 stato precedentemente accettato dal cliente nell&#8217;ambito del contratto di onorario.<\/p>\n<\/div>\n<p>[\/et_pb_text][\/et_pb_column][\/et_pb_row][\/et_pb_section]<\/p>\n","protected":false},"excerpt":{"rendered":"<p>Informazioni trasparentiLe nostre tariffe Tasse Le tariffe sono troppo spesso sconosciute, fraintese e di conseguenza percepite come arbitrarie. Le tariffe applicate dallo studio di Ma\u00eetre DAMY sono totalmente trasparenti. Dalla promulgazione della legge MACRON, il 6 agosto 2015, la convenzione di onorario tra l&#8217;avvocato e il suo cliente \u00e8 obbligatoria in tutte le materie e [&hellip;]<\/p>\n","protected":false},"author":2,"featured_media":0,"parent":0,"menu_order":0,"comment_status":"closed","ping_status":"closed","template":"","meta":{"_et_pb_use_builder":"on","_et_pb_old_content":"","_et_gb_content_width":"","footnotes":""},"class_list":["post-16170","page","type-page","status-publish","hentry"],"yoast_head":"<!-- This site is optimized with the Yoast SEO plugin v26.8 - https:\/\/yoast.com\/product\/yoast-seo-wordpress\/ -->\n<title>Tariffe - Soci\u00e9t\u00e9 d&#039;avocats Damy<\/title>\n<meta name=\"robots\" content=\"index, follow, max-snippet:-1, max-image-preview:large, max-video-preview:-1\" \/>\n<link rel=\"canonical\" href=\"https:\/\/gregorydamy.niceavocats.fr\/it\/tariffe\/\" \/>\n<meta property=\"og:locale\" content=\"it_IT\" \/>\n<meta property=\"og:type\" content=\"article\" \/>\n<meta property=\"og:title\" content=\"Tariffe - Soci\u00e9t\u00e9 d&#039;avocats Damy\" \/>\n<meta property=\"og:description\" content=\"Informazioni trasparentiLe nostre tariffe Tasse Le tariffe sono troppo spesso sconosciute, fraintese e di conseguenza percepite come arbitrarie. Le tariffe applicate dallo studio di Ma\u00eetre DAMY sono totalmente trasparenti. Dalla promulgazione della legge MACRON, il 6 agosto 2015, la convenzione di onorario tra l&#039;avvocato e il suo cliente \u00e8 obbligatoria in tutte le materie e [&hellip;]\" \/>\n<meta property=\"og:url\" content=\"https:\/\/gregorydamy.niceavocats.fr\/it\/tariffe\/\" \/>\n<meta property=\"og:site_name\" content=\"Soci\u00e9t\u00e9 d&#039;avocats Damy\" \/>\n<meta property=\"article:publisher\" content=\"https:\/\/www.facebook.com\/niceavocats.fr\/\" \/>\n<meta property=\"article:modified_time\" content=\"2023-04-28T11:58:14+00:00\" \/>\n<meta name=\"twitter:card\" content=\"summary_large_image\" \/>\n<script type=\"application\/ld+json\" class=\"yoast-schema-graph\">{\"@context\":\"https:\/\/schema.org\",\"@graph\":[{\"@type\":\"WebPage\",\"@id\":\"https:\/\/gregorydamy.niceavocats.fr\/it\/tariffe\/\",\"url\":\"https:\/\/gregorydamy.niceavocats.fr\/it\/tariffe\/\",\"name\":\"Tariffe - Soci\u00e9t\u00e9 d&#039;avocats Damy\",\"isPartOf\":{\"@id\":\"https:\/\/gregorydamy.niceavocats.fr\/it\/#website\"},\"datePublished\":\"2023-04-16T10:00:18+00:00\",\"dateModified\":\"2023-04-28T11:58:14+00:00\",\"breadcrumb\":{\"@id\":\"https:\/\/gregorydamy.niceavocats.fr\/it\/tariffe\/#breadcrumb\"},\"inLanguage\":\"it-IT\",\"potentialAction\":[{\"@type\":\"ReadAction\",\"target\":[\"https:\/\/gregorydamy.niceavocats.fr\/it\/tariffe\/\"]}]},{\"@type\":\"BreadcrumbList\",\"@id\":\"https:\/\/gregorydamy.niceavocats.fr\/it\/tariffe\/#breadcrumb\",\"itemListElement\":[{\"@type\":\"ListItem\",\"position\":1,\"name\":\"Accueil\",\"item\":\"https:\/\/gregorydamy.niceavocats.fr\/it\/\"},{\"@type\":\"ListItem\",\"position\":2,\"name\":\"Tariffe\"}]},{\"@type\":\"WebSite\",\"@id\":\"https:\/\/gregorydamy.niceavocats.fr\/it\/#website\",\"url\":\"https:\/\/gregorydamy.niceavocats.fr\/it\/\",\"name\":\"Soci\u00e9t\u00e9 d&#039;avocats Damy\",\"description\":\"Justice - Confiance - Efficacit\u00e9\",\"publisher\":{\"@id\":\"https:\/\/gregorydamy.niceavocats.fr\/it\/#organization\"},\"potentialAction\":[{\"@type\":\"SearchAction\",\"target\":{\"@type\":\"EntryPoint\",\"urlTemplate\":\"https:\/\/gregorydamy.niceavocats.fr\/it\/?s={search_term_string}\"},\"query-input\":{\"@type\":\"PropertyValueSpecification\",\"valueRequired\":true,\"valueName\":\"search_term_string\"}}],\"inLanguage\":\"it-IT\"},{\"@type\":\"Organization\",\"@id\":\"https:\/\/gregorydamy.niceavocats.fr\/it\/#organization\",\"name\":\"Soci\u00e9t\u00e9 d'Avocats DAMY\",\"alternateName\":\"Gr\u00e9gory DAMY\",\"url\":\"https:\/\/gregorydamy.niceavocats.fr\/it\/\",\"logo\":{\"@type\":\"ImageObject\",\"inLanguage\":\"it-IT\",\"@id\":\"https:\/\/gregorydamy.niceavocats.fr\/it\/#\/schema\/logo\/image\/\",\"url\":\"https:\/\/gregorydamy.niceavocats.fr\/wp-content\/uploads\/2023\/04\/damylogo-1.png\",\"contentUrl\":\"https:\/\/gregorydamy.niceavocats.fr\/wp-content\/uploads\/2023\/04\/damylogo-1.png\",\"width\":1890,\"height\":1417,\"caption\":\"Soci\u00e9t\u00e9 d'Avocats DAMY\"},\"image\":{\"@id\":\"https:\/\/gregorydamy.niceavocats.fr\/it\/#\/schema\/logo\/image\/\"},\"sameAs\":[\"https:\/\/www.facebook.com\/niceavocats.fr\/\"]}]}<\/script>\n<!-- \/ Yoast SEO plugin. -->","yoast_head_json":{"title":"Tariffe - Soci\u00e9t\u00e9 d&#039;avocats Damy","robots":{"index":"index","follow":"follow","max-snippet":"max-snippet:-1","max-image-preview":"max-image-preview:large","max-video-preview":"max-video-preview:-1"},"canonical":"https:\/\/gregorydamy.niceavocats.fr\/it\/tariffe\/","og_locale":"it_IT","og_type":"article","og_title":"Tariffe - Soci\u00e9t\u00e9 d&#039;avocats Damy","og_description":"Informazioni trasparentiLe nostre tariffe Tasse Le tariffe sono troppo spesso sconosciute, fraintese e di conseguenza percepite come arbitrarie. Le tariffe applicate dallo studio di Ma\u00eetre DAMY sono totalmente trasparenti. Dalla promulgazione della legge MACRON, il 6 agosto 2015, la convenzione di onorario tra l'avvocato e il suo cliente \u00e8 obbligatoria in tutte le materie e [&hellip;]","og_url":"https:\/\/gregorydamy.niceavocats.fr\/it\/tariffe\/","og_site_name":"Soci\u00e9t\u00e9 d&#039;avocats Damy","article_publisher":"https:\/\/www.facebook.com\/niceavocats.fr\/","article_modified_time":"2023-04-28T11:58:14+00:00","twitter_card":"summary_large_image","schema":{"@context":"https:\/\/schema.org","@graph":[{"@type":"WebPage","@id":"https:\/\/gregorydamy.niceavocats.fr\/it\/tariffe\/","url":"https:\/\/gregorydamy.niceavocats.fr\/it\/tariffe\/","name":"Tariffe - Soci\u00e9t\u00e9 d&#039;avocats Damy","isPartOf":{"@id":"https:\/\/gregorydamy.niceavocats.fr\/it\/#website"},"datePublished":"2023-04-16T10:00:18+00:00","dateModified":"2023-04-28T11:58:14+00:00","breadcrumb":{"@id":"https:\/\/gregorydamy.niceavocats.fr\/it\/tariffe\/#breadcrumb"},"inLanguage":"it-IT","potentialAction":[{"@type":"ReadAction","target":["https:\/\/gregorydamy.niceavocats.fr\/it\/tariffe\/"]}]},{"@type":"BreadcrumbList","@id":"https:\/\/gregorydamy.niceavocats.fr\/it\/tariffe\/#breadcrumb","itemListElement":[{"@type":"ListItem","position":1,"name":"Accueil","item":"https:\/\/gregorydamy.niceavocats.fr\/it\/"},{"@type":"ListItem","position":2,"name":"Tariffe"}]},{"@type":"WebSite","@id":"https:\/\/gregorydamy.niceavocats.fr\/it\/#website","url":"https:\/\/gregorydamy.niceavocats.fr\/it\/","name":"Soci\u00e9t\u00e9 d&#039;avocats Damy","description":"Justice - Confiance - Efficacit\u00e9","publisher":{"@id":"https:\/\/gregorydamy.niceavocats.fr\/it\/#organization"},"potentialAction":[{"@type":"SearchAction","target":{"@type":"EntryPoint","urlTemplate":"https:\/\/gregorydamy.niceavocats.fr\/it\/?s={search_term_string}"},"query-input":{"@type":"PropertyValueSpecification","valueRequired":true,"valueName":"search_term_string"}}],"inLanguage":"it-IT"},{"@type":"Organization","@id":"https:\/\/gregorydamy.niceavocats.fr\/it\/#organization","name":"Soci\u00e9t\u00e9 d'Avocats DAMY","alternateName":"Gr\u00e9gory DAMY","url":"https:\/\/gregorydamy.niceavocats.fr\/it\/","logo":{"@type":"ImageObject","inLanguage":"it-IT","@id":"https:\/\/gregorydamy.niceavocats.fr\/it\/#\/schema\/logo\/image\/","url":"https:\/\/gregorydamy.niceavocats.fr\/wp-content\/uploads\/2023\/04\/damylogo-1.png","contentUrl":"https:\/\/gregorydamy.niceavocats.fr\/wp-content\/uploads\/2023\/04\/damylogo-1.png","width":1890,"height":1417,"caption":"Soci\u00e9t\u00e9 d'Avocats DAMY"},"image":{"@id":"https:\/\/gregorydamy.niceavocats.fr\/it\/#\/schema\/logo\/image\/"},"sameAs":["https:\/\/www.facebook.com\/niceavocats.fr\/"]}]}},"_links":{"self":[{"href":"https:\/\/gregorydamy.niceavocats.fr\/it\/wp-json\/wp\/v2\/pages\/16170","targetHints":{"allow":["GET"]}}],"collection":[{"href":"https:\/\/gregorydamy.niceavocats.fr\/it\/wp-json\/wp\/v2\/pages"}],"about":[{"href":"https:\/\/gregorydamy.niceavocats.fr\/it\/wp-json\/wp\/v2\/types\/page"}],"author":[{"embeddable":true,"href":"https:\/\/gregorydamy.niceavocats.fr\/it\/wp-json\/wp\/v2\/users\/2"}],"replies":[{"embeddable":true,"href":"https:\/\/gregorydamy.niceavocats.fr\/it\/wp-json\/wp\/v2\/comments?post=16170"}],"version-history":[{"count":0,"href":"https:\/\/gregorydamy.niceavocats.fr\/it\/wp-json\/wp\/v2\/pages\/16170\/revisions"}],"wp:attachment":[{"href":"https:\/\/gregorydamy.niceavocats.fr\/it\/wp-json\/wp\/v2\/media?parent=16170"}],"curies":[{"name":"wp","href":"https:\/\/api.w.org\/{rel}","templated":true}]}}