{"id":12466,"date":"2023-04-01T10:57:37","date_gmt":"2023-04-01T10:57:37","guid":{"rendered":"https:\/\/gregorydamy.niceavocats.fr\/?post_type=product&#038;p=12466"},"modified":"2023-05-05T18:04:49","modified_gmt":"2023-05-05T18:04:49","slug":"declaracion-en-la-secretaria-del-tribunal-de-justicia-de-las-comunidades-europeas-relativa-a-la-proximidad-del-organo-jurisdiccional","status":"publish","type":"product","link":"https:\/\/gregorydamy.niceavocats.fr\/es\/produit\/declaracion-en-la-secretaria-del-tribunal-de-justicia-de-las-comunidades-europeas-relativa-a-la-proximidad-del-organo-jurisdiccional\/","title":{"rendered":"Declaraci\u00f3n en la Secretar\u00eda del Tribunal de Justicia de las Comunidades Europeas relativa a la proximidad del \u00f3rgano jurisdiccional"},"content":{"rendered":"<p>Cualquier persona puede presentar una demanda ante el tribunal local, mediante una declaraci\u00f3n en el registro (art\u00edculo 847-1, 1406, 1425-1, del C\u00f3digo de Procedimiento Civil, art\u00edculo L. 331-2-1 del C\u00f3digo de Organizaci\u00f3n Judicial) para las siguientes controversias: litigios personales y muebles por debajo de 4.000 euros. Los litigios relativos a la devoluci\u00f3n de fianzas (com\u00fanmente denominadas &#8220;fianzas&#8221;, depositadas en el momento de la firma del contrato de arrendamiento de una vivienda) inferiores a 4.000 euros. Los litigios relativos al cumplimiento de obligaciones inferiores a 4.000 euros. procesos monitorios procedimientos de requerimiento El juez local con competencia territorial es, en principio, el del domicilio del demandado. No obstante, los litigios relativos a los bienes inmuebles (como los relativos al dep\u00f3sito) se someten al tribunal del lugar en que se encuentran los bienes de que se trate. En materia de requerimiento de pago, el \u00f3rgano jurisdiccional competente es el del domicilio del deudor. En materia de obligaci\u00f3n de hacer, la competencia corresponde a la elecci\u00f3n, al tribunal del lugar de residencia del demandado o al tribunal del lugar de cumplimiento de la obligaci\u00f3n. El procedimiento es oral. La remisi\u00f3n se realiza por simple entrega en el Registro Civil o por correo certificado con acuse de recibo. En NIZA, la oficina del tribunal local est\u00e1 situada en el Palacio Rusca, frente al palacio de justicia. La forma de la declaraci\u00f3n al registro debe cumplir con los requisitos de los art\u00edculos 58 y 847-1, p\u00e1rrafo 2, del Nuevo C\u00f3digo de Procedimiento Civil, bajo pena de nulidad. Por eso le ofrecemos un modelo que cumple con los requisitos legales, para que no se encuentre con el rechazo de su solicitud.<\/p>\n","protected":false},"excerpt":{"rendered":"<p>Cualquier persona puede presentar una demanda ante el tribunal local, mediante una declaraci\u00f3n en el registro (art\u00edculo 847-1, 1406, 1425-1, del C\u00f3digo de Procedimiento Civil, art\u00edculo L. 331-2-1 del C\u00f3digo de Organizaci\u00f3n Judicial) para las siguientes controversias: litigios personales y muebles por debajo de 4.000 euros. Los litigios relativos a la devoluci\u00f3n de fianzas (com\u00fanmente [&hellip;]<\/p>\n","protected":false},"featured_media":17019,"comment_status":"open","ping_status":"closed","template":"","meta":{"_et_pb_use_builder":"","_et_pb_old_content":"","_et_gb_content_width":""},"product_brand":[],"product_cat":[345],"product_tag":[],"class_list":{"0":"post-12466","1":"product","2":"type-product","3":"status-publish","4":"has-post-thumbnail","6":"product_cat-actos-procesales","8":"first","9":"instock","10":"downloadable","11":"taxable","12":"shipping-taxable","13":"purchasable","14":"product-type-simple"},"yoast_head":"<!-- This site is optimized with the Yoast SEO plugin v26.8 - https:\/\/yoast.com\/product\/yoast-seo-wordpress\/ -->\n<title>Declaraci\u00f3n en la Secretar\u00eda del Tribunal de Justicia de las Comunidades Europeas relativa a la proximidad del \u00f3rgano jurisdiccional - Soci\u00e9t\u00e9 d&#039;avocats Damy<\/title>\n<meta name=\"robots\" content=\"index, follow, max-snippet:-1, max-image-preview:large, max-video-preview:-1\" \/>\n<link rel=\"canonical\" href=\"https:\/\/gregorydamy.niceavocats.fr\/es\/produit\/declaracion-en-la-secretaria-del-tribunal-de-justicia-de-las-comunidades-europeas-relativa-a-la-proximidad-del-organo-jurisdiccional\/\" \/>\n<meta property=\"og:locale\" content=\"es_ES\" \/>\n<meta property=\"og:type\" content=\"article\" \/>\n<meta property=\"og:title\" content=\"Declaraci\u00f3n en la Secretar\u00eda del Tribunal de Justicia de las Comunidades Europeas relativa a la proximidad del \u00f3rgano jurisdiccional - Soci\u00e9t\u00e9 d&#039;avocats Damy\" \/>\n<meta property=\"og:description\" content=\"Cualquier persona puede presentar una demanda ante el tribunal local, mediante una declaraci\u00f3n en el registro (art\u00edculo 847-1, 1406, 1425-1, del C\u00f3digo de Procedimiento Civil, art\u00edculo L. 331-2-1 del C\u00f3digo de Organizaci\u00f3n Judicial) para las siguientes controversias: litigios personales y muebles por debajo de 4.000 euros. Los litigios relativos a la devoluci\u00f3n de fianzas (com\u00fanmente [&hellip;]\" \/>\n<meta property=\"og:url\" content=\"https:\/\/gregorydamy.niceavocats.fr\/es\/produit\/declaracion-en-la-secretaria-del-tribunal-de-justicia-de-las-comunidades-europeas-relativa-a-la-proximidad-del-organo-jurisdiccional\/\" \/>\n<meta property=\"og:site_name\" content=\"Soci\u00e9t\u00e9 d&#039;avocats Damy\" \/>\n<meta property=\"article:publisher\" content=\"https:\/\/www.facebook.com\/niceavocats.fr\/\" \/>\n<meta property=\"article:modified_time\" content=\"2023-05-05T18:04:49+00:00\" \/>\n<meta property=\"og:image\" content=\"https:\/\/gregorydamy.niceavocats.fr\/wp-content\/uploads\/2023\/04\/formulaires.png\" \/>\n\t<meta property=\"og:image:width\" content=\"2048\" \/>\n\t<meta property=\"og:image:height\" content=\"1536\" \/>\n\t<meta property=\"og:image:type\" content=\"image\/png\" \/>\n<meta name=\"twitter:card\" content=\"summary_large_image\" \/>\n<meta name=\"twitter:label1\" content=\"Tiempo de lectura\" \/>\n\t<meta name=\"twitter:data1\" content=\"1 minuto\" \/>\n<script type=\"application\/ld+json\" class=\"yoast-schema-graph\">{\"@context\":\"https:\/\/schema.org\",\"@graph\":[{\"@type\":\"WebPage\",\"@id\":\"https:\/\/gregorydamy.niceavocats.fr\/es\/produit\/declaracion-en-la-secretaria-del-tribunal-de-justicia-de-las-comunidades-europeas-relativa-a-la-proximidad-del-organo-jurisdiccional\/\",\"url\":\"https:\/\/gregorydamy.niceavocats.fr\/es\/produit\/declaracion-en-la-secretaria-del-tribunal-de-justicia-de-las-comunidades-europeas-relativa-a-la-proximidad-del-organo-jurisdiccional\/\",\"name\":\"Declaraci\u00f3n en la Secretar\u00eda del Tribunal de Justicia de las Comunidades Europeas relativa a la proximidad del \u00f3rgano jurisdiccional - Soci\u00e9t\u00e9 d&#039;avocats Damy\",\"isPartOf\":{\"@id\":\"https:\/\/gregorydamy.niceavocats.fr\/es\/#website\"},\"primaryImageOfPage\":{\"@id\":\"https:\/\/gregorydamy.niceavocats.fr\/es\/produit\/declaracion-en-la-secretaria-del-tribunal-de-justicia-de-las-comunidades-europeas-relativa-a-la-proximidad-del-organo-jurisdiccional\/#primaryimage\"},\"image\":{\"@id\":\"https:\/\/gregorydamy.niceavocats.fr\/es\/produit\/declaracion-en-la-secretaria-del-tribunal-de-justicia-de-las-comunidades-europeas-relativa-a-la-proximidad-del-organo-jurisdiccional\/#primaryimage\"},\"thumbnailUrl\":\"https:\/\/gregorydamy.niceavocats.fr\/wp-content\/uploads\/2023\/04\/formulaires.png\",\"datePublished\":\"2023-04-01T10:57:37+00:00\",\"dateModified\":\"2023-05-05T18:04:49+00:00\",\"breadcrumb\":{\"@id\":\"https:\/\/gregorydamy.niceavocats.fr\/es\/produit\/declaracion-en-la-secretaria-del-tribunal-de-justicia-de-las-comunidades-europeas-relativa-a-la-proximidad-del-organo-jurisdiccional\/#breadcrumb\"},\"inLanguage\":\"es\",\"potentialAction\":[{\"@type\":\"ReadAction\",\"target\":[\"https:\/\/gregorydamy.niceavocats.fr\/es\/produit\/declaracion-en-la-secretaria-del-tribunal-de-justicia-de-las-comunidades-europeas-relativa-a-la-proximidad-del-organo-jurisdiccional\/\"]}]},{\"@type\":\"ImageObject\",\"inLanguage\":\"es\",\"@id\":\"https:\/\/gregorydamy.niceavocats.fr\/es\/produit\/declaracion-en-la-secretaria-del-tribunal-de-justicia-de-las-comunidades-europeas-relativa-a-la-proximidad-del-organo-jurisdiccional\/#primaryimage\",\"url\":\"https:\/\/gregorydamy.niceavocats.fr\/wp-content\/uploads\/2023\/04\/formulaires.png\",\"contentUrl\":\"https:\/\/gregorydamy.niceavocats.fr\/wp-content\/uploads\/2023\/04\/formulaires.png\",\"width\":2048,\"height\":1536,\"caption\":\"Votre avocat \u00e0 Nice vous propose des mod\u00e8les d'actes et vous conseille sur leurs utilisation.\"},{\"@type\":\"BreadcrumbList\",\"@id\":\"https:\/\/gregorydamy.niceavocats.fr\/es\/produit\/declaracion-en-la-secretaria-del-tribunal-de-justicia-de-las-comunidades-europeas-relativa-a-la-proximidad-del-organo-jurisdiccional\/#breadcrumb\",\"itemListElement\":[{\"@type\":\"ListItem\",\"position\":1,\"name\":\"Accueil\",\"item\":\"https:\/\/gregorydamy.niceavocats.fr\/es\/\"},{\"@type\":\"ListItem\",\"position\":2,\"name\":\"Boutique\",\"item\":\"https:\/\/gregorydamy.niceavocats.fr\/boutique\/\"},{\"@type\":\"ListItem\",\"position\":3,\"name\":\"Declaraci\u00f3n en la Secretar\u00eda del Tribunal de Justicia de las Comunidades Europeas relativa a la proximidad del \u00f3rgano jurisdiccional\"}]},{\"@type\":\"WebSite\",\"@id\":\"https:\/\/gregorydamy.niceavocats.fr\/es\/#website\",\"url\":\"https:\/\/gregorydamy.niceavocats.fr\/es\/\",\"name\":\"Soci\u00e9t\u00e9 d&#039;avocats Damy\",\"description\":\"Justice - Confiance - Efficacit\u00e9\",\"publisher\":{\"@id\":\"https:\/\/gregorydamy.niceavocats.fr\/es\/#organization\"},\"potentialAction\":[{\"@type\":\"SearchAction\",\"target\":{\"@type\":\"EntryPoint\",\"urlTemplate\":\"https:\/\/gregorydamy.niceavocats.fr\/es\/?s={search_term_string}\"},\"query-input\":{\"@type\":\"PropertyValueSpecification\",\"valueRequired\":true,\"valueName\":\"search_term_string\"}}],\"inLanguage\":\"es\"},{\"@type\":\"Organization\",\"@id\":\"https:\/\/gregorydamy.niceavocats.fr\/es\/#organization\",\"name\":\"Soci\u00e9t\u00e9 d'Avocats DAMY\",\"alternateName\":\"Gr\u00e9gory DAMY\",\"url\":\"https:\/\/gregorydamy.niceavocats.fr\/es\/\",\"logo\":{\"@type\":\"ImageObject\",\"inLanguage\":\"es\",\"@id\":\"https:\/\/gregorydamy.niceavocats.fr\/es\/#\/schema\/logo\/image\/\",\"url\":\"https:\/\/gregorydamy.niceavocats.fr\/wp-content\/uploads\/2023\/04\/damylogo-1.png\",\"contentUrl\":\"https:\/\/gregorydamy.niceavocats.fr\/wp-content\/uploads\/2023\/04\/damylogo-1.png\",\"width\":1890,\"height\":1417,\"caption\":\"Soci\u00e9t\u00e9 d'Avocats DAMY\"},\"image\":{\"@id\":\"https:\/\/gregorydamy.niceavocats.fr\/es\/#\/schema\/logo\/image\/\"},\"sameAs\":[\"https:\/\/www.facebook.com\/niceavocats.fr\/\"]}]}<\/script>\n<!-- \/ Yoast SEO plugin. -->","yoast_head_json":{"title":"Declaraci\u00f3n en la Secretar\u00eda del Tribunal de Justicia de las Comunidades Europeas relativa a la proximidad del \u00f3rgano jurisdiccional - Soci\u00e9t\u00e9 d&#039;avocats Damy","robots":{"index":"index","follow":"follow","max-snippet":"max-snippet:-1","max-image-preview":"max-image-preview:large","max-video-preview":"max-video-preview:-1"},"canonical":"https:\/\/gregorydamy.niceavocats.fr\/es\/produit\/declaracion-en-la-secretaria-del-tribunal-de-justicia-de-las-comunidades-europeas-relativa-a-la-proximidad-del-organo-jurisdiccional\/","og_locale":"es_ES","og_type":"article","og_title":"Declaraci\u00f3n en la Secretar\u00eda del Tribunal de Justicia de las Comunidades Europeas relativa a la proximidad del \u00f3rgano jurisdiccional - Soci\u00e9t\u00e9 d&#039;avocats Damy","og_description":"Cualquier persona puede presentar una demanda ante el tribunal local, mediante una declaraci\u00f3n en el registro (art\u00edculo 847-1, 1406, 1425-1, del C\u00f3digo de Procedimiento Civil, art\u00edculo L. 331-2-1 del C\u00f3digo de Organizaci\u00f3n Judicial) para las siguientes controversias: litigios personales y muebles por debajo de 4.000 euros. Los litigios relativos a la devoluci\u00f3n de fianzas (com\u00fanmente [&hellip;]","og_url":"https:\/\/gregorydamy.niceavocats.fr\/es\/produit\/declaracion-en-la-secretaria-del-tribunal-de-justicia-de-las-comunidades-europeas-relativa-a-la-proximidad-del-organo-jurisdiccional\/","og_site_name":"Soci\u00e9t\u00e9 d&#039;avocats Damy","article_publisher":"https:\/\/www.facebook.com\/niceavocats.fr\/","article_modified_time":"2023-05-05T18:04:49+00:00","og_image":[{"width":2048,"height":1536,"url":"https:\/\/gregorydamy.niceavocats.fr\/wp-content\/uploads\/2023\/04\/formulaires.png","type":"image\/png"}],"twitter_card":"summary_large_image","twitter_misc":{"Tiempo de lectura":"1 minuto"},"schema":{"@context":"https:\/\/schema.org","@graph":[{"@type":"WebPage","@id":"https:\/\/gregorydamy.niceavocats.fr\/es\/produit\/declaracion-en-la-secretaria-del-tribunal-de-justicia-de-las-comunidades-europeas-relativa-a-la-proximidad-del-organo-jurisdiccional\/","url":"https:\/\/gregorydamy.niceavocats.fr\/es\/produit\/declaracion-en-la-secretaria-del-tribunal-de-justicia-de-las-comunidades-europeas-relativa-a-la-proximidad-del-organo-jurisdiccional\/","name":"Declaraci\u00f3n en la Secretar\u00eda del Tribunal de Justicia de las Comunidades Europeas relativa a la proximidad del \u00f3rgano jurisdiccional - Soci\u00e9t\u00e9 d&#039;avocats Damy","isPartOf":{"@id":"https:\/\/gregorydamy.niceavocats.fr\/es\/#website"},"primaryImageOfPage":{"@id":"https:\/\/gregorydamy.niceavocats.fr\/es\/produit\/declaracion-en-la-secretaria-del-tribunal-de-justicia-de-las-comunidades-europeas-relativa-a-la-proximidad-del-organo-jurisdiccional\/#primaryimage"},"image":{"@id":"https:\/\/gregorydamy.niceavocats.fr\/es\/produit\/declaracion-en-la-secretaria-del-tribunal-de-justicia-de-las-comunidades-europeas-relativa-a-la-proximidad-del-organo-jurisdiccional\/#primaryimage"},"thumbnailUrl":"https:\/\/gregorydamy.niceavocats.fr\/wp-content\/uploads\/2023\/04\/formulaires.png","datePublished":"2023-04-01T10:57:37+00:00","dateModified":"2023-05-05T18:04:49+00:00","breadcrumb":{"@id":"https:\/\/gregorydamy.niceavocats.fr\/es\/produit\/declaracion-en-la-secretaria-del-tribunal-de-justicia-de-las-comunidades-europeas-relativa-a-la-proximidad-del-organo-jurisdiccional\/#breadcrumb"},"inLanguage":"es","potentialAction":[{"@type":"ReadAction","target":["https:\/\/gregorydamy.niceavocats.fr\/es\/produit\/declaracion-en-la-secretaria-del-tribunal-de-justicia-de-las-comunidades-europeas-relativa-a-la-proximidad-del-organo-jurisdiccional\/"]}]},{"@type":"ImageObject","inLanguage":"es","@id":"https:\/\/gregorydamy.niceavocats.fr\/es\/produit\/declaracion-en-la-secretaria-del-tribunal-de-justicia-de-las-comunidades-europeas-relativa-a-la-proximidad-del-organo-jurisdiccional\/#primaryimage","url":"https:\/\/gregorydamy.niceavocats.fr\/wp-content\/uploads\/2023\/04\/formulaires.png","contentUrl":"https:\/\/gregorydamy.niceavocats.fr\/wp-content\/uploads\/2023\/04\/formulaires.png","width":2048,"height":1536,"caption":"Votre avocat \u00e0 Nice vous propose des mod\u00e8les d'actes et vous conseille sur leurs utilisation."},{"@type":"BreadcrumbList","@id":"https:\/\/gregorydamy.niceavocats.fr\/es\/produit\/declaracion-en-la-secretaria-del-tribunal-de-justicia-de-las-comunidades-europeas-relativa-a-la-proximidad-del-organo-jurisdiccional\/#breadcrumb","itemListElement":[{"@type":"ListItem","position":1,"name":"Accueil","item":"https:\/\/gregorydamy.niceavocats.fr\/es\/"},{"@type":"ListItem","position":2,"name":"Boutique","item":"https:\/\/gregorydamy.niceavocats.fr\/boutique\/"},{"@type":"ListItem","position":3,"name":"Declaraci\u00f3n en la Secretar\u00eda del Tribunal de Justicia de las Comunidades Europeas relativa a la proximidad del \u00f3rgano jurisdiccional"}]},{"@type":"WebSite","@id":"https:\/\/gregorydamy.niceavocats.fr\/es\/#website","url":"https:\/\/gregorydamy.niceavocats.fr\/es\/","name":"Soci\u00e9t\u00e9 d&#039;avocats Damy","description":"Justice - Confiance - Efficacit\u00e9","publisher":{"@id":"https:\/\/gregorydamy.niceavocats.fr\/es\/#organization"},"potentialAction":[{"@type":"SearchAction","target":{"@type":"EntryPoint","urlTemplate":"https:\/\/gregorydamy.niceavocats.fr\/es\/?s={search_term_string}"},"query-input":{"@type":"PropertyValueSpecification","valueRequired":true,"valueName":"search_term_string"}}],"inLanguage":"es"},{"@type":"Organization","@id":"https:\/\/gregorydamy.niceavocats.fr\/es\/#organization","name":"Soci\u00e9t\u00e9 d'Avocats DAMY","alternateName":"Gr\u00e9gory DAMY","url":"https:\/\/gregorydamy.niceavocats.fr\/es\/","logo":{"@type":"ImageObject","inLanguage":"es","@id":"https:\/\/gregorydamy.niceavocats.fr\/es\/#\/schema\/logo\/image\/","url":"https:\/\/gregorydamy.niceavocats.fr\/wp-content\/uploads\/2023\/04\/damylogo-1.png","contentUrl":"https:\/\/gregorydamy.niceavocats.fr\/wp-content\/uploads\/2023\/04\/damylogo-1.png","width":1890,"height":1417,"caption":"Soci\u00e9t\u00e9 d'Avocats DAMY"},"image":{"@id":"https:\/\/gregorydamy.niceavocats.fr\/es\/#\/schema\/logo\/image\/"},"sameAs":["https:\/\/www.facebook.com\/niceavocats.fr\/"]}]}},"_links":{"self":[{"href":"https:\/\/gregorydamy.niceavocats.fr\/es\/wp-json\/wp\/v2\/product\/12466","targetHints":{"allow":["GET"]}}],"collection":[{"href":"https:\/\/gregorydamy.niceavocats.fr\/es\/wp-json\/wp\/v2\/product"}],"about":[{"href":"https:\/\/gregorydamy.niceavocats.fr\/es\/wp-json\/wp\/v2\/types\/product"}],"replies":[{"embeddable":true,"href":"https:\/\/gregorydamy.niceavocats.fr\/es\/wp-json\/wp\/v2\/comments?post=12466"}],"wp:featuredmedia":[{"embeddable":true,"href":"https:\/\/gregorydamy.niceavocats.fr\/es\/wp-json\/wp\/v2\/media\/17019"}],"wp:attachment":[{"href":"https:\/\/gregorydamy.niceavocats.fr\/es\/wp-json\/wp\/v2\/media?parent=12466"}],"wp:term":[{"taxonomy":"product_brand","embeddable":true,"href":"https:\/\/gregorydamy.niceavocats.fr\/es\/wp-json\/wp\/v2\/product_brand?post=12466"},{"taxonomy":"product_cat","embeddable":true,"href":"https:\/\/gregorydamy.niceavocats.fr\/es\/wp-json\/wp\/v2\/product_cat?post=12466"},{"taxonomy":"product_tag","embeddable":true,"href":"https:\/\/gregorydamy.niceavocats.fr\/es\/wp-json\/wp\/v2\/product_tag?post=12466"}],"curies":[{"name":"wp","href":"https:\/\/api.w.org\/{rel}","templated":true}]}}