{"id":12299,"date":"2023-04-01T09:01:30","date_gmt":"2023-04-01T09:01:30","guid":{"rendered":"https:\/\/gregorydamy.niceavocats.fr\/?post_type=product&#038;p=12299"},"modified":"2023-05-05T18:07:52","modified_gmt":"2023-05-05T18:07:52","slug":"junta-general-de-accionistas-de-ampliacion-de-capital-por-incorporacion-de-cuenta-corriente","status":"publish","type":"product","link":"https:\/\/gregorydamy.niceavocats.fr\/es\/produit\/junta-general-de-accionistas-de-ampliacion-de-capital-por-incorporacion-de-cuenta-corriente\/","title":{"rendered":"Junta General de Accionistas de ampliaci\u00f3n de capital por incorporaci\u00f3n de cuenta corriente"},"content":{"rendered":"<p>Con el fin de mejorar el flujo de caja de una empresa, los socios pueden decidir aumentar el capital mediante la incorporaci\u00f3n de su cuenta corriente. La cuenta corriente es un adelanto de dinero que el socio hace a la empresa. Se utiliza aqu\u00ed como m\u00e9todo de financiaci\u00f3n o refinanciaci\u00f3n de la empresa. En la pr\u00e1ctica, esta incorporaci\u00f3n se realiza mediante una contribuci\u00f3n en efectivo, es decir, mediante la contribuci\u00f3n de dinero aportado a los fondos sociales por los socios, o mediante el mantenimiento dentro de la empresa de sumas normalmente debidas a los socios en concepto de remuneraci\u00f3n o dividendos.<\/p>\n","protected":false},"excerpt":{"rendered":"<p>Con el fin de mejorar el flujo de caja de una empresa, los socios pueden decidir aumentar el capital mediante la incorporaci\u00f3n de su cuenta corriente. La cuenta corriente es un adelanto de dinero que el socio hace a la empresa. Se utiliza aqu\u00ed como m\u00e9todo de financiaci\u00f3n o refinanciaci\u00f3n de la empresa. En la [&hellip;]<\/p>\n","protected":false},"featured_media":17019,"comment_status":"open","ping_status":"closed","template":"","meta":{"_et_pb_use_builder":"","_et_pb_old_content":"","_et_gb_content_width":""},"product_brand":[],"product_cat":[357],"product_tag":[],"class_list":{"0":"post-12299","1":"product","2":"type-product","3":"status-publish","4":"has-post-thumbnail","6":"product_cat-derecho-de-sociedades","8":"first","9":"instock","10":"downloadable","11":"taxable","12":"shipping-taxable","13":"purchasable","14":"product-type-simple"},"yoast_head":"<!-- This site is optimized with the Yoast SEO plugin v26.8 - https:\/\/yoast.com\/product\/yoast-seo-wordpress\/ -->\n<title>Junta General de Accionistas de ampliaci\u00f3n de capital por incorporaci\u00f3n de cuenta corriente - Soci\u00e9t\u00e9 d&#039;avocats Damy<\/title>\n<meta name=\"robots\" content=\"index, follow, max-snippet:-1, max-image-preview:large, max-video-preview:-1\" \/>\n<link rel=\"canonical\" href=\"https:\/\/gregorydamy.niceavocats.fr\/es\/produit\/junta-general-de-accionistas-de-ampliacion-de-capital-por-incorporacion-de-cuenta-corriente\/\" \/>\n<meta property=\"og:locale\" content=\"es_ES\" \/>\n<meta property=\"og:type\" content=\"article\" \/>\n<meta property=\"og:title\" content=\"Junta General de Accionistas de ampliaci\u00f3n de capital por incorporaci\u00f3n de cuenta corriente - Soci\u00e9t\u00e9 d&#039;avocats Damy\" \/>\n<meta property=\"og:description\" content=\"Con el fin de mejorar el flujo de caja de una empresa, los socios pueden decidir aumentar el capital mediante la incorporaci\u00f3n de su cuenta corriente. La cuenta corriente es un adelanto de dinero que el socio hace a la empresa. Se utiliza aqu\u00ed como m\u00e9todo de financiaci\u00f3n o refinanciaci\u00f3n de la empresa. En la [&hellip;]\" \/>\n<meta property=\"og:url\" content=\"https:\/\/gregorydamy.niceavocats.fr\/es\/produit\/junta-general-de-accionistas-de-ampliacion-de-capital-por-incorporacion-de-cuenta-corriente\/\" \/>\n<meta property=\"og:site_name\" content=\"Soci\u00e9t\u00e9 d&#039;avocats Damy\" \/>\n<meta property=\"article:publisher\" content=\"https:\/\/www.facebook.com\/niceavocats.fr\/\" \/>\n<meta property=\"article:modified_time\" content=\"2023-05-05T18:07:52+00:00\" \/>\n<meta property=\"og:image\" content=\"https:\/\/gregorydamy.niceavocats.fr\/wp-content\/uploads\/2023\/04\/formulaires.png\" \/>\n\t<meta property=\"og:image:width\" content=\"2048\" \/>\n\t<meta property=\"og:image:height\" content=\"1536\" \/>\n\t<meta property=\"og:image:type\" content=\"image\/png\" \/>\n<meta name=\"twitter:card\" content=\"summary_large_image\" \/>\n<meta name=\"twitter:label1\" content=\"Tiempo de lectura\" \/>\n\t<meta name=\"twitter:data1\" content=\"1 minuto\" \/>\n<script type=\"application\/ld+json\" class=\"yoast-schema-graph\">{\"@context\":\"https:\/\/schema.org\",\"@graph\":[{\"@type\":\"WebPage\",\"@id\":\"https:\/\/gregorydamy.niceavocats.fr\/es\/produit\/junta-general-de-accionistas-de-ampliacion-de-capital-por-incorporacion-de-cuenta-corriente\/\",\"url\":\"https:\/\/gregorydamy.niceavocats.fr\/es\/produit\/junta-general-de-accionistas-de-ampliacion-de-capital-por-incorporacion-de-cuenta-corriente\/\",\"name\":\"Junta General de Accionistas de ampliaci\u00f3n de capital por incorporaci\u00f3n de cuenta corriente - Soci\u00e9t\u00e9 d&#039;avocats Damy\",\"isPartOf\":{\"@id\":\"https:\/\/gregorydamy.niceavocats.fr\/es\/#website\"},\"primaryImageOfPage\":{\"@id\":\"https:\/\/gregorydamy.niceavocats.fr\/es\/produit\/junta-general-de-accionistas-de-ampliacion-de-capital-por-incorporacion-de-cuenta-corriente\/#primaryimage\"},\"image\":{\"@id\":\"https:\/\/gregorydamy.niceavocats.fr\/es\/produit\/junta-general-de-accionistas-de-ampliacion-de-capital-por-incorporacion-de-cuenta-corriente\/#primaryimage\"},\"thumbnailUrl\":\"https:\/\/gregorydamy.niceavocats.fr\/wp-content\/uploads\/2023\/04\/formulaires.png\",\"datePublished\":\"2023-04-01T09:01:30+00:00\",\"dateModified\":\"2023-05-05T18:07:52+00:00\",\"breadcrumb\":{\"@id\":\"https:\/\/gregorydamy.niceavocats.fr\/es\/produit\/junta-general-de-accionistas-de-ampliacion-de-capital-por-incorporacion-de-cuenta-corriente\/#breadcrumb\"},\"inLanguage\":\"es\",\"potentialAction\":[{\"@type\":\"ReadAction\",\"target\":[\"https:\/\/gregorydamy.niceavocats.fr\/es\/produit\/junta-general-de-accionistas-de-ampliacion-de-capital-por-incorporacion-de-cuenta-corriente\/\"]}]},{\"@type\":\"ImageObject\",\"inLanguage\":\"es\",\"@id\":\"https:\/\/gregorydamy.niceavocats.fr\/es\/produit\/junta-general-de-accionistas-de-ampliacion-de-capital-por-incorporacion-de-cuenta-corriente\/#primaryimage\",\"url\":\"https:\/\/gregorydamy.niceavocats.fr\/wp-content\/uploads\/2023\/04\/formulaires.png\",\"contentUrl\":\"https:\/\/gregorydamy.niceavocats.fr\/wp-content\/uploads\/2023\/04\/formulaires.png\",\"width\":2048,\"height\":1536,\"caption\":\"Votre avocat \u00e0 Nice vous propose des mod\u00e8les d'actes et vous conseille sur leurs utilisation.\"},{\"@type\":\"BreadcrumbList\",\"@id\":\"https:\/\/gregorydamy.niceavocats.fr\/es\/produit\/junta-general-de-accionistas-de-ampliacion-de-capital-por-incorporacion-de-cuenta-corriente\/#breadcrumb\",\"itemListElement\":[{\"@type\":\"ListItem\",\"position\":1,\"name\":\"Accueil\",\"item\":\"https:\/\/gregorydamy.niceavocats.fr\/es\/\"},{\"@type\":\"ListItem\",\"position\":2,\"name\":\"Boutique\",\"item\":\"https:\/\/gregorydamy.niceavocats.fr\/boutique\/\"},{\"@type\":\"ListItem\",\"position\":3,\"name\":\"Junta General de Accionistas de ampliaci\u00f3n de capital por incorporaci\u00f3n de cuenta corriente\"}]},{\"@type\":\"WebSite\",\"@id\":\"https:\/\/gregorydamy.niceavocats.fr\/es\/#website\",\"url\":\"https:\/\/gregorydamy.niceavocats.fr\/es\/\",\"name\":\"Soci\u00e9t\u00e9 d&#039;avocats Damy\",\"description\":\"Justice - Confiance - Efficacit\u00e9\",\"publisher\":{\"@id\":\"https:\/\/gregorydamy.niceavocats.fr\/es\/#organization\"},\"potentialAction\":[{\"@type\":\"SearchAction\",\"target\":{\"@type\":\"EntryPoint\",\"urlTemplate\":\"https:\/\/gregorydamy.niceavocats.fr\/es\/?s={search_term_string}\"},\"query-input\":{\"@type\":\"PropertyValueSpecification\",\"valueRequired\":true,\"valueName\":\"search_term_string\"}}],\"inLanguage\":\"es\"},{\"@type\":\"Organization\",\"@id\":\"https:\/\/gregorydamy.niceavocats.fr\/es\/#organization\",\"name\":\"Soci\u00e9t\u00e9 d'Avocats DAMY\",\"alternateName\":\"Gr\u00e9gory DAMY\",\"url\":\"https:\/\/gregorydamy.niceavocats.fr\/es\/\",\"logo\":{\"@type\":\"ImageObject\",\"inLanguage\":\"es\",\"@id\":\"https:\/\/gregorydamy.niceavocats.fr\/es\/#\/schema\/logo\/image\/\",\"url\":\"https:\/\/gregorydamy.niceavocats.fr\/wp-content\/uploads\/2023\/04\/damylogo-1.png\",\"contentUrl\":\"https:\/\/gregorydamy.niceavocats.fr\/wp-content\/uploads\/2023\/04\/damylogo-1.png\",\"width\":1890,\"height\":1417,\"caption\":\"Soci\u00e9t\u00e9 d'Avocats DAMY\"},\"image\":{\"@id\":\"https:\/\/gregorydamy.niceavocats.fr\/es\/#\/schema\/logo\/image\/\"},\"sameAs\":[\"https:\/\/www.facebook.com\/niceavocats.fr\/\"]}]}<\/script>\n<!-- \/ Yoast SEO plugin. -->","yoast_head_json":{"title":"Junta General de Accionistas de ampliaci\u00f3n de capital por incorporaci\u00f3n de cuenta corriente - Soci\u00e9t\u00e9 d&#039;avocats Damy","robots":{"index":"index","follow":"follow","max-snippet":"max-snippet:-1","max-image-preview":"max-image-preview:large","max-video-preview":"max-video-preview:-1"},"canonical":"https:\/\/gregorydamy.niceavocats.fr\/es\/produit\/junta-general-de-accionistas-de-ampliacion-de-capital-por-incorporacion-de-cuenta-corriente\/","og_locale":"es_ES","og_type":"article","og_title":"Junta General de Accionistas de ampliaci\u00f3n de capital por incorporaci\u00f3n de cuenta corriente - Soci\u00e9t\u00e9 d&#039;avocats Damy","og_description":"Con el fin de mejorar el flujo de caja de una empresa, los socios pueden decidir aumentar el capital mediante la incorporaci\u00f3n de su cuenta corriente. La cuenta corriente es un adelanto de dinero que el socio hace a la empresa. Se utiliza aqu\u00ed como m\u00e9todo de financiaci\u00f3n o refinanciaci\u00f3n de la empresa. En la [&hellip;]","og_url":"https:\/\/gregorydamy.niceavocats.fr\/es\/produit\/junta-general-de-accionistas-de-ampliacion-de-capital-por-incorporacion-de-cuenta-corriente\/","og_site_name":"Soci\u00e9t\u00e9 d&#039;avocats Damy","article_publisher":"https:\/\/www.facebook.com\/niceavocats.fr\/","article_modified_time":"2023-05-05T18:07:52+00:00","og_image":[{"width":2048,"height":1536,"url":"https:\/\/gregorydamy.niceavocats.fr\/wp-content\/uploads\/2023\/04\/formulaires.png","type":"image\/png"}],"twitter_card":"summary_large_image","twitter_misc":{"Tiempo de lectura":"1 minuto"},"schema":{"@context":"https:\/\/schema.org","@graph":[{"@type":"WebPage","@id":"https:\/\/gregorydamy.niceavocats.fr\/es\/produit\/junta-general-de-accionistas-de-ampliacion-de-capital-por-incorporacion-de-cuenta-corriente\/","url":"https:\/\/gregorydamy.niceavocats.fr\/es\/produit\/junta-general-de-accionistas-de-ampliacion-de-capital-por-incorporacion-de-cuenta-corriente\/","name":"Junta General de Accionistas de ampliaci\u00f3n de capital por incorporaci\u00f3n de cuenta corriente - Soci\u00e9t\u00e9 d&#039;avocats Damy","isPartOf":{"@id":"https:\/\/gregorydamy.niceavocats.fr\/es\/#website"},"primaryImageOfPage":{"@id":"https:\/\/gregorydamy.niceavocats.fr\/es\/produit\/junta-general-de-accionistas-de-ampliacion-de-capital-por-incorporacion-de-cuenta-corriente\/#primaryimage"},"image":{"@id":"https:\/\/gregorydamy.niceavocats.fr\/es\/produit\/junta-general-de-accionistas-de-ampliacion-de-capital-por-incorporacion-de-cuenta-corriente\/#primaryimage"},"thumbnailUrl":"https:\/\/gregorydamy.niceavocats.fr\/wp-content\/uploads\/2023\/04\/formulaires.png","datePublished":"2023-04-01T09:01:30+00:00","dateModified":"2023-05-05T18:07:52+00:00","breadcrumb":{"@id":"https:\/\/gregorydamy.niceavocats.fr\/es\/produit\/junta-general-de-accionistas-de-ampliacion-de-capital-por-incorporacion-de-cuenta-corriente\/#breadcrumb"},"inLanguage":"es","potentialAction":[{"@type":"ReadAction","target":["https:\/\/gregorydamy.niceavocats.fr\/es\/produit\/junta-general-de-accionistas-de-ampliacion-de-capital-por-incorporacion-de-cuenta-corriente\/"]}]},{"@type":"ImageObject","inLanguage":"es","@id":"https:\/\/gregorydamy.niceavocats.fr\/es\/produit\/junta-general-de-accionistas-de-ampliacion-de-capital-por-incorporacion-de-cuenta-corriente\/#primaryimage","url":"https:\/\/gregorydamy.niceavocats.fr\/wp-content\/uploads\/2023\/04\/formulaires.png","contentUrl":"https:\/\/gregorydamy.niceavocats.fr\/wp-content\/uploads\/2023\/04\/formulaires.png","width":2048,"height":1536,"caption":"Votre avocat \u00e0 Nice vous propose des mod\u00e8les d'actes et vous conseille sur leurs utilisation."},{"@type":"BreadcrumbList","@id":"https:\/\/gregorydamy.niceavocats.fr\/es\/produit\/junta-general-de-accionistas-de-ampliacion-de-capital-por-incorporacion-de-cuenta-corriente\/#breadcrumb","itemListElement":[{"@type":"ListItem","position":1,"name":"Accueil","item":"https:\/\/gregorydamy.niceavocats.fr\/es\/"},{"@type":"ListItem","position":2,"name":"Boutique","item":"https:\/\/gregorydamy.niceavocats.fr\/boutique\/"},{"@type":"ListItem","position":3,"name":"Junta General de Accionistas de ampliaci\u00f3n de capital por incorporaci\u00f3n de cuenta corriente"}]},{"@type":"WebSite","@id":"https:\/\/gregorydamy.niceavocats.fr\/es\/#website","url":"https:\/\/gregorydamy.niceavocats.fr\/es\/","name":"Soci\u00e9t\u00e9 d&#039;avocats Damy","description":"Justice - Confiance - Efficacit\u00e9","publisher":{"@id":"https:\/\/gregorydamy.niceavocats.fr\/es\/#organization"},"potentialAction":[{"@type":"SearchAction","target":{"@type":"EntryPoint","urlTemplate":"https:\/\/gregorydamy.niceavocats.fr\/es\/?s={search_term_string}"},"query-input":{"@type":"PropertyValueSpecification","valueRequired":true,"valueName":"search_term_string"}}],"inLanguage":"es"},{"@type":"Organization","@id":"https:\/\/gregorydamy.niceavocats.fr\/es\/#organization","name":"Soci\u00e9t\u00e9 d'Avocats DAMY","alternateName":"Gr\u00e9gory DAMY","url":"https:\/\/gregorydamy.niceavocats.fr\/es\/","logo":{"@type":"ImageObject","inLanguage":"es","@id":"https:\/\/gregorydamy.niceavocats.fr\/es\/#\/schema\/logo\/image\/","url":"https:\/\/gregorydamy.niceavocats.fr\/wp-content\/uploads\/2023\/04\/damylogo-1.png","contentUrl":"https:\/\/gregorydamy.niceavocats.fr\/wp-content\/uploads\/2023\/04\/damylogo-1.png","width":1890,"height":1417,"caption":"Soci\u00e9t\u00e9 d'Avocats DAMY"},"image":{"@id":"https:\/\/gregorydamy.niceavocats.fr\/es\/#\/schema\/logo\/image\/"},"sameAs":["https:\/\/www.facebook.com\/niceavocats.fr\/"]}]}},"_links":{"self":[{"href":"https:\/\/gregorydamy.niceavocats.fr\/es\/wp-json\/wp\/v2\/product\/12299","targetHints":{"allow":["GET"]}}],"collection":[{"href":"https:\/\/gregorydamy.niceavocats.fr\/es\/wp-json\/wp\/v2\/product"}],"about":[{"href":"https:\/\/gregorydamy.niceavocats.fr\/es\/wp-json\/wp\/v2\/types\/product"}],"replies":[{"embeddable":true,"href":"https:\/\/gregorydamy.niceavocats.fr\/es\/wp-json\/wp\/v2\/comments?post=12299"}],"wp:featuredmedia":[{"embeddable":true,"href":"https:\/\/gregorydamy.niceavocats.fr\/es\/wp-json\/wp\/v2\/media\/17019"}],"wp:attachment":[{"href":"https:\/\/gregorydamy.niceavocats.fr\/es\/wp-json\/wp\/v2\/media?parent=12299"}],"wp:term":[{"taxonomy":"product_brand","embeddable":true,"href":"https:\/\/gregorydamy.niceavocats.fr\/es\/wp-json\/wp\/v2\/product_brand?post=12299"},{"taxonomy":"product_cat","embeddable":true,"href":"https:\/\/gregorydamy.niceavocats.fr\/es\/wp-json\/wp\/v2\/product_cat?post=12299"},{"taxonomy":"product_tag","embeddable":true,"href":"https:\/\/gregorydamy.niceavocats.fr\/es\/wp-json\/wp\/v2\/product_tag?post=12299"}],"curies":[{"name":"wp","href":"https:\/\/api.w.org\/{rel}","templated":true}]}}