{"id":12064,"date":"2023-04-01T07:34:19","date_gmt":"2023-04-01T07:34:19","guid":{"rendered":"https:\/\/gregorydamy.niceavocats.fr\/?post_type=product&#038;p=12064"},"modified":"2024-04-12T09:41:33","modified_gmt":"2024-04-12T09:41:33","slug":"acta-de-la-junta-general-de-accionistas-para-la-aprobacion-de-las-cuentas","status":"publish","type":"product","link":"https:\/\/gregorydamy.niceavocats.fr\/es\/produit\/acta-de-la-junta-general-de-accionistas-para-la-aprobacion-de-las-cuentas\/","title":{"rendered":"acta de la Junta General de Accionistas para la aprobaci\u00f3n de las cuentas"},"content":{"rendered":"<p>Los socios de una sociedad deben reunirse, en asamblea general ordinaria, al menos una vez al a\u00f1o, para deliberar sobre las cuentas anuales de la sociedad. La junta general deber\u00e1 celebrarse en un plazo de seis meses a partir del final del ejercicio. A partir de la fecha de esta reuni\u00f3n, los socios tienen un mes para presentar las cuentas anuales de la empresa ante el Secretario del Tribunal de Comercio. Las sociedades que est\u00e1n obligadas a presentar sus cuentas anuales son: las sociedades de responsabilidad limitada (SARL, EURL), las sociedades de personas (SNC, SCS), en determinadas condiciones, las sociedades an\u00f3nimas (SA, SAS y SCA), las sociedades de derecho privado (SELARL, SELAFA, SELCA, SELAS) y las sociedades cooperativas y los sindicatos.<\/p>\n","protected":false},"excerpt":{"rendered":"<p>Los socios de una sociedad deben reunirse, en asamblea general ordinaria, al menos una vez al a\u00f1o, para deliberar sobre las cuentas anuales de la sociedad. La junta general deber\u00e1 celebrarse en un plazo de seis meses a partir del final del ejercicio. A partir de la fecha de esta reuni\u00f3n, los socios tienen un [&hellip;]<\/p>\n","protected":false},"featured_media":12054,"comment_status":"open","ping_status":"closed","template":"","meta":{"_et_pb_use_builder":"","_et_pb_old_content":"","_et_gb_content_width":""},"product_brand":[],"product_cat":[357],"product_tag":[],"class_list":{"0":"post-12064","1":"product","2":"type-product","3":"status-publish","4":"has-post-thumbnail","6":"product_cat-derecho-de-sociedades","8":"first","9":"instock","10":"downloadable","11":"taxable","12":"shipping-taxable","13":"purchasable","14":"product-type-simple"},"yoast_head":"<!-- This site is optimized with the Yoast SEO plugin v26.8 - https:\/\/yoast.com\/product\/yoast-seo-wordpress\/ -->\n<title>acta de la Junta General de Accionistas para la aprobaci\u00f3n de las cuentas - Soci\u00e9t\u00e9 d&#039;avocats Damy<\/title>\n<meta name=\"robots\" content=\"index, follow, max-snippet:-1, max-image-preview:large, max-video-preview:-1\" \/>\n<link rel=\"canonical\" href=\"https:\/\/gregorydamy.niceavocats.fr\/es\/produit\/acta-de-la-junta-general-de-accionistas-para-la-aprobacion-de-las-cuentas\/\" \/>\n<meta property=\"og:locale\" content=\"es_ES\" \/>\n<meta property=\"og:type\" content=\"article\" \/>\n<meta property=\"og:title\" content=\"acta de la Junta General de Accionistas para la aprobaci\u00f3n de las cuentas - Soci\u00e9t\u00e9 d&#039;avocats Damy\" \/>\n<meta property=\"og:description\" content=\"Los socios de una sociedad deben reunirse, en asamblea general ordinaria, al menos una vez al a\u00f1o, para deliberar sobre las cuentas anuales de la sociedad. La junta general deber\u00e1 celebrarse en un plazo de seis meses a partir del final del ejercicio. A partir de la fecha de esta reuni\u00f3n, los socios tienen un [&hellip;]\" \/>\n<meta property=\"og:url\" content=\"https:\/\/gregorydamy.niceavocats.fr\/es\/produit\/acta-de-la-junta-general-de-accionistas-para-la-aprobacion-de-las-cuentas\/\" \/>\n<meta property=\"og:site_name\" content=\"Soci\u00e9t\u00e9 d&#039;avocats Damy\" \/>\n<meta property=\"article:publisher\" content=\"https:\/\/www.facebook.com\/niceavocats.fr\/\" \/>\n<meta property=\"article:modified_time\" content=\"2024-04-12T09:41:33+00:00\" \/>\n<meta property=\"og:image\" content=\"https:\/\/gregorydamy.niceavocats.fr\/wp-content\/uploads\/2023\/04\/PV_d_AG_d_approb_4e5e0d8576245.jpg\" \/>\n\t<meta property=\"og:image:width\" content=\"106\" \/>\n\t<meta property=\"og:image:height\" content=\"79\" \/>\n\t<meta property=\"og:image:type\" content=\"image\/jpeg\" \/>\n<meta name=\"twitter:card\" content=\"summary_large_image\" \/>\n<meta name=\"twitter:label1\" content=\"Tiempo de lectura\" \/>\n\t<meta name=\"twitter:data1\" content=\"1 minuto\" \/>\n<script type=\"application\/ld+json\" class=\"yoast-schema-graph\">{\"@context\":\"https:\/\/schema.org\",\"@graph\":[{\"@type\":\"WebPage\",\"@id\":\"https:\/\/gregorydamy.niceavocats.fr\/es\/produit\/acta-de-la-junta-general-de-accionistas-para-la-aprobacion-de-las-cuentas\/\",\"url\":\"https:\/\/gregorydamy.niceavocats.fr\/es\/produit\/acta-de-la-junta-general-de-accionistas-para-la-aprobacion-de-las-cuentas\/\",\"name\":\"acta de la Junta General de Accionistas para la aprobaci\u00f3n de las cuentas - Soci\u00e9t\u00e9 d&#039;avocats Damy\",\"isPartOf\":{\"@id\":\"https:\/\/gregorydamy.niceavocats.fr\/es\/#website\"},\"primaryImageOfPage\":{\"@id\":\"https:\/\/gregorydamy.niceavocats.fr\/es\/produit\/acta-de-la-junta-general-de-accionistas-para-la-aprobacion-de-las-cuentas\/#primaryimage\"},\"image\":{\"@id\":\"https:\/\/gregorydamy.niceavocats.fr\/es\/produit\/acta-de-la-junta-general-de-accionistas-para-la-aprobacion-de-las-cuentas\/#primaryimage\"},\"thumbnailUrl\":\"https:\/\/gregorydamy.niceavocats.fr\/wp-content\/uploads\/2023\/04\/PV_d_AG_d_approb_4e5e0d8576245.jpg\",\"datePublished\":\"2023-04-01T07:34:19+00:00\",\"dateModified\":\"2024-04-12T09:41:33+00:00\",\"breadcrumb\":{\"@id\":\"https:\/\/gregorydamy.niceavocats.fr\/es\/produit\/acta-de-la-junta-general-de-accionistas-para-la-aprobacion-de-las-cuentas\/#breadcrumb\"},\"inLanguage\":\"es\",\"potentialAction\":[{\"@type\":\"ReadAction\",\"target\":[\"https:\/\/gregorydamy.niceavocats.fr\/es\/produit\/acta-de-la-junta-general-de-accionistas-para-la-aprobacion-de-las-cuentas\/\"]}]},{\"@type\":\"ImageObject\",\"inLanguage\":\"es\",\"@id\":\"https:\/\/gregorydamy.niceavocats.fr\/es\/produit\/acta-de-la-junta-general-de-accionistas-para-la-aprobacion-de-las-cuentas\/#primaryimage\",\"url\":\"https:\/\/gregorydamy.niceavocats.fr\/wp-content\/uploads\/2023\/04\/PV_d_AG_d_approb_4e5e0d8576245.jpg\",\"contentUrl\":\"https:\/\/gregorydamy.niceavocats.fr\/wp-content\/uploads\/2023\/04\/PV_d_AG_d_approb_4e5e0d8576245.jpg\",\"width\":106,\"height\":79},{\"@type\":\"BreadcrumbList\",\"@id\":\"https:\/\/gregorydamy.niceavocats.fr\/es\/produit\/acta-de-la-junta-general-de-accionistas-para-la-aprobacion-de-las-cuentas\/#breadcrumb\",\"itemListElement\":[{\"@type\":\"ListItem\",\"position\":1,\"name\":\"Accueil\",\"item\":\"https:\/\/gregorydamy.niceavocats.fr\/es\/\"},{\"@type\":\"ListItem\",\"position\":2,\"name\":\"Boutique\",\"item\":\"https:\/\/gregorydamy.niceavocats.fr\/boutique\/\"},{\"@type\":\"ListItem\",\"position\":3,\"name\":\"acta de la Junta General de Accionistas para la aprobaci\u00f3n de las cuentas\"}]},{\"@type\":\"WebSite\",\"@id\":\"https:\/\/gregorydamy.niceavocats.fr\/es\/#website\",\"url\":\"https:\/\/gregorydamy.niceavocats.fr\/es\/\",\"name\":\"Soci\u00e9t\u00e9 d&#039;avocats Damy\",\"description\":\"Justice - Confiance - Efficacit\u00e9\",\"publisher\":{\"@id\":\"https:\/\/gregorydamy.niceavocats.fr\/es\/#organization\"},\"potentialAction\":[{\"@type\":\"SearchAction\",\"target\":{\"@type\":\"EntryPoint\",\"urlTemplate\":\"https:\/\/gregorydamy.niceavocats.fr\/es\/?s={search_term_string}\"},\"query-input\":{\"@type\":\"PropertyValueSpecification\",\"valueRequired\":true,\"valueName\":\"search_term_string\"}}],\"inLanguage\":\"es\"},{\"@type\":\"Organization\",\"@id\":\"https:\/\/gregorydamy.niceavocats.fr\/es\/#organization\",\"name\":\"Soci\u00e9t\u00e9 d'Avocats DAMY\",\"alternateName\":\"Gr\u00e9gory DAMY\",\"url\":\"https:\/\/gregorydamy.niceavocats.fr\/es\/\",\"logo\":{\"@type\":\"ImageObject\",\"inLanguage\":\"es\",\"@id\":\"https:\/\/gregorydamy.niceavocats.fr\/es\/#\/schema\/logo\/image\/\",\"url\":\"https:\/\/gregorydamy.niceavocats.fr\/wp-content\/uploads\/2023\/04\/damylogo-1.png\",\"contentUrl\":\"https:\/\/gregorydamy.niceavocats.fr\/wp-content\/uploads\/2023\/04\/damylogo-1.png\",\"width\":1890,\"height\":1417,\"caption\":\"Soci\u00e9t\u00e9 d'Avocats DAMY\"},\"image\":{\"@id\":\"https:\/\/gregorydamy.niceavocats.fr\/es\/#\/schema\/logo\/image\/\"},\"sameAs\":[\"https:\/\/www.facebook.com\/niceavocats.fr\/\"]}]}<\/script>\n<!-- \/ Yoast SEO plugin. -->","yoast_head_json":{"title":"acta de la Junta General de Accionistas para la aprobaci\u00f3n de las cuentas - Soci\u00e9t\u00e9 d&#039;avocats Damy","robots":{"index":"index","follow":"follow","max-snippet":"max-snippet:-1","max-image-preview":"max-image-preview:large","max-video-preview":"max-video-preview:-1"},"canonical":"https:\/\/gregorydamy.niceavocats.fr\/es\/produit\/acta-de-la-junta-general-de-accionistas-para-la-aprobacion-de-las-cuentas\/","og_locale":"es_ES","og_type":"article","og_title":"acta de la Junta General de Accionistas para la aprobaci\u00f3n de las cuentas - Soci\u00e9t\u00e9 d&#039;avocats Damy","og_description":"Los socios de una sociedad deben reunirse, en asamblea general ordinaria, al menos una vez al a\u00f1o, para deliberar sobre las cuentas anuales de la sociedad. La junta general deber\u00e1 celebrarse en un plazo de seis meses a partir del final del ejercicio. A partir de la fecha de esta reuni\u00f3n, los socios tienen un [&hellip;]","og_url":"https:\/\/gregorydamy.niceavocats.fr\/es\/produit\/acta-de-la-junta-general-de-accionistas-para-la-aprobacion-de-las-cuentas\/","og_site_name":"Soci\u00e9t\u00e9 d&#039;avocats Damy","article_publisher":"https:\/\/www.facebook.com\/niceavocats.fr\/","article_modified_time":"2024-04-12T09:41:33+00:00","og_image":[{"width":106,"height":79,"url":"https:\/\/gregorydamy.niceavocats.fr\/wp-content\/uploads\/2023\/04\/PV_d_AG_d_approb_4e5e0d8576245.jpg","type":"image\/jpeg"}],"twitter_card":"summary_large_image","twitter_misc":{"Tiempo de lectura":"1 minuto"},"schema":{"@context":"https:\/\/schema.org","@graph":[{"@type":"WebPage","@id":"https:\/\/gregorydamy.niceavocats.fr\/es\/produit\/acta-de-la-junta-general-de-accionistas-para-la-aprobacion-de-las-cuentas\/","url":"https:\/\/gregorydamy.niceavocats.fr\/es\/produit\/acta-de-la-junta-general-de-accionistas-para-la-aprobacion-de-las-cuentas\/","name":"acta de la Junta General de Accionistas para la aprobaci\u00f3n de las cuentas - Soci\u00e9t\u00e9 d&#039;avocats Damy","isPartOf":{"@id":"https:\/\/gregorydamy.niceavocats.fr\/es\/#website"},"primaryImageOfPage":{"@id":"https:\/\/gregorydamy.niceavocats.fr\/es\/produit\/acta-de-la-junta-general-de-accionistas-para-la-aprobacion-de-las-cuentas\/#primaryimage"},"image":{"@id":"https:\/\/gregorydamy.niceavocats.fr\/es\/produit\/acta-de-la-junta-general-de-accionistas-para-la-aprobacion-de-las-cuentas\/#primaryimage"},"thumbnailUrl":"https:\/\/gregorydamy.niceavocats.fr\/wp-content\/uploads\/2023\/04\/PV_d_AG_d_approb_4e5e0d8576245.jpg","datePublished":"2023-04-01T07:34:19+00:00","dateModified":"2024-04-12T09:41:33+00:00","breadcrumb":{"@id":"https:\/\/gregorydamy.niceavocats.fr\/es\/produit\/acta-de-la-junta-general-de-accionistas-para-la-aprobacion-de-las-cuentas\/#breadcrumb"},"inLanguage":"es","potentialAction":[{"@type":"ReadAction","target":["https:\/\/gregorydamy.niceavocats.fr\/es\/produit\/acta-de-la-junta-general-de-accionistas-para-la-aprobacion-de-las-cuentas\/"]}]},{"@type":"ImageObject","inLanguage":"es","@id":"https:\/\/gregorydamy.niceavocats.fr\/es\/produit\/acta-de-la-junta-general-de-accionistas-para-la-aprobacion-de-las-cuentas\/#primaryimage","url":"https:\/\/gregorydamy.niceavocats.fr\/wp-content\/uploads\/2023\/04\/PV_d_AG_d_approb_4e5e0d8576245.jpg","contentUrl":"https:\/\/gregorydamy.niceavocats.fr\/wp-content\/uploads\/2023\/04\/PV_d_AG_d_approb_4e5e0d8576245.jpg","width":106,"height":79},{"@type":"BreadcrumbList","@id":"https:\/\/gregorydamy.niceavocats.fr\/es\/produit\/acta-de-la-junta-general-de-accionistas-para-la-aprobacion-de-las-cuentas\/#breadcrumb","itemListElement":[{"@type":"ListItem","position":1,"name":"Accueil","item":"https:\/\/gregorydamy.niceavocats.fr\/es\/"},{"@type":"ListItem","position":2,"name":"Boutique","item":"https:\/\/gregorydamy.niceavocats.fr\/boutique\/"},{"@type":"ListItem","position":3,"name":"acta de la Junta General de Accionistas para la aprobaci\u00f3n de las cuentas"}]},{"@type":"WebSite","@id":"https:\/\/gregorydamy.niceavocats.fr\/es\/#website","url":"https:\/\/gregorydamy.niceavocats.fr\/es\/","name":"Soci\u00e9t\u00e9 d&#039;avocats Damy","description":"Justice - Confiance - Efficacit\u00e9","publisher":{"@id":"https:\/\/gregorydamy.niceavocats.fr\/es\/#organization"},"potentialAction":[{"@type":"SearchAction","target":{"@type":"EntryPoint","urlTemplate":"https:\/\/gregorydamy.niceavocats.fr\/es\/?s={search_term_string}"},"query-input":{"@type":"PropertyValueSpecification","valueRequired":true,"valueName":"search_term_string"}}],"inLanguage":"es"},{"@type":"Organization","@id":"https:\/\/gregorydamy.niceavocats.fr\/es\/#organization","name":"Soci\u00e9t\u00e9 d'Avocats DAMY","alternateName":"Gr\u00e9gory DAMY","url":"https:\/\/gregorydamy.niceavocats.fr\/es\/","logo":{"@type":"ImageObject","inLanguage":"es","@id":"https:\/\/gregorydamy.niceavocats.fr\/es\/#\/schema\/logo\/image\/","url":"https:\/\/gregorydamy.niceavocats.fr\/wp-content\/uploads\/2023\/04\/damylogo-1.png","contentUrl":"https:\/\/gregorydamy.niceavocats.fr\/wp-content\/uploads\/2023\/04\/damylogo-1.png","width":1890,"height":1417,"caption":"Soci\u00e9t\u00e9 d'Avocats DAMY"},"image":{"@id":"https:\/\/gregorydamy.niceavocats.fr\/es\/#\/schema\/logo\/image\/"},"sameAs":["https:\/\/www.facebook.com\/niceavocats.fr\/"]}]}},"_links":{"self":[{"href":"https:\/\/gregorydamy.niceavocats.fr\/es\/wp-json\/wp\/v2\/product\/12064","targetHints":{"allow":["GET"]}}],"collection":[{"href":"https:\/\/gregorydamy.niceavocats.fr\/es\/wp-json\/wp\/v2\/product"}],"about":[{"href":"https:\/\/gregorydamy.niceavocats.fr\/es\/wp-json\/wp\/v2\/types\/product"}],"replies":[{"embeddable":true,"href":"https:\/\/gregorydamy.niceavocats.fr\/es\/wp-json\/wp\/v2\/comments?post=12064"}],"wp:featuredmedia":[{"embeddable":true,"href":"https:\/\/gregorydamy.niceavocats.fr\/es\/wp-json\/wp\/v2\/media\/12054"}],"wp:attachment":[{"href":"https:\/\/gregorydamy.niceavocats.fr\/es\/wp-json\/wp\/v2\/media?parent=12064"}],"wp:term":[{"taxonomy":"product_brand","embeddable":true,"href":"https:\/\/gregorydamy.niceavocats.fr\/es\/wp-json\/wp\/v2\/product_brand?post=12064"},{"taxonomy":"product_cat","embeddable":true,"href":"https:\/\/gregorydamy.niceavocats.fr\/es\/wp-json\/wp\/v2\/product_cat?post=12064"},{"taxonomy":"product_tag","embeddable":true,"href":"https:\/\/gregorydamy.niceavocats.fr\/es\/wp-json\/wp\/v2\/product_tag?post=12064"}],"curies":[{"name":"wp","href":"https:\/\/api.w.org\/{rel}","templated":true}]}}