{"id":11015,"date":"2023-04-01T00:18:33","date_gmt":"2023-04-01T00:18:33","guid":{"rendered":"https:\/\/gregorydamy.niceavocats.fr\/?post_type=product&#038;p=11015"},"modified":"2023-05-06T17:48:36","modified_gmt":"2023-05-06T17:48:36","slug":"ejercicio-del-derecho-de-desistimiento-venta-de-bienes","status":"publish","type":"product","link":"https:\/\/gregorydamy.niceavocats.fr\/es\/produit\/ejercicio-del-derecho-de-desistimiento-venta-de-bienes\/","title":{"rendered":"Ejercicio del derecho de desistimiento &#8211; venta de bienes"},"content":{"rendered":"<p>Como consumidor, usted tiene un per\u00edodo de catorce d\u00edas a partir de la recepci\u00f3n de su compra para retirar. Debe informar a su vendedor por carta certificada con acuse de recibo de que desea cancelar la venta sin tener que justificar sus razones. Debe devolver los productos al vendedor intactos y en su embalaje original. Los gastos de reexpedici\u00f3n y otros posibles gastos (aduanas) corren a su cargo. El vendedor est\u00e1 obligado a reembolsarle el importe del pedido a m\u00e1s tardar dentro de los 30 d\u00edas siguientes al ejercicio de su derecho de retractaci\u00f3n, aplic\u00e1ndose intereses al tipo legal vigente despu\u00e9s de esta fecha. Atenci\u00f3n: El derecho de desistimiento no afecta: El derecho de desistimiento no se aplica a los siguientes contratos: bienes de servicios cuyo precio depende de los tipos de inter\u00e9s de los mercados financieros, mercanc\u00edas hechas a su medida o claramente personalizadas (muebles a medida, etc.), bienes que se deterioran o perecen r\u00e1pidamente (alimentos, etc.), productos que ha abierto y que no puede devolver por razones de higiene o de protecci\u00f3n de la salud, mercanc\u00edas inseparables de otros art\u00edculos, los servicios prestados en su totalidad antes de la finalizaci\u00f3n del periodo de desistimiento o cuya ejecuci\u00f3n haya comenzado, con su consentimiento y renuncia expresa a su derecho de desistimiento, antes de la finalizaci\u00f3n de dicho periodo, el suministro de bebidas alcoh\u00f3licas cuya entrega se aplaza m\u00e1s all\u00e1 de 30 d\u00edas y cuyo valor depende de las tasas del mercado financiero, CD, DVD o software de ordenador que haya abierto, el suministro de peri\u00f3dicos, revistas o publicaciones peri\u00f3dicas, excepto en el caso de un contrato de suscripci\u00f3n, contenido digital proporcionado en un medio intangible cuya ejecuci\u00f3n comenz\u00f3 con su acuerdo y para el cual usted ha renunciado a su derecho de desistimiento, trabajos urgentes de mantenimiento o reparaci\u00f3n en su domicilio y a petici\u00f3n suya, dentro del l\u00edmite de las piezas de recambio y de los trabajos estrictamente urgentes, Concluido en subasta p\u00fablica, el alojamiento, el transporte de mercanc\u00edas, el alquiler de veh\u00edculos, la restauraci\u00f3n o las actividades de ocio en una fecha determinada o con una frecuencia determinada (billete de espect\u00e1culo, etc.).<\/p>\n","protected":false},"excerpt":{"rendered":"<p>Como consumidor, usted tiene un per\u00edodo de catorce d\u00edas a partir de la recepci\u00f3n de su compra para retirar. Debe informar a su vendedor por carta certificada con acuse de recibo de que desea cancelar la venta sin tener que justificar sus razones. Debe devolver los productos al vendedor intactos y en su embalaje original. [&hellip;]<\/p>\n","protected":false},"featured_media":17019,"comment_status":"open","ping_status":"closed","template":"","meta":{"_et_pb_use_builder":"","_et_pb_old_content":"","_et_gb_content_width":""},"product_brand":[],"product_cat":[366],"product_tag":[],"class_list":{"0":"post-11015","1":"product","2":"type-product","3":"status-publish","4":"has-post-thumbnail","6":"product_cat-modelos-de-cartas","8":"first","9":"instock","10":"downloadable","11":"taxable","12":"shipping-taxable","13":"purchasable","14":"product-type-simple"},"yoast_head":"<!-- This site is optimized with the Yoast SEO plugin v26.8 - https:\/\/yoast.com\/product\/yoast-seo-wordpress\/ -->\n<title>Ejercicio del derecho de desistimiento - venta de bienes - Soci\u00e9t\u00e9 d&#039;avocats Damy<\/title>\n<meta name=\"robots\" content=\"index, follow, max-snippet:-1, max-image-preview:large, max-video-preview:-1\" \/>\n<link rel=\"canonical\" href=\"https:\/\/gregorydamy.niceavocats.fr\/es\/produit\/ejercicio-del-derecho-de-desistimiento-venta-de-bienes\/\" \/>\n<meta property=\"og:locale\" content=\"es_ES\" \/>\n<meta property=\"og:type\" content=\"article\" \/>\n<meta property=\"og:title\" content=\"Ejercicio del derecho de desistimiento - venta de bienes - Soci\u00e9t\u00e9 d&#039;avocats Damy\" \/>\n<meta property=\"og:description\" content=\"Como consumidor, usted tiene un per\u00edodo de catorce d\u00edas a partir de la recepci\u00f3n de su compra para retirar. Debe informar a su vendedor por carta certificada con acuse de recibo de que desea cancelar la venta sin tener que justificar sus razones. Debe devolver los productos al vendedor intactos y en su embalaje original. [&hellip;]\" \/>\n<meta property=\"og:url\" content=\"https:\/\/gregorydamy.niceavocats.fr\/es\/produit\/ejercicio-del-derecho-de-desistimiento-venta-de-bienes\/\" \/>\n<meta property=\"og:site_name\" content=\"Soci\u00e9t\u00e9 d&#039;avocats Damy\" \/>\n<meta property=\"article:publisher\" content=\"https:\/\/www.facebook.com\/niceavocats.fr\/\" \/>\n<meta property=\"article:modified_time\" content=\"2023-05-06T17:48:36+00:00\" \/>\n<meta property=\"og:image\" content=\"https:\/\/gregorydamy.niceavocats.fr\/wp-content\/uploads\/2023\/04\/formulaires.png\" \/>\n\t<meta property=\"og:image:width\" content=\"2048\" \/>\n\t<meta property=\"og:image:height\" content=\"1536\" \/>\n\t<meta property=\"og:image:type\" content=\"image\/png\" \/>\n<meta name=\"twitter:card\" content=\"summary_large_image\" \/>\n<meta name=\"twitter:label1\" content=\"Tiempo de lectura\" \/>\n\t<meta name=\"twitter:data1\" content=\"2 minutos\" \/>\n<script type=\"application\/ld+json\" class=\"yoast-schema-graph\">{\"@context\":\"https:\/\/schema.org\",\"@graph\":[{\"@type\":\"WebPage\",\"@id\":\"https:\/\/gregorydamy.niceavocats.fr\/es\/produit\/ejercicio-del-derecho-de-desistimiento-venta-de-bienes\/\",\"url\":\"https:\/\/gregorydamy.niceavocats.fr\/es\/produit\/ejercicio-del-derecho-de-desistimiento-venta-de-bienes\/\",\"name\":\"Ejercicio del derecho de desistimiento - venta de bienes - Soci\u00e9t\u00e9 d&#039;avocats Damy\",\"isPartOf\":{\"@id\":\"https:\/\/gregorydamy.niceavocats.fr\/es\/#website\"},\"primaryImageOfPage\":{\"@id\":\"https:\/\/gregorydamy.niceavocats.fr\/es\/produit\/ejercicio-del-derecho-de-desistimiento-venta-de-bienes\/#primaryimage\"},\"image\":{\"@id\":\"https:\/\/gregorydamy.niceavocats.fr\/es\/produit\/ejercicio-del-derecho-de-desistimiento-venta-de-bienes\/#primaryimage\"},\"thumbnailUrl\":\"https:\/\/gregorydamy.niceavocats.fr\/wp-content\/uploads\/2023\/04\/formulaires.png\",\"datePublished\":\"2023-04-01T00:18:33+00:00\",\"dateModified\":\"2023-05-06T17:48:36+00:00\",\"breadcrumb\":{\"@id\":\"https:\/\/gregorydamy.niceavocats.fr\/es\/produit\/ejercicio-del-derecho-de-desistimiento-venta-de-bienes\/#breadcrumb\"},\"inLanguage\":\"es\",\"potentialAction\":[{\"@type\":\"ReadAction\",\"target\":[\"https:\/\/gregorydamy.niceavocats.fr\/es\/produit\/ejercicio-del-derecho-de-desistimiento-venta-de-bienes\/\"]}]},{\"@type\":\"ImageObject\",\"inLanguage\":\"es\",\"@id\":\"https:\/\/gregorydamy.niceavocats.fr\/es\/produit\/ejercicio-del-derecho-de-desistimiento-venta-de-bienes\/#primaryimage\",\"url\":\"https:\/\/gregorydamy.niceavocats.fr\/wp-content\/uploads\/2023\/04\/formulaires.png\",\"contentUrl\":\"https:\/\/gregorydamy.niceavocats.fr\/wp-content\/uploads\/2023\/04\/formulaires.png\",\"width\":2048,\"height\":1536,\"caption\":\"Votre avocat \u00e0 Nice vous propose des mod\u00e8les d'actes et vous conseille sur leurs utilisation.\"},{\"@type\":\"BreadcrumbList\",\"@id\":\"https:\/\/gregorydamy.niceavocats.fr\/es\/produit\/ejercicio-del-derecho-de-desistimiento-venta-de-bienes\/#breadcrumb\",\"itemListElement\":[{\"@type\":\"ListItem\",\"position\":1,\"name\":\"Accueil\",\"item\":\"https:\/\/gregorydamy.niceavocats.fr\/es\/\"},{\"@type\":\"ListItem\",\"position\":2,\"name\":\"Boutique\",\"item\":\"https:\/\/gregorydamy.niceavocats.fr\/boutique\/\"},{\"@type\":\"ListItem\",\"position\":3,\"name\":\"Ejercicio del derecho de desistimiento &#8211; venta de bienes\"}]},{\"@type\":\"WebSite\",\"@id\":\"https:\/\/gregorydamy.niceavocats.fr\/es\/#website\",\"url\":\"https:\/\/gregorydamy.niceavocats.fr\/es\/\",\"name\":\"Soci\u00e9t\u00e9 d&#039;avocats Damy\",\"description\":\"Justice - Confiance - Efficacit\u00e9\",\"publisher\":{\"@id\":\"https:\/\/gregorydamy.niceavocats.fr\/es\/#organization\"},\"potentialAction\":[{\"@type\":\"SearchAction\",\"target\":{\"@type\":\"EntryPoint\",\"urlTemplate\":\"https:\/\/gregorydamy.niceavocats.fr\/es\/?s={search_term_string}\"},\"query-input\":{\"@type\":\"PropertyValueSpecification\",\"valueRequired\":true,\"valueName\":\"search_term_string\"}}],\"inLanguage\":\"es\"},{\"@type\":\"Organization\",\"@id\":\"https:\/\/gregorydamy.niceavocats.fr\/es\/#organization\",\"name\":\"Soci\u00e9t\u00e9 d'Avocats DAMY\",\"alternateName\":\"Gr\u00e9gory DAMY\",\"url\":\"https:\/\/gregorydamy.niceavocats.fr\/es\/\",\"logo\":{\"@type\":\"ImageObject\",\"inLanguage\":\"es\",\"@id\":\"https:\/\/gregorydamy.niceavocats.fr\/es\/#\/schema\/logo\/image\/\",\"url\":\"https:\/\/gregorydamy.niceavocats.fr\/wp-content\/uploads\/2023\/04\/damylogo-1.png\",\"contentUrl\":\"https:\/\/gregorydamy.niceavocats.fr\/wp-content\/uploads\/2023\/04\/damylogo-1.png\",\"width\":1890,\"height\":1417,\"caption\":\"Soci\u00e9t\u00e9 d'Avocats DAMY\"},\"image\":{\"@id\":\"https:\/\/gregorydamy.niceavocats.fr\/es\/#\/schema\/logo\/image\/\"},\"sameAs\":[\"https:\/\/www.facebook.com\/niceavocats.fr\/\"]}]}<\/script>\n<!-- \/ Yoast SEO plugin. -->","yoast_head_json":{"title":"Ejercicio del derecho de desistimiento - venta de bienes - Soci\u00e9t\u00e9 d&#039;avocats Damy","robots":{"index":"index","follow":"follow","max-snippet":"max-snippet:-1","max-image-preview":"max-image-preview:large","max-video-preview":"max-video-preview:-1"},"canonical":"https:\/\/gregorydamy.niceavocats.fr\/es\/produit\/ejercicio-del-derecho-de-desistimiento-venta-de-bienes\/","og_locale":"es_ES","og_type":"article","og_title":"Ejercicio del derecho de desistimiento - venta de bienes - Soci\u00e9t\u00e9 d&#039;avocats Damy","og_description":"Como consumidor, usted tiene un per\u00edodo de catorce d\u00edas a partir de la recepci\u00f3n de su compra para retirar. Debe informar a su vendedor por carta certificada con acuse de recibo de que desea cancelar la venta sin tener que justificar sus razones. Debe devolver los productos al vendedor intactos y en su embalaje original. [&hellip;]","og_url":"https:\/\/gregorydamy.niceavocats.fr\/es\/produit\/ejercicio-del-derecho-de-desistimiento-venta-de-bienes\/","og_site_name":"Soci\u00e9t\u00e9 d&#039;avocats Damy","article_publisher":"https:\/\/www.facebook.com\/niceavocats.fr\/","article_modified_time":"2023-05-06T17:48:36+00:00","og_image":[{"width":2048,"height":1536,"url":"https:\/\/gregorydamy.niceavocats.fr\/wp-content\/uploads\/2023\/04\/formulaires.png","type":"image\/png"}],"twitter_card":"summary_large_image","twitter_misc":{"Tiempo de lectura":"2 minutos"},"schema":{"@context":"https:\/\/schema.org","@graph":[{"@type":"WebPage","@id":"https:\/\/gregorydamy.niceavocats.fr\/es\/produit\/ejercicio-del-derecho-de-desistimiento-venta-de-bienes\/","url":"https:\/\/gregorydamy.niceavocats.fr\/es\/produit\/ejercicio-del-derecho-de-desistimiento-venta-de-bienes\/","name":"Ejercicio del derecho de desistimiento - venta de bienes - Soci\u00e9t\u00e9 d&#039;avocats Damy","isPartOf":{"@id":"https:\/\/gregorydamy.niceavocats.fr\/es\/#website"},"primaryImageOfPage":{"@id":"https:\/\/gregorydamy.niceavocats.fr\/es\/produit\/ejercicio-del-derecho-de-desistimiento-venta-de-bienes\/#primaryimage"},"image":{"@id":"https:\/\/gregorydamy.niceavocats.fr\/es\/produit\/ejercicio-del-derecho-de-desistimiento-venta-de-bienes\/#primaryimage"},"thumbnailUrl":"https:\/\/gregorydamy.niceavocats.fr\/wp-content\/uploads\/2023\/04\/formulaires.png","datePublished":"2023-04-01T00:18:33+00:00","dateModified":"2023-05-06T17:48:36+00:00","breadcrumb":{"@id":"https:\/\/gregorydamy.niceavocats.fr\/es\/produit\/ejercicio-del-derecho-de-desistimiento-venta-de-bienes\/#breadcrumb"},"inLanguage":"es","potentialAction":[{"@type":"ReadAction","target":["https:\/\/gregorydamy.niceavocats.fr\/es\/produit\/ejercicio-del-derecho-de-desistimiento-venta-de-bienes\/"]}]},{"@type":"ImageObject","inLanguage":"es","@id":"https:\/\/gregorydamy.niceavocats.fr\/es\/produit\/ejercicio-del-derecho-de-desistimiento-venta-de-bienes\/#primaryimage","url":"https:\/\/gregorydamy.niceavocats.fr\/wp-content\/uploads\/2023\/04\/formulaires.png","contentUrl":"https:\/\/gregorydamy.niceavocats.fr\/wp-content\/uploads\/2023\/04\/formulaires.png","width":2048,"height":1536,"caption":"Votre avocat \u00e0 Nice vous propose des mod\u00e8les d'actes et vous conseille sur leurs utilisation."},{"@type":"BreadcrumbList","@id":"https:\/\/gregorydamy.niceavocats.fr\/es\/produit\/ejercicio-del-derecho-de-desistimiento-venta-de-bienes\/#breadcrumb","itemListElement":[{"@type":"ListItem","position":1,"name":"Accueil","item":"https:\/\/gregorydamy.niceavocats.fr\/es\/"},{"@type":"ListItem","position":2,"name":"Boutique","item":"https:\/\/gregorydamy.niceavocats.fr\/boutique\/"},{"@type":"ListItem","position":3,"name":"Ejercicio del derecho de desistimiento &#8211; venta de bienes"}]},{"@type":"WebSite","@id":"https:\/\/gregorydamy.niceavocats.fr\/es\/#website","url":"https:\/\/gregorydamy.niceavocats.fr\/es\/","name":"Soci\u00e9t\u00e9 d&#039;avocats Damy","description":"Justice - Confiance - Efficacit\u00e9","publisher":{"@id":"https:\/\/gregorydamy.niceavocats.fr\/es\/#organization"},"potentialAction":[{"@type":"SearchAction","target":{"@type":"EntryPoint","urlTemplate":"https:\/\/gregorydamy.niceavocats.fr\/es\/?s={search_term_string}"},"query-input":{"@type":"PropertyValueSpecification","valueRequired":true,"valueName":"search_term_string"}}],"inLanguage":"es"},{"@type":"Organization","@id":"https:\/\/gregorydamy.niceavocats.fr\/es\/#organization","name":"Soci\u00e9t\u00e9 d'Avocats DAMY","alternateName":"Gr\u00e9gory DAMY","url":"https:\/\/gregorydamy.niceavocats.fr\/es\/","logo":{"@type":"ImageObject","inLanguage":"es","@id":"https:\/\/gregorydamy.niceavocats.fr\/es\/#\/schema\/logo\/image\/","url":"https:\/\/gregorydamy.niceavocats.fr\/wp-content\/uploads\/2023\/04\/damylogo-1.png","contentUrl":"https:\/\/gregorydamy.niceavocats.fr\/wp-content\/uploads\/2023\/04\/damylogo-1.png","width":1890,"height":1417,"caption":"Soci\u00e9t\u00e9 d'Avocats DAMY"},"image":{"@id":"https:\/\/gregorydamy.niceavocats.fr\/es\/#\/schema\/logo\/image\/"},"sameAs":["https:\/\/www.facebook.com\/niceavocats.fr\/"]}]}},"_links":{"self":[{"href":"https:\/\/gregorydamy.niceavocats.fr\/es\/wp-json\/wp\/v2\/product\/11015","targetHints":{"allow":["GET"]}}],"collection":[{"href":"https:\/\/gregorydamy.niceavocats.fr\/es\/wp-json\/wp\/v2\/product"}],"about":[{"href":"https:\/\/gregorydamy.niceavocats.fr\/es\/wp-json\/wp\/v2\/types\/product"}],"replies":[{"embeddable":true,"href":"https:\/\/gregorydamy.niceavocats.fr\/es\/wp-json\/wp\/v2\/comments?post=11015"}],"wp:featuredmedia":[{"embeddable":true,"href":"https:\/\/gregorydamy.niceavocats.fr\/es\/wp-json\/wp\/v2\/media\/17019"}],"wp:attachment":[{"href":"https:\/\/gregorydamy.niceavocats.fr\/es\/wp-json\/wp\/v2\/media?parent=11015"}],"wp:term":[{"taxonomy":"product_brand","embeddable":true,"href":"https:\/\/gregorydamy.niceavocats.fr\/es\/wp-json\/wp\/v2\/product_brand?post=11015"},{"taxonomy":"product_cat","embeddable":true,"href":"https:\/\/gregorydamy.niceavocats.fr\/es\/wp-json\/wp\/v2\/product_cat?post=11015"},{"taxonomy":"product_tag","embeddable":true,"href":"https:\/\/gregorydamy.niceavocats.fr\/es\/wp-json\/wp\/v2\/product_tag?post=11015"}],"curies":[{"name":"wp","href":"https:\/\/api.w.org\/{rel}","templated":true}]}}