{"id":10886,"date":"2023-03-31T11:54:02","date_gmt":"2023-03-31T11:54:02","guid":{"rendered":"https:\/\/gregorydamy.niceavocats.fr\/?post_type=product&#038;p=10886"},"modified":"2023-05-06T17:53:17","modified_gmt":"2023-05-06T17:53:17","slug":"licencia-negativa-a-renovar-por-motivos-legitimos-2","status":"publish","type":"product","link":"https:\/\/gregorydamy.niceavocats.fr\/es\/produit\/licencia-negativa-a-renovar-por-motivos-legitimos-2\/","title":{"rendered":"Licencia &#8211; Negativa a renovar por motivos leg\u00edtimos"},"content":{"rendered":"<p>Arrendaste un espacio comercial. Usted desea dar licencia a su inquilino pero se niega a renovar el contrato de arrendamiento y pagarle una indemnizaci\u00f3n por desalojo porque cometi\u00f3 una falta grave y leg\u00edtima. A modo de ejemplo, existen motivos suficientemente serios para denegar la renovaci\u00f3n: falta de pago del alquiler o pago atrasado repetido; la cesi\u00f3n de arrendamientos irregulares; subarriendo sin autorizaci\u00f3n del arrendador; el incumplimiento por parte del arrendatario de las obligaciones que le incumben en virtud del contrato de arrendamiento; ciertas faltas extracontractuales como actos inmorales, violencia e insultos contra el arrendador. En cambio, no constituyen motivos graves y leg\u00edtimos: la falta de mantenimiento, la ejecuci\u00f3n de determinadas obras sin autorizaci\u00f3n, una infracci\u00f3n cuya prueba no puede aportarse&#8230; Antes de conceder tal permiso a su inquilino, usted debe haberle enviado por correo certificado una notificaci\u00f3n formal con acuse de recibo pidi\u00e9ndole que respete sus obligaciones. El escrito de requerimiento deber\u00e1, so pena de nulidad, precisar el motivo invocado y reproducir los t\u00e9rminos del art\u00edculo L. 145-17, I-1. Tiene un plazo de un mes durante el cual su inquilino debe poner fin a la supuesta infracci\u00f3n, de lo contrario usted puede leg\u00edtimamente rechazar la renovaci\u00f3n del contrato de arrendamiento por razones graves y leg\u00edtimas. No se requiere una notificaci\u00f3n formal cuando la raz\u00f3n grave y leg\u00edtima no est\u00e1 directamente relacionada con la ejecuci\u00f3n del contrato de arrendamiento. Este es el caso, por ejemplo, de un delito penal por parte del inquilino. Si su inquilino no ha regularizado la situaci\u00f3n despu\u00e9s de su notificaci\u00f3n formal, usted tiene derecho a concederle un permiso con la negativa de renovaci\u00f3n por el agente judicial seis meses antes de la expiraci\u00f3n del contrato de arrendamiento comercial. Dado que la licencia debe estar justificada, usted debe indicar la raz\u00f3n por la que se niega a renovar el contrato de arrendamiento a su inquilino. en el caso de autos, se trata de indicarle precisamente la raz\u00f3n grave y leg\u00edtima que se le reprocha. Tambi\u00e9n debe citar el Art\u00edculo L. 145-9 p\u00e1rrafo 2 del C\u00f3digo de Comercio, que permite al arrendatario impugnar la licencia o reclamar una indemnizaci\u00f3n por desalojo en un plazo de dos a\u00f1os a partir de la fecha en que se concedi\u00f3 la licencia.<\/p>\n","protected":false},"excerpt":{"rendered":"<p>Arrendaste un espacio comercial. Usted desea dar licencia a su inquilino pero se niega a renovar el contrato de arrendamiento y pagarle una indemnizaci\u00f3n por desalojo porque cometi\u00f3 una falta grave y leg\u00edtima. A modo de ejemplo, existen motivos suficientemente serios para denegar la renovaci\u00f3n: falta de pago del alquiler o pago atrasado repetido; la [&hellip;]<\/p>\n","protected":false},"featured_media":17019,"comment_status":"open","ping_status":"closed","template":"","meta":{"_et_pb_use_builder":"","_et_pb_old_content":"","_et_gb_content_width":""},"product_brand":[],"product_cat":[366],"product_tag":[],"class_list":{"0":"post-10886","1":"product","2":"type-product","3":"status-publish","4":"has-post-thumbnail","6":"product_cat-modelos-de-cartas","8":"first","9":"instock","10":"taxable","11":"shipping-taxable","12":"purchasable","13":"product-type-simple"},"yoast_head":"<!-- This site is optimized with the Yoast SEO plugin v26.8 - https:\/\/yoast.com\/product\/yoast-seo-wordpress\/ -->\n<title>Licencia - Negativa a renovar por motivos leg\u00edtimos - Soci\u00e9t\u00e9 d&#039;avocats Damy<\/title>\n<meta name=\"robots\" content=\"index, follow, max-snippet:-1, max-image-preview:large, max-video-preview:-1\" \/>\n<link rel=\"canonical\" href=\"https:\/\/gregorydamy.niceavocats.fr\/es\/produit\/licencia-negativa-a-renovar-por-motivos-legitimos-2\/\" \/>\n<meta property=\"og:locale\" content=\"es_ES\" \/>\n<meta property=\"og:type\" content=\"article\" \/>\n<meta property=\"og:title\" content=\"Licencia - Negativa a renovar por motivos leg\u00edtimos - Soci\u00e9t\u00e9 d&#039;avocats Damy\" \/>\n<meta property=\"og:description\" content=\"Arrendaste un espacio comercial. Usted desea dar licencia a su inquilino pero se niega a renovar el contrato de arrendamiento y pagarle una indemnizaci\u00f3n por desalojo porque cometi\u00f3 una falta grave y leg\u00edtima. A modo de ejemplo, existen motivos suficientemente serios para denegar la renovaci\u00f3n: falta de pago del alquiler o pago atrasado repetido; la [&hellip;]\" \/>\n<meta property=\"og:url\" content=\"https:\/\/gregorydamy.niceavocats.fr\/es\/produit\/licencia-negativa-a-renovar-por-motivos-legitimos-2\/\" \/>\n<meta property=\"og:site_name\" content=\"Soci\u00e9t\u00e9 d&#039;avocats Damy\" \/>\n<meta property=\"article:publisher\" content=\"https:\/\/www.facebook.com\/niceavocats.fr\/\" \/>\n<meta property=\"article:modified_time\" content=\"2023-05-06T17:53:17+00:00\" \/>\n<meta property=\"og:image\" content=\"https:\/\/gregorydamy.niceavocats.fr\/wp-content\/uploads\/2023\/04\/formulaires.png\" \/>\n\t<meta property=\"og:image:width\" content=\"2048\" \/>\n\t<meta property=\"og:image:height\" content=\"1536\" \/>\n\t<meta property=\"og:image:type\" content=\"image\/png\" \/>\n<meta name=\"twitter:card\" content=\"summary_large_image\" \/>\n<meta name=\"twitter:label1\" content=\"Tiempo de lectura\" \/>\n\t<meta name=\"twitter:data1\" content=\"2 minutos\" \/>\n<script type=\"application\/ld+json\" class=\"yoast-schema-graph\">{\"@context\":\"https:\/\/schema.org\",\"@graph\":[{\"@type\":\"WebPage\",\"@id\":\"https:\/\/gregorydamy.niceavocats.fr\/es\/produit\/licencia-negativa-a-renovar-por-motivos-legitimos-2\/\",\"url\":\"https:\/\/gregorydamy.niceavocats.fr\/es\/produit\/licencia-negativa-a-renovar-por-motivos-legitimos-2\/\",\"name\":\"Licencia - Negativa a renovar por motivos leg\u00edtimos - Soci\u00e9t\u00e9 d&#039;avocats Damy\",\"isPartOf\":{\"@id\":\"https:\/\/gregorydamy.niceavocats.fr\/es\/#website\"},\"primaryImageOfPage\":{\"@id\":\"https:\/\/gregorydamy.niceavocats.fr\/es\/produit\/licencia-negativa-a-renovar-por-motivos-legitimos-2\/#primaryimage\"},\"image\":{\"@id\":\"https:\/\/gregorydamy.niceavocats.fr\/es\/produit\/licencia-negativa-a-renovar-por-motivos-legitimos-2\/#primaryimage\"},\"thumbnailUrl\":\"https:\/\/gregorydamy.niceavocats.fr\/wp-content\/uploads\/2023\/04\/formulaires.png\",\"datePublished\":\"2023-03-31T11:54:02+00:00\",\"dateModified\":\"2023-05-06T17:53:17+00:00\",\"breadcrumb\":{\"@id\":\"https:\/\/gregorydamy.niceavocats.fr\/es\/produit\/licencia-negativa-a-renovar-por-motivos-legitimos-2\/#breadcrumb\"},\"inLanguage\":\"es\",\"potentialAction\":[{\"@type\":\"ReadAction\",\"target\":[\"https:\/\/gregorydamy.niceavocats.fr\/es\/produit\/licencia-negativa-a-renovar-por-motivos-legitimos-2\/\"]}]},{\"@type\":\"ImageObject\",\"inLanguage\":\"es\",\"@id\":\"https:\/\/gregorydamy.niceavocats.fr\/es\/produit\/licencia-negativa-a-renovar-por-motivos-legitimos-2\/#primaryimage\",\"url\":\"https:\/\/gregorydamy.niceavocats.fr\/wp-content\/uploads\/2023\/04\/formulaires.png\",\"contentUrl\":\"https:\/\/gregorydamy.niceavocats.fr\/wp-content\/uploads\/2023\/04\/formulaires.png\",\"width\":2048,\"height\":1536,\"caption\":\"Votre avocat \u00e0 Nice vous propose des mod\u00e8les d'actes et vous conseille sur leurs utilisation.\"},{\"@type\":\"BreadcrumbList\",\"@id\":\"https:\/\/gregorydamy.niceavocats.fr\/es\/produit\/licencia-negativa-a-renovar-por-motivos-legitimos-2\/#breadcrumb\",\"itemListElement\":[{\"@type\":\"ListItem\",\"position\":1,\"name\":\"Accueil\",\"item\":\"https:\/\/gregorydamy.niceavocats.fr\/es\/\"},{\"@type\":\"ListItem\",\"position\":2,\"name\":\"Boutique\",\"item\":\"https:\/\/gregorydamy.niceavocats.fr\/boutique\/\"},{\"@type\":\"ListItem\",\"position\":3,\"name\":\"Licencia &#8211; Negativa a renovar por motivos leg\u00edtimos\"}]},{\"@type\":\"WebSite\",\"@id\":\"https:\/\/gregorydamy.niceavocats.fr\/es\/#website\",\"url\":\"https:\/\/gregorydamy.niceavocats.fr\/es\/\",\"name\":\"Soci\u00e9t\u00e9 d&#039;avocats Damy\",\"description\":\"Justice - Confiance - Efficacit\u00e9\",\"publisher\":{\"@id\":\"https:\/\/gregorydamy.niceavocats.fr\/es\/#organization\"},\"potentialAction\":[{\"@type\":\"SearchAction\",\"target\":{\"@type\":\"EntryPoint\",\"urlTemplate\":\"https:\/\/gregorydamy.niceavocats.fr\/es\/?s={search_term_string}\"},\"query-input\":{\"@type\":\"PropertyValueSpecification\",\"valueRequired\":true,\"valueName\":\"search_term_string\"}}],\"inLanguage\":\"es\"},{\"@type\":\"Organization\",\"@id\":\"https:\/\/gregorydamy.niceavocats.fr\/es\/#organization\",\"name\":\"Soci\u00e9t\u00e9 d'Avocats DAMY\",\"alternateName\":\"Gr\u00e9gory DAMY\",\"url\":\"https:\/\/gregorydamy.niceavocats.fr\/es\/\",\"logo\":{\"@type\":\"ImageObject\",\"inLanguage\":\"es\",\"@id\":\"https:\/\/gregorydamy.niceavocats.fr\/es\/#\/schema\/logo\/image\/\",\"url\":\"https:\/\/gregorydamy.niceavocats.fr\/wp-content\/uploads\/2023\/04\/damylogo-1.png\",\"contentUrl\":\"https:\/\/gregorydamy.niceavocats.fr\/wp-content\/uploads\/2023\/04\/damylogo-1.png\",\"width\":1890,\"height\":1417,\"caption\":\"Soci\u00e9t\u00e9 d'Avocats DAMY\"},\"image\":{\"@id\":\"https:\/\/gregorydamy.niceavocats.fr\/es\/#\/schema\/logo\/image\/\"},\"sameAs\":[\"https:\/\/www.facebook.com\/niceavocats.fr\/\"]}]}<\/script>\n<!-- \/ Yoast SEO plugin. -->","yoast_head_json":{"title":"Licencia - Negativa a renovar por motivos leg\u00edtimos - Soci\u00e9t\u00e9 d&#039;avocats Damy","robots":{"index":"index","follow":"follow","max-snippet":"max-snippet:-1","max-image-preview":"max-image-preview:large","max-video-preview":"max-video-preview:-1"},"canonical":"https:\/\/gregorydamy.niceavocats.fr\/es\/produit\/licencia-negativa-a-renovar-por-motivos-legitimos-2\/","og_locale":"es_ES","og_type":"article","og_title":"Licencia - Negativa a renovar por motivos leg\u00edtimos - Soci\u00e9t\u00e9 d&#039;avocats Damy","og_description":"Arrendaste un espacio comercial. Usted desea dar licencia a su inquilino pero se niega a renovar el contrato de arrendamiento y pagarle una indemnizaci\u00f3n por desalojo porque cometi\u00f3 una falta grave y leg\u00edtima. A modo de ejemplo, existen motivos suficientemente serios para denegar la renovaci\u00f3n: falta de pago del alquiler o pago atrasado repetido; la [&hellip;]","og_url":"https:\/\/gregorydamy.niceavocats.fr\/es\/produit\/licencia-negativa-a-renovar-por-motivos-legitimos-2\/","og_site_name":"Soci\u00e9t\u00e9 d&#039;avocats Damy","article_publisher":"https:\/\/www.facebook.com\/niceavocats.fr\/","article_modified_time":"2023-05-06T17:53:17+00:00","og_image":[{"width":2048,"height":1536,"url":"https:\/\/gregorydamy.niceavocats.fr\/wp-content\/uploads\/2023\/04\/formulaires.png","type":"image\/png"}],"twitter_card":"summary_large_image","twitter_misc":{"Tiempo de lectura":"2 minutos"},"schema":{"@context":"https:\/\/schema.org","@graph":[{"@type":"WebPage","@id":"https:\/\/gregorydamy.niceavocats.fr\/es\/produit\/licencia-negativa-a-renovar-por-motivos-legitimos-2\/","url":"https:\/\/gregorydamy.niceavocats.fr\/es\/produit\/licencia-negativa-a-renovar-por-motivos-legitimos-2\/","name":"Licencia - Negativa a renovar por motivos leg\u00edtimos - Soci\u00e9t\u00e9 d&#039;avocats Damy","isPartOf":{"@id":"https:\/\/gregorydamy.niceavocats.fr\/es\/#website"},"primaryImageOfPage":{"@id":"https:\/\/gregorydamy.niceavocats.fr\/es\/produit\/licencia-negativa-a-renovar-por-motivos-legitimos-2\/#primaryimage"},"image":{"@id":"https:\/\/gregorydamy.niceavocats.fr\/es\/produit\/licencia-negativa-a-renovar-por-motivos-legitimos-2\/#primaryimage"},"thumbnailUrl":"https:\/\/gregorydamy.niceavocats.fr\/wp-content\/uploads\/2023\/04\/formulaires.png","datePublished":"2023-03-31T11:54:02+00:00","dateModified":"2023-05-06T17:53:17+00:00","breadcrumb":{"@id":"https:\/\/gregorydamy.niceavocats.fr\/es\/produit\/licencia-negativa-a-renovar-por-motivos-legitimos-2\/#breadcrumb"},"inLanguage":"es","potentialAction":[{"@type":"ReadAction","target":["https:\/\/gregorydamy.niceavocats.fr\/es\/produit\/licencia-negativa-a-renovar-por-motivos-legitimos-2\/"]}]},{"@type":"ImageObject","inLanguage":"es","@id":"https:\/\/gregorydamy.niceavocats.fr\/es\/produit\/licencia-negativa-a-renovar-por-motivos-legitimos-2\/#primaryimage","url":"https:\/\/gregorydamy.niceavocats.fr\/wp-content\/uploads\/2023\/04\/formulaires.png","contentUrl":"https:\/\/gregorydamy.niceavocats.fr\/wp-content\/uploads\/2023\/04\/formulaires.png","width":2048,"height":1536,"caption":"Votre avocat \u00e0 Nice vous propose des mod\u00e8les d'actes et vous conseille sur leurs utilisation."},{"@type":"BreadcrumbList","@id":"https:\/\/gregorydamy.niceavocats.fr\/es\/produit\/licencia-negativa-a-renovar-por-motivos-legitimos-2\/#breadcrumb","itemListElement":[{"@type":"ListItem","position":1,"name":"Accueil","item":"https:\/\/gregorydamy.niceavocats.fr\/es\/"},{"@type":"ListItem","position":2,"name":"Boutique","item":"https:\/\/gregorydamy.niceavocats.fr\/boutique\/"},{"@type":"ListItem","position":3,"name":"Licencia &#8211; Negativa a renovar por motivos leg\u00edtimos"}]},{"@type":"WebSite","@id":"https:\/\/gregorydamy.niceavocats.fr\/es\/#website","url":"https:\/\/gregorydamy.niceavocats.fr\/es\/","name":"Soci\u00e9t\u00e9 d&#039;avocats Damy","description":"Justice - Confiance - Efficacit\u00e9","publisher":{"@id":"https:\/\/gregorydamy.niceavocats.fr\/es\/#organization"},"potentialAction":[{"@type":"SearchAction","target":{"@type":"EntryPoint","urlTemplate":"https:\/\/gregorydamy.niceavocats.fr\/es\/?s={search_term_string}"},"query-input":{"@type":"PropertyValueSpecification","valueRequired":true,"valueName":"search_term_string"}}],"inLanguage":"es"},{"@type":"Organization","@id":"https:\/\/gregorydamy.niceavocats.fr\/es\/#organization","name":"Soci\u00e9t\u00e9 d'Avocats DAMY","alternateName":"Gr\u00e9gory DAMY","url":"https:\/\/gregorydamy.niceavocats.fr\/es\/","logo":{"@type":"ImageObject","inLanguage":"es","@id":"https:\/\/gregorydamy.niceavocats.fr\/es\/#\/schema\/logo\/image\/","url":"https:\/\/gregorydamy.niceavocats.fr\/wp-content\/uploads\/2023\/04\/damylogo-1.png","contentUrl":"https:\/\/gregorydamy.niceavocats.fr\/wp-content\/uploads\/2023\/04\/damylogo-1.png","width":1890,"height":1417,"caption":"Soci\u00e9t\u00e9 d'Avocats DAMY"},"image":{"@id":"https:\/\/gregorydamy.niceavocats.fr\/es\/#\/schema\/logo\/image\/"},"sameAs":["https:\/\/www.facebook.com\/niceavocats.fr\/"]}]}},"_links":{"self":[{"href":"https:\/\/gregorydamy.niceavocats.fr\/es\/wp-json\/wp\/v2\/product\/10886","targetHints":{"allow":["GET"]}}],"collection":[{"href":"https:\/\/gregorydamy.niceavocats.fr\/es\/wp-json\/wp\/v2\/product"}],"about":[{"href":"https:\/\/gregorydamy.niceavocats.fr\/es\/wp-json\/wp\/v2\/types\/product"}],"replies":[{"embeddable":true,"href":"https:\/\/gregorydamy.niceavocats.fr\/es\/wp-json\/wp\/v2\/comments?post=10886"}],"wp:featuredmedia":[{"embeddable":true,"href":"https:\/\/gregorydamy.niceavocats.fr\/es\/wp-json\/wp\/v2\/media\/17019"}],"wp:attachment":[{"href":"https:\/\/gregorydamy.niceavocats.fr\/es\/wp-json\/wp\/v2\/media?parent=10886"}],"wp:term":[{"taxonomy":"product_brand","embeddable":true,"href":"https:\/\/gregorydamy.niceavocats.fr\/es\/wp-json\/wp\/v2\/product_brand?post=10886"},{"taxonomy":"product_cat","embeddable":true,"href":"https:\/\/gregorydamy.niceavocats.fr\/es\/wp-json\/wp\/v2\/product_cat?post=10886"},{"taxonomy":"product_tag","embeddable":true,"href":"https:\/\/gregorydamy.niceavocats.fr\/es\/wp-json\/wp\/v2\/product_tag?post=10886"}],"curies":[{"name":"wp","href":"https:\/\/api.w.org\/{rel}","templated":true}]}}