{"id":10833,"date":"2023-03-31T10:56:11","date_gmt":"2023-03-31T10:56:11","guid":{"rendered":"https:\/\/gregorydamy.niceavocats.fr\/?post_type=product&#038;p=10833"},"modified":"2023-05-06T17:55:16","modified_gmt":"2023-05-06T17:55:16","slug":"licencia-se-reanuda-para-llevar-a-cabo-el-trabajo-por-el-alguacil","status":"publish","type":"product","link":"https:\/\/gregorydamy.niceavocats.fr\/es\/produit\/licencia-se-reanuda-para-llevar-a-cabo-el-trabajo-por-el-alguacil\/","title":{"rendered":"Licencia &#8211; se reanuda para llevar a cabo el trabajo por el alguacil"},"content":{"rendered":"<p>Usted ha alquilado un espacio residencial y desea finalizar el contrato de arrendamiento a su vencimiento para reconstruir, mejorar las instalaciones o aumentar la superficie. En este caso, debe entregar una licencia a su inquilino por carta certificada con acuse de recibo o por acto del agente judicial al menos seis meses antes de la fecha de vencimiento del contrato de arrendamiento. Es aconsejable enviar la licencia por el alguacil para mayor seguridad porque si usted env\u00eda una carta certificada, es posible que su inquilino no la recoja en la oficina de correos en caso de ausencia. Bajo pena de nulidad, la licencia debe reproducir el texto de los art\u00edculos 13 y 13 bis de la Ley no 48-1360 de 1 de septiembre de 1948. Tambi\u00e9n debe especificar los motivos por los que se concede la licencia (Ley N\u00ba 48-1360, de 1\u00ba de septiembre de 1948, art. 13 ter). Si no inicia la obra en el plazo previsto o si no la realiza en las condiciones anunciadas, corre el riesgo de ser despose\u00eddo de todos los derechos de devoluci\u00f3n y de ser multado de 750 a 1 500 euros, sin perjuicio de los posibles da\u00f1os y perjuicios (L. n\u00ba 48-1360, 1 de septiembre de 1948, art. 59). Como parte de la toma de posesi\u00f3n para llevar a cabo el trabajo, su inquilino tiene derecho a la reincorporaci\u00f3n si usted no lo ha reubicado inicialmente. Al t\u00e9rmino de los trabajos, se debe enviar una notificaci\u00f3n formal, por carta certificada con acuse de recibo o acto de alguacil, al antiguo ocupante con el fin de poner en pr\u00e1ctica este derecho de restablecimiento (L. no 48-1360, 1 de septiembre de 1948, art. 13, p\u00e1rr. 2).<\/p>\n","protected":false},"excerpt":{"rendered":"<p>Usted ha alquilado un espacio residencial y desea finalizar el contrato de arrendamiento a su vencimiento para reconstruir, mejorar las instalaciones o aumentar la superficie. En este caso, debe entregar una licencia a su inquilino por carta certificada con acuse de recibo o por acto del agente judicial al menos seis meses antes de la [&hellip;]<\/p>\n","protected":false},"featured_media":17019,"comment_status":"open","ping_status":"closed","template":"","meta":{"_et_pb_use_builder":"","_et_pb_old_content":"","_et_gb_content_width":""},"product_brand":[],"product_cat":[354],"product_tag":[],"class_list":{"0":"post-10833","1":"product","2":"type-product","3":"status-publish","4":"has-post-thumbnail","6":"product_cat-derecho-laboral","8":"first","9":"instock","10":"downloadable","11":"taxable","12":"shipping-taxable","13":"purchasable","14":"product-type-simple"},"yoast_head":"<!-- This site is optimized with the Yoast SEO plugin v26.8 - https:\/\/yoast.com\/product\/yoast-seo-wordpress\/ -->\n<title>Licencia - se reanuda para llevar a cabo el trabajo por el alguacil - Soci\u00e9t\u00e9 d&#039;avocats Damy<\/title>\n<meta name=\"robots\" content=\"index, follow, max-snippet:-1, max-image-preview:large, max-video-preview:-1\" \/>\n<link rel=\"canonical\" href=\"https:\/\/gregorydamy.niceavocats.fr\/es\/produit\/licencia-se-reanuda-para-llevar-a-cabo-el-trabajo-por-el-alguacil\/\" \/>\n<meta property=\"og:locale\" content=\"es_ES\" \/>\n<meta property=\"og:type\" content=\"article\" \/>\n<meta property=\"og:title\" content=\"Licencia - se reanuda para llevar a cabo el trabajo por el alguacil - Soci\u00e9t\u00e9 d&#039;avocats Damy\" \/>\n<meta property=\"og:description\" content=\"Usted ha alquilado un espacio residencial y desea finalizar el contrato de arrendamiento a su vencimiento para reconstruir, mejorar las instalaciones o aumentar la superficie. En este caso, debe entregar una licencia a su inquilino por carta certificada con acuse de recibo o por acto del agente judicial al menos seis meses antes de la [&hellip;]\" \/>\n<meta property=\"og:url\" content=\"https:\/\/gregorydamy.niceavocats.fr\/es\/produit\/licencia-se-reanuda-para-llevar-a-cabo-el-trabajo-por-el-alguacil\/\" \/>\n<meta property=\"og:site_name\" content=\"Soci\u00e9t\u00e9 d&#039;avocats Damy\" \/>\n<meta property=\"article:publisher\" content=\"https:\/\/www.facebook.com\/niceavocats.fr\/\" \/>\n<meta property=\"article:modified_time\" content=\"2023-05-06T17:55:16+00:00\" \/>\n<meta property=\"og:image\" content=\"https:\/\/gregorydamy.niceavocats.fr\/wp-content\/uploads\/2023\/04\/formulaires.png\" \/>\n\t<meta property=\"og:image:width\" content=\"2048\" \/>\n\t<meta property=\"og:image:height\" content=\"1536\" \/>\n\t<meta property=\"og:image:type\" content=\"image\/png\" \/>\n<meta name=\"twitter:card\" content=\"summary_large_image\" \/>\n<meta name=\"twitter:label1\" content=\"Tiempo de lectura\" \/>\n\t<meta name=\"twitter:data1\" content=\"1 minuto\" \/>\n<script type=\"application\/ld+json\" class=\"yoast-schema-graph\">{\"@context\":\"https:\/\/schema.org\",\"@graph\":[{\"@type\":\"WebPage\",\"@id\":\"https:\/\/gregorydamy.niceavocats.fr\/es\/produit\/licencia-se-reanuda-para-llevar-a-cabo-el-trabajo-por-el-alguacil\/\",\"url\":\"https:\/\/gregorydamy.niceavocats.fr\/es\/produit\/licencia-se-reanuda-para-llevar-a-cabo-el-trabajo-por-el-alguacil\/\",\"name\":\"Licencia - se reanuda para llevar a cabo el trabajo por el alguacil - Soci\u00e9t\u00e9 d&#039;avocats Damy\",\"isPartOf\":{\"@id\":\"https:\/\/gregorydamy.niceavocats.fr\/es\/#website\"},\"primaryImageOfPage\":{\"@id\":\"https:\/\/gregorydamy.niceavocats.fr\/es\/produit\/licencia-se-reanuda-para-llevar-a-cabo-el-trabajo-por-el-alguacil\/#primaryimage\"},\"image\":{\"@id\":\"https:\/\/gregorydamy.niceavocats.fr\/es\/produit\/licencia-se-reanuda-para-llevar-a-cabo-el-trabajo-por-el-alguacil\/#primaryimage\"},\"thumbnailUrl\":\"https:\/\/gregorydamy.niceavocats.fr\/wp-content\/uploads\/2023\/04\/formulaires.png\",\"datePublished\":\"2023-03-31T10:56:11+00:00\",\"dateModified\":\"2023-05-06T17:55:16+00:00\",\"breadcrumb\":{\"@id\":\"https:\/\/gregorydamy.niceavocats.fr\/es\/produit\/licencia-se-reanuda-para-llevar-a-cabo-el-trabajo-por-el-alguacil\/#breadcrumb\"},\"inLanguage\":\"es\",\"potentialAction\":[{\"@type\":\"ReadAction\",\"target\":[\"https:\/\/gregorydamy.niceavocats.fr\/es\/produit\/licencia-se-reanuda-para-llevar-a-cabo-el-trabajo-por-el-alguacil\/\"]}]},{\"@type\":\"ImageObject\",\"inLanguage\":\"es\",\"@id\":\"https:\/\/gregorydamy.niceavocats.fr\/es\/produit\/licencia-se-reanuda-para-llevar-a-cabo-el-trabajo-por-el-alguacil\/#primaryimage\",\"url\":\"https:\/\/gregorydamy.niceavocats.fr\/wp-content\/uploads\/2023\/04\/formulaires.png\",\"contentUrl\":\"https:\/\/gregorydamy.niceavocats.fr\/wp-content\/uploads\/2023\/04\/formulaires.png\",\"width\":2048,\"height\":1536,\"caption\":\"Votre avocat \u00e0 Nice vous propose des mod\u00e8les d'actes et vous conseille sur leurs utilisation.\"},{\"@type\":\"BreadcrumbList\",\"@id\":\"https:\/\/gregorydamy.niceavocats.fr\/es\/produit\/licencia-se-reanuda-para-llevar-a-cabo-el-trabajo-por-el-alguacil\/#breadcrumb\",\"itemListElement\":[{\"@type\":\"ListItem\",\"position\":1,\"name\":\"Accueil\",\"item\":\"https:\/\/gregorydamy.niceavocats.fr\/es\/\"},{\"@type\":\"ListItem\",\"position\":2,\"name\":\"Boutique\",\"item\":\"https:\/\/gregorydamy.niceavocats.fr\/boutique\/\"},{\"@type\":\"ListItem\",\"position\":3,\"name\":\"Licencia &#8211; se reanuda para llevar a cabo el trabajo por el alguacil\"}]},{\"@type\":\"WebSite\",\"@id\":\"https:\/\/gregorydamy.niceavocats.fr\/es\/#website\",\"url\":\"https:\/\/gregorydamy.niceavocats.fr\/es\/\",\"name\":\"Soci\u00e9t\u00e9 d&#039;avocats Damy\",\"description\":\"Justice - Confiance - Efficacit\u00e9\",\"publisher\":{\"@id\":\"https:\/\/gregorydamy.niceavocats.fr\/es\/#organization\"},\"potentialAction\":[{\"@type\":\"SearchAction\",\"target\":{\"@type\":\"EntryPoint\",\"urlTemplate\":\"https:\/\/gregorydamy.niceavocats.fr\/es\/?s={search_term_string}\"},\"query-input\":{\"@type\":\"PropertyValueSpecification\",\"valueRequired\":true,\"valueName\":\"search_term_string\"}}],\"inLanguage\":\"es\"},{\"@type\":\"Organization\",\"@id\":\"https:\/\/gregorydamy.niceavocats.fr\/es\/#organization\",\"name\":\"Soci\u00e9t\u00e9 d'Avocats DAMY\",\"alternateName\":\"Gr\u00e9gory DAMY\",\"url\":\"https:\/\/gregorydamy.niceavocats.fr\/es\/\",\"logo\":{\"@type\":\"ImageObject\",\"inLanguage\":\"es\",\"@id\":\"https:\/\/gregorydamy.niceavocats.fr\/es\/#\/schema\/logo\/image\/\",\"url\":\"https:\/\/gregorydamy.niceavocats.fr\/wp-content\/uploads\/2023\/04\/damylogo-1.png\",\"contentUrl\":\"https:\/\/gregorydamy.niceavocats.fr\/wp-content\/uploads\/2023\/04\/damylogo-1.png\",\"width\":1890,\"height\":1417,\"caption\":\"Soci\u00e9t\u00e9 d'Avocats DAMY\"},\"image\":{\"@id\":\"https:\/\/gregorydamy.niceavocats.fr\/es\/#\/schema\/logo\/image\/\"},\"sameAs\":[\"https:\/\/www.facebook.com\/niceavocats.fr\/\"]}]}<\/script>\n<!-- \/ Yoast SEO plugin. -->","yoast_head_json":{"title":"Licencia - se reanuda para llevar a cabo el trabajo por el alguacil - Soci\u00e9t\u00e9 d&#039;avocats Damy","robots":{"index":"index","follow":"follow","max-snippet":"max-snippet:-1","max-image-preview":"max-image-preview:large","max-video-preview":"max-video-preview:-1"},"canonical":"https:\/\/gregorydamy.niceavocats.fr\/es\/produit\/licencia-se-reanuda-para-llevar-a-cabo-el-trabajo-por-el-alguacil\/","og_locale":"es_ES","og_type":"article","og_title":"Licencia - se reanuda para llevar a cabo el trabajo por el alguacil - Soci\u00e9t\u00e9 d&#039;avocats Damy","og_description":"Usted ha alquilado un espacio residencial y desea finalizar el contrato de arrendamiento a su vencimiento para reconstruir, mejorar las instalaciones o aumentar la superficie. En este caso, debe entregar una licencia a su inquilino por carta certificada con acuse de recibo o por acto del agente judicial al menos seis meses antes de la [&hellip;]","og_url":"https:\/\/gregorydamy.niceavocats.fr\/es\/produit\/licencia-se-reanuda-para-llevar-a-cabo-el-trabajo-por-el-alguacil\/","og_site_name":"Soci\u00e9t\u00e9 d&#039;avocats Damy","article_publisher":"https:\/\/www.facebook.com\/niceavocats.fr\/","article_modified_time":"2023-05-06T17:55:16+00:00","og_image":[{"width":2048,"height":1536,"url":"https:\/\/gregorydamy.niceavocats.fr\/wp-content\/uploads\/2023\/04\/formulaires.png","type":"image\/png"}],"twitter_card":"summary_large_image","twitter_misc":{"Tiempo de lectura":"1 minuto"},"schema":{"@context":"https:\/\/schema.org","@graph":[{"@type":"WebPage","@id":"https:\/\/gregorydamy.niceavocats.fr\/es\/produit\/licencia-se-reanuda-para-llevar-a-cabo-el-trabajo-por-el-alguacil\/","url":"https:\/\/gregorydamy.niceavocats.fr\/es\/produit\/licencia-se-reanuda-para-llevar-a-cabo-el-trabajo-por-el-alguacil\/","name":"Licencia - se reanuda para llevar a cabo el trabajo por el alguacil - Soci\u00e9t\u00e9 d&#039;avocats Damy","isPartOf":{"@id":"https:\/\/gregorydamy.niceavocats.fr\/es\/#website"},"primaryImageOfPage":{"@id":"https:\/\/gregorydamy.niceavocats.fr\/es\/produit\/licencia-se-reanuda-para-llevar-a-cabo-el-trabajo-por-el-alguacil\/#primaryimage"},"image":{"@id":"https:\/\/gregorydamy.niceavocats.fr\/es\/produit\/licencia-se-reanuda-para-llevar-a-cabo-el-trabajo-por-el-alguacil\/#primaryimage"},"thumbnailUrl":"https:\/\/gregorydamy.niceavocats.fr\/wp-content\/uploads\/2023\/04\/formulaires.png","datePublished":"2023-03-31T10:56:11+00:00","dateModified":"2023-05-06T17:55:16+00:00","breadcrumb":{"@id":"https:\/\/gregorydamy.niceavocats.fr\/es\/produit\/licencia-se-reanuda-para-llevar-a-cabo-el-trabajo-por-el-alguacil\/#breadcrumb"},"inLanguage":"es","potentialAction":[{"@type":"ReadAction","target":["https:\/\/gregorydamy.niceavocats.fr\/es\/produit\/licencia-se-reanuda-para-llevar-a-cabo-el-trabajo-por-el-alguacil\/"]}]},{"@type":"ImageObject","inLanguage":"es","@id":"https:\/\/gregorydamy.niceavocats.fr\/es\/produit\/licencia-se-reanuda-para-llevar-a-cabo-el-trabajo-por-el-alguacil\/#primaryimage","url":"https:\/\/gregorydamy.niceavocats.fr\/wp-content\/uploads\/2023\/04\/formulaires.png","contentUrl":"https:\/\/gregorydamy.niceavocats.fr\/wp-content\/uploads\/2023\/04\/formulaires.png","width":2048,"height":1536,"caption":"Votre avocat \u00e0 Nice vous propose des mod\u00e8les d'actes et vous conseille sur leurs utilisation."},{"@type":"BreadcrumbList","@id":"https:\/\/gregorydamy.niceavocats.fr\/es\/produit\/licencia-se-reanuda-para-llevar-a-cabo-el-trabajo-por-el-alguacil\/#breadcrumb","itemListElement":[{"@type":"ListItem","position":1,"name":"Accueil","item":"https:\/\/gregorydamy.niceavocats.fr\/es\/"},{"@type":"ListItem","position":2,"name":"Boutique","item":"https:\/\/gregorydamy.niceavocats.fr\/boutique\/"},{"@type":"ListItem","position":3,"name":"Licencia &#8211; se reanuda para llevar a cabo el trabajo por el alguacil"}]},{"@type":"WebSite","@id":"https:\/\/gregorydamy.niceavocats.fr\/es\/#website","url":"https:\/\/gregorydamy.niceavocats.fr\/es\/","name":"Soci\u00e9t\u00e9 d&#039;avocats Damy","description":"Justice - Confiance - Efficacit\u00e9","publisher":{"@id":"https:\/\/gregorydamy.niceavocats.fr\/es\/#organization"},"potentialAction":[{"@type":"SearchAction","target":{"@type":"EntryPoint","urlTemplate":"https:\/\/gregorydamy.niceavocats.fr\/es\/?s={search_term_string}"},"query-input":{"@type":"PropertyValueSpecification","valueRequired":true,"valueName":"search_term_string"}}],"inLanguage":"es"},{"@type":"Organization","@id":"https:\/\/gregorydamy.niceavocats.fr\/es\/#organization","name":"Soci\u00e9t\u00e9 d'Avocats DAMY","alternateName":"Gr\u00e9gory DAMY","url":"https:\/\/gregorydamy.niceavocats.fr\/es\/","logo":{"@type":"ImageObject","inLanguage":"es","@id":"https:\/\/gregorydamy.niceavocats.fr\/es\/#\/schema\/logo\/image\/","url":"https:\/\/gregorydamy.niceavocats.fr\/wp-content\/uploads\/2023\/04\/damylogo-1.png","contentUrl":"https:\/\/gregorydamy.niceavocats.fr\/wp-content\/uploads\/2023\/04\/damylogo-1.png","width":1890,"height":1417,"caption":"Soci\u00e9t\u00e9 d'Avocats DAMY"},"image":{"@id":"https:\/\/gregorydamy.niceavocats.fr\/es\/#\/schema\/logo\/image\/"},"sameAs":["https:\/\/www.facebook.com\/niceavocats.fr\/"]}]}},"_links":{"self":[{"href":"https:\/\/gregorydamy.niceavocats.fr\/es\/wp-json\/wp\/v2\/product\/10833","targetHints":{"allow":["GET"]}}],"collection":[{"href":"https:\/\/gregorydamy.niceavocats.fr\/es\/wp-json\/wp\/v2\/product"}],"about":[{"href":"https:\/\/gregorydamy.niceavocats.fr\/es\/wp-json\/wp\/v2\/types\/product"}],"replies":[{"embeddable":true,"href":"https:\/\/gregorydamy.niceavocats.fr\/es\/wp-json\/wp\/v2\/comments?post=10833"}],"wp:featuredmedia":[{"embeddable":true,"href":"https:\/\/gregorydamy.niceavocats.fr\/es\/wp-json\/wp\/v2\/media\/17019"}],"wp:attachment":[{"href":"https:\/\/gregorydamy.niceavocats.fr\/es\/wp-json\/wp\/v2\/media?parent=10833"}],"wp:term":[{"taxonomy":"product_brand","embeddable":true,"href":"https:\/\/gregorydamy.niceavocats.fr\/es\/wp-json\/wp\/v2\/product_brand?post=10833"},{"taxonomy":"product_cat","embeddable":true,"href":"https:\/\/gregorydamy.niceavocats.fr\/es\/wp-json\/wp\/v2\/product_cat?post=10833"},{"taxonomy":"product_tag","embeddable":true,"href":"https:\/\/gregorydamy.niceavocats.fr\/es\/wp-json\/wp\/v2\/product_tag?post=10833"}],"curies":[{"name":"wp","href":"https:\/\/api.w.org\/{rel}","templated":true}]}}