{"id":10409,"date":"2023-03-31T03:46:20","date_gmt":"2023-03-31T03:46:20","guid":{"rendered":"https:\/\/gregorydamy.niceavocats.fr\/?post_type=product&#038;p=10409"},"modified":"2023-05-08T16:36:37","modified_gmt":"2023-05-08T16:36:37","slug":"convocatoria-de-la-reunion-mensual-ordinaria-del-comite-de-empresa","status":"publish","type":"product","link":"https:\/\/gregorydamy.niceavocats.fr\/es\/produit\/convocatoria-de-la-reunion-mensual-ordinaria-del-comite-de-empresa\/","title":{"rendered":"Convocatoria de la reuni\u00f3n mensual ordinaria del comit\u00e9 de empresa"},"content":{"rendered":"<p>Usted es el gerente de una empresa y tiene m\u00e1s de 50 empleados. En este caso, deber\u00eda crearse un comit\u00e9 de empresa. Los miembros del comit\u00e9 de empresa (miembros, suplentes y representantes sindicales en el comit\u00e9 de empresa) deben ser convocados a una reuni\u00f3n por el presidente del comit\u00e9 de empresa. Tambi\u00e9n se debe convocar a personas ajenas a la comisi\u00f3n cuya presencia en la reuni\u00f3n est\u00e9 prevista en el C\u00f3digo del Trabajo (m\u00e9dico laboral, consultor laboral, auditor, censor jurado de cuentas, experto t\u00e9cnico, etc.). La frecuencia de las reuniones del comit\u00e9 de empresa depende del n\u00famero de empleados de su empresa: si su empresa tiene 150 o m\u00e1s empleados, la reuni\u00f3n se celebra al menos una vez al mes si su empresa tiene menos de 150 empleados, la reuni\u00f3n se celebra cada dos meses. En la convocatoria se especificar\u00e1 el lugar, la hora y la fecha de la reuni\u00f3n. En la pr\u00e1ctica, el anuncio de convocatoria y el orden del d\u00eda se agrupan en el mismo soporte. Dado que el orden del d\u00eda debe comunicarse a los miembros del comit\u00e9 de empresa al menos tres d\u00edas antes de la reuni\u00f3n de que se trate, la convocatoria debe comunicarse en el mismo plazo.<\/p>\n","protected":false},"excerpt":{"rendered":"<p>Usted es el gerente de una empresa y tiene m\u00e1s de 50 empleados. En este caso, deber\u00eda crearse un comit\u00e9 de empresa. Los miembros del comit\u00e9 de empresa (miembros, suplentes y representantes sindicales en el comit\u00e9 de empresa) deben ser convocados a una reuni\u00f3n por el presidente del comit\u00e9 de empresa. Tambi\u00e9n se debe convocar [&hellip;]<\/p>\n","protected":false},"featured_media":17019,"comment_status":"open","ping_status":"closed","template":"","meta":{"_et_pb_use_builder":"","_et_pb_old_content":"","_et_gb_content_width":""},"product_brand":[],"product_cat":[354],"product_tag":[],"class_list":{"0":"post-10409","1":"product","2":"type-product","3":"status-publish","4":"has-post-thumbnail","6":"product_cat-derecho-laboral","8":"first","9":"instock","10":"downloadable","11":"taxable","12":"shipping-taxable","13":"purchasable","14":"product-type-simple"},"yoast_head":"<!-- This site is optimized with the Yoast SEO plugin v26.8 - https:\/\/yoast.com\/product\/yoast-seo-wordpress\/ -->\n<title>Convocatoria de la reuni\u00f3n mensual ordinaria del comit\u00e9 de empresa - Soci\u00e9t\u00e9 d&#039;avocats Damy<\/title>\n<meta name=\"robots\" content=\"index, follow, max-snippet:-1, max-image-preview:large, max-video-preview:-1\" \/>\n<link rel=\"canonical\" href=\"https:\/\/gregorydamy.niceavocats.fr\/es\/produit\/convocatoria-de-la-reunion-mensual-ordinaria-del-comite-de-empresa\/\" \/>\n<meta property=\"og:locale\" content=\"es_ES\" \/>\n<meta property=\"og:type\" content=\"article\" \/>\n<meta property=\"og:title\" content=\"Convocatoria de la reuni\u00f3n mensual ordinaria del comit\u00e9 de empresa - Soci\u00e9t\u00e9 d&#039;avocats Damy\" \/>\n<meta property=\"og:description\" content=\"Usted es el gerente de una empresa y tiene m\u00e1s de 50 empleados. En este caso, deber\u00eda crearse un comit\u00e9 de empresa. Los miembros del comit\u00e9 de empresa (miembros, suplentes y representantes sindicales en el comit\u00e9 de empresa) deben ser convocados a una reuni\u00f3n por el presidente del comit\u00e9 de empresa. Tambi\u00e9n se debe convocar [&hellip;]\" \/>\n<meta property=\"og:url\" content=\"https:\/\/gregorydamy.niceavocats.fr\/es\/produit\/convocatoria-de-la-reunion-mensual-ordinaria-del-comite-de-empresa\/\" \/>\n<meta property=\"og:site_name\" content=\"Soci\u00e9t\u00e9 d&#039;avocats Damy\" \/>\n<meta property=\"article:publisher\" content=\"https:\/\/www.facebook.com\/niceavocats.fr\/\" \/>\n<meta property=\"article:modified_time\" content=\"2023-05-08T16:36:37+00:00\" \/>\n<meta property=\"og:image\" content=\"https:\/\/gregorydamy.niceavocats.fr\/wp-content\/uploads\/2023\/04\/formulaires.png\" \/>\n\t<meta property=\"og:image:width\" content=\"2048\" \/>\n\t<meta property=\"og:image:height\" content=\"1536\" \/>\n\t<meta property=\"og:image:type\" content=\"image\/png\" \/>\n<meta name=\"twitter:card\" content=\"summary_large_image\" \/>\n<meta name=\"twitter:label1\" content=\"Tiempo de lectura\" \/>\n\t<meta name=\"twitter:data1\" content=\"1 minuto\" \/>\n<script type=\"application\/ld+json\" class=\"yoast-schema-graph\">{\"@context\":\"https:\/\/schema.org\",\"@graph\":[{\"@type\":\"WebPage\",\"@id\":\"https:\/\/gregorydamy.niceavocats.fr\/es\/produit\/convocatoria-de-la-reunion-mensual-ordinaria-del-comite-de-empresa\/\",\"url\":\"https:\/\/gregorydamy.niceavocats.fr\/es\/produit\/convocatoria-de-la-reunion-mensual-ordinaria-del-comite-de-empresa\/\",\"name\":\"Convocatoria de la reuni\u00f3n mensual ordinaria del comit\u00e9 de empresa - Soci\u00e9t\u00e9 d&#039;avocats Damy\",\"isPartOf\":{\"@id\":\"https:\/\/gregorydamy.niceavocats.fr\/es\/#website\"},\"primaryImageOfPage\":{\"@id\":\"https:\/\/gregorydamy.niceavocats.fr\/es\/produit\/convocatoria-de-la-reunion-mensual-ordinaria-del-comite-de-empresa\/#primaryimage\"},\"image\":{\"@id\":\"https:\/\/gregorydamy.niceavocats.fr\/es\/produit\/convocatoria-de-la-reunion-mensual-ordinaria-del-comite-de-empresa\/#primaryimage\"},\"thumbnailUrl\":\"https:\/\/gregorydamy.niceavocats.fr\/wp-content\/uploads\/2023\/04\/formulaires.png\",\"datePublished\":\"2023-03-31T03:46:20+00:00\",\"dateModified\":\"2023-05-08T16:36:37+00:00\",\"breadcrumb\":{\"@id\":\"https:\/\/gregorydamy.niceavocats.fr\/es\/produit\/convocatoria-de-la-reunion-mensual-ordinaria-del-comite-de-empresa\/#breadcrumb\"},\"inLanguage\":\"es\",\"potentialAction\":[{\"@type\":\"ReadAction\",\"target\":[\"https:\/\/gregorydamy.niceavocats.fr\/es\/produit\/convocatoria-de-la-reunion-mensual-ordinaria-del-comite-de-empresa\/\"]}]},{\"@type\":\"ImageObject\",\"inLanguage\":\"es\",\"@id\":\"https:\/\/gregorydamy.niceavocats.fr\/es\/produit\/convocatoria-de-la-reunion-mensual-ordinaria-del-comite-de-empresa\/#primaryimage\",\"url\":\"https:\/\/gregorydamy.niceavocats.fr\/wp-content\/uploads\/2023\/04\/formulaires.png\",\"contentUrl\":\"https:\/\/gregorydamy.niceavocats.fr\/wp-content\/uploads\/2023\/04\/formulaires.png\",\"width\":2048,\"height\":1536,\"caption\":\"Votre avocat \u00e0 Nice vous propose des mod\u00e8les d'actes et vous conseille sur leurs utilisation.\"},{\"@type\":\"BreadcrumbList\",\"@id\":\"https:\/\/gregorydamy.niceavocats.fr\/es\/produit\/convocatoria-de-la-reunion-mensual-ordinaria-del-comite-de-empresa\/#breadcrumb\",\"itemListElement\":[{\"@type\":\"ListItem\",\"position\":1,\"name\":\"Accueil\",\"item\":\"https:\/\/gregorydamy.niceavocats.fr\/es\/\"},{\"@type\":\"ListItem\",\"position\":2,\"name\":\"Boutique\",\"item\":\"https:\/\/gregorydamy.niceavocats.fr\/boutique\/\"},{\"@type\":\"ListItem\",\"position\":3,\"name\":\"Convocatoria de la reuni\u00f3n mensual ordinaria del comit\u00e9 de empresa\"}]},{\"@type\":\"WebSite\",\"@id\":\"https:\/\/gregorydamy.niceavocats.fr\/es\/#website\",\"url\":\"https:\/\/gregorydamy.niceavocats.fr\/es\/\",\"name\":\"Soci\u00e9t\u00e9 d&#039;avocats Damy\",\"description\":\"Justice - Confiance - Efficacit\u00e9\",\"publisher\":{\"@id\":\"https:\/\/gregorydamy.niceavocats.fr\/es\/#organization\"},\"potentialAction\":[{\"@type\":\"SearchAction\",\"target\":{\"@type\":\"EntryPoint\",\"urlTemplate\":\"https:\/\/gregorydamy.niceavocats.fr\/es\/?s={search_term_string}\"},\"query-input\":{\"@type\":\"PropertyValueSpecification\",\"valueRequired\":true,\"valueName\":\"search_term_string\"}}],\"inLanguage\":\"es\"},{\"@type\":\"Organization\",\"@id\":\"https:\/\/gregorydamy.niceavocats.fr\/es\/#organization\",\"name\":\"Soci\u00e9t\u00e9 d'Avocats DAMY\",\"alternateName\":\"Gr\u00e9gory DAMY\",\"url\":\"https:\/\/gregorydamy.niceavocats.fr\/es\/\",\"logo\":{\"@type\":\"ImageObject\",\"inLanguage\":\"es\",\"@id\":\"https:\/\/gregorydamy.niceavocats.fr\/es\/#\/schema\/logo\/image\/\",\"url\":\"https:\/\/gregorydamy.niceavocats.fr\/wp-content\/uploads\/2023\/04\/damylogo-1.png\",\"contentUrl\":\"https:\/\/gregorydamy.niceavocats.fr\/wp-content\/uploads\/2023\/04\/damylogo-1.png\",\"width\":1890,\"height\":1417,\"caption\":\"Soci\u00e9t\u00e9 d'Avocats DAMY\"},\"image\":{\"@id\":\"https:\/\/gregorydamy.niceavocats.fr\/es\/#\/schema\/logo\/image\/\"},\"sameAs\":[\"https:\/\/www.facebook.com\/niceavocats.fr\/\"]}]}<\/script>\n<!-- \/ Yoast SEO plugin. -->","yoast_head_json":{"title":"Convocatoria de la reuni\u00f3n mensual ordinaria del comit\u00e9 de empresa - Soci\u00e9t\u00e9 d&#039;avocats Damy","robots":{"index":"index","follow":"follow","max-snippet":"max-snippet:-1","max-image-preview":"max-image-preview:large","max-video-preview":"max-video-preview:-1"},"canonical":"https:\/\/gregorydamy.niceavocats.fr\/es\/produit\/convocatoria-de-la-reunion-mensual-ordinaria-del-comite-de-empresa\/","og_locale":"es_ES","og_type":"article","og_title":"Convocatoria de la reuni\u00f3n mensual ordinaria del comit\u00e9 de empresa - Soci\u00e9t\u00e9 d&#039;avocats Damy","og_description":"Usted es el gerente de una empresa y tiene m\u00e1s de 50 empleados. En este caso, deber\u00eda crearse un comit\u00e9 de empresa. Los miembros del comit\u00e9 de empresa (miembros, suplentes y representantes sindicales en el comit\u00e9 de empresa) deben ser convocados a una reuni\u00f3n por el presidente del comit\u00e9 de empresa. Tambi\u00e9n se debe convocar [&hellip;]","og_url":"https:\/\/gregorydamy.niceavocats.fr\/es\/produit\/convocatoria-de-la-reunion-mensual-ordinaria-del-comite-de-empresa\/","og_site_name":"Soci\u00e9t\u00e9 d&#039;avocats Damy","article_publisher":"https:\/\/www.facebook.com\/niceavocats.fr\/","article_modified_time":"2023-05-08T16:36:37+00:00","og_image":[{"width":2048,"height":1536,"url":"https:\/\/gregorydamy.niceavocats.fr\/wp-content\/uploads\/2023\/04\/formulaires.png","type":"image\/png"}],"twitter_card":"summary_large_image","twitter_misc":{"Tiempo de lectura":"1 minuto"},"schema":{"@context":"https:\/\/schema.org","@graph":[{"@type":"WebPage","@id":"https:\/\/gregorydamy.niceavocats.fr\/es\/produit\/convocatoria-de-la-reunion-mensual-ordinaria-del-comite-de-empresa\/","url":"https:\/\/gregorydamy.niceavocats.fr\/es\/produit\/convocatoria-de-la-reunion-mensual-ordinaria-del-comite-de-empresa\/","name":"Convocatoria de la reuni\u00f3n mensual ordinaria del comit\u00e9 de empresa - Soci\u00e9t\u00e9 d&#039;avocats Damy","isPartOf":{"@id":"https:\/\/gregorydamy.niceavocats.fr\/es\/#website"},"primaryImageOfPage":{"@id":"https:\/\/gregorydamy.niceavocats.fr\/es\/produit\/convocatoria-de-la-reunion-mensual-ordinaria-del-comite-de-empresa\/#primaryimage"},"image":{"@id":"https:\/\/gregorydamy.niceavocats.fr\/es\/produit\/convocatoria-de-la-reunion-mensual-ordinaria-del-comite-de-empresa\/#primaryimage"},"thumbnailUrl":"https:\/\/gregorydamy.niceavocats.fr\/wp-content\/uploads\/2023\/04\/formulaires.png","datePublished":"2023-03-31T03:46:20+00:00","dateModified":"2023-05-08T16:36:37+00:00","breadcrumb":{"@id":"https:\/\/gregorydamy.niceavocats.fr\/es\/produit\/convocatoria-de-la-reunion-mensual-ordinaria-del-comite-de-empresa\/#breadcrumb"},"inLanguage":"es","potentialAction":[{"@type":"ReadAction","target":["https:\/\/gregorydamy.niceavocats.fr\/es\/produit\/convocatoria-de-la-reunion-mensual-ordinaria-del-comite-de-empresa\/"]}]},{"@type":"ImageObject","inLanguage":"es","@id":"https:\/\/gregorydamy.niceavocats.fr\/es\/produit\/convocatoria-de-la-reunion-mensual-ordinaria-del-comite-de-empresa\/#primaryimage","url":"https:\/\/gregorydamy.niceavocats.fr\/wp-content\/uploads\/2023\/04\/formulaires.png","contentUrl":"https:\/\/gregorydamy.niceavocats.fr\/wp-content\/uploads\/2023\/04\/formulaires.png","width":2048,"height":1536,"caption":"Votre avocat \u00e0 Nice vous propose des mod\u00e8les d'actes et vous conseille sur leurs utilisation."},{"@type":"BreadcrumbList","@id":"https:\/\/gregorydamy.niceavocats.fr\/es\/produit\/convocatoria-de-la-reunion-mensual-ordinaria-del-comite-de-empresa\/#breadcrumb","itemListElement":[{"@type":"ListItem","position":1,"name":"Accueil","item":"https:\/\/gregorydamy.niceavocats.fr\/es\/"},{"@type":"ListItem","position":2,"name":"Boutique","item":"https:\/\/gregorydamy.niceavocats.fr\/boutique\/"},{"@type":"ListItem","position":3,"name":"Convocatoria de la reuni\u00f3n mensual ordinaria del comit\u00e9 de empresa"}]},{"@type":"WebSite","@id":"https:\/\/gregorydamy.niceavocats.fr\/es\/#website","url":"https:\/\/gregorydamy.niceavocats.fr\/es\/","name":"Soci\u00e9t\u00e9 d&#039;avocats Damy","description":"Justice - Confiance - Efficacit\u00e9","publisher":{"@id":"https:\/\/gregorydamy.niceavocats.fr\/es\/#organization"},"potentialAction":[{"@type":"SearchAction","target":{"@type":"EntryPoint","urlTemplate":"https:\/\/gregorydamy.niceavocats.fr\/es\/?s={search_term_string}"},"query-input":{"@type":"PropertyValueSpecification","valueRequired":true,"valueName":"search_term_string"}}],"inLanguage":"es"},{"@type":"Organization","@id":"https:\/\/gregorydamy.niceavocats.fr\/es\/#organization","name":"Soci\u00e9t\u00e9 d'Avocats DAMY","alternateName":"Gr\u00e9gory DAMY","url":"https:\/\/gregorydamy.niceavocats.fr\/es\/","logo":{"@type":"ImageObject","inLanguage":"es","@id":"https:\/\/gregorydamy.niceavocats.fr\/es\/#\/schema\/logo\/image\/","url":"https:\/\/gregorydamy.niceavocats.fr\/wp-content\/uploads\/2023\/04\/damylogo-1.png","contentUrl":"https:\/\/gregorydamy.niceavocats.fr\/wp-content\/uploads\/2023\/04\/damylogo-1.png","width":1890,"height":1417,"caption":"Soci\u00e9t\u00e9 d'Avocats DAMY"},"image":{"@id":"https:\/\/gregorydamy.niceavocats.fr\/es\/#\/schema\/logo\/image\/"},"sameAs":["https:\/\/www.facebook.com\/niceavocats.fr\/"]}]}},"_links":{"self":[{"href":"https:\/\/gregorydamy.niceavocats.fr\/es\/wp-json\/wp\/v2\/product\/10409","targetHints":{"allow":["GET"]}}],"collection":[{"href":"https:\/\/gregorydamy.niceavocats.fr\/es\/wp-json\/wp\/v2\/product"}],"about":[{"href":"https:\/\/gregorydamy.niceavocats.fr\/es\/wp-json\/wp\/v2\/types\/product"}],"replies":[{"embeddable":true,"href":"https:\/\/gregorydamy.niceavocats.fr\/es\/wp-json\/wp\/v2\/comments?post=10409"}],"wp:featuredmedia":[{"embeddable":true,"href":"https:\/\/gregorydamy.niceavocats.fr\/es\/wp-json\/wp\/v2\/media\/17019"}],"wp:attachment":[{"href":"https:\/\/gregorydamy.niceavocats.fr\/es\/wp-json\/wp\/v2\/media?parent=10409"}],"wp:term":[{"taxonomy":"product_brand","embeddable":true,"href":"https:\/\/gregorydamy.niceavocats.fr\/es\/wp-json\/wp\/v2\/product_brand?post=10409"},{"taxonomy":"product_cat","embeddable":true,"href":"https:\/\/gregorydamy.niceavocats.fr\/es\/wp-json\/wp\/v2\/product_cat?post=10409"},{"taxonomy":"product_tag","embeddable":true,"href":"https:\/\/gregorydamy.niceavocats.fr\/es\/wp-json\/wp\/v2\/product_tag?post=10409"}],"curies":[{"name":"wp","href":"https:\/\/api.w.org\/{rel}","templated":true}]}}