{"id":10364,"date":"2023-03-31T03:21:02","date_gmt":"2023-03-31T03:21:02","guid":{"rendered":"https:\/\/gregorydamy.niceavocats.fr\/?post_type=product&#038;p=10364"},"modified":"2023-05-08T16:38:14","modified_gmt":"2023-05-08T16:38:14","slug":"penalizacion-por-incumplimiento-al-final-de-la-2a-vuelta","status":"publish","type":"product","link":"https:\/\/gregorydamy.niceavocats.fr\/es\/produit\/penalizacion-por-incumplimiento-al-final-de-la-2a-vuelta\/","title":{"rendered":"Penalizaci\u00f3n por incumplimiento al final de la 2\u00aa vuelta"},"content":{"rendered":"<p>Como gerente de la empresa, ha celebrado elecciones para nombrar a los representantes de los empleados en su empresa (elecciones para los representantes de los empleados si emplea a menos de 11 empleados y elecciones para los miembros del comit\u00e9 de empresa si emplea a m\u00e1s de 50 empleados). Si al final de la primera vuelta de las elecciones se produce una de las tres situaciones siguientes, deber\u00e1 prever una segunda vuelta en el plazo de quince d\u00edas a partir de la organizaci\u00f3n de la primera vuelta: la ausencia de una lista presentada por una organizaci\u00f3n sindical habilitada para presentar candidatos: toma nota de la falta de candidatura en un informe. Debe organizarse una segunda ronda; no hay qu\u00f3rum. Se celebrar\u00e1 una segunda votaci\u00f3n por cada colegio o votaci\u00f3n en la que no se haya alcanzado el qu\u00f3rum; se ha alcanzado el qu\u00f3rum. Se proceder\u00e1 al recuento y asignaci\u00f3n de esca\u00f1os. La segunda vuelta s\u00f3lo se celebra si no se han cubierto todos los esca\u00f1os, ya que las listas presentadas en la primera vuelta est\u00e1n incompletas. Si, al t\u00e9rmino de las dos rondas, no se han constituido los representantes del personal, deber\u00e1 presentar un informe de omisi\u00f3n que demuestre que ha cumplido sus obligaciones en relaci\u00f3n con el establecimiento de instituciones representativas del personal. Deber\u00e1 publicar la notificaci\u00f3n de impago en su empresa y enviar una copia de la misma, dentro de los quince d\u00edas siguientes a la organizaci\u00f3n de las elecciones, al Inspector de Trabajo, que enviar\u00e1 una copia a las organizaciones sindicales del departamento correspondiente. Adem\u00e1s, debe enviar una copia de la notificaci\u00f3n de incumplimiento dentro de los quince d\u00edas siguientes a la organizaci\u00f3n de las elecciones al proveedor de servicios conservado por el Ministerio de Trabajo, cuya direcci\u00f3n es la siguiente: CTEP, TSA 79104, 76934 Rouen Cedex 9.<\/p>\n","protected":false},"excerpt":{"rendered":"<p>Como gerente de la empresa, ha celebrado elecciones para nombrar a los representantes de los empleados en su empresa (elecciones para los representantes de los empleados si emplea a menos de 11 empleados y elecciones para los miembros del comit\u00e9 de empresa si emplea a m\u00e1s de 50 empleados). Si al final de la primera [&hellip;]<\/p>\n","protected":false},"featured_media":17019,"comment_status":"open","ping_status":"closed","template":"","meta":{"_et_pb_use_builder":"","_et_pb_old_content":"","_et_gb_content_width":""},"product_brand":[],"product_cat":[351],"product_tag":[],"class_list":{"0":"post-10364","1":"product","2":"type-product","3":"status-publish","4":"has-post-thumbnail","6":"product_cat-derecho-penal-vial","8":"first","9":"instock","10":"downloadable","11":"taxable","12":"shipping-taxable","13":"purchasable","14":"product-type-simple"},"yoast_head":"<!-- This site is optimized with the Yoast SEO plugin v26.8 - https:\/\/yoast.com\/product\/yoast-seo-wordpress\/ -->\n<title>Penalizaci\u00f3n por incumplimiento al final de la 2\u00aa vuelta - Soci\u00e9t\u00e9 d&#039;avocats Damy<\/title>\n<meta name=\"robots\" content=\"index, follow, max-snippet:-1, max-image-preview:large, max-video-preview:-1\" \/>\n<link rel=\"canonical\" href=\"https:\/\/gregorydamy.niceavocats.fr\/es\/produit\/penalizacion-por-incumplimiento-al-final-de-la-2a-vuelta\/\" \/>\n<meta property=\"og:locale\" content=\"es_ES\" \/>\n<meta property=\"og:type\" content=\"article\" \/>\n<meta property=\"og:title\" content=\"Penalizaci\u00f3n por incumplimiento al final de la 2\u00aa vuelta - Soci\u00e9t\u00e9 d&#039;avocats Damy\" \/>\n<meta property=\"og:description\" content=\"Como gerente de la empresa, ha celebrado elecciones para nombrar a los representantes de los empleados en su empresa (elecciones para los representantes de los empleados si emplea a menos de 11 empleados y elecciones para los miembros del comit\u00e9 de empresa si emplea a m\u00e1s de 50 empleados). Si al final de la primera [&hellip;]\" \/>\n<meta property=\"og:url\" content=\"https:\/\/gregorydamy.niceavocats.fr\/es\/produit\/penalizacion-por-incumplimiento-al-final-de-la-2a-vuelta\/\" \/>\n<meta property=\"og:site_name\" content=\"Soci\u00e9t\u00e9 d&#039;avocats Damy\" \/>\n<meta property=\"article:publisher\" content=\"https:\/\/www.facebook.com\/niceavocats.fr\/\" \/>\n<meta property=\"article:modified_time\" content=\"2023-05-08T16:38:14+00:00\" \/>\n<meta property=\"og:image\" content=\"https:\/\/gregorydamy.niceavocats.fr\/wp-content\/uploads\/2023\/04\/formulaires.png\" \/>\n\t<meta property=\"og:image:width\" content=\"2048\" \/>\n\t<meta property=\"og:image:height\" content=\"1536\" \/>\n\t<meta property=\"og:image:type\" content=\"image\/png\" \/>\n<meta name=\"twitter:card\" content=\"summary_large_image\" \/>\n<meta name=\"twitter:label1\" content=\"Tiempo de lectura\" \/>\n\t<meta name=\"twitter:data1\" content=\"2 minutos\" \/>\n<script type=\"application\/ld+json\" class=\"yoast-schema-graph\">{\"@context\":\"https:\/\/schema.org\",\"@graph\":[{\"@type\":\"WebPage\",\"@id\":\"https:\/\/gregorydamy.niceavocats.fr\/es\/produit\/penalizacion-por-incumplimiento-al-final-de-la-2a-vuelta\/\",\"url\":\"https:\/\/gregorydamy.niceavocats.fr\/es\/produit\/penalizacion-por-incumplimiento-al-final-de-la-2a-vuelta\/\",\"name\":\"Penalizaci\u00f3n por incumplimiento al final de la 2\u00aa vuelta - Soci\u00e9t\u00e9 d&#039;avocats Damy\",\"isPartOf\":{\"@id\":\"https:\/\/gregorydamy.niceavocats.fr\/es\/#website\"},\"primaryImageOfPage\":{\"@id\":\"https:\/\/gregorydamy.niceavocats.fr\/es\/produit\/penalizacion-por-incumplimiento-al-final-de-la-2a-vuelta\/#primaryimage\"},\"image\":{\"@id\":\"https:\/\/gregorydamy.niceavocats.fr\/es\/produit\/penalizacion-por-incumplimiento-al-final-de-la-2a-vuelta\/#primaryimage\"},\"thumbnailUrl\":\"https:\/\/gregorydamy.niceavocats.fr\/wp-content\/uploads\/2023\/04\/formulaires.png\",\"datePublished\":\"2023-03-31T03:21:02+00:00\",\"dateModified\":\"2023-05-08T16:38:14+00:00\",\"breadcrumb\":{\"@id\":\"https:\/\/gregorydamy.niceavocats.fr\/es\/produit\/penalizacion-por-incumplimiento-al-final-de-la-2a-vuelta\/#breadcrumb\"},\"inLanguage\":\"es\",\"potentialAction\":[{\"@type\":\"ReadAction\",\"target\":[\"https:\/\/gregorydamy.niceavocats.fr\/es\/produit\/penalizacion-por-incumplimiento-al-final-de-la-2a-vuelta\/\"]}]},{\"@type\":\"ImageObject\",\"inLanguage\":\"es\",\"@id\":\"https:\/\/gregorydamy.niceavocats.fr\/es\/produit\/penalizacion-por-incumplimiento-al-final-de-la-2a-vuelta\/#primaryimage\",\"url\":\"https:\/\/gregorydamy.niceavocats.fr\/wp-content\/uploads\/2023\/04\/formulaires.png\",\"contentUrl\":\"https:\/\/gregorydamy.niceavocats.fr\/wp-content\/uploads\/2023\/04\/formulaires.png\",\"width\":2048,\"height\":1536,\"caption\":\"Votre avocat \u00e0 Nice vous propose des mod\u00e8les d'actes et vous conseille sur leurs utilisation.\"},{\"@type\":\"BreadcrumbList\",\"@id\":\"https:\/\/gregorydamy.niceavocats.fr\/es\/produit\/penalizacion-por-incumplimiento-al-final-de-la-2a-vuelta\/#breadcrumb\",\"itemListElement\":[{\"@type\":\"ListItem\",\"position\":1,\"name\":\"Accueil\",\"item\":\"https:\/\/gregorydamy.niceavocats.fr\/es\/\"},{\"@type\":\"ListItem\",\"position\":2,\"name\":\"Boutique\",\"item\":\"https:\/\/gregorydamy.niceavocats.fr\/boutique\/\"},{\"@type\":\"ListItem\",\"position\":3,\"name\":\"Penalizaci\u00f3n por incumplimiento al final de la 2\u00aa vuelta\"}]},{\"@type\":\"WebSite\",\"@id\":\"https:\/\/gregorydamy.niceavocats.fr\/es\/#website\",\"url\":\"https:\/\/gregorydamy.niceavocats.fr\/es\/\",\"name\":\"Soci\u00e9t\u00e9 d&#039;avocats Damy\",\"description\":\"Justice - Confiance - Efficacit\u00e9\",\"publisher\":{\"@id\":\"https:\/\/gregorydamy.niceavocats.fr\/es\/#organization\"},\"potentialAction\":[{\"@type\":\"SearchAction\",\"target\":{\"@type\":\"EntryPoint\",\"urlTemplate\":\"https:\/\/gregorydamy.niceavocats.fr\/es\/?s={search_term_string}\"},\"query-input\":{\"@type\":\"PropertyValueSpecification\",\"valueRequired\":true,\"valueName\":\"search_term_string\"}}],\"inLanguage\":\"es\"},{\"@type\":\"Organization\",\"@id\":\"https:\/\/gregorydamy.niceavocats.fr\/es\/#organization\",\"name\":\"Soci\u00e9t\u00e9 d'Avocats DAMY\",\"alternateName\":\"Gr\u00e9gory DAMY\",\"url\":\"https:\/\/gregorydamy.niceavocats.fr\/es\/\",\"logo\":{\"@type\":\"ImageObject\",\"inLanguage\":\"es\",\"@id\":\"https:\/\/gregorydamy.niceavocats.fr\/es\/#\/schema\/logo\/image\/\",\"url\":\"https:\/\/gregorydamy.niceavocats.fr\/wp-content\/uploads\/2023\/04\/damylogo-1.png\",\"contentUrl\":\"https:\/\/gregorydamy.niceavocats.fr\/wp-content\/uploads\/2023\/04\/damylogo-1.png\",\"width\":1890,\"height\":1417,\"caption\":\"Soci\u00e9t\u00e9 d'Avocats DAMY\"},\"image\":{\"@id\":\"https:\/\/gregorydamy.niceavocats.fr\/es\/#\/schema\/logo\/image\/\"},\"sameAs\":[\"https:\/\/www.facebook.com\/niceavocats.fr\/\"]}]}<\/script>\n<!-- \/ Yoast SEO plugin. -->","yoast_head_json":{"title":"Penalizaci\u00f3n por incumplimiento al final de la 2\u00aa vuelta - Soci\u00e9t\u00e9 d&#039;avocats Damy","robots":{"index":"index","follow":"follow","max-snippet":"max-snippet:-1","max-image-preview":"max-image-preview:large","max-video-preview":"max-video-preview:-1"},"canonical":"https:\/\/gregorydamy.niceavocats.fr\/es\/produit\/penalizacion-por-incumplimiento-al-final-de-la-2a-vuelta\/","og_locale":"es_ES","og_type":"article","og_title":"Penalizaci\u00f3n por incumplimiento al final de la 2\u00aa vuelta - Soci\u00e9t\u00e9 d&#039;avocats Damy","og_description":"Como gerente de la empresa, ha celebrado elecciones para nombrar a los representantes de los empleados en su empresa (elecciones para los representantes de los empleados si emplea a menos de 11 empleados y elecciones para los miembros del comit\u00e9 de empresa si emplea a m\u00e1s de 50 empleados). Si al final de la primera [&hellip;]","og_url":"https:\/\/gregorydamy.niceavocats.fr\/es\/produit\/penalizacion-por-incumplimiento-al-final-de-la-2a-vuelta\/","og_site_name":"Soci\u00e9t\u00e9 d&#039;avocats Damy","article_publisher":"https:\/\/www.facebook.com\/niceavocats.fr\/","article_modified_time":"2023-05-08T16:38:14+00:00","og_image":[{"width":2048,"height":1536,"url":"https:\/\/gregorydamy.niceavocats.fr\/wp-content\/uploads\/2023\/04\/formulaires.png","type":"image\/png"}],"twitter_card":"summary_large_image","twitter_misc":{"Tiempo de lectura":"2 minutos"},"schema":{"@context":"https:\/\/schema.org","@graph":[{"@type":"WebPage","@id":"https:\/\/gregorydamy.niceavocats.fr\/es\/produit\/penalizacion-por-incumplimiento-al-final-de-la-2a-vuelta\/","url":"https:\/\/gregorydamy.niceavocats.fr\/es\/produit\/penalizacion-por-incumplimiento-al-final-de-la-2a-vuelta\/","name":"Penalizaci\u00f3n por incumplimiento al final de la 2\u00aa vuelta - Soci\u00e9t\u00e9 d&#039;avocats Damy","isPartOf":{"@id":"https:\/\/gregorydamy.niceavocats.fr\/es\/#website"},"primaryImageOfPage":{"@id":"https:\/\/gregorydamy.niceavocats.fr\/es\/produit\/penalizacion-por-incumplimiento-al-final-de-la-2a-vuelta\/#primaryimage"},"image":{"@id":"https:\/\/gregorydamy.niceavocats.fr\/es\/produit\/penalizacion-por-incumplimiento-al-final-de-la-2a-vuelta\/#primaryimage"},"thumbnailUrl":"https:\/\/gregorydamy.niceavocats.fr\/wp-content\/uploads\/2023\/04\/formulaires.png","datePublished":"2023-03-31T03:21:02+00:00","dateModified":"2023-05-08T16:38:14+00:00","breadcrumb":{"@id":"https:\/\/gregorydamy.niceavocats.fr\/es\/produit\/penalizacion-por-incumplimiento-al-final-de-la-2a-vuelta\/#breadcrumb"},"inLanguage":"es","potentialAction":[{"@type":"ReadAction","target":["https:\/\/gregorydamy.niceavocats.fr\/es\/produit\/penalizacion-por-incumplimiento-al-final-de-la-2a-vuelta\/"]}]},{"@type":"ImageObject","inLanguage":"es","@id":"https:\/\/gregorydamy.niceavocats.fr\/es\/produit\/penalizacion-por-incumplimiento-al-final-de-la-2a-vuelta\/#primaryimage","url":"https:\/\/gregorydamy.niceavocats.fr\/wp-content\/uploads\/2023\/04\/formulaires.png","contentUrl":"https:\/\/gregorydamy.niceavocats.fr\/wp-content\/uploads\/2023\/04\/formulaires.png","width":2048,"height":1536,"caption":"Votre avocat \u00e0 Nice vous propose des mod\u00e8les d'actes et vous conseille sur leurs utilisation."},{"@type":"BreadcrumbList","@id":"https:\/\/gregorydamy.niceavocats.fr\/es\/produit\/penalizacion-por-incumplimiento-al-final-de-la-2a-vuelta\/#breadcrumb","itemListElement":[{"@type":"ListItem","position":1,"name":"Accueil","item":"https:\/\/gregorydamy.niceavocats.fr\/es\/"},{"@type":"ListItem","position":2,"name":"Boutique","item":"https:\/\/gregorydamy.niceavocats.fr\/boutique\/"},{"@type":"ListItem","position":3,"name":"Penalizaci\u00f3n por incumplimiento al final de la 2\u00aa vuelta"}]},{"@type":"WebSite","@id":"https:\/\/gregorydamy.niceavocats.fr\/es\/#website","url":"https:\/\/gregorydamy.niceavocats.fr\/es\/","name":"Soci\u00e9t\u00e9 d&#039;avocats Damy","description":"Justice - Confiance - Efficacit\u00e9","publisher":{"@id":"https:\/\/gregorydamy.niceavocats.fr\/es\/#organization"},"potentialAction":[{"@type":"SearchAction","target":{"@type":"EntryPoint","urlTemplate":"https:\/\/gregorydamy.niceavocats.fr\/es\/?s={search_term_string}"},"query-input":{"@type":"PropertyValueSpecification","valueRequired":true,"valueName":"search_term_string"}}],"inLanguage":"es"},{"@type":"Organization","@id":"https:\/\/gregorydamy.niceavocats.fr\/es\/#organization","name":"Soci\u00e9t\u00e9 d'Avocats DAMY","alternateName":"Gr\u00e9gory DAMY","url":"https:\/\/gregorydamy.niceavocats.fr\/es\/","logo":{"@type":"ImageObject","inLanguage":"es","@id":"https:\/\/gregorydamy.niceavocats.fr\/es\/#\/schema\/logo\/image\/","url":"https:\/\/gregorydamy.niceavocats.fr\/wp-content\/uploads\/2023\/04\/damylogo-1.png","contentUrl":"https:\/\/gregorydamy.niceavocats.fr\/wp-content\/uploads\/2023\/04\/damylogo-1.png","width":1890,"height":1417,"caption":"Soci\u00e9t\u00e9 d'Avocats DAMY"},"image":{"@id":"https:\/\/gregorydamy.niceavocats.fr\/es\/#\/schema\/logo\/image\/"},"sameAs":["https:\/\/www.facebook.com\/niceavocats.fr\/"]}]}},"_links":{"self":[{"href":"https:\/\/gregorydamy.niceavocats.fr\/es\/wp-json\/wp\/v2\/product\/10364","targetHints":{"allow":["GET"]}}],"collection":[{"href":"https:\/\/gregorydamy.niceavocats.fr\/es\/wp-json\/wp\/v2\/product"}],"about":[{"href":"https:\/\/gregorydamy.niceavocats.fr\/es\/wp-json\/wp\/v2\/types\/product"}],"replies":[{"embeddable":true,"href":"https:\/\/gregorydamy.niceavocats.fr\/es\/wp-json\/wp\/v2\/comments?post=10364"}],"wp:featuredmedia":[{"embeddable":true,"href":"https:\/\/gregorydamy.niceavocats.fr\/es\/wp-json\/wp\/v2\/media\/17019"}],"wp:attachment":[{"href":"https:\/\/gregorydamy.niceavocats.fr\/es\/wp-json\/wp\/v2\/media?parent=10364"}],"wp:term":[{"taxonomy":"product_brand","embeddable":true,"href":"https:\/\/gregorydamy.niceavocats.fr\/es\/wp-json\/wp\/v2\/product_brand?post=10364"},{"taxonomy":"product_cat","embeddable":true,"href":"https:\/\/gregorydamy.niceavocats.fr\/es\/wp-json\/wp\/v2\/product_cat?post=10364"},{"taxonomy":"product_tag","embeddable":true,"href":"https:\/\/gregorydamy.niceavocats.fr\/es\/wp-json\/wp\/v2\/product_tag?post=10364"}],"curies":[{"name":"wp","href":"https:\/\/api.w.org\/{rel}","templated":true}]}}