{"id":10086,"date":"2023-03-30T17:10:53","date_gmt":"2023-03-30T17:10:53","guid":{"rendered":"https:\/\/gregorydamy.niceavocats.fr\/?post_type=product&#038;p=10086"},"modified":"2023-05-08T16:54:08","modified_gmt":"2023-05-08T16:54:08","slug":"solicitud-y-acuerdo-de-divorcio-custodia-alternativa","status":"publish","type":"product","link":"https:\/\/gregorydamy.niceavocats.fr\/es\/produit\/solicitud-y-acuerdo-de-divorcio-custodia-alternativa\/","title":{"rendered":"Solicitud y acuerdo de divorcio (custodia alternativa)"},"content":{"rendered":"<p>El c\u00f3nyuge que solicita el divorcio presenta, por abogado, una petici\u00f3n al Tribunal de Familia. 2. No ser\u00e1 necesario precisar en la demanda de divorcio los motivos de la misma. La elecci\u00f3n del procedimiento de divorcio se har\u00e1 en el momento de la asignaci\u00f3n. En caso de separaci\u00f3n de los padres, la residencia del ni\u00f1o se fija con uno de los padres o con ambos padres alternativamente.<\/p>\n","protected":false},"excerpt":{"rendered":"<p>El c\u00f3nyuge que solicita el divorcio presenta, por abogado, una petici\u00f3n al Tribunal de Familia. 2. No ser\u00e1 necesario precisar en la demanda de divorcio los motivos de la misma. La elecci\u00f3n del procedimiento de divorcio se har\u00e1 en el momento de la asignaci\u00f3n. En caso de separaci\u00f3n de los padres, la residencia del ni\u00f1o [&hellip;]<\/p>\n","protected":false},"featured_media":17019,"comment_status":"open","ping_status":"closed","template":"","meta":{"_et_pb_use_builder":"","_et_pb_old_content":"","_et_gb_content_width":""},"product_brand":[],"product_cat":[345],"product_tag":[],"class_list":{"0":"post-10086","1":"product","2":"type-product","3":"status-publish","4":"has-post-thumbnail","6":"product_cat-actos-procesales","8":"first","9":"instock","10":"downloadable","11":"taxable","12":"shipping-taxable","13":"purchasable","14":"product-type-simple"},"yoast_head":"<!-- This site is optimized with the Yoast SEO plugin v26.8 - https:\/\/yoast.com\/product\/yoast-seo-wordpress\/ -->\n<title>Solicitud y acuerdo de divorcio (custodia alternativa) - Soci\u00e9t\u00e9 d&#039;avocats Damy<\/title>\n<meta name=\"robots\" content=\"index, follow, max-snippet:-1, max-image-preview:large, max-video-preview:-1\" \/>\n<link rel=\"canonical\" href=\"https:\/\/gregorydamy.niceavocats.fr\/es\/produit\/solicitud-y-acuerdo-de-divorcio-custodia-alternativa\/\" \/>\n<meta property=\"og:locale\" content=\"es_ES\" \/>\n<meta property=\"og:type\" content=\"article\" \/>\n<meta property=\"og:title\" content=\"Solicitud y acuerdo de divorcio (custodia alternativa) - Soci\u00e9t\u00e9 d&#039;avocats Damy\" \/>\n<meta property=\"og:description\" content=\"El c\u00f3nyuge que solicita el divorcio presenta, por abogado, una petici\u00f3n al Tribunal de Familia. 2. No ser\u00e1 necesario precisar en la demanda de divorcio los motivos de la misma. La elecci\u00f3n del procedimiento de divorcio se har\u00e1 en el momento de la asignaci\u00f3n. En caso de separaci\u00f3n de los padres, la residencia del ni\u00f1o [&hellip;]\" \/>\n<meta property=\"og:url\" content=\"https:\/\/gregorydamy.niceavocats.fr\/es\/produit\/solicitud-y-acuerdo-de-divorcio-custodia-alternativa\/\" \/>\n<meta property=\"og:site_name\" content=\"Soci\u00e9t\u00e9 d&#039;avocats Damy\" \/>\n<meta property=\"article:publisher\" content=\"https:\/\/www.facebook.com\/niceavocats.fr\/\" \/>\n<meta property=\"article:modified_time\" content=\"2023-05-08T16:54:08+00:00\" \/>\n<meta property=\"og:image\" content=\"https:\/\/gregorydamy.niceavocats.fr\/wp-content\/uploads\/2023\/04\/formulaires.png\" \/>\n\t<meta property=\"og:image:width\" content=\"2048\" \/>\n\t<meta property=\"og:image:height\" content=\"1536\" \/>\n\t<meta property=\"og:image:type\" content=\"image\/png\" \/>\n<meta name=\"twitter:card\" content=\"summary_large_image\" \/>\n<script type=\"application\/ld+json\" class=\"yoast-schema-graph\">{\"@context\":\"https:\/\/schema.org\",\"@graph\":[{\"@type\":\"WebPage\",\"@id\":\"https:\/\/gregorydamy.niceavocats.fr\/es\/produit\/solicitud-y-acuerdo-de-divorcio-custodia-alternativa\/\",\"url\":\"https:\/\/gregorydamy.niceavocats.fr\/es\/produit\/solicitud-y-acuerdo-de-divorcio-custodia-alternativa\/\",\"name\":\"Solicitud y acuerdo de divorcio (custodia alternativa) - Soci\u00e9t\u00e9 d&#039;avocats Damy\",\"isPartOf\":{\"@id\":\"https:\/\/gregorydamy.niceavocats.fr\/es\/#website\"},\"primaryImageOfPage\":{\"@id\":\"https:\/\/gregorydamy.niceavocats.fr\/es\/produit\/solicitud-y-acuerdo-de-divorcio-custodia-alternativa\/#primaryimage\"},\"image\":{\"@id\":\"https:\/\/gregorydamy.niceavocats.fr\/es\/produit\/solicitud-y-acuerdo-de-divorcio-custodia-alternativa\/#primaryimage\"},\"thumbnailUrl\":\"https:\/\/gregorydamy.niceavocats.fr\/wp-content\/uploads\/2023\/04\/formulaires.png\",\"datePublished\":\"2023-03-30T17:10:53+00:00\",\"dateModified\":\"2023-05-08T16:54:08+00:00\",\"breadcrumb\":{\"@id\":\"https:\/\/gregorydamy.niceavocats.fr\/es\/produit\/solicitud-y-acuerdo-de-divorcio-custodia-alternativa\/#breadcrumb\"},\"inLanguage\":\"es\",\"potentialAction\":[{\"@type\":\"ReadAction\",\"target\":[\"https:\/\/gregorydamy.niceavocats.fr\/es\/produit\/solicitud-y-acuerdo-de-divorcio-custodia-alternativa\/\"]}]},{\"@type\":\"ImageObject\",\"inLanguage\":\"es\",\"@id\":\"https:\/\/gregorydamy.niceavocats.fr\/es\/produit\/solicitud-y-acuerdo-de-divorcio-custodia-alternativa\/#primaryimage\",\"url\":\"https:\/\/gregorydamy.niceavocats.fr\/wp-content\/uploads\/2023\/04\/formulaires.png\",\"contentUrl\":\"https:\/\/gregorydamy.niceavocats.fr\/wp-content\/uploads\/2023\/04\/formulaires.png\",\"width\":2048,\"height\":1536,\"caption\":\"Votre avocat \u00e0 Nice vous propose des mod\u00e8les d'actes et vous conseille sur leurs utilisation.\"},{\"@type\":\"BreadcrumbList\",\"@id\":\"https:\/\/gregorydamy.niceavocats.fr\/es\/produit\/solicitud-y-acuerdo-de-divorcio-custodia-alternativa\/#breadcrumb\",\"itemListElement\":[{\"@type\":\"ListItem\",\"position\":1,\"name\":\"Accueil\",\"item\":\"https:\/\/gregorydamy.niceavocats.fr\/es\/\"},{\"@type\":\"ListItem\",\"position\":2,\"name\":\"Boutique\",\"item\":\"https:\/\/gregorydamy.niceavocats.fr\/boutique\/\"},{\"@type\":\"ListItem\",\"position\":3,\"name\":\"Solicitud y acuerdo de divorcio (custodia alternativa)\"}]},{\"@type\":\"WebSite\",\"@id\":\"https:\/\/gregorydamy.niceavocats.fr\/es\/#website\",\"url\":\"https:\/\/gregorydamy.niceavocats.fr\/es\/\",\"name\":\"Soci\u00e9t\u00e9 d&#039;avocats Damy\",\"description\":\"Justice - Confiance - Efficacit\u00e9\",\"publisher\":{\"@id\":\"https:\/\/gregorydamy.niceavocats.fr\/es\/#organization\"},\"potentialAction\":[{\"@type\":\"SearchAction\",\"target\":{\"@type\":\"EntryPoint\",\"urlTemplate\":\"https:\/\/gregorydamy.niceavocats.fr\/es\/?s={search_term_string}\"},\"query-input\":{\"@type\":\"PropertyValueSpecification\",\"valueRequired\":true,\"valueName\":\"search_term_string\"}}],\"inLanguage\":\"es\"},{\"@type\":\"Organization\",\"@id\":\"https:\/\/gregorydamy.niceavocats.fr\/es\/#organization\",\"name\":\"Soci\u00e9t\u00e9 d'Avocats DAMY\",\"alternateName\":\"Gr\u00e9gory DAMY\",\"url\":\"https:\/\/gregorydamy.niceavocats.fr\/es\/\",\"logo\":{\"@type\":\"ImageObject\",\"inLanguage\":\"es\",\"@id\":\"https:\/\/gregorydamy.niceavocats.fr\/es\/#\/schema\/logo\/image\/\",\"url\":\"https:\/\/gregorydamy.niceavocats.fr\/wp-content\/uploads\/2023\/04\/damylogo-1.png\",\"contentUrl\":\"https:\/\/gregorydamy.niceavocats.fr\/wp-content\/uploads\/2023\/04\/damylogo-1.png\",\"width\":1890,\"height\":1417,\"caption\":\"Soci\u00e9t\u00e9 d'Avocats DAMY\"},\"image\":{\"@id\":\"https:\/\/gregorydamy.niceavocats.fr\/es\/#\/schema\/logo\/image\/\"},\"sameAs\":[\"https:\/\/www.facebook.com\/niceavocats.fr\/\"]}]}<\/script>\n<!-- \/ Yoast SEO plugin. -->","yoast_head_json":{"title":"Solicitud y acuerdo de divorcio (custodia alternativa) - Soci\u00e9t\u00e9 d&#039;avocats Damy","robots":{"index":"index","follow":"follow","max-snippet":"max-snippet:-1","max-image-preview":"max-image-preview:large","max-video-preview":"max-video-preview:-1"},"canonical":"https:\/\/gregorydamy.niceavocats.fr\/es\/produit\/solicitud-y-acuerdo-de-divorcio-custodia-alternativa\/","og_locale":"es_ES","og_type":"article","og_title":"Solicitud y acuerdo de divorcio (custodia alternativa) - Soci\u00e9t\u00e9 d&#039;avocats Damy","og_description":"El c\u00f3nyuge que solicita el divorcio presenta, por abogado, una petici\u00f3n al Tribunal de Familia. 2. No ser\u00e1 necesario precisar en la demanda de divorcio los motivos de la misma. La elecci\u00f3n del procedimiento de divorcio se har\u00e1 en el momento de la asignaci\u00f3n. En caso de separaci\u00f3n de los padres, la residencia del ni\u00f1o [&hellip;]","og_url":"https:\/\/gregorydamy.niceavocats.fr\/es\/produit\/solicitud-y-acuerdo-de-divorcio-custodia-alternativa\/","og_site_name":"Soci\u00e9t\u00e9 d&#039;avocats Damy","article_publisher":"https:\/\/www.facebook.com\/niceavocats.fr\/","article_modified_time":"2023-05-08T16:54:08+00:00","og_image":[{"width":2048,"height":1536,"url":"https:\/\/gregorydamy.niceavocats.fr\/wp-content\/uploads\/2023\/04\/formulaires.png","type":"image\/png"}],"twitter_card":"summary_large_image","schema":{"@context":"https:\/\/schema.org","@graph":[{"@type":"WebPage","@id":"https:\/\/gregorydamy.niceavocats.fr\/es\/produit\/solicitud-y-acuerdo-de-divorcio-custodia-alternativa\/","url":"https:\/\/gregorydamy.niceavocats.fr\/es\/produit\/solicitud-y-acuerdo-de-divorcio-custodia-alternativa\/","name":"Solicitud y acuerdo de divorcio (custodia alternativa) - Soci\u00e9t\u00e9 d&#039;avocats Damy","isPartOf":{"@id":"https:\/\/gregorydamy.niceavocats.fr\/es\/#website"},"primaryImageOfPage":{"@id":"https:\/\/gregorydamy.niceavocats.fr\/es\/produit\/solicitud-y-acuerdo-de-divorcio-custodia-alternativa\/#primaryimage"},"image":{"@id":"https:\/\/gregorydamy.niceavocats.fr\/es\/produit\/solicitud-y-acuerdo-de-divorcio-custodia-alternativa\/#primaryimage"},"thumbnailUrl":"https:\/\/gregorydamy.niceavocats.fr\/wp-content\/uploads\/2023\/04\/formulaires.png","datePublished":"2023-03-30T17:10:53+00:00","dateModified":"2023-05-08T16:54:08+00:00","breadcrumb":{"@id":"https:\/\/gregorydamy.niceavocats.fr\/es\/produit\/solicitud-y-acuerdo-de-divorcio-custodia-alternativa\/#breadcrumb"},"inLanguage":"es","potentialAction":[{"@type":"ReadAction","target":["https:\/\/gregorydamy.niceavocats.fr\/es\/produit\/solicitud-y-acuerdo-de-divorcio-custodia-alternativa\/"]}]},{"@type":"ImageObject","inLanguage":"es","@id":"https:\/\/gregorydamy.niceavocats.fr\/es\/produit\/solicitud-y-acuerdo-de-divorcio-custodia-alternativa\/#primaryimage","url":"https:\/\/gregorydamy.niceavocats.fr\/wp-content\/uploads\/2023\/04\/formulaires.png","contentUrl":"https:\/\/gregorydamy.niceavocats.fr\/wp-content\/uploads\/2023\/04\/formulaires.png","width":2048,"height":1536,"caption":"Votre avocat \u00e0 Nice vous propose des mod\u00e8les d'actes et vous conseille sur leurs utilisation."},{"@type":"BreadcrumbList","@id":"https:\/\/gregorydamy.niceavocats.fr\/es\/produit\/solicitud-y-acuerdo-de-divorcio-custodia-alternativa\/#breadcrumb","itemListElement":[{"@type":"ListItem","position":1,"name":"Accueil","item":"https:\/\/gregorydamy.niceavocats.fr\/es\/"},{"@type":"ListItem","position":2,"name":"Boutique","item":"https:\/\/gregorydamy.niceavocats.fr\/boutique\/"},{"@type":"ListItem","position":3,"name":"Solicitud y acuerdo de divorcio (custodia alternativa)"}]},{"@type":"WebSite","@id":"https:\/\/gregorydamy.niceavocats.fr\/es\/#website","url":"https:\/\/gregorydamy.niceavocats.fr\/es\/","name":"Soci\u00e9t\u00e9 d&#039;avocats Damy","description":"Justice - Confiance - Efficacit\u00e9","publisher":{"@id":"https:\/\/gregorydamy.niceavocats.fr\/es\/#organization"},"potentialAction":[{"@type":"SearchAction","target":{"@type":"EntryPoint","urlTemplate":"https:\/\/gregorydamy.niceavocats.fr\/es\/?s={search_term_string}"},"query-input":{"@type":"PropertyValueSpecification","valueRequired":true,"valueName":"search_term_string"}}],"inLanguage":"es"},{"@type":"Organization","@id":"https:\/\/gregorydamy.niceavocats.fr\/es\/#organization","name":"Soci\u00e9t\u00e9 d'Avocats DAMY","alternateName":"Gr\u00e9gory DAMY","url":"https:\/\/gregorydamy.niceavocats.fr\/es\/","logo":{"@type":"ImageObject","inLanguage":"es","@id":"https:\/\/gregorydamy.niceavocats.fr\/es\/#\/schema\/logo\/image\/","url":"https:\/\/gregorydamy.niceavocats.fr\/wp-content\/uploads\/2023\/04\/damylogo-1.png","contentUrl":"https:\/\/gregorydamy.niceavocats.fr\/wp-content\/uploads\/2023\/04\/damylogo-1.png","width":1890,"height":1417,"caption":"Soci\u00e9t\u00e9 d'Avocats DAMY"},"image":{"@id":"https:\/\/gregorydamy.niceavocats.fr\/es\/#\/schema\/logo\/image\/"},"sameAs":["https:\/\/www.facebook.com\/niceavocats.fr\/"]}]}},"_links":{"self":[{"href":"https:\/\/gregorydamy.niceavocats.fr\/es\/wp-json\/wp\/v2\/product\/10086","targetHints":{"allow":["GET"]}}],"collection":[{"href":"https:\/\/gregorydamy.niceavocats.fr\/es\/wp-json\/wp\/v2\/product"}],"about":[{"href":"https:\/\/gregorydamy.niceavocats.fr\/es\/wp-json\/wp\/v2\/types\/product"}],"replies":[{"embeddable":true,"href":"https:\/\/gregorydamy.niceavocats.fr\/es\/wp-json\/wp\/v2\/comments?post=10086"}],"wp:featuredmedia":[{"embeddable":true,"href":"https:\/\/gregorydamy.niceavocats.fr\/es\/wp-json\/wp\/v2\/media\/17019"}],"wp:attachment":[{"href":"https:\/\/gregorydamy.niceavocats.fr\/es\/wp-json\/wp\/v2\/media?parent=10086"}],"wp:term":[{"taxonomy":"product_brand","embeddable":true,"href":"https:\/\/gregorydamy.niceavocats.fr\/es\/wp-json\/wp\/v2\/product_brand?post=10086"},{"taxonomy":"product_cat","embeddable":true,"href":"https:\/\/gregorydamy.niceavocats.fr\/es\/wp-json\/wp\/v2\/product_cat?post=10086"},{"taxonomy":"product_tag","embeddable":true,"href":"https:\/\/gregorydamy.niceavocats.fr\/es\/wp-json\/wp\/v2\/product_tag?post=10086"}],"curies":[{"name":"wp","href":"https:\/\/api.w.org\/{rel}","templated":true}]}}