{"id":16761,"date":"2023-01-10T07:35:33","date_gmt":"2023-01-10T07:35:33","guid":{"rendered":"https:\/\/gregorydamy.niceavocats.fr\/?page_id=16761"},"modified":"2023-06-08T13:20:12","modified_gmt":"2023-06-08T13:20:12","slug":"empresas","status":"publish","type":"page","link":"https:\/\/gregorydamy.niceavocats.fr\/es\/empresas\/","title":{"rendered":"Derecho mercantil"},"content":{"rendered":"<p>[et_pb_section fb_built=&#8221;1&#8243; custom_padding_last_edited=&#8221;on|phone&#8221; _builder_version=&#8221;4.20.2&#8243; background_color=&#8221;#FFFFFF&#8221; background_enable_image=&#8221;off&#8221; parallax=&#8221;on&#8221; custom_padding=&#8221;69px||||false|false&#8221; custom_padding_tablet=&#8221;150px||||false|false&#8221; custom_padding_phone=&#8221;125px||||false|false&#8221; animation_style=&#8221;slide&#8221; animation_direction=&#8221;top&#8221; box_shadow_style=&#8221;preset3&#8243; global_colors_info=&#8221;{}&#8221;][et_pb_row _builder_version=&#8221;4.16&#8243; global_colors_info=&#8221;{}&#8221;][et_pb_column type=&#8221;4_4&#8243; _builder_version=&#8221;4.16&#8243; global_colors_info=&#8221;{}&#8221;][et_pb_text _builder_version=&#8221;4.20.2&#8243; header_3_text_color=&#8221;#d5aa6d&#8221; text_orientation=&#8221;center&#8221; custom_margin=&#8221;||0px||false|false&#8221; global_colors_info=&#8221;{}&#8221;]<\/p>\n<h3>Derecho mercantil<\/h3>\n<p>[\/et_pb_text][et_pb_text _builder_version=&#8221;4.20.2&#8243; text_orientation=&#8221;center&#8221; background_layout=&#8221;dark&#8221; global_colors_info=&#8221;{}&#8221;]<\/p>\n<h1><span style=\"color: #333333;\">Abogado especializado en derecho mercantil en Niza<\/span><\/h1>\n<p>[\/et_pb_text][\/et_pb_column][\/et_pb_row][\/et_pb_section][et_pb_section fb_built=&#8221;1&#8243; _builder_version=&#8221;4.20.2&#8243; background_color=&#8221;#FFFFFF&#8221; background_enable_image=&#8221;off&#8221; background_blend=&#8221;darken&#8221; locked=&#8221;off&#8221; global_colors_info=&#8221;{}&#8221;][et_pb_row custom_padding_last_edited=&#8221;on|desktop&#8221; _builder_version=&#8221;4.21.0&#8243; background_color=&#8221;#bfcdd9&#8243; custom_padding=&#8221;|225px||225px|false|true&#8221; custom_padding_tablet=&#8221;|0px||0px|false|true&#8221; custom_padding_phone=&#8221;&#8221; link_option_url=&#8221;https:\/\/www.legifrance.gouv.fr\/codes\/texte_lc\/LEGITEXT000005634379\/&#8221; box_shadow_style=&#8221;preset2&#8243; global_colors_info=&#8221;{}&#8221;][et_pb_column type=&#8221;4_4&#8243; _builder_version=&#8221;4.16&#8243; global_colors_info=&#8221;{}&#8221;][et_pb_text _builder_version=&#8221;4.20.2&#8243; text_orientation=&#8221;center&#8221; global_colors_info=&#8221;{}&#8221;]<\/p>\n<h2><span style=\"color: #ffffff;\">Pr\u00e1cticas y especialidades<\/span><\/h2>\n<p>[\/et_pb_text][et_pb_divider _builder_version=&#8221;4.16&#8243; width=&#8221;50%&#8221; module_alignment=&#8221;center&#8221; custom_margin=&#8221;||0px||false|false&#8221; global_colors_info=&#8221;{}&#8221;][\/et_pb_divider][et_pb_text _builder_version=&#8221;4.20.2&#8243; text_orientation=&#8221;center&#8221; global_colors_info=&#8221;{}&#8221;]<\/p>\n<p style=\"text-align: center;\"><span style=\"color: #ffffff;\">Gr\u00e9gory DAMY posee certificados de especializaci\u00f3n en Derecho mercantil, de los negocios y de la competencia.<\/span><br \/>\n<span style=\"color: #ffffff;\">Tambi\u00e9n tiene un certificado de especializaci\u00f3n en Derecho de sociedades.<\/span><\/p>\n<p>[\/et_pb_text][\/et_pb_column][\/et_pb_row][et_pb_row _builder_version=&#8221;4.20.2&#8243; background_color=&#8221;#262626&#8243; box_shadow_style=&#8221;preset2&#8243; global_colors_info=&#8221;{}&#8221;][et_pb_column type=&#8221;4_4&#8243; _builder_version=&#8221;4.16&#8243; global_colors_info=&#8221;{}&#8221;][et_pb_blurb title=&#8221;En resumen&#8221; image=&#8221;https:\/\/gregorydamy.niceavocats.fr\/wp-content\/uploads\/2023\/04\/gt-partners-case-study-2.jpg&#8221; content_tablet=&#8221;<\/p>\n<p>Il accompagne ses clients pour l\u2019ensemble des probl\u00e9matiques que ceux-ci rencontrent en mati\u00e8re de droit des affaires.<\/p>\n<p>Ma\u00eetre DAMY propose une analyse pr\u00e9cise des besoins de l\u2019entreprise.<\/p>\n<ul>\n<li>Il apporte des conseils avis\u00e9s sur la forme sociale de l\u2019entreprise qui aura un impact sur sa fiscalit\u00e9 future,<\/li>\n<li>Il r\u00e9dige des statuts et s\u2019occupe de toutes les formalit\u00e9s \u00e0 effectuer au tribunal,<\/li>\n<li>Il accompagne la croissance de l\u2019entreprise avec des acquisitions de fonds de commerces, des rachats de parts sociales ou des fusions-acquisitions,<\/li>\n<li>Il g\u00e8re les op\u00e9rations de restructurations,<\/li>\n<li>Il accompagne la structure en cas de redressement ou de liquidation judiciaire,<\/li>\n<li>Il s\u2019occupe de toutes les probl\u00e9matiques de droit auxquelles sont confront\u00e9es nos clients.<\/li>\n<\/ul>\n<p>Tous nos clients ont besoin d\u2019un suivi juridique appropri\u00e9, que leur activit\u00e9 soit p\u00e9renne ou en difficult\u00e9, pour faire des choix \u00e9clair\u00e9s. Ma\u00eetre DAMY met \u00e0 disposition son expertise.<\/p>\n<p>&#8221; content_phone=&#8221;<\/p>\n<p>Il accompagne ses clients pour l\u2019ensemble des probl\u00e9matiques que ceux-ci rencontrent en mati\u00e8re de droit des affaires.<\/p>\n<p>Ma\u00eetre DAMY propose une analyse pr\u00e9cise des besoins de l\u2019entreprise.<\/p>\n<ul>\n<li>Il apporte des conseils avis\u00e9s sur la forme sociale de l\u2019entreprise qui aura un impact sur sa fiscalit\u00e9 future,<\/li>\n<li>Il r\u00e9dige des statuts et s\u2019occupe de toutes les formalit\u00e9s \u00e0 effectuer au tribunal,<\/li>\n<li>Il accompagne la croissance de l\u2019entreprise avec des acquisitions de fonds de commerces, des rachats de parts sociales ou des fusions-acquisitions,<\/li>\n<li>Il g\u00e8re les op\u00e9rations de restructurations,<\/li>\n<li>Il accompagne la structure en cas de redressement ou de liquidation judiciaire,<\/li>\n<li>Il s\u2019occupe de toutes les probl\u00e9matiques de droit auxquelles sont confront\u00e9es nos clients.<\/li>\n<\/ul>\n<p>Tous nos clients ont besoin d\u2019un suivi juridique appropri\u00e9, que leur activit\u00e9 soit p\u00e9renne ou en difficult\u00e9, pour faire des choix \u00e9clair\u00e9s. Ma\u00eetre DAMY met \u00e0 disposition son expertise.<\/p>\n<p>&#8221; content_last_edited=&#8221;on|phone&#8221; module_class=&#8221;gt_service_style2&#8243; _builder_version=&#8221;4.20.2&#8243; header_level=&#8221;h3&#8243; header_text_color=&#8221;#d5aa6d&#8221; transform_translate_linked__hover=&#8221;off&#8221; text_orientation=&#8221;center&#8221; box_shadow_style_image=&#8221;preset2&#8243; global_colors_info=&#8221;{}&#8221; transform_styles__hover_enabled=&#8221;on|hover&#8221; transform_scale__hover_enabled=&#8221;on|desktop&#8221; transform_translate__hover_enabled=&#8221;on|hover&#8221; transform_rotate__hover_enabled=&#8221;on|desktop&#8221; transform_skew__hover_enabled=&#8221;on|desktop&#8221; transform_origin__hover_enabled=&#8221;on|desktop&#8221; transform_translate__hover=&#8221;0px|-5px&#8221;]<\/p>\n<p style=\"text-align: justify;\"><span style=\"color: #ffffff;\">Asiste a sus clientes en todos los problemas que se les plantean en la vida empresarial.<\/span><\/p>\n<p style=\"text-align: justify;\"><span style=\"color: #ffffff;\">Ma\u00eetre DAMY ofrece un an\u00e1lisis preciso de las necesidades de la empresa.<\/span><\/p>\n<p style=\"text-align: justify;\"><span style=\"color: #ffffff;\">Ofrece un asesoramiento s\u00f3lido sobre la forma societaria de la empresa, que repercutir\u00e1 en su fiscalidad futura,<\/span><br \/>\n<span style=\"color: #ffffff;\">Redacta los estatutos y se encarga de todas las formalidades ante los tribunales,<\/span><br \/>\n<span style=\"color: #ffffff;\">Acompa\u00f1a el crecimiento de la empresa con la adquisici\u00f3n de empresas, la compra de acciones o las fusiones y adquisiciones,<\/span><br \/>\n<span style=\"color: #ffffff;\">Gestiona las operaciones de reestructuraci\u00f3n,<\/span><br \/>\n<span style=\"color: #ffffff;\">Acompa\u00f1a a la estructura en caso de suspensi\u00f3n de pagos o liquidaci\u00f3n judicial,<\/span><br \/>\n<span style=\"color: #ffffff;\">Se ocupa de todas las cuestiones jur\u00eddicas.<\/span><\/p>\n<p style=\"text-align: justify;\"><span style=\"color: #ffffff;\">Todos nuestros clientes necesitan un apoyo jur\u00eddico adecuado, tanto si su empresa es sostenible como si se encuentra en dificultades, para tomar decisiones con conocimiento de causa. Ma\u00eetre DAMY ofrece su experiencia.<\/span><\/p>\n<p>[\/et_pb_blurb][\/et_pb_column][\/et_pb_row][\/et_pb_section]<\/p>\n","protected":false},"excerpt":{"rendered":"<p>Derecho mercantil Abogado especializado en derecho mercantil en Niza Pr\u00e1cticas y especialidades Gr\u00e9gory DAMY posee certificados de especializaci\u00f3n en Derecho mercantil, de los negocios y de la competencia. Tambi\u00e9n tiene un certificado de especializaci\u00f3n en Derecho de sociedades. Asiste a sus clientes en todos los problemas que se les plantean en la vida empresarial. Ma\u00eetre [&hellip;]<\/p>\n","protected":false},"author":2,"featured_media":15786,"parent":0,"menu_order":0,"comment_status":"closed","ping_status":"closed","template":"","meta":{"_et_pb_use_builder":"on","_et_pb_old_content":"","_et_gb_content_width":"","footnotes":""},"class_list":["post-16761","page","type-page","status-publish","has-post-thumbnail","hentry"],"yoast_head":"<!-- This site is optimized with the Yoast SEO plugin v26.8 - https:\/\/yoast.com\/product\/yoast-seo-wordpress\/ -->\n<title>Derecho mercantil - Soci\u00e9t\u00e9 d&#039;avocats Damy<\/title>\n<meta name=\"description\" content=\"Gr\u00e9gory DAMY posee certificados de especializaci\u00f3n en Derecho mercantil, de los empresas, de los negocios y de la competencia.\" \/>\n<meta name=\"robots\" content=\"index, follow, max-snippet:-1, max-image-preview:large, max-video-preview:-1\" \/>\n<link rel=\"canonical\" href=\"https:\/\/gregorydamy.niceavocats.fr\/es\/empresas\/\" \/>\n<meta property=\"og:locale\" content=\"es_ES\" \/>\n<meta property=\"og:type\" content=\"article\" \/>\n<meta property=\"og:title\" content=\"Derecho mercantil - Soci\u00e9t\u00e9 d&#039;avocats Damy\" \/>\n<meta property=\"og:description\" content=\"Gr\u00e9gory DAMY posee certificados de especializaci\u00f3n en Derecho mercantil, de los empresas, de los negocios y de la competencia.\" \/>\n<meta property=\"og:url\" content=\"https:\/\/gregorydamy.niceavocats.fr\/es\/empresas\/\" \/>\n<meta property=\"og:site_name\" content=\"Soci\u00e9t\u00e9 d&#039;avocats Damy\" \/>\n<meta property=\"article:publisher\" content=\"https:\/\/www.facebook.com\/niceavocats.fr\/\" \/>\n<meta property=\"article:modified_time\" content=\"2023-06-08T13:20:12+00:00\" \/>\n<meta property=\"og:image\" content=\"https:\/\/gregorydamy.niceavocats.fr\/wp-content\/uploads\/2023\/04\/gt-partners-case-study-2.jpg\" \/>\n\t<meta property=\"og:image:width\" content=\"1920\" \/>\n\t<meta property=\"og:image:height\" content=\"1280\" \/>\n\t<meta property=\"og:image:type\" content=\"image\/jpeg\" \/>\n<meta name=\"twitter:card\" content=\"summary_large_image\" \/>\n<meta name=\"twitter:label1\" content=\"Tiempo de lectura\" \/>\n\t<meta name=\"twitter:data1\" content=\"5 minutos\" \/>\n<script type=\"application\/ld+json\" class=\"yoast-schema-graph\">{\"@context\":\"https:\/\/schema.org\",\"@graph\":[{\"@type\":\"WebPage\",\"@id\":\"https:\/\/gregorydamy.niceavocats.fr\/es\/empresas\/\",\"url\":\"https:\/\/gregorydamy.niceavocats.fr\/es\/empresas\/\",\"name\":\"Derecho mercantil - Soci\u00e9t\u00e9 d&#039;avocats Damy\",\"isPartOf\":{\"@id\":\"https:\/\/gregorydamy.niceavocats.fr\/es\/#website\"},\"primaryImageOfPage\":{\"@id\":\"https:\/\/gregorydamy.niceavocats.fr\/es\/empresas\/#primaryimage\"},\"image\":{\"@id\":\"https:\/\/gregorydamy.niceavocats.fr\/es\/empresas\/#primaryimage\"},\"thumbnailUrl\":\"https:\/\/gregorydamy.niceavocats.fr\/wp-content\/uploads\/2023\/04\/gt-partners-case-study-2.jpg\",\"datePublished\":\"2023-01-10T07:35:33+00:00\",\"dateModified\":\"2023-06-08T13:20:12+00:00\",\"description\":\"Gr\u00e9gory DAMY posee certificados de especializaci\u00f3n en Derecho mercantil, de los empresas, de los negocios y de la competencia.\",\"breadcrumb\":{\"@id\":\"https:\/\/gregorydamy.niceavocats.fr\/es\/empresas\/#breadcrumb\"},\"inLanguage\":\"es\",\"potentialAction\":[{\"@type\":\"ReadAction\",\"target\":[\"https:\/\/gregorydamy.niceavocats.fr\/es\/empresas\/\"]}]},{\"@type\":\"ImageObject\",\"inLanguage\":\"es\",\"@id\":\"https:\/\/gregorydamy.niceavocats.fr\/es\/empresas\/#primaryimage\",\"url\":\"https:\/\/gregorydamy.niceavocats.fr\/wp-content\/uploads\/2023\/04\/gt-partners-case-study-2.jpg\",\"contentUrl\":\"https:\/\/gregorydamy.niceavocats.fr\/wp-content\/uploads\/2023\/04\/gt-partners-case-study-2.jpg\",\"width\":1920,\"height\":1280,\"caption\":\"affaires\"},{\"@type\":\"BreadcrumbList\",\"@id\":\"https:\/\/gregorydamy.niceavocats.fr\/es\/empresas\/#breadcrumb\",\"itemListElement\":[{\"@type\":\"ListItem\",\"position\":1,\"name\":\"Accueil\",\"item\":\"https:\/\/gregorydamy.niceavocats.fr\/es\/\"},{\"@type\":\"ListItem\",\"position\":2,\"name\":\"Derecho mercantil\"}]},{\"@type\":\"WebSite\",\"@id\":\"https:\/\/gregorydamy.niceavocats.fr\/es\/#website\",\"url\":\"https:\/\/gregorydamy.niceavocats.fr\/es\/\",\"name\":\"Soci\u00e9t\u00e9 d&#039;avocats Damy\",\"description\":\"Justice - Confiance - Efficacit\u00e9\",\"publisher\":{\"@id\":\"https:\/\/gregorydamy.niceavocats.fr\/es\/#organization\"},\"potentialAction\":[{\"@type\":\"SearchAction\",\"target\":{\"@type\":\"EntryPoint\",\"urlTemplate\":\"https:\/\/gregorydamy.niceavocats.fr\/es\/?s={search_term_string}\"},\"query-input\":{\"@type\":\"PropertyValueSpecification\",\"valueRequired\":true,\"valueName\":\"search_term_string\"}}],\"inLanguage\":\"es\"},{\"@type\":\"Organization\",\"@id\":\"https:\/\/gregorydamy.niceavocats.fr\/es\/#organization\",\"name\":\"Soci\u00e9t\u00e9 d'Avocats DAMY\",\"alternateName\":\"Gr\u00e9gory DAMY\",\"url\":\"https:\/\/gregorydamy.niceavocats.fr\/es\/\",\"logo\":{\"@type\":\"ImageObject\",\"inLanguage\":\"es\",\"@id\":\"https:\/\/gregorydamy.niceavocats.fr\/es\/#\/schema\/logo\/image\/\",\"url\":\"https:\/\/gregorydamy.niceavocats.fr\/wp-content\/uploads\/2023\/04\/damylogo-1.png\",\"contentUrl\":\"https:\/\/gregorydamy.niceavocats.fr\/wp-content\/uploads\/2023\/04\/damylogo-1.png\",\"width\":1890,\"height\":1417,\"caption\":\"Soci\u00e9t\u00e9 d'Avocats DAMY\"},\"image\":{\"@id\":\"https:\/\/gregorydamy.niceavocats.fr\/es\/#\/schema\/logo\/image\/\"},\"sameAs\":[\"https:\/\/www.facebook.com\/niceavocats.fr\/\"]}]}<\/script>\n<!-- \/ Yoast SEO plugin. -->","yoast_head_json":{"title":"Derecho mercantil - Soci\u00e9t\u00e9 d&#039;avocats Damy","description":"Gr\u00e9gory DAMY posee certificados de especializaci\u00f3n en Derecho mercantil, de los empresas, de los negocios y de la competencia.","robots":{"index":"index","follow":"follow","max-snippet":"max-snippet:-1","max-image-preview":"max-image-preview:large","max-video-preview":"max-video-preview:-1"},"canonical":"https:\/\/gregorydamy.niceavocats.fr\/es\/empresas\/","og_locale":"es_ES","og_type":"article","og_title":"Derecho mercantil - Soci\u00e9t\u00e9 d&#039;avocats Damy","og_description":"Gr\u00e9gory DAMY posee certificados de especializaci\u00f3n en Derecho mercantil, de los empresas, de los negocios y de la competencia.","og_url":"https:\/\/gregorydamy.niceavocats.fr\/es\/empresas\/","og_site_name":"Soci\u00e9t\u00e9 d&#039;avocats Damy","article_publisher":"https:\/\/www.facebook.com\/niceavocats.fr\/","article_modified_time":"2023-06-08T13:20:12+00:00","og_image":[{"width":1920,"height":1280,"url":"https:\/\/gregorydamy.niceavocats.fr\/wp-content\/uploads\/2023\/04\/gt-partners-case-study-2.jpg","type":"image\/jpeg"}],"twitter_card":"summary_large_image","twitter_misc":{"Tiempo de lectura":"5 minutos"},"schema":{"@context":"https:\/\/schema.org","@graph":[{"@type":"WebPage","@id":"https:\/\/gregorydamy.niceavocats.fr\/es\/empresas\/","url":"https:\/\/gregorydamy.niceavocats.fr\/es\/empresas\/","name":"Derecho mercantil - Soci\u00e9t\u00e9 d&#039;avocats Damy","isPartOf":{"@id":"https:\/\/gregorydamy.niceavocats.fr\/es\/#website"},"primaryImageOfPage":{"@id":"https:\/\/gregorydamy.niceavocats.fr\/es\/empresas\/#primaryimage"},"image":{"@id":"https:\/\/gregorydamy.niceavocats.fr\/es\/empresas\/#primaryimage"},"thumbnailUrl":"https:\/\/gregorydamy.niceavocats.fr\/wp-content\/uploads\/2023\/04\/gt-partners-case-study-2.jpg","datePublished":"2023-01-10T07:35:33+00:00","dateModified":"2023-06-08T13:20:12+00:00","description":"Gr\u00e9gory DAMY posee certificados de especializaci\u00f3n en Derecho mercantil, de los empresas, de los negocios y de la competencia.","breadcrumb":{"@id":"https:\/\/gregorydamy.niceavocats.fr\/es\/empresas\/#breadcrumb"},"inLanguage":"es","potentialAction":[{"@type":"ReadAction","target":["https:\/\/gregorydamy.niceavocats.fr\/es\/empresas\/"]}]},{"@type":"ImageObject","inLanguage":"es","@id":"https:\/\/gregorydamy.niceavocats.fr\/es\/empresas\/#primaryimage","url":"https:\/\/gregorydamy.niceavocats.fr\/wp-content\/uploads\/2023\/04\/gt-partners-case-study-2.jpg","contentUrl":"https:\/\/gregorydamy.niceavocats.fr\/wp-content\/uploads\/2023\/04\/gt-partners-case-study-2.jpg","width":1920,"height":1280,"caption":"affaires"},{"@type":"BreadcrumbList","@id":"https:\/\/gregorydamy.niceavocats.fr\/es\/empresas\/#breadcrumb","itemListElement":[{"@type":"ListItem","position":1,"name":"Accueil","item":"https:\/\/gregorydamy.niceavocats.fr\/es\/"},{"@type":"ListItem","position":2,"name":"Derecho mercantil"}]},{"@type":"WebSite","@id":"https:\/\/gregorydamy.niceavocats.fr\/es\/#website","url":"https:\/\/gregorydamy.niceavocats.fr\/es\/","name":"Soci\u00e9t\u00e9 d&#039;avocats Damy","description":"Justice - Confiance - Efficacit\u00e9","publisher":{"@id":"https:\/\/gregorydamy.niceavocats.fr\/es\/#organization"},"potentialAction":[{"@type":"SearchAction","target":{"@type":"EntryPoint","urlTemplate":"https:\/\/gregorydamy.niceavocats.fr\/es\/?s={search_term_string}"},"query-input":{"@type":"PropertyValueSpecification","valueRequired":true,"valueName":"search_term_string"}}],"inLanguage":"es"},{"@type":"Organization","@id":"https:\/\/gregorydamy.niceavocats.fr\/es\/#organization","name":"Soci\u00e9t\u00e9 d'Avocats DAMY","alternateName":"Gr\u00e9gory DAMY","url":"https:\/\/gregorydamy.niceavocats.fr\/es\/","logo":{"@type":"ImageObject","inLanguage":"es","@id":"https:\/\/gregorydamy.niceavocats.fr\/es\/#\/schema\/logo\/image\/","url":"https:\/\/gregorydamy.niceavocats.fr\/wp-content\/uploads\/2023\/04\/damylogo-1.png","contentUrl":"https:\/\/gregorydamy.niceavocats.fr\/wp-content\/uploads\/2023\/04\/damylogo-1.png","width":1890,"height":1417,"caption":"Soci\u00e9t\u00e9 d'Avocats DAMY"},"image":{"@id":"https:\/\/gregorydamy.niceavocats.fr\/es\/#\/schema\/logo\/image\/"},"sameAs":["https:\/\/www.facebook.com\/niceavocats.fr\/"]}]}},"_links":{"self":[{"href":"https:\/\/gregorydamy.niceavocats.fr\/es\/wp-json\/wp\/v2\/pages\/16761","targetHints":{"allow":["GET"]}}],"collection":[{"href":"https:\/\/gregorydamy.niceavocats.fr\/es\/wp-json\/wp\/v2\/pages"}],"about":[{"href":"https:\/\/gregorydamy.niceavocats.fr\/es\/wp-json\/wp\/v2\/types\/page"}],"author":[{"embeddable":true,"href":"https:\/\/gregorydamy.niceavocats.fr\/es\/wp-json\/wp\/v2\/users\/2"}],"replies":[{"embeddable":true,"href":"https:\/\/gregorydamy.niceavocats.fr\/es\/wp-json\/wp\/v2\/comments?post=16761"}],"version-history":[{"count":0,"href":"https:\/\/gregorydamy.niceavocats.fr\/es\/wp-json\/wp\/v2\/pages\/16761\/revisions"}],"wp:featuredmedia":[{"embeddable":true,"href":"https:\/\/gregorydamy.niceavocats.fr\/es\/wp-json\/wp\/v2\/media\/15786"}],"wp:attachment":[{"href":"https:\/\/gregorydamy.niceavocats.fr\/es\/wp-json\/wp\/v2\/media?parent=16761"}],"curies":[{"name":"wp","href":"https:\/\/api.w.org\/{rel}","templated":true}]}}