{"id":16635,"date":"2023-04-27T21:11:53","date_gmt":"2023-04-27T21:11:53","guid":{"rendered":"https:\/\/gregorydamy.niceavocats.fr\/?page_id=16635"},"modified":"2023-06-10T09:06:41","modified_gmt":"2023-06-10T09:06:41","slug":"derecho-laboral","status":"publish","type":"page","link":"https:\/\/gregorydamy.niceavocats.fr\/es\/derecho-laboral\/","title":{"rendered":"Derecho laboral"},"content":{"rendered":"<p>[et_pb_section fb_built=&#8221;1&#8243; _builder_version=&#8221;4.21.0&#8243; _module_preset=&#8221;default&#8221; global_colors_info=&#8221;{}&#8221;][et_pb_row _builder_version=&#8221;4.21.0&#8243; _module_preset=&#8221;default&#8221; global_colors_info=&#8221;{}&#8221;][et_pb_column type=&#8221;4_4&#8243; _builder_version=&#8221;4.21.0&#8243; _module_preset=&#8221;default&#8221; global_colors_info=&#8221;{}&#8221;][et_pb_image src=&#8221;https:\/\/gregorydamy.niceavocats.fr\/wp-content\/uploads\/2023\/06\/closeup-shot-person-writing-book-with-gavel-table-scaled.jpg&#8221; title_text=&#8221;closeup-shot-person-writing-book-with-gavel-table&#8221; _builder_version=&#8221;4.21.0&#8243; _module_preset=&#8221;default&#8221; global_colors_info=&#8221;{}&#8221;][\/et_pb_image][et_pb_text _builder_version=&#8221;4.21.0&#8243; _module_preset=&#8221;default&#8221; global_colors_info=&#8221;{}&#8221;]<\/p>\n<p><span><span class=\"\">El presidente de Derecho Laboral<\/span><\/span><span><span class=\"\">\u00a0, Emmanuel Macron, ha utilizado ordenanzas para promulgar reformas de la legislaci\u00f3n laboral en Francia.\u00a0<\/span>Este enfoque, previsto en el art\u00edculo 38 de la Constituci\u00f3n de 1958, otorga al gobierno la facultad de solicitar autorizaci\u00f3n parlamentaria para dictar ordenanzas por un per\u00edodo limitado, incluso para asuntos t\u00edpicamente del dominio de la legislaci\u00f3n.\u00a0Ordinariamente, las leyes se discuten en el Parlamento, con varias enmiendas propuestas por diputados de diferentes partidos pol\u00edticos.\u00a0Sin embargo, estos debates pueden llevar mucho tiempo debido a los plazos legales.\u00a0Por el contrario, cuando el gobierno est\u00e1 autorizado a legislar por ordenanza, el proceso se agiliza y pasa por alto los debates parlamentarios.\u00a0El gobierno redacta la ordenanza, que luego es firmada por el Presidente de la\u00a0<\/span><a href=\"https:\/\/gregorydamy.niceavocats.fr\/en\/employer-obligations\/\"><span>Rep\u00fablica<\/span><\/a><span>\u00a0.<\/span><\/p>\n<h2><span>Reformas legislativas a trav\u00e9s de ordenanzas: un enfoque acelerado de la legislaci\u00f3n laboral:-<\/span><\/h2>\n<p><span>Una vez publicada en el Diario Oficial, la ordenanza entra en vigor inmediatamente y es ejecutable.\u00a0Se parece a un decreto.\u00a0Posteriormente, el parlamento tiene el poder de aprobar o rechazar la ordenanza.\u00a0La aprobaci\u00f3n da como resultado que la ordenanza se convierta en ley, mientras que el rechazo la hace nula y sin efecto.\u00a0Dada la significativa mayor\u00eda del actual gobierno en la Asamblea Nacional, el Parlamento ha validado estas \u00f3rdenes.<\/span><\/p>\n<h2><span>El papel del parlamento y el poder de las ordenanzas en la legislaci\u00f3n francesa: &#8211;<\/span><\/h2>\n<p><span>Tras las elecciones legislativas celebradas el 19 de junio de 2022, es muy probable que la administraci\u00f3n de Macron vuelva a emplear esta t\u00e9cnica para aprobar legislaci\u00f3n.\u00a0<span class=\"VIpgJd-yAWNEb-VIpgJd-fmcmS-sn54Q\">La s\u00f3lida mayor\u00eda del gobierno en el Parlamento permite simplificar la toma de decisiones, lo que facilita el uso de ordenanzas como un medio eficaz para promulgar reformas.\u00a0<\/span>Al utilizar este enfoque, el gobierno de Macron puede implementar r\u00e1pidamente cambios en la legislaci\u00f3n laboral sin largos debates parlamentarios, lo que garantiza una acci\u00f3n r\u00e1pida en l\u00ednea con su\u00a0<\/span><a href=\"https:\/\/www.service-public.fr\/\"><span>programa<\/span><\/a><span>\u00a0.<\/span><\/p>\n<p>[\/et_pb_text][\/et_pb_column][\/et_pb_row][\/et_pb_section]<\/p>\n","protected":false},"excerpt":{"rendered":"<p>El presidente de Derecho Laboral\u00a0, Emmanuel Macron, ha utilizado ordenanzas para promulgar reformas de la legislaci\u00f3n laboral en Francia.\u00a0Este enfoque, previsto en el art\u00edculo 38 de la Constituci\u00f3n de 1958, otorga al gobierno la facultad de solicitar autorizaci\u00f3n parlamentaria para dictar ordenanzas por un per\u00edodo limitado, incluso para asuntos t\u00edpicamente del dominio de la legislaci\u00f3n.\u00a0Ordinariamente, [&hellip;]<\/p>\n","protected":false},"author":2,"featured_media":0,"parent":0,"menu_order":0,"comment_status":"closed","ping_status":"closed","template":"","meta":{"_et_pb_use_builder":"on","_et_pb_old_content":"","_et_gb_content_width":"","footnotes":""},"class_list":["post-16635","page","type-page","status-publish","hentry"],"yoast_head":"<!-- This site is optimized with the Yoast SEO plugin v26.8 - https:\/\/yoast.com\/product\/yoast-seo-wordpress\/ -->\n<title>Derecho laboral - Soci\u00e9t\u00e9 d&#039;avocats Damy<\/title>\n<meta name=\"description\" content=\"El presidente de Derecho Laboral, Emmanuel Macron, ha utilizado ordenanzas para promulgar reformas de la legislaci\u00f3n laboral en Francia.\" \/>\n<meta name=\"robots\" content=\"index, follow, max-snippet:-1, max-image-preview:large, max-video-preview:-1\" \/>\n<link rel=\"canonical\" href=\"https:\/\/gregorydamy.niceavocats.fr\/es\/derecho-laboral\/\" \/>\n<meta property=\"og:locale\" content=\"es_ES\" \/>\n<meta property=\"og:type\" content=\"article\" \/>\n<meta property=\"og:title\" content=\"Derecho laboral - Soci\u00e9t\u00e9 d&#039;avocats Damy\" \/>\n<meta property=\"og:description\" content=\"El presidente de Derecho Laboral, Emmanuel Macron, ha utilizado ordenanzas para promulgar reformas de la legislaci\u00f3n laboral en Francia.\" \/>\n<meta property=\"og:url\" content=\"https:\/\/gregorydamy.niceavocats.fr\/es\/derecho-laboral\/\" \/>\n<meta property=\"og:site_name\" content=\"Soci\u00e9t\u00e9 d&#039;avocats Damy\" \/>\n<meta property=\"article:publisher\" content=\"https:\/\/www.facebook.com\/niceavocats.fr\/\" \/>\n<meta property=\"article:modified_time\" content=\"2023-06-10T09:06:41+00:00\" \/>\n<meta name=\"twitter:card\" content=\"summary_large_image\" \/>\n<meta name=\"twitter:label1\" content=\"Tiempo de lectura\" \/>\n\t<meta name=\"twitter:data1\" content=\"2 minutos\" \/>\n<script type=\"application\/ld+json\" class=\"yoast-schema-graph\">{\"@context\":\"https:\/\/schema.org\",\"@graph\":[{\"@type\":\"WebPage\",\"@id\":\"https:\/\/gregorydamy.niceavocats.fr\/es\/derecho-laboral\/\",\"url\":\"https:\/\/gregorydamy.niceavocats.fr\/es\/derecho-laboral\/\",\"name\":\"Derecho laboral - Soci\u00e9t\u00e9 d&#039;avocats Damy\",\"isPartOf\":{\"@id\":\"https:\/\/gregorydamy.niceavocats.fr\/es\/#website\"},\"datePublished\":\"2023-04-27T21:11:53+00:00\",\"dateModified\":\"2023-06-10T09:06:41+00:00\",\"description\":\"El presidente de Derecho Laboral, Emmanuel Macron, ha utilizado ordenanzas para promulgar reformas de la legislaci\u00f3n laboral en Francia.\",\"breadcrumb\":{\"@id\":\"https:\/\/gregorydamy.niceavocats.fr\/es\/derecho-laboral\/#breadcrumb\"},\"inLanguage\":\"es\",\"potentialAction\":[{\"@type\":\"ReadAction\",\"target\":[\"https:\/\/gregorydamy.niceavocats.fr\/es\/derecho-laboral\/\"]}]},{\"@type\":\"BreadcrumbList\",\"@id\":\"https:\/\/gregorydamy.niceavocats.fr\/es\/derecho-laboral\/#breadcrumb\",\"itemListElement\":[{\"@type\":\"ListItem\",\"position\":1,\"name\":\"Accueil\",\"item\":\"https:\/\/gregorydamy.niceavocats.fr\/es\/\"},{\"@type\":\"ListItem\",\"position\":2,\"name\":\"Derecho laboral\"}]},{\"@type\":\"WebSite\",\"@id\":\"https:\/\/gregorydamy.niceavocats.fr\/es\/#website\",\"url\":\"https:\/\/gregorydamy.niceavocats.fr\/es\/\",\"name\":\"Soci\u00e9t\u00e9 d&#039;avocats Damy\",\"description\":\"Justice - Confiance - Efficacit\u00e9\",\"publisher\":{\"@id\":\"https:\/\/gregorydamy.niceavocats.fr\/es\/#organization\"},\"potentialAction\":[{\"@type\":\"SearchAction\",\"target\":{\"@type\":\"EntryPoint\",\"urlTemplate\":\"https:\/\/gregorydamy.niceavocats.fr\/es\/?s={search_term_string}\"},\"query-input\":{\"@type\":\"PropertyValueSpecification\",\"valueRequired\":true,\"valueName\":\"search_term_string\"}}],\"inLanguage\":\"es\"},{\"@type\":\"Organization\",\"@id\":\"https:\/\/gregorydamy.niceavocats.fr\/es\/#organization\",\"name\":\"Soci\u00e9t\u00e9 d'Avocats DAMY\",\"alternateName\":\"Gr\u00e9gory DAMY\",\"url\":\"https:\/\/gregorydamy.niceavocats.fr\/es\/\",\"logo\":{\"@type\":\"ImageObject\",\"inLanguage\":\"es\",\"@id\":\"https:\/\/gregorydamy.niceavocats.fr\/es\/#\/schema\/logo\/image\/\",\"url\":\"https:\/\/gregorydamy.niceavocats.fr\/wp-content\/uploads\/2023\/04\/damylogo-1.png\",\"contentUrl\":\"https:\/\/gregorydamy.niceavocats.fr\/wp-content\/uploads\/2023\/04\/damylogo-1.png\",\"width\":1890,\"height\":1417,\"caption\":\"Soci\u00e9t\u00e9 d'Avocats DAMY\"},\"image\":{\"@id\":\"https:\/\/gregorydamy.niceavocats.fr\/es\/#\/schema\/logo\/image\/\"},\"sameAs\":[\"https:\/\/www.facebook.com\/niceavocats.fr\/\"]}]}<\/script>\n<!-- \/ Yoast SEO plugin. -->","yoast_head_json":{"title":"Derecho laboral - Soci\u00e9t\u00e9 d&#039;avocats Damy","description":"El presidente de Derecho Laboral, Emmanuel Macron, ha utilizado ordenanzas para promulgar reformas de la legislaci\u00f3n laboral en Francia.","robots":{"index":"index","follow":"follow","max-snippet":"max-snippet:-1","max-image-preview":"max-image-preview:large","max-video-preview":"max-video-preview:-1"},"canonical":"https:\/\/gregorydamy.niceavocats.fr\/es\/derecho-laboral\/","og_locale":"es_ES","og_type":"article","og_title":"Derecho laboral - Soci\u00e9t\u00e9 d&#039;avocats Damy","og_description":"El presidente de Derecho Laboral, Emmanuel Macron, ha utilizado ordenanzas para promulgar reformas de la legislaci\u00f3n laboral en Francia.","og_url":"https:\/\/gregorydamy.niceavocats.fr\/es\/derecho-laboral\/","og_site_name":"Soci\u00e9t\u00e9 d&#039;avocats Damy","article_publisher":"https:\/\/www.facebook.com\/niceavocats.fr\/","article_modified_time":"2023-06-10T09:06:41+00:00","twitter_card":"summary_large_image","twitter_misc":{"Tiempo de lectura":"2 minutos"},"schema":{"@context":"https:\/\/schema.org","@graph":[{"@type":"WebPage","@id":"https:\/\/gregorydamy.niceavocats.fr\/es\/derecho-laboral\/","url":"https:\/\/gregorydamy.niceavocats.fr\/es\/derecho-laboral\/","name":"Derecho laboral - Soci\u00e9t\u00e9 d&#039;avocats Damy","isPartOf":{"@id":"https:\/\/gregorydamy.niceavocats.fr\/es\/#website"},"datePublished":"2023-04-27T21:11:53+00:00","dateModified":"2023-06-10T09:06:41+00:00","description":"El presidente de Derecho Laboral, Emmanuel Macron, ha utilizado ordenanzas para promulgar reformas de la legislaci\u00f3n laboral en Francia.","breadcrumb":{"@id":"https:\/\/gregorydamy.niceavocats.fr\/es\/derecho-laboral\/#breadcrumb"},"inLanguage":"es","potentialAction":[{"@type":"ReadAction","target":["https:\/\/gregorydamy.niceavocats.fr\/es\/derecho-laboral\/"]}]},{"@type":"BreadcrumbList","@id":"https:\/\/gregorydamy.niceavocats.fr\/es\/derecho-laboral\/#breadcrumb","itemListElement":[{"@type":"ListItem","position":1,"name":"Accueil","item":"https:\/\/gregorydamy.niceavocats.fr\/es\/"},{"@type":"ListItem","position":2,"name":"Derecho laboral"}]},{"@type":"WebSite","@id":"https:\/\/gregorydamy.niceavocats.fr\/es\/#website","url":"https:\/\/gregorydamy.niceavocats.fr\/es\/","name":"Soci\u00e9t\u00e9 d&#039;avocats Damy","description":"Justice - Confiance - Efficacit\u00e9","publisher":{"@id":"https:\/\/gregorydamy.niceavocats.fr\/es\/#organization"},"potentialAction":[{"@type":"SearchAction","target":{"@type":"EntryPoint","urlTemplate":"https:\/\/gregorydamy.niceavocats.fr\/es\/?s={search_term_string}"},"query-input":{"@type":"PropertyValueSpecification","valueRequired":true,"valueName":"search_term_string"}}],"inLanguage":"es"},{"@type":"Organization","@id":"https:\/\/gregorydamy.niceavocats.fr\/es\/#organization","name":"Soci\u00e9t\u00e9 d'Avocats DAMY","alternateName":"Gr\u00e9gory DAMY","url":"https:\/\/gregorydamy.niceavocats.fr\/es\/","logo":{"@type":"ImageObject","inLanguage":"es","@id":"https:\/\/gregorydamy.niceavocats.fr\/es\/#\/schema\/logo\/image\/","url":"https:\/\/gregorydamy.niceavocats.fr\/wp-content\/uploads\/2023\/04\/damylogo-1.png","contentUrl":"https:\/\/gregorydamy.niceavocats.fr\/wp-content\/uploads\/2023\/04\/damylogo-1.png","width":1890,"height":1417,"caption":"Soci\u00e9t\u00e9 d'Avocats DAMY"},"image":{"@id":"https:\/\/gregorydamy.niceavocats.fr\/es\/#\/schema\/logo\/image\/"},"sameAs":["https:\/\/www.facebook.com\/niceavocats.fr\/"]}]}},"_links":{"self":[{"href":"https:\/\/gregorydamy.niceavocats.fr\/es\/wp-json\/wp\/v2\/pages\/16635","targetHints":{"allow":["GET"]}}],"collection":[{"href":"https:\/\/gregorydamy.niceavocats.fr\/es\/wp-json\/wp\/v2\/pages"}],"about":[{"href":"https:\/\/gregorydamy.niceavocats.fr\/es\/wp-json\/wp\/v2\/types\/page"}],"author":[{"embeddable":true,"href":"https:\/\/gregorydamy.niceavocats.fr\/es\/wp-json\/wp\/v2\/users\/2"}],"replies":[{"embeddable":true,"href":"https:\/\/gregorydamy.niceavocats.fr\/es\/wp-json\/wp\/v2\/comments?post=16635"}],"version-history":[{"count":0,"href":"https:\/\/gregorydamy.niceavocats.fr\/es\/wp-json\/wp\/v2\/pages\/16635\/revisions"}],"wp:attachment":[{"href":"https:\/\/gregorydamy.niceavocats.fr\/es\/wp-json\/wp\/v2\/media?parent=16635"}],"curies":[{"name":"wp","href":"https:\/\/api.w.org\/{rel}","templated":true}]}}