{"id":16174,"date":"2023-04-16T10:00:18","date_gmt":"2023-04-16T10:00:18","guid":{"rendered":"https:\/\/gregorydamy.niceavocats.fr\/?page_id=16174"},"modified":"2023-06-08T13:19:07","modified_gmt":"2023-06-08T13:19:07","slug":"tasas","status":"publish","type":"page","link":"https:\/\/gregorydamy.niceavocats.fr\/es\/tasas\/","title":{"rendered":"Tasas"},"content":{"rendered":"<p>[et_pb_section fb_built=&#8221;1&#8243; custom_padding_last_edited=&#8221;on|phone&#8221; _builder_version=&#8221;4.20.2&#8243; background_enable_image=&#8221;off&#8221; custom_padding=&#8221;62px||||false|false&#8221; custom_padding_tablet=&#8221;150px||||false|false&#8221; custom_padding_phone=&#8221;125px||||false|false&#8221; box_shadow_style=&#8221;preset3&#8243; global_colors_info=&#8221;{}&#8221;][et_pb_row _builder_version=&#8221;4.16&#8243; global_colors_info=&#8221;{}&#8221;][et_pb_column type=&#8221;4_4&#8243; _builder_version=&#8221;4.16&#8243; global_colors_info=&#8221;{}&#8221;][et_pb_text _builder_version=&#8221;4.20.2&#8243; header_3_text_color=&#8221;#d5aa6d&#8221; text_orientation=&#8221;center&#8221; custom_margin=&#8221;||0px||false|false&#8221; global_colors_info=&#8221;{}&#8221;]<\/p>\n<h3>Informaci\u00f3n transparente<\/h3>\n<p>[\/et_pb_text][et_pb_text _builder_version=&#8221;4.20.2&#8243; text_orientation=&#8221;center&#8221; background_layout=&#8221;dark&#8221; global_colors_info=&#8221;{}&#8221;]<\/p>\n<h1><span style=\"color: #333333;\">Nuestras tarifas<\/span><\/h1>\n<p>[\/et_pb_text][\/et_pb_column][\/et_pb_row][\/et_pb_section][et_pb_section fb_built=&#8221;1&#8243; _builder_version=&#8221;4.16&#8243; global_colors_info=&#8221;{}&#8221;][et_pb_row _builder_version=&#8221;4.16&#8243; global_colors_info=&#8221;{}&#8221;][et_pb_column type=&#8221;4_4&#8243; _builder_version=&#8221;4.16&#8243; global_colors_info=&#8221;{}&#8221;][et_pb_text _builder_version=&#8221;4.20.2&#8243; global_colors_info=&#8221;{}&#8221;]<\/p>\n<div class=\"page-header\">\n<h3>Tasas<\/h3>\n<p>Con demasiada frecuencia, los honorarios son desconocidos, malinterpretados y, en consecuencia, percibidos como arbitrarios. Los honorarios aplicados por el despacho de Ma\u00eetre DAMY son totalmente transparentes.<\/p>\n<p>Desde la promulgaci\u00f3n de la ley MACRON el 6 de agosto de 2015, el acuerdo de honorarios entre el abogado y su cliente es obligatorio en todos los asuntos y para todas las intervenciones.<\/p>\n<p>El bufete acogi\u00f3 con satisfacci\u00f3n la entrada en vigor de esta ley porque su pol\u00edtica siempre ha sido ser totalmente transparente con los clientes desde el principio, que es la mejor manera de preservar un clima de confianza.<\/p>\n<p>Por regla general, los honorarios del bufete se establecen en funci\u00f3n del trabajo realizado y del tiempo dedicado, par\u00e1metros ambos que, por supuesto, est\u00e1n en funci\u00f3n de la dificultad del asunto, pero el bufete tambi\u00e9n ofrece honorarios a tanto alzado u honorarios basados en el resultado.<\/p>\n<p>Los honorarios de DAMY se basan en el n\u00famero de horas de trabajo por asunto, es decir<br \/>&#8211; 360 \u20ac TTC \/ hora de trabajo.<\/p>\n<h3>CONDICIONES DE FACTURACI\u00d3N<\/h3>\n<p>Las prestaciones del bufete DAMY se facturar\u00e1n seg\u00fan las siguientes condiciones<br \/>&#8211; Para cada procedimiento, se fijar\u00e1 un anticipo inicial en funci\u00f3n de la importancia previsible del asunto;<br \/>&#8211; El bufete le har\u00e1 firmar un acuerdo de honorarios perfectamente transparente que resumir\u00e1 los servicios que necesitar\u00e1 y su tarificaci\u00f3n.<\/p>\n<h3>HONORARIOS Y GASTOS DE POSTULACI\u00d3N ADICIONALES A LA REMUNERACI\u00d3N<\/h3>\n<p>Para cualquier intervenci\u00f3n ante el Tribunal de Grande Instance de NICE, GRASSE, DRAGUIGNAN, TOULON, MARSEILLE y AIX-EN-PROVENCE, el Gabinete DAMY aplicar\u00e1 los honorarios de abogado resultantes de la ley n\u00b0 71-1130 del 31 de diciembre de 1971, del decreto 60-323 del 2 de abril de 1960 y m\u00e1s generalmente de las disposiciones de la ley del 10 de julio de 1991.<br \/>Para cualquier intervenci\u00f3n ante los Tribunales de Primera Instancia fuera de la jurisdicci\u00f3n del Tribunal de Apelaci\u00f3n de AIX-EN-PROVENCE, los gastos y desembolsos de postulaci\u00f3n ser\u00e1n facturados directamente al cliente por el corresponsal elegido por el Gabinete DAMY.<\/p>\n<h3>HONORARIOS DE RESULTADO, DE ACUERDO CON EL CLIENTE<\/h3>\n<p>Al final del procedimiento o al cierre del expediente por el Gabinete DAMY con motivo del cumplimiento de su misi\u00f3n, se emitir\u00e1 una nota de honorarios adicional teniendo en cuenta el resultado (ya sea una ganancia para el cliente o una p\u00e9rdida que se habr\u00e1 evitado). Estos honorarios se calculan seg\u00fan un porcentaje conforme a los usos de la profesi\u00f3n por tramo del importe en juego, y se facturan de acuerdo con el cliente.<\/p>\n<p>Por supuesto, los honorarios de resultado habr\u00e1n sido previamente aceptados por el cliente en el marco del acuerdo de honorarios.<\/p>\n<\/div>\n<p>[\/et_pb_text][\/et_pb_column][\/et_pb_row][\/et_pb_section]<\/p>\n","protected":false},"excerpt":{"rendered":"<p>Informaci\u00f3n transparenteNuestras tarifas Tasas Con demasiada frecuencia, los honorarios son desconocidos, malinterpretados y, en consecuencia, percibidos como arbitrarios. Los honorarios aplicados por el despacho de Ma\u00eetre DAMY son totalmente transparentes. Desde la promulgaci\u00f3n de la ley MACRON el 6 de agosto de 2015, el acuerdo de honorarios entre el abogado y su cliente es obligatorio [&hellip;]<\/p>\n","protected":false},"author":2,"featured_media":0,"parent":0,"menu_order":0,"comment_status":"closed","ping_status":"closed","template":"","meta":{"_et_pb_use_builder":"on","_et_pb_old_content":"","_et_gb_content_width":"","footnotes":""},"class_list":["post-16174","page","type-page","status-publish","hentry"],"yoast_head":"<!-- This site is optimized with the Yoast SEO plugin v26.8 - https:\/\/yoast.com\/product\/yoast-seo-wordpress\/ -->\n<title>Tasas - Soci\u00e9t\u00e9 d&#039;avocats Damy<\/title>\n<meta name=\"description\" content=\"Los tasas son a menudo desconocidos e incomprendidos. Los honorarios aplicados por el bufete DAMY son totalmente transparentes.\" \/>\n<meta name=\"robots\" content=\"index, follow, max-snippet:-1, max-image-preview:large, max-video-preview:-1\" \/>\n<link rel=\"canonical\" href=\"https:\/\/gregorydamy.niceavocats.fr\/es\/tasas\/\" \/>\n<meta property=\"og:locale\" content=\"es_ES\" \/>\n<meta property=\"og:type\" content=\"article\" \/>\n<meta property=\"og:title\" content=\"Tasas - Soci\u00e9t\u00e9 d&#039;avocats Damy\" \/>\n<meta property=\"og:description\" content=\"Los tasas son a menudo desconocidos e incomprendidos. Los honorarios aplicados por el bufete DAMY son totalmente transparentes.\" \/>\n<meta property=\"og:url\" content=\"https:\/\/gregorydamy.niceavocats.fr\/es\/tasas\/\" \/>\n<meta property=\"og:site_name\" content=\"Soci\u00e9t\u00e9 d&#039;avocats Damy\" \/>\n<meta property=\"article:publisher\" content=\"https:\/\/www.facebook.com\/niceavocats.fr\/\" \/>\n<meta property=\"article:modified_time\" content=\"2023-06-08T13:19:07+00:00\" \/>\n<meta name=\"twitter:card\" content=\"summary_large_image\" \/>\n<meta name=\"twitter:label1\" content=\"Tiempo de lectura\" \/>\n\t<meta name=\"twitter:data1\" content=\"3 minutos\" \/>\n<script type=\"application\/ld+json\" class=\"yoast-schema-graph\">{\"@context\":\"https:\/\/schema.org\",\"@graph\":[{\"@type\":\"WebPage\",\"@id\":\"https:\/\/gregorydamy.niceavocats.fr\/es\/tasas\/\",\"url\":\"https:\/\/gregorydamy.niceavocats.fr\/es\/tasas\/\",\"name\":\"Tasas - Soci\u00e9t\u00e9 d&#039;avocats Damy\",\"isPartOf\":{\"@id\":\"https:\/\/gregorydamy.niceavocats.fr\/es\/#website\"},\"datePublished\":\"2023-04-16T10:00:18+00:00\",\"dateModified\":\"2023-06-08T13:19:07+00:00\",\"description\":\"Los tasas son a menudo desconocidos e incomprendidos. Los honorarios aplicados por el bufete DAMY son totalmente transparentes.\",\"breadcrumb\":{\"@id\":\"https:\/\/gregorydamy.niceavocats.fr\/es\/tasas\/#breadcrumb\"},\"inLanguage\":\"es\",\"potentialAction\":[{\"@type\":\"ReadAction\",\"target\":[\"https:\/\/gregorydamy.niceavocats.fr\/es\/tasas\/\"]}]},{\"@type\":\"BreadcrumbList\",\"@id\":\"https:\/\/gregorydamy.niceavocats.fr\/es\/tasas\/#breadcrumb\",\"itemListElement\":[{\"@type\":\"ListItem\",\"position\":1,\"name\":\"Accueil\",\"item\":\"https:\/\/gregorydamy.niceavocats.fr\/es\/\"},{\"@type\":\"ListItem\",\"position\":2,\"name\":\"Tasas\"}]},{\"@type\":\"WebSite\",\"@id\":\"https:\/\/gregorydamy.niceavocats.fr\/es\/#website\",\"url\":\"https:\/\/gregorydamy.niceavocats.fr\/es\/\",\"name\":\"Soci\u00e9t\u00e9 d&#039;avocats Damy\",\"description\":\"Justice - Confiance - Efficacit\u00e9\",\"publisher\":{\"@id\":\"https:\/\/gregorydamy.niceavocats.fr\/es\/#organization\"},\"potentialAction\":[{\"@type\":\"SearchAction\",\"target\":{\"@type\":\"EntryPoint\",\"urlTemplate\":\"https:\/\/gregorydamy.niceavocats.fr\/es\/?s={search_term_string}\"},\"query-input\":{\"@type\":\"PropertyValueSpecification\",\"valueRequired\":true,\"valueName\":\"search_term_string\"}}],\"inLanguage\":\"es\"},{\"@type\":\"Organization\",\"@id\":\"https:\/\/gregorydamy.niceavocats.fr\/es\/#organization\",\"name\":\"Soci\u00e9t\u00e9 d'Avocats DAMY\",\"alternateName\":\"Gr\u00e9gory DAMY\",\"url\":\"https:\/\/gregorydamy.niceavocats.fr\/es\/\",\"logo\":{\"@type\":\"ImageObject\",\"inLanguage\":\"es\",\"@id\":\"https:\/\/gregorydamy.niceavocats.fr\/es\/#\/schema\/logo\/image\/\",\"url\":\"https:\/\/gregorydamy.niceavocats.fr\/wp-content\/uploads\/2023\/04\/damylogo-1.png\",\"contentUrl\":\"https:\/\/gregorydamy.niceavocats.fr\/wp-content\/uploads\/2023\/04\/damylogo-1.png\",\"width\":1890,\"height\":1417,\"caption\":\"Soci\u00e9t\u00e9 d'Avocats DAMY\"},\"image\":{\"@id\":\"https:\/\/gregorydamy.niceavocats.fr\/es\/#\/schema\/logo\/image\/\"},\"sameAs\":[\"https:\/\/www.facebook.com\/niceavocats.fr\/\"]}]}<\/script>\n<!-- \/ Yoast SEO plugin. -->","yoast_head_json":{"title":"Tasas - Soci\u00e9t\u00e9 d&#039;avocats Damy","description":"Los tasas son a menudo desconocidos e incomprendidos. Los honorarios aplicados por el bufete DAMY son totalmente transparentes.","robots":{"index":"index","follow":"follow","max-snippet":"max-snippet:-1","max-image-preview":"max-image-preview:large","max-video-preview":"max-video-preview:-1"},"canonical":"https:\/\/gregorydamy.niceavocats.fr\/es\/tasas\/","og_locale":"es_ES","og_type":"article","og_title":"Tasas - Soci\u00e9t\u00e9 d&#039;avocats Damy","og_description":"Los tasas son a menudo desconocidos e incomprendidos. Los honorarios aplicados por el bufete DAMY son totalmente transparentes.","og_url":"https:\/\/gregorydamy.niceavocats.fr\/es\/tasas\/","og_site_name":"Soci\u00e9t\u00e9 d&#039;avocats Damy","article_publisher":"https:\/\/www.facebook.com\/niceavocats.fr\/","article_modified_time":"2023-06-08T13:19:07+00:00","twitter_card":"summary_large_image","twitter_misc":{"Tiempo de lectura":"3 minutos"},"schema":{"@context":"https:\/\/schema.org","@graph":[{"@type":"WebPage","@id":"https:\/\/gregorydamy.niceavocats.fr\/es\/tasas\/","url":"https:\/\/gregorydamy.niceavocats.fr\/es\/tasas\/","name":"Tasas - Soci\u00e9t\u00e9 d&#039;avocats Damy","isPartOf":{"@id":"https:\/\/gregorydamy.niceavocats.fr\/es\/#website"},"datePublished":"2023-04-16T10:00:18+00:00","dateModified":"2023-06-08T13:19:07+00:00","description":"Los tasas son a menudo desconocidos e incomprendidos. Los honorarios aplicados por el bufete DAMY son totalmente transparentes.","breadcrumb":{"@id":"https:\/\/gregorydamy.niceavocats.fr\/es\/tasas\/#breadcrumb"},"inLanguage":"es","potentialAction":[{"@type":"ReadAction","target":["https:\/\/gregorydamy.niceavocats.fr\/es\/tasas\/"]}]},{"@type":"BreadcrumbList","@id":"https:\/\/gregorydamy.niceavocats.fr\/es\/tasas\/#breadcrumb","itemListElement":[{"@type":"ListItem","position":1,"name":"Accueil","item":"https:\/\/gregorydamy.niceavocats.fr\/es\/"},{"@type":"ListItem","position":2,"name":"Tasas"}]},{"@type":"WebSite","@id":"https:\/\/gregorydamy.niceavocats.fr\/es\/#website","url":"https:\/\/gregorydamy.niceavocats.fr\/es\/","name":"Soci\u00e9t\u00e9 d&#039;avocats Damy","description":"Justice - Confiance - Efficacit\u00e9","publisher":{"@id":"https:\/\/gregorydamy.niceavocats.fr\/es\/#organization"},"potentialAction":[{"@type":"SearchAction","target":{"@type":"EntryPoint","urlTemplate":"https:\/\/gregorydamy.niceavocats.fr\/es\/?s={search_term_string}"},"query-input":{"@type":"PropertyValueSpecification","valueRequired":true,"valueName":"search_term_string"}}],"inLanguage":"es"},{"@type":"Organization","@id":"https:\/\/gregorydamy.niceavocats.fr\/es\/#organization","name":"Soci\u00e9t\u00e9 d'Avocats DAMY","alternateName":"Gr\u00e9gory DAMY","url":"https:\/\/gregorydamy.niceavocats.fr\/es\/","logo":{"@type":"ImageObject","inLanguage":"es","@id":"https:\/\/gregorydamy.niceavocats.fr\/es\/#\/schema\/logo\/image\/","url":"https:\/\/gregorydamy.niceavocats.fr\/wp-content\/uploads\/2023\/04\/damylogo-1.png","contentUrl":"https:\/\/gregorydamy.niceavocats.fr\/wp-content\/uploads\/2023\/04\/damylogo-1.png","width":1890,"height":1417,"caption":"Soci\u00e9t\u00e9 d'Avocats DAMY"},"image":{"@id":"https:\/\/gregorydamy.niceavocats.fr\/es\/#\/schema\/logo\/image\/"},"sameAs":["https:\/\/www.facebook.com\/niceavocats.fr\/"]}]}},"_links":{"self":[{"href":"https:\/\/gregorydamy.niceavocats.fr\/es\/wp-json\/wp\/v2\/pages\/16174","targetHints":{"allow":["GET"]}}],"collection":[{"href":"https:\/\/gregorydamy.niceavocats.fr\/es\/wp-json\/wp\/v2\/pages"}],"about":[{"href":"https:\/\/gregorydamy.niceavocats.fr\/es\/wp-json\/wp\/v2\/types\/page"}],"author":[{"embeddable":true,"href":"https:\/\/gregorydamy.niceavocats.fr\/es\/wp-json\/wp\/v2\/users\/2"}],"replies":[{"embeddable":true,"href":"https:\/\/gregorydamy.niceavocats.fr\/es\/wp-json\/wp\/v2\/comments?post=16174"}],"version-history":[{"count":0,"href":"https:\/\/gregorydamy.niceavocats.fr\/es\/wp-json\/wp\/v2\/pages\/16174\/revisions"}],"wp:attachment":[{"href":"https:\/\/gregorydamy.niceavocats.fr\/es\/wp-json\/wp\/v2\/media?parent=16174"}],"curies":[{"name":"wp","href":"https:\/\/api.w.org\/{rel}","templated":true}]}}