{"id":9501,"date":"2023-03-30T05:18:16","date_gmt":"2023-03-30T05:18:16","guid":{"rendered":"https:\/\/gregorydamy.niceavocats.fr\/?post_type=product&#038;p=9501"},"modified":"2023-05-05T15:03:56","modified_gmt":"2023-05-05T15:03:56","slug":"challenging-the-refusal-to-grant-benefits-aids","status":"publish","type":"product","link":"https:\/\/gregorydamy.niceavocats.fr\/en\/produit\/challenging-the-refusal-to-grant-benefits-aids\/","title":{"rendered":"Challenging the refusal to grant benefits\/aids"},"content":{"rendered":"<p>Beforehand, you have applied to the Caisse d&#8217;Allocations Familiales for assistance or allowances. This body, within two months, rejected your request by means of a letter it sent to you, or did not answer you. You would like an explanation of the reasons for this refusal or lack of response. This sample letter will help you get those answers.<\/p>\n","protected":false},"excerpt":{"rendered":"<p>Beforehand, you have applied to the Caisse d&#8217;Allocations Familiales for assistance or allowances. This body, within two months, rejected your request by means of a letter it sent to you, or did not answer you. You would like an explanation of the reasons for this refusal or lack of response. This sample letter will help [&hellip;]<\/p>\n","protected":false},"featured_media":17017,"comment_status":"open","ping_status":"closed","template":"","meta":{"_et_pb_use_builder":"","_et_pb_old_content":"","_et_gb_content_width":""},"product_brand":[],"product_cat":[364],"product_tag":[],"class_list":{"0":"post-9501","1":"product","2":"type-product","3":"status-publish","4":"has-post-thumbnail","6":"product_cat-sample-letters","8":"first","9":"instock","10":"downloadable","11":"taxable","12":"shipping-taxable","13":"purchasable","14":"product-type-simple"},"yoast_head":"<!-- This site is optimized with the Yoast SEO plugin v26.8 - https:\/\/yoast.com\/product\/yoast-seo-wordpress\/ -->\n<title>Challenging the refusal to grant benefits\/aids - Soci\u00e9t\u00e9 d&#039;avocats Damy<\/title>\n<meta name=\"robots\" content=\"index, follow, max-snippet:-1, max-image-preview:large, max-video-preview:-1\" \/>\n<link rel=\"canonical\" href=\"https:\/\/gregorydamy.niceavocats.fr\/en\/produit\/challenging-the-refusal-to-grant-benefits-aids\/\" \/>\n<meta property=\"og:locale\" content=\"en_US\" \/>\n<meta property=\"og:type\" content=\"article\" \/>\n<meta property=\"og:title\" content=\"Challenging the refusal to grant benefits\/aids - Soci\u00e9t\u00e9 d&#039;avocats Damy\" \/>\n<meta property=\"og:description\" content=\"Beforehand, you have applied to the Caisse d&#8217;Allocations Familiales for assistance or allowances. This body, within two months, rejected your request by means of a letter it sent to you, or did not answer you. You would like an explanation of the reasons for this refusal or lack of response. This sample letter will help [&hellip;]\" \/>\n<meta property=\"og:url\" content=\"https:\/\/gregorydamy.niceavocats.fr\/en\/produit\/challenging-the-refusal-to-grant-benefits-aids\/\" \/>\n<meta property=\"og:site_name\" content=\"Soci\u00e9t\u00e9 d&#039;avocats Damy\" \/>\n<meta property=\"article:publisher\" content=\"https:\/\/www.facebook.com\/niceavocats.fr\/\" \/>\n<meta property=\"article:modified_time\" content=\"2023-05-05T15:03:56+00:00\" \/>\n<meta property=\"og:image\" content=\"https:\/\/gregorydamy.niceavocats.fr\/wp-content\/uploads\/2023\/04\/formulaires.png\" \/>\n\t<meta property=\"og:image:width\" content=\"2048\" \/>\n\t<meta property=\"og:image:height\" content=\"1536\" \/>\n\t<meta property=\"og:image:type\" content=\"image\/png\" \/>\n<meta name=\"twitter:card\" content=\"summary_large_image\" \/>\n<script type=\"application\/ld+json\" class=\"yoast-schema-graph\">{\"@context\":\"https:\/\/schema.org\",\"@graph\":[{\"@type\":\"WebPage\",\"@id\":\"https:\/\/gregorydamy.niceavocats.fr\/en\/produit\/challenging-the-refusal-to-grant-benefits-aids\/\",\"url\":\"https:\/\/gregorydamy.niceavocats.fr\/en\/produit\/challenging-the-refusal-to-grant-benefits-aids\/\",\"name\":\"Challenging the refusal to grant benefits\/aids - Soci\u00e9t\u00e9 d&#039;avocats Damy\",\"isPartOf\":{\"@id\":\"https:\/\/gregorydamy.niceavocats.fr\/en\/#website\"},\"primaryImageOfPage\":{\"@id\":\"https:\/\/gregorydamy.niceavocats.fr\/en\/produit\/challenging-the-refusal-to-grant-benefits-aids\/#primaryimage\"},\"image\":{\"@id\":\"https:\/\/gregorydamy.niceavocats.fr\/en\/produit\/challenging-the-refusal-to-grant-benefits-aids\/#primaryimage\"},\"thumbnailUrl\":\"https:\/\/gregorydamy.niceavocats.fr\/wp-content\/uploads\/2023\/04\/formulaires.png\",\"datePublished\":\"2023-03-30T05:18:16+00:00\",\"dateModified\":\"2023-05-05T15:03:56+00:00\",\"breadcrumb\":{\"@id\":\"https:\/\/gregorydamy.niceavocats.fr\/en\/produit\/challenging-the-refusal-to-grant-benefits-aids\/#breadcrumb\"},\"inLanguage\":\"en-US\",\"potentialAction\":[{\"@type\":\"ReadAction\",\"target\":[\"https:\/\/gregorydamy.niceavocats.fr\/en\/produit\/challenging-the-refusal-to-grant-benefits-aids\/\"]}]},{\"@type\":\"ImageObject\",\"inLanguage\":\"en-US\",\"@id\":\"https:\/\/gregorydamy.niceavocats.fr\/en\/produit\/challenging-the-refusal-to-grant-benefits-aids\/#primaryimage\",\"url\":\"https:\/\/gregorydamy.niceavocats.fr\/wp-content\/uploads\/2023\/04\/formulaires.png\",\"contentUrl\":\"https:\/\/gregorydamy.niceavocats.fr\/wp-content\/uploads\/2023\/04\/formulaires.png\",\"width\":2048,\"height\":1536,\"caption\":\"Votre avocat \u00e0 Nice vous propose des mod\u00e8les d'actes et vous conseille sur leurs utilisation.\"},{\"@type\":\"BreadcrumbList\",\"@id\":\"https:\/\/gregorydamy.niceavocats.fr\/en\/produit\/challenging-the-refusal-to-grant-benefits-aids\/#breadcrumb\",\"itemListElement\":[{\"@type\":\"ListItem\",\"position\":1,\"name\":\"Accueil\",\"item\":\"https:\/\/gregorydamy.niceavocats.fr\/en\/\"},{\"@type\":\"ListItem\",\"position\":2,\"name\":\"Boutique\",\"item\":\"https:\/\/gregorydamy.niceavocats.fr\/boutique\/\"},{\"@type\":\"ListItem\",\"position\":3,\"name\":\"Challenging the refusal to grant benefits\/aids\"}]},{\"@type\":\"WebSite\",\"@id\":\"https:\/\/gregorydamy.niceavocats.fr\/en\/#website\",\"url\":\"https:\/\/gregorydamy.niceavocats.fr\/en\/\",\"name\":\"Soci\u00e9t\u00e9 d&#039;avocats Damy\",\"description\":\"Justice - Confiance - Efficacit\u00e9\",\"publisher\":{\"@id\":\"https:\/\/gregorydamy.niceavocats.fr\/en\/#organization\"},\"potentialAction\":[{\"@type\":\"SearchAction\",\"target\":{\"@type\":\"EntryPoint\",\"urlTemplate\":\"https:\/\/gregorydamy.niceavocats.fr\/en\/?s={search_term_string}\"},\"query-input\":{\"@type\":\"PropertyValueSpecification\",\"valueRequired\":true,\"valueName\":\"search_term_string\"}}],\"inLanguage\":\"en-US\"},{\"@type\":\"Organization\",\"@id\":\"https:\/\/gregorydamy.niceavocats.fr\/en\/#organization\",\"name\":\"Soci\u00e9t\u00e9 d'Avocats DAMY\",\"alternateName\":\"Gr\u00e9gory DAMY\",\"url\":\"https:\/\/gregorydamy.niceavocats.fr\/en\/\",\"logo\":{\"@type\":\"ImageObject\",\"inLanguage\":\"en-US\",\"@id\":\"https:\/\/gregorydamy.niceavocats.fr\/en\/#\/schema\/logo\/image\/\",\"url\":\"https:\/\/gregorydamy.niceavocats.fr\/wp-content\/uploads\/2023\/04\/damylogo-1.png\",\"contentUrl\":\"https:\/\/gregorydamy.niceavocats.fr\/wp-content\/uploads\/2023\/04\/damylogo-1.png\",\"width\":1890,\"height\":1417,\"caption\":\"Soci\u00e9t\u00e9 d'Avocats DAMY\"},\"image\":{\"@id\":\"https:\/\/gregorydamy.niceavocats.fr\/en\/#\/schema\/logo\/image\/\"},\"sameAs\":[\"https:\/\/www.facebook.com\/niceavocats.fr\/\"]}]}<\/script>\n<!-- \/ Yoast SEO plugin. -->","yoast_head_json":{"title":"Challenging the refusal to grant benefits\/aids - Soci\u00e9t\u00e9 d&#039;avocats Damy","robots":{"index":"index","follow":"follow","max-snippet":"max-snippet:-1","max-image-preview":"max-image-preview:large","max-video-preview":"max-video-preview:-1"},"canonical":"https:\/\/gregorydamy.niceavocats.fr\/en\/produit\/challenging-the-refusal-to-grant-benefits-aids\/","og_locale":"en_US","og_type":"article","og_title":"Challenging the refusal to grant benefits\/aids - Soci\u00e9t\u00e9 d&#039;avocats Damy","og_description":"Beforehand, you have applied to the Caisse d&#8217;Allocations Familiales for assistance or allowances. This body, within two months, rejected your request by means of a letter it sent to you, or did not answer you. You would like an explanation of the reasons for this refusal or lack of response. This sample letter will help [&hellip;]","og_url":"https:\/\/gregorydamy.niceavocats.fr\/en\/produit\/challenging-the-refusal-to-grant-benefits-aids\/","og_site_name":"Soci\u00e9t\u00e9 d&#039;avocats Damy","article_publisher":"https:\/\/www.facebook.com\/niceavocats.fr\/","article_modified_time":"2023-05-05T15:03:56+00:00","og_image":[{"width":2048,"height":1536,"url":"https:\/\/gregorydamy.niceavocats.fr\/wp-content\/uploads\/2023\/04\/formulaires.png","type":"image\/png"}],"twitter_card":"summary_large_image","schema":{"@context":"https:\/\/schema.org","@graph":[{"@type":"WebPage","@id":"https:\/\/gregorydamy.niceavocats.fr\/en\/produit\/challenging-the-refusal-to-grant-benefits-aids\/","url":"https:\/\/gregorydamy.niceavocats.fr\/en\/produit\/challenging-the-refusal-to-grant-benefits-aids\/","name":"Challenging the refusal to grant benefits\/aids - Soci\u00e9t\u00e9 d&#039;avocats Damy","isPartOf":{"@id":"https:\/\/gregorydamy.niceavocats.fr\/en\/#website"},"primaryImageOfPage":{"@id":"https:\/\/gregorydamy.niceavocats.fr\/en\/produit\/challenging-the-refusal-to-grant-benefits-aids\/#primaryimage"},"image":{"@id":"https:\/\/gregorydamy.niceavocats.fr\/en\/produit\/challenging-the-refusal-to-grant-benefits-aids\/#primaryimage"},"thumbnailUrl":"https:\/\/gregorydamy.niceavocats.fr\/wp-content\/uploads\/2023\/04\/formulaires.png","datePublished":"2023-03-30T05:18:16+00:00","dateModified":"2023-05-05T15:03:56+00:00","breadcrumb":{"@id":"https:\/\/gregorydamy.niceavocats.fr\/en\/produit\/challenging-the-refusal-to-grant-benefits-aids\/#breadcrumb"},"inLanguage":"en-US","potentialAction":[{"@type":"ReadAction","target":["https:\/\/gregorydamy.niceavocats.fr\/en\/produit\/challenging-the-refusal-to-grant-benefits-aids\/"]}]},{"@type":"ImageObject","inLanguage":"en-US","@id":"https:\/\/gregorydamy.niceavocats.fr\/en\/produit\/challenging-the-refusal-to-grant-benefits-aids\/#primaryimage","url":"https:\/\/gregorydamy.niceavocats.fr\/wp-content\/uploads\/2023\/04\/formulaires.png","contentUrl":"https:\/\/gregorydamy.niceavocats.fr\/wp-content\/uploads\/2023\/04\/formulaires.png","width":2048,"height":1536,"caption":"Votre avocat \u00e0 Nice vous propose des mod\u00e8les d'actes et vous conseille sur leurs utilisation."},{"@type":"BreadcrumbList","@id":"https:\/\/gregorydamy.niceavocats.fr\/en\/produit\/challenging-the-refusal-to-grant-benefits-aids\/#breadcrumb","itemListElement":[{"@type":"ListItem","position":1,"name":"Accueil","item":"https:\/\/gregorydamy.niceavocats.fr\/en\/"},{"@type":"ListItem","position":2,"name":"Boutique","item":"https:\/\/gregorydamy.niceavocats.fr\/boutique\/"},{"@type":"ListItem","position":3,"name":"Challenging the refusal to grant benefits\/aids"}]},{"@type":"WebSite","@id":"https:\/\/gregorydamy.niceavocats.fr\/en\/#website","url":"https:\/\/gregorydamy.niceavocats.fr\/en\/","name":"Soci\u00e9t\u00e9 d&#039;avocats Damy","description":"Justice - Confiance - Efficacit\u00e9","publisher":{"@id":"https:\/\/gregorydamy.niceavocats.fr\/en\/#organization"},"potentialAction":[{"@type":"SearchAction","target":{"@type":"EntryPoint","urlTemplate":"https:\/\/gregorydamy.niceavocats.fr\/en\/?s={search_term_string}"},"query-input":{"@type":"PropertyValueSpecification","valueRequired":true,"valueName":"search_term_string"}}],"inLanguage":"en-US"},{"@type":"Organization","@id":"https:\/\/gregorydamy.niceavocats.fr\/en\/#organization","name":"Soci\u00e9t\u00e9 d'Avocats DAMY","alternateName":"Gr\u00e9gory DAMY","url":"https:\/\/gregorydamy.niceavocats.fr\/en\/","logo":{"@type":"ImageObject","inLanguage":"en-US","@id":"https:\/\/gregorydamy.niceavocats.fr\/en\/#\/schema\/logo\/image\/","url":"https:\/\/gregorydamy.niceavocats.fr\/wp-content\/uploads\/2023\/04\/damylogo-1.png","contentUrl":"https:\/\/gregorydamy.niceavocats.fr\/wp-content\/uploads\/2023\/04\/damylogo-1.png","width":1890,"height":1417,"caption":"Soci\u00e9t\u00e9 d'Avocats DAMY"},"image":{"@id":"https:\/\/gregorydamy.niceavocats.fr\/en\/#\/schema\/logo\/image\/"},"sameAs":["https:\/\/www.facebook.com\/niceavocats.fr\/"]}]}},"_links":{"self":[{"href":"https:\/\/gregorydamy.niceavocats.fr\/en\/wp-json\/wp\/v2\/product\/9501","targetHints":{"allow":["GET"]}}],"collection":[{"href":"https:\/\/gregorydamy.niceavocats.fr\/en\/wp-json\/wp\/v2\/product"}],"about":[{"href":"https:\/\/gregorydamy.niceavocats.fr\/en\/wp-json\/wp\/v2\/types\/product"}],"replies":[{"embeddable":true,"href":"https:\/\/gregorydamy.niceavocats.fr\/en\/wp-json\/wp\/v2\/comments?post=9501"}],"wp:featuredmedia":[{"embeddable":true,"href":"https:\/\/gregorydamy.niceavocats.fr\/en\/wp-json\/wp\/v2\/media\/17017"}],"wp:attachment":[{"href":"https:\/\/gregorydamy.niceavocats.fr\/en\/wp-json\/wp\/v2\/media?parent=9501"}],"wp:term":[{"taxonomy":"product_brand","embeddable":true,"href":"https:\/\/gregorydamy.niceavocats.fr\/en\/wp-json\/wp\/v2\/product_brand?post=9501"},{"taxonomy":"product_cat","embeddable":true,"href":"https:\/\/gregorydamy.niceavocats.fr\/en\/wp-json\/wp\/v2\/product_cat?post=9501"},{"taxonomy":"product_tag","embeddable":true,"href":"https:\/\/gregorydamy.niceavocats.fr\/en\/wp-json\/wp\/v2\/product_tag?post=9501"}],"curies":[{"name":"wp","href":"https:\/\/api.w.org\/{rel}","templated":true}]}}