{"id":12601,"date":"2023-04-01T12:26:34","date_gmt":"2023-04-01T12:26:34","guid":{"rendered":"https:\/\/gregorydamy.niceavocats.fr\/?post_type=product&#038;p=12601"},"modified":"2023-05-05T13:45:01","modified_gmt":"2023-05-05T13:45:01","slug":"articles-of-association-sarl","status":"publish","type":"product","link":"https:\/\/gregorydamy.niceavocats.fr\/en\/produit\/articles-of-association-sarl\/","title":{"rendered":"Articles of association SARL"},"content":{"rendered":"<h2>THE LIMITED LIABILITY COMPANY (SARL)<\/h2>\n<p>The SARL is still the legal form shared by most companies in France.\u00a0The reason lies in the flexibility of his formation.\u00a0It also authorizes the separation of production assets from its assets.\u00a0The partner is liable for the social liabilities only up to the amount of his contributions.\u00a0Personal property is not the pledge of debts arising from the company\u2019s activities, and will therefore remain immune from legal action by the company\u2019s creditors.<\/p>\n<p>A single person (single partner) can set up an LLC.\u00a0The only prohibition applies only to the case where the SARL has a sole shareholder SARL as sole shareholder.<br \/>\nThe partners of the SARL (whose number cannot exceed one hundred) must all intervene in the deed of incorporation of the company.\u00a0They can also issue a special mandate for this purpose.<br \/>\nTo encourage the creation and development of SMEs, various laws have lightened the general SARL scheme on the following points:<br \/>\n\u2013 the appointment of an auditor is not compulsory, unless the company exceeds certain thresholds.<\/p>\n<p>\u2013 In addition, there is no longer a minimum capital requirement.\u00a0From now on, the articles of association freely set the amount of the share capital, although it is permitted to set up an LLC with a share capital of 1 (one) euro.<\/p>\n<p>\u2013 When the sole shareholder personally assumes the management of the SARL, the formalities of publicity are lightened in his regard.<\/p>\n<h2>PLAN OF THE STATUTES OF A SARL<\/h2>\n<p>THE UNDERSIGNED,<\/p>\n<p>X , Y and Z \u2026(as many shareholders as possible)<\/p>\n<p>WHO HAVE PREVIOUSLY DISCLOSED THE FOLLOWING:<\/p>\n<p>PREAMBLE<\/p>\n<p>Have decided to set up a limited liability company among themselves and have adopted the statutes set out below:<\/p>\n<p>TITLE I: FORM \u2013 PURPOSE \u2013 NAME \u2013 DURATION \u2013 CORPORATE YEAR \u2013 HEADQUARTERS<br \/>\nArticle 1 \u2013 FORM<br \/>\nArticle 2 \u2013 CORPORATE PURPOSE Article 3 \u2013 CORPORATE NAME\u00a0Article 4 \u2013<br \/>\nCORPORATE YEAR \u2013 DURATION\u00a0\u00a0Article 5 \u2013 CORPORATE HEADQUARTERS<\/p>\n<p>TITLE II: CONTRIBUTIONS \u2013 SHARE CAPITAL \u2013 COMPANY SHARES<\/p>\n<p>Article 6 \u2013 CONTRIBUTIONS _ FORMATION OF SHARE CAPITAL<br \/>\n1 \u2013 Contributions in cash<br \/>\n2 \u2013 Contributions in kind<br \/>\n3 \u2013 Contributions in industry<br \/>\n4 \u2013 Summary of contributions<\/p>\n<p>Article 7 \u2013 SHARE CAPITAL<br \/>\nArticle 8 \u2013 INCREASE AND REDUCTION OF CAPITAL<br \/>\nArticle 9 \u2013 DIVISION OF SHARE CAPITAL \u2013 DISTRIBUTION OF SHARES<br \/>\nArticle 10 \u2013 ASSIGNMENT AND TRANSMISSION OF SHARES<br \/>\n10.1 \u2013 Transmission inter vivos<br \/>\n10.2 \u2013 Claim by the spouse of the status of associated<br \/>\n10.3 \u2013 Transmission by death.<br \/>\n10.4 \u2013 Liquidation of a community of property between spouses<br \/>\nArticle 11 \u2013 DEATH \u2013 PROHIBITION \u2013 COLLECTIVE PROCEDURE \u2013 BANKRUPTCY OF A PARTNER<\/p>\n<p>TITLE III: ADMINISTRATION \u2013 CONTROL<\/p>\n<p>Article 12 \u2013 APPOINTMENT OF MANAGEMENT \u2013 POWERS OF MANAGERS<br \/>\nArticle 13 \u2013 OBLIGATIONS AND RESPONSIBILITY OF MANAGERS<br \/>\nArticle 14 \u2013 TERMINATION OF OFFICE<br \/>\nArticle 15 \u2013 STATUTORY AUDITORS<\/p>\n<p>TITLE IV: DECISIONS OF THE PARTNERS<\/p>\n<p>Article 16 \u2013 COLLECTIVE DECISIONS \u2013 FORMS AND METHODS<br \/>\nArticle 17 \u2013 ORDINARY COLLECTIVE DECISIONS<br \/>\nArticle 18 \u2013 EXTRAORDINARY COLLECTIVE DECISIONS<br \/>\nArticle 19 \u2013 RIGHT OF COMMUNICATION AND INTERVENTION OF SHAREHOLDERS<br \/>\nArticle 20 \u2013 AGREEMENTS BETWEEN THE COMPANY AND ITS SHAREHOLDERS OR MANAGERS<\/p>\n<p>TITLE V: ALLOCATION OF RESULTS \u2013 DISTRIBUTION OF PROFITS<\/p>\n<p>Article 21 \u2013 APPROVAL OF CORPORATE ACCOUNTS<br \/>\nArticle 22 \u2013 ALLOCATION AND DISTRIBUTION OF PROFITS<br \/>\nArticle 23 \u2013 DIVIDENDS \u2013 PAYMENT<\/p>\n<p>TITLE VI: EXTENSION \u2013 TRANSFORMATION \u2013 DISSOLUTION \u2013 LIQUIDATION<\/p>\n<p>Article 24 \u2013 EXTENSION<br \/>\nArticle 25 \u2013 OWN CAPITAL LESS THAN HALF OF THE SHARE CAPITAL<br \/>\nArticle 26 \u2013 TRANSFORMATION<br \/>\nArticle 27 \u2013 DISSOLUTION \u2013 LIQUIDATION<br \/>\nArticle 28 \u2013 DISPUTES<\/p>\n<p>TITLE VII: LEGAL PERSONALITY \u2013 CONSTITUTIONAL FORMALITIES<\/p>\n<p>Article 29 \u2013 ENJOYMENT OF LEGAL PERSONALITY<br \/>\nArticle 30 \u2013 PUBLICITY \u2013 POWERS<\/p>\n","protected":false},"excerpt":{"rendered":"<p>THE LIMITED LIABILITY COMPANY (SARL) The SARL is still the legal form shared by most companies in France.\u00a0The reason lies in the flexibility of his formation.\u00a0It also authorizes the separation of production assets from its assets.\u00a0The partner is liable for the social liabilities only up to the amount of his contributions.\u00a0Personal property is not the [&hellip;]<\/p>\n","protected":false},"featured_media":17017,"comment_status":"open","ping_status":"closed","template":"","meta":{"_et_pb_use_builder":"","_et_pb_old_content":"","_et_gb_content_width":""},"product_brand":[],"product_cat":[355],"product_tag":[],"class_list":{"0":"post-12601","1":"product","2":"type-product","3":"status-publish","4":"has-post-thumbnail","6":"product_cat-company-law","8":"first","9":"instock","10":"downloadable","11":"taxable","12":"shipping-taxable","13":"purchasable","14":"product-type-simple"},"yoast_head":"<!-- This site is optimized with the Yoast SEO plugin v26.8 - https:\/\/yoast.com\/product\/yoast-seo-wordpress\/ -->\n<title>Articles of association SARL - Soci\u00e9t\u00e9 d&#039;avocats Damy<\/title>\n<meta name=\"robots\" content=\"index, follow, max-snippet:-1, max-image-preview:large, max-video-preview:-1\" \/>\n<link rel=\"canonical\" href=\"https:\/\/gregorydamy.niceavocats.fr\/en\/produit\/articles-of-association-sarl\/\" \/>\n<meta property=\"og:locale\" content=\"en_US\" \/>\n<meta property=\"og:type\" content=\"article\" \/>\n<meta property=\"og:title\" content=\"Articles of association SARL - Soci\u00e9t\u00e9 d&#039;avocats Damy\" \/>\n<meta property=\"og:description\" content=\"THE LIMITED LIABILITY COMPANY (SARL) The SARL is still the legal form shared by most companies in France.\u00a0The reason lies in the flexibility of his formation.\u00a0It also authorizes the separation of production assets from its assets.\u00a0The partner is liable for the social liabilities only up to the amount of his contributions.\u00a0Personal property is not the [&hellip;]\" \/>\n<meta property=\"og:url\" content=\"https:\/\/gregorydamy.niceavocats.fr\/en\/produit\/articles-of-association-sarl\/\" \/>\n<meta property=\"og:site_name\" content=\"Soci\u00e9t\u00e9 d&#039;avocats Damy\" \/>\n<meta property=\"article:publisher\" content=\"https:\/\/www.facebook.com\/niceavocats.fr\/\" \/>\n<meta property=\"article:modified_time\" content=\"2023-05-05T13:45:01+00:00\" \/>\n<meta property=\"og:image\" content=\"https:\/\/gregorydamy.niceavocats.fr\/wp-content\/uploads\/2023\/04\/formulaires.png\" \/>\n\t<meta property=\"og:image:width\" content=\"2048\" \/>\n\t<meta property=\"og:image:height\" content=\"1536\" \/>\n\t<meta property=\"og:image:type\" content=\"image\/png\" \/>\n<meta name=\"twitter:card\" content=\"summary_large_image\" \/>\n<meta name=\"twitter:label1\" content=\"Est. reading time\" \/>\n\t<meta name=\"twitter:data1\" content=\"3 minutes\" \/>\n<script type=\"application\/ld+json\" class=\"yoast-schema-graph\">{\"@context\":\"https:\/\/schema.org\",\"@graph\":[{\"@type\":\"WebPage\",\"@id\":\"https:\/\/gregorydamy.niceavocats.fr\/en\/produit\/articles-of-association-sarl\/\",\"url\":\"https:\/\/gregorydamy.niceavocats.fr\/en\/produit\/articles-of-association-sarl\/\",\"name\":\"Articles of association SARL - Soci\u00e9t\u00e9 d&#039;avocats Damy\",\"isPartOf\":{\"@id\":\"https:\/\/gregorydamy.niceavocats.fr\/en\/#website\"},\"primaryImageOfPage\":{\"@id\":\"https:\/\/gregorydamy.niceavocats.fr\/en\/produit\/articles-of-association-sarl\/#primaryimage\"},\"image\":{\"@id\":\"https:\/\/gregorydamy.niceavocats.fr\/en\/produit\/articles-of-association-sarl\/#primaryimage\"},\"thumbnailUrl\":\"https:\/\/gregorydamy.niceavocats.fr\/wp-content\/uploads\/2023\/04\/formulaires.png\",\"datePublished\":\"2023-04-01T12:26:34+00:00\",\"dateModified\":\"2023-05-05T13:45:01+00:00\",\"breadcrumb\":{\"@id\":\"https:\/\/gregorydamy.niceavocats.fr\/en\/produit\/articles-of-association-sarl\/#breadcrumb\"},\"inLanguage\":\"en-US\",\"potentialAction\":[{\"@type\":\"ReadAction\",\"target\":[\"https:\/\/gregorydamy.niceavocats.fr\/en\/produit\/articles-of-association-sarl\/\"]}]},{\"@type\":\"ImageObject\",\"inLanguage\":\"en-US\",\"@id\":\"https:\/\/gregorydamy.niceavocats.fr\/en\/produit\/articles-of-association-sarl\/#primaryimage\",\"url\":\"https:\/\/gregorydamy.niceavocats.fr\/wp-content\/uploads\/2023\/04\/formulaires.png\",\"contentUrl\":\"https:\/\/gregorydamy.niceavocats.fr\/wp-content\/uploads\/2023\/04\/formulaires.png\",\"width\":2048,\"height\":1536,\"caption\":\"Votre avocat \u00e0 Nice vous propose des mod\u00e8les d'actes et vous conseille sur leurs utilisation.\"},{\"@type\":\"BreadcrumbList\",\"@id\":\"https:\/\/gregorydamy.niceavocats.fr\/en\/produit\/articles-of-association-sarl\/#breadcrumb\",\"itemListElement\":[{\"@type\":\"ListItem\",\"position\":1,\"name\":\"Accueil\",\"item\":\"https:\/\/gregorydamy.niceavocats.fr\/en\/\"},{\"@type\":\"ListItem\",\"position\":2,\"name\":\"Boutique\",\"item\":\"https:\/\/gregorydamy.niceavocats.fr\/boutique\/\"},{\"@type\":\"ListItem\",\"position\":3,\"name\":\"Articles of association SARL\"}]},{\"@type\":\"WebSite\",\"@id\":\"https:\/\/gregorydamy.niceavocats.fr\/en\/#website\",\"url\":\"https:\/\/gregorydamy.niceavocats.fr\/en\/\",\"name\":\"Soci\u00e9t\u00e9 d&#039;avocats Damy\",\"description\":\"Justice - Confiance - Efficacit\u00e9\",\"publisher\":{\"@id\":\"https:\/\/gregorydamy.niceavocats.fr\/en\/#organization\"},\"potentialAction\":[{\"@type\":\"SearchAction\",\"target\":{\"@type\":\"EntryPoint\",\"urlTemplate\":\"https:\/\/gregorydamy.niceavocats.fr\/en\/?s={search_term_string}\"},\"query-input\":{\"@type\":\"PropertyValueSpecification\",\"valueRequired\":true,\"valueName\":\"search_term_string\"}}],\"inLanguage\":\"en-US\"},{\"@type\":\"Organization\",\"@id\":\"https:\/\/gregorydamy.niceavocats.fr\/en\/#organization\",\"name\":\"Soci\u00e9t\u00e9 d'Avocats DAMY\",\"alternateName\":\"Gr\u00e9gory DAMY\",\"url\":\"https:\/\/gregorydamy.niceavocats.fr\/en\/\",\"logo\":{\"@type\":\"ImageObject\",\"inLanguage\":\"en-US\",\"@id\":\"https:\/\/gregorydamy.niceavocats.fr\/en\/#\/schema\/logo\/image\/\",\"url\":\"https:\/\/gregorydamy.niceavocats.fr\/wp-content\/uploads\/2023\/04\/damylogo-1.png\",\"contentUrl\":\"https:\/\/gregorydamy.niceavocats.fr\/wp-content\/uploads\/2023\/04\/damylogo-1.png\",\"width\":1890,\"height\":1417,\"caption\":\"Soci\u00e9t\u00e9 d'Avocats DAMY\"},\"image\":{\"@id\":\"https:\/\/gregorydamy.niceavocats.fr\/en\/#\/schema\/logo\/image\/\"},\"sameAs\":[\"https:\/\/www.facebook.com\/niceavocats.fr\/\"]}]}<\/script>\n<!-- \/ Yoast SEO plugin. -->","yoast_head_json":{"title":"Articles of association SARL - Soci\u00e9t\u00e9 d&#039;avocats Damy","robots":{"index":"index","follow":"follow","max-snippet":"max-snippet:-1","max-image-preview":"max-image-preview:large","max-video-preview":"max-video-preview:-1"},"canonical":"https:\/\/gregorydamy.niceavocats.fr\/en\/produit\/articles-of-association-sarl\/","og_locale":"en_US","og_type":"article","og_title":"Articles of association SARL - Soci\u00e9t\u00e9 d&#039;avocats Damy","og_description":"THE LIMITED LIABILITY COMPANY (SARL) The SARL is still the legal form shared by most companies in France.\u00a0The reason lies in the flexibility of his formation.\u00a0It also authorizes the separation of production assets from its assets.\u00a0The partner is liable for the social liabilities only up to the amount of his contributions.\u00a0Personal property is not the [&hellip;]","og_url":"https:\/\/gregorydamy.niceavocats.fr\/en\/produit\/articles-of-association-sarl\/","og_site_name":"Soci\u00e9t\u00e9 d&#039;avocats Damy","article_publisher":"https:\/\/www.facebook.com\/niceavocats.fr\/","article_modified_time":"2023-05-05T13:45:01+00:00","og_image":[{"width":2048,"height":1536,"url":"https:\/\/gregorydamy.niceavocats.fr\/wp-content\/uploads\/2023\/04\/formulaires.png","type":"image\/png"}],"twitter_card":"summary_large_image","twitter_misc":{"Est. reading time":"3 minutes"},"schema":{"@context":"https:\/\/schema.org","@graph":[{"@type":"WebPage","@id":"https:\/\/gregorydamy.niceavocats.fr\/en\/produit\/articles-of-association-sarl\/","url":"https:\/\/gregorydamy.niceavocats.fr\/en\/produit\/articles-of-association-sarl\/","name":"Articles of association SARL - Soci\u00e9t\u00e9 d&#039;avocats Damy","isPartOf":{"@id":"https:\/\/gregorydamy.niceavocats.fr\/en\/#website"},"primaryImageOfPage":{"@id":"https:\/\/gregorydamy.niceavocats.fr\/en\/produit\/articles-of-association-sarl\/#primaryimage"},"image":{"@id":"https:\/\/gregorydamy.niceavocats.fr\/en\/produit\/articles-of-association-sarl\/#primaryimage"},"thumbnailUrl":"https:\/\/gregorydamy.niceavocats.fr\/wp-content\/uploads\/2023\/04\/formulaires.png","datePublished":"2023-04-01T12:26:34+00:00","dateModified":"2023-05-05T13:45:01+00:00","breadcrumb":{"@id":"https:\/\/gregorydamy.niceavocats.fr\/en\/produit\/articles-of-association-sarl\/#breadcrumb"},"inLanguage":"en-US","potentialAction":[{"@type":"ReadAction","target":["https:\/\/gregorydamy.niceavocats.fr\/en\/produit\/articles-of-association-sarl\/"]}]},{"@type":"ImageObject","inLanguage":"en-US","@id":"https:\/\/gregorydamy.niceavocats.fr\/en\/produit\/articles-of-association-sarl\/#primaryimage","url":"https:\/\/gregorydamy.niceavocats.fr\/wp-content\/uploads\/2023\/04\/formulaires.png","contentUrl":"https:\/\/gregorydamy.niceavocats.fr\/wp-content\/uploads\/2023\/04\/formulaires.png","width":2048,"height":1536,"caption":"Votre avocat \u00e0 Nice vous propose des mod\u00e8les d'actes et vous conseille sur leurs utilisation."},{"@type":"BreadcrumbList","@id":"https:\/\/gregorydamy.niceavocats.fr\/en\/produit\/articles-of-association-sarl\/#breadcrumb","itemListElement":[{"@type":"ListItem","position":1,"name":"Accueil","item":"https:\/\/gregorydamy.niceavocats.fr\/en\/"},{"@type":"ListItem","position":2,"name":"Boutique","item":"https:\/\/gregorydamy.niceavocats.fr\/boutique\/"},{"@type":"ListItem","position":3,"name":"Articles of association SARL"}]},{"@type":"WebSite","@id":"https:\/\/gregorydamy.niceavocats.fr\/en\/#website","url":"https:\/\/gregorydamy.niceavocats.fr\/en\/","name":"Soci\u00e9t\u00e9 d&#039;avocats Damy","description":"Justice - Confiance - Efficacit\u00e9","publisher":{"@id":"https:\/\/gregorydamy.niceavocats.fr\/en\/#organization"},"potentialAction":[{"@type":"SearchAction","target":{"@type":"EntryPoint","urlTemplate":"https:\/\/gregorydamy.niceavocats.fr\/en\/?s={search_term_string}"},"query-input":{"@type":"PropertyValueSpecification","valueRequired":true,"valueName":"search_term_string"}}],"inLanguage":"en-US"},{"@type":"Organization","@id":"https:\/\/gregorydamy.niceavocats.fr\/en\/#organization","name":"Soci\u00e9t\u00e9 d'Avocats DAMY","alternateName":"Gr\u00e9gory DAMY","url":"https:\/\/gregorydamy.niceavocats.fr\/en\/","logo":{"@type":"ImageObject","inLanguage":"en-US","@id":"https:\/\/gregorydamy.niceavocats.fr\/en\/#\/schema\/logo\/image\/","url":"https:\/\/gregorydamy.niceavocats.fr\/wp-content\/uploads\/2023\/04\/damylogo-1.png","contentUrl":"https:\/\/gregorydamy.niceavocats.fr\/wp-content\/uploads\/2023\/04\/damylogo-1.png","width":1890,"height":1417,"caption":"Soci\u00e9t\u00e9 d'Avocats DAMY"},"image":{"@id":"https:\/\/gregorydamy.niceavocats.fr\/en\/#\/schema\/logo\/image\/"},"sameAs":["https:\/\/www.facebook.com\/niceavocats.fr\/"]}]}},"_links":{"self":[{"href":"https:\/\/gregorydamy.niceavocats.fr\/en\/wp-json\/wp\/v2\/product\/12601","targetHints":{"allow":["GET"]}}],"collection":[{"href":"https:\/\/gregorydamy.niceavocats.fr\/en\/wp-json\/wp\/v2\/product"}],"about":[{"href":"https:\/\/gregorydamy.niceavocats.fr\/en\/wp-json\/wp\/v2\/types\/product"}],"replies":[{"embeddable":true,"href":"https:\/\/gregorydamy.niceavocats.fr\/en\/wp-json\/wp\/v2\/comments?post=12601"}],"wp:featuredmedia":[{"embeddable":true,"href":"https:\/\/gregorydamy.niceavocats.fr\/en\/wp-json\/wp\/v2\/media\/17017"}],"wp:attachment":[{"href":"https:\/\/gregorydamy.niceavocats.fr\/en\/wp-json\/wp\/v2\/media?parent=12601"}],"wp:term":[{"taxonomy":"product_brand","embeddable":true,"href":"https:\/\/gregorydamy.niceavocats.fr\/en\/wp-json\/wp\/v2\/product_brand?post=12601"},{"taxonomy":"product_cat","embeddable":true,"href":"https:\/\/gregorydamy.niceavocats.fr\/en\/wp-json\/wp\/v2\/product_cat?post=12601"},{"taxonomy":"product_tag","embeddable":true,"href":"https:\/\/gregorydamy.niceavocats.fr\/en\/wp-json\/wp\/v2\/product_tag?post=12601"}],"curies":[{"name":"wp","href":"https:\/\/api.w.org\/{rel}","templated":true}]}}