{"id":11770,"date":"2023-04-01T05:57:03","date_gmt":"2023-04-01T05:57:03","guid":{"rendered":"https:\/\/gregorydamy.niceavocats.fr\/?post_type=product&#038;p=11770"},"modified":"2023-05-05T14:32:44","modified_gmt":"2023-05-05T14:32:44","slug":"lease-contract-management-of-a-craft-fund","status":"publish","type":"product","link":"https:\/\/gregorydamy.niceavocats.fr\/en\/produit\/lease-contract-management-of-a-craft-fund\/","title":{"rendered":"Lease contract management of a craft fund"},"content":{"rendered":"<p>The lease management contract allows the owner of a craft fund to grant a person, the tenant manager, the right to freely exploit this fund at his risk and peril, against payment of a fee. The main interest of the management lease for the owner of the land is to be able to retain ownership of the land, maintain its operation and secure income through the collection of royalties. For the tenant manager, such a contract allows him to be self-employed without having to invest immediately in the purchase of the components of a fund such as customers, the right to lease, patents, equipment&#8230; The tenant manager can also assess whether the business he plans to take over is viable or not. This model management lease contract can also be used for a business or an industrial fund.<\/p>\n","protected":false},"excerpt":{"rendered":"<p>The lease management contract allows the owner of a craft fund to grant a person, the tenant manager, the right to freely exploit this fund at his risk and peril, against payment of a fee. The main interest of the management lease for the owner of the land is to be able to retain ownership [&hellip;]<\/p>\n","protected":false},"featured_media":17017,"comment_status":"open","ping_status":"closed","template":"","meta":{"_et_pb_use_builder":"","_et_pb_old_content":"","_et_gb_content_width":""},"product_brand":[],"product_cat":[348],"product_tag":[],"class_list":{"0":"post-11770","1":"product","2":"type-product","3":"status-publish","4":"has-post-thumbnail","6":"product_cat-lease-contracts","8":"first","9":"instock","10":"downloadable","11":"taxable","12":"shipping-taxable","13":"purchasable","14":"product-type-simple"},"yoast_head":"<!-- This site is optimized with the Yoast SEO plugin v26.8 - https:\/\/yoast.com\/product\/yoast-seo-wordpress\/ -->\n<title>Lease contract management of a craft fund - Soci\u00e9t\u00e9 d&#039;avocats Damy<\/title>\n<meta name=\"robots\" content=\"index, follow, max-snippet:-1, max-image-preview:large, max-video-preview:-1\" \/>\n<link rel=\"canonical\" href=\"https:\/\/gregorydamy.niceavocats.fr\/en\/produit\/lease-contract-management-of-a-craft-fund\/\" \/>\n<meta property=\"og:locale\" content=\"en_US\" \/>\n<meta property=\"og:type\" content=\"article\" \/>\n<meta property=\"og:title\" content=\"Lease contract management of a craft fund - Soci\u00e9t\u00e9 d&#039;avocats Damy\" \/>\n<meta property=\"og:description\" content=\"The lease management contract allows the owner of a craft fund to grant a person, the tenant manager, the right to freely exploit this fund at his risk and peril, against payment of a fee. The main interest of the management lease for the owner of the land is to be able to retain ownership [&hellip;]\" \/>\n<meta property=\"og:url\" content=\"https:\/\/gregorydamy.niceavocats.fr\/en\/produit\/lease-contract-management-of-a-craft-fund\/\" \/>\n<meta property=\"og:site_name\" content=\"Soci\u00e9t\u00e9 d&#039;avocats Damy\" \/>\n<meta property=\"article:publisher\" content=\"https:\/\/www.facebook.com\/niceavocats.fr\/\" \/>\n<meta property=\"article:modified_time\" content=\"2023-05-05T14:32:44+00:00\" \/>\n<meta property=\"og:image\" content=\"https:\/\/gregorydamy.niceavocats.fr\/wp-content\/uploads\/2023\/04\/formulaires.png\" \/>\n\t<meta property=\"og:image:width\" content=\"2048\" \/>\n\t<meta property=\"og:image:height\" content=\"1536\" \/>\n\t<meta property=\"og:image:type\" content=\"image\/png\" \/>\n<meta name=\"twitter:card\" content=\"summary_large_image\" \/>\n<meta name=\"twitter:label1\" content=\"Est. reading time\" \/>\n\t<meta name=\"twitter:data1\" content=\"1 minute\" \/>\n<script type=\"application\/ld+json\" class=\"yoast-schema-graph\">{\"@context\":\"https:\/\/schema.org\",\"@graph\":[{\"@type\":\"WebPage\",\"@id\":\"https:\/\/gregorydamy.niceavocats.fr\/en\/produit\/lease-contract-management-of-a-craft-fund\/\",\"url\":\"https:\/\/gregorydamy.niceavocats.fr\/en\/produit\/lease-contract-management-of-a-craft-fund\/\",\"name\":\"Lease contract management of a craft fund - Soci\u00e9t\u00e9 d&#039;avocats Damy\",\"isPartOf\":{\"@id\":\"https:\/\/gregorydamy.niceavocats.fr\/en\/#website\"},\"primaryImageOfPage\":{\"@id\":\"https:\/\/gregorydamy.niceavocats.fr\/en\/produit\/lease-contract-management-of-a-craft-fund\/#primaryimage\"},\"image\":{\"@id\":\"https:\/\/gregorydamy.niceavocats.fr\/en\/produit\/lease-contract-management-of-a-craft-fund\/#primaryimage\"},\"thumbnailUrl\":\"https:\/\/gregorydamy.niceavocats.fr\/wp-content\/uploads\/2023\/04\/formulaires.png\",\"datePublished\":\"2023-04-01T05:57:03+00:00\",\"dateModified\":\"2023-05-05T14:32:44+00:00\",\"breadcrumb\":{\"@id\":\"https:\/\/gregorydamy.niceavocats.fr\/en\/produit\/lease-contract-management-of-a-craft-fund\/#breadcrumb\"},\"inLanguage\":\"en-US\",\"potentialAction\":[{\"@type\":\"ReadAction\",\"target\":[\"https:\/\/gregorydamy.niceavocats.fr\/en\/produit\/lease-contract-management-of-a-craft-fund\/\"]}]},{\"@type\":\"ImageObject\",\"inLanguage\":\"en-US\",\"@id\":\"https:\/\/gregorydamy.niceavocats.fr\/en\/produit\/lease-contract-management-of-a-craft-fund\/#primaryimage\",\"url\":\"https:\/\/gregorydamy.niceavocats.fr\/wp-content\/uploads\/2023\/04\/formulaires.png\",\"contentUrl\":\"https:\/\/gregorydamy.niceavocats.fr\/wp-content\/uploads\/2023\/04\/formulaires.png\",\"width\":2048,\"height\":1536,\"caption\":\"Votre avocat \u00e0 Nice vous propose des mod\u00e8les d'actes et vous conseille sur leurs utilisation.\"},{\"@type\":\"BreadcrumbList\",\"@id\":\"https:\/\/gregorydamy.niceavocats.fr\/en\/produit\/lease-contract-management-of-a-craft-fund\/#breadcrumb\",\"itemListElement\":[{\"@type\":\"ListItem\",\"position\":1,\"name\":\"Accueil\",\"item\":\"https:\/\/gregorydamy.niceavocats.fr\/en\/\"},{\"@type\":\"ListItem\",\"position\":2,\"name\":\"Boutique\",\"item\":\"https:\/\/gregorydamy.niceavocats.fr\/boutique\/\"},{\"@type\":\"ListItem\",\"position\":3,\"name\":\"Lease contract management of a craft fund\"}]},{\"@type\":\"WebSite\",\"@id\":\"https:\/\/gregorydamy.niceavocats.fr\/en\/#website\",\"url\":\"https:\/\/gregorydamy.niceavocats.fr\/en\/\",\"name\":\"Soci\u00e9t\u00e9 d&#039;avocats Damy\",\"description\":\"Justice - Confiance - Efficacit\u00e9\",\"publisher\":{\"@id\":\"https:\/\/gregorydamy.niceavocats.fr\/en\/#organization\"},\"potentialAction\":[{\"@type\":\"SearchAction\",\"target\":{\"@type\":\"EntryPoint\",\"urlTemplate\":\"https:\/\/gregorydamy.niceavocats.fr\/en\/?s={search_term_string}\"},\"query-input\":{\"@type\":\"PropertyValueSpecification\",\"valueRequired\":true,\"valueName\":\"search_term_string\"}}],\"inLanguage\":\"en-US\"},{\"@type\":\"Organization\",\"@id\":\"https:\/\/gregorydamy.niceavocats.fr\/en\/#organization\",\"name\":\"Soci\u00e9t\u00e9 d'Avocats DAMY\",\"alternateName\":\"Gr\u00e9gory DAMY\",\"url\":\"https:\/\/gregorydamy.niceavocats.fr\/en\/\",\"logo\":{\"@type\":\"ImageObject\",\"inLanguage\":\"en-US\",\"@id\":\"https:\/\/gregorydamy.niceavocats.fr\/en\/#\/schema\/logo\/image\/\",\"url\":\"https:\/\/gregorydamy.niceavocats.fr\/wp-content\/uploads\/2023\/04\/damylogo-1.png\",\"contentUrl\":\"https:\/\/gregorydamy.niceavocats.fr\/wp-content\/uploads\/2023\/04\/damylogo-1.png\",\"width\":1890,\"height\":1417,\"caption\":\"Soci\u00e9t\u00e9 d'Avocats DAMY\"},\"image\":{\"@id\":\"https:\/\/gregorydamy.niceavocats.fr\/en\/#\/schema\/logo\/image\/\"},\"sameAs\":[\"https:\/\/www.facebook.com\/niceavocats.fr\/\"]}]}<\/script>\n<!-- \/ Yoast SEO plugin. -->","yoast_head_json":{"title":"Lease contract management of a craft fund - Soci\u00e9t\u00e9 d&#039;avocats Damy","robots":{"index":"index","follow":"follow","max-snippet":"max-snippet:-1","max-image-preview":"max-image-preview:large","max-video-preview":"max-video-preview:-1"},"canonical":"https:\/\/gregorydamy.niceavocats.fr\/en\/produit\/lease-contract-management-of-a-craft-fund\/","og_locale":"en_US","og_type":"article","og_title":"Lease contract management of a craft fund - Soci\u00e9t\u00e9 d&#039;avocats Damy","og_description":"The lease management contract allows the owner of a craft fund to grant a person, the tenant manager, the right to freely exploit this fund at his risk and peril, against payment of a fee. The main interest of the management lease for the owner of the land is to be able to retain ownership [&hellip;]","og_url":"https:\/\/gregorydamy.niceavocats.fr\/en\/produit\/lease-contract-management-of-a-craft-fund\/","og_site_name":"Soci\u00e9t\u00e9 d&#039;avocats Damy","article_publisher":"https:\/\/www.facebook.com\/niceavocats.fr\/","article_modified_time":"2023-05-05T14:32:44+00:00","og_image":[{"width":2048,"height":1536,"url":"https:\/\/gregorydamy.niceavocats.fr\/wp-content\/uploads\/2023\/04\/formulaires.png","type":"image\/png"}],"twitter_card":"summary_large_image","twitter_misc":{"Est. reading time":"1 minute"},"schema":{"@context":"https:\/\/schema.org","@graph":[{"@type":"WebPage","@id":"https:\/\/gregorydamy.niceavocats.fr\/en\/produit\/lease-contract-management-of-a-craft-fund\/","url":"https:\/\/gregorydamy.niceavocats.fr\/en\/produit\/lease-contract-management-of-a-craft-fund\/","name":"Lease contract management of a craft fund - Soci\u00e9t\u00e9 d&#039;avocats Damy","isPartOf":{"@id":"https:\/\/gregorydamy.niceavocats.fr\/en\/#website"},"primaryImageOfPage":{"@id":"https:\/\/gregorydamy.niceavocats.fr\/en\/produit\/lease-contract-management-of-a-craft-fund\/#primaryimage"},"image":{"@id":"https:\/\/gregorydamy.niceavocats.fr\/en\/produit\/lease-contract-management-of-a-craft-fund\/#primaryimage"},"thumbnailUrl":"https:\/\/gregorydamy.niceavocats.fr\/wp-content\/uploads\/2023\/04\/formulaires.png","datePublished":"2023-04-01T05:57:03+00:00","dateModified":"2023-05-05T14:32:44+00:00","breadcrumb":{"@id":"https:\/\/gregorydamy.niceavocats.fr\/en\/produit\/lease-contract-management-of-a-craft-fund\/#breadcrumb"},"inLanguage":"en-US","potentialAction":[{"@type":"ReadAction","target":["https:\/\/gregorydamy.niceavocats.fr\/en\/produit\/lease-contract-management-of-a-craft-fund\/"]}]},{"@type":"ImageObject","inLanguage":"en-US","@id":"https:\/\/gregorydamy.niceavocats.fr\/en\/produit\/lease-contract-management-of-a-craft-fund\/#primaryimage","url":"https:\/\/gregorydamy.niceavocats.fr\/wp-content\/uploads\/2023\/04\/formulaires.png","contentUrl":"https:\/\/gregorydamy.niceavocats.fr\/wp-content\/uploads\/2023\/04\/formulaires.png","width":2048,"height":1536,"caption":"Votre avocat \u00e0 Nice vous propose des mod\u00e8les d'actes et vous conseille sur leurs utilisation."},{"@type":"BreadcrumbList","@id":"https:\/\/gregorydamy.niceavocats.fr\/en\/produit\/lease-contract-management-of-a-craft-fund\/#breadcrumb","itemListElement":[{"@type":"ListItem","position":1,"name":"Accueil","item":"https:\/\/gregorydamy.niceavocats.fr\/en\/"},{"@type":"ListItem","position":2,"name":"Boutique","item":"https:\/\/gregorydamy.niceavocats.fr\/boutique\/"},{"@type":"ListItem","position":3,"name":"Lease contract management of a craft fund"}]},{"@type":"WebSite","@id":"https:\/\/gregorydamy.niceavocats.fr\/en\/#website","url":"https:\/\/gregorydamy.niceavocats.fr\/en\/","name":"Soci\u00e9t\u00e9 d&#039;avocats Damy","description":"Justice - Confiance - Efficacit\u00e9","publisher":{"@id":"https:\/\/gregorydamy.niceavocats.fr\/en\/#organization"},"potentialAction":[{"@type":"SearchAction","target":{"@type":"EntryPoint","urlTemplate":"https:\/\/gregorydamy.niceavocats.fr\/en\/?s={search_term_string}"},"query-input":{"@type":"PropertyValueSpecification","valueRequired":true,"valueName":"search_term_string"}}],"inLanguage":"en-US"},{"@type":"Organization","@id":"https:\/\/gregorydamy.niceavocats.fr\/en\/#organization","name":"Soci\u00e9t\u00e9 d'Avocats DAMY","alternateName":"Gr\u00e9gory DAMY","url":"https:\/\/gregorydamy.niceavocats.fr\/en\/","logo":{"@type":"ImageObject","inLanguage":"en-US","@id":"https:\/\/gregorydamy.niceavocats.fr\/en\/#\/schema\/logo\/image\/","url":"https:\/\/gregorydamy.niceavocats.fr\/wp-content\/uploads\/2023\/04\/damylogo-1.png","contentUrl":"https:\/\/gregorydamy.niceavocats.fr\/wp-content\/uploads\/2023\/04\/damylogo-1.png","width":1890,"height":1417,"caption":"Soci\u00e9t\u00e9 d'Avocats DAMY"},"image":{"@id":"https:\/\/gregorydamy.niceavocats.fr\/en\/#\/schema\/logo\/image\/"},"sameAs":["https:\/\/www.facebook.com\/niceavocats.fr\/"]}]}},"_links":{"self":[{"href":"https:\/\/gregorydamy.niceavocats.fr\/en\/wp-json\/wp\/v2\/product\/11770","targetHints":{"allow":["GET"]}}],"collection":[{"href":"https:\/\/gregorydamy.niceavocats.fr\/en\/wp-json\/wp\/v2\/product"}],"about":[{"href":"https:\/\/gregorydamy.niceavocats.fr\/en\/wp-json\/wp\/v2\/types\/product"}],"replies":[{"embeddable":true,"href":"https:\/\/gregorydamy.niceavocats.fr\/en\/wp-json\/wp\/v2\/comments?post=11770"}],"wp:featuredmedia":[{"embeddable":true,"href":"https:\/\/gregorydamy.niceavocats.fr\/en\/wp-json\/wp\/v2\/media\/17017"}],"wp:attachment":[{"href":"https:\/\/gregorydamy.niceavocats.fr\/en\/wp-json\/wp\/v2\/media?parent=11770"}],"wp:term":[{"taxonomy":"product_brand","embeddable":true,"href":"https:\/\/gregorydamy.niceavocats.fr\/en\/wp-json\/wp\/v2\/product_brand?post=11770"},{"taxonomy":"product_cat","embeddable":true,"href":"https:\/\/gregorydamy.niceavocats.fr\/en\/wp-json\/wp\/v2\/product_cat?post=11770"},{"taxonomy":"product_tag","embeddable":true,"href":"https:\/\/gregorydamy.niceavocats.fr\/en\/wp-json\/wp\/v2\/product_tag?post=11770"}],"curies":[{"name":"wp","href":"https:\/\/api.w.org\/{rel}","templated":true}]}}