{"id":16795,"date":"2023-01-10T15:19:50","date_gmt":"2023-01-10T15:19:50","guid":{"rendered":"https:\/\/gregorydamy.niceavocats.fr\/?page_id=16795"},"modified":"2023-04-28T16:09:25","modified_gmt":"2023-04-28T16:09:25","slug":"civil-2","status":"publish","type":"page","link":"https:\/\/gregorydamy.niceavocats.fr\/en\/civil-2\/","title":{"rendered":"Civil"},"content":{"rendered":"<p>[et_pb_section fb_built=&#8221;1&#8243; custom_padding_last_edited=&#8221;on|phone&#8221; _builder_version=&#8221;4.20.2&#8243; background_color=&#8221;#FFFFFF&#8221; background_enable_image=&#8221;off&#8221; custom_padding=&#8221;40px||31px||false|false&#8221; custom_padding_tablet=&#8221;150px||||false|false&#8221; custom_padding_phone=&#8221;125px||||false|false&#8221; box_shadow_style=&#8221;preset3&#8243; global_colors_info=&#8221;{}&#8221;][et_pb_row _builder_version=&#8221;4.16&#8243; global_colors_info=&#8221;{}&#8221;][et_pb_column type=&#8221;4_4&#8243; _builder_version=&#8221;4.16&#8243; global_colors_info=&#8221;{}&#8221;][et_pb_text _builder_version=&#8221;4.20.2&#8243; header_3_text_color=&#8221;#d5aa6d&#8221; text_orientation=&#8221;center&#8221; custom_margin=&#8221;||0px||false|false&#8221; hover_enabled=&#8221;0&#8243; global_colors_info=&#8221;{}&#8221; sticky_enabled=&#8221;0&#8243;]<\/p>\n<h3>A competence<\/h3>\n<p>[\/et_pb_text][et_pb_text _builder_version=&#8221;4.20.2&#8243; text_orientation=&#8221;center&#8221; background_layout=&#8221;dark&#8221; hover_enabled=&#8221;0&#8243; global_colors_info=&#8221;{}&#8221; sticky_enabled=&#8221;0&#8243;]<\/p>\n<h1><span style=\"color: #333333;\">Civil Lawyer in Nice<\/span><\/h1>\n<p>[\/et_pb_text][\/et_pb_column][\/et_pb_row][\/et_pb_section][et_pb_section fb_built=&#8221;1&#8243; _builder_version=&#8221;4.20.2&#8243; background_enable_color=&#8221;off&#8221; background_enable_image=&#8221;off&#8221; locked=&#8221;off&#8221; global_colors_info=&#8221;{}&#8221;][et_pb_row custom_padding_last_edited=&#8221;on|desktop&#8221; _builder_version=&#8221;4.20.2&#8243; background_color=&#8221;#bfcdd9&#8243; custom_padding=&#8221;|225px||225px|false|true&#8221; custom_padding_tablet=&#8221;|0px||0px|false|true&#8221; custom_padding_phone=&#8221;&#8221; box_shadow_style=&#8221;preset2&#8243; global_colors_info=&#8221;{}&#8221;][et_pb_column type=&#8221;4_4&#8243; _builder_version=&#8221;4.16&#8243; global_colors_info=&#8221;{}&#8221;][et_pb_text _builder_version=&#8221;4.20.2&#8243; text_orientation=&#8221;center&#8221; hover_enabled=&#8221;0&#8243; global_colors_info=&#8221;{}&#8221; sticky_enabled=&#8221;0&#8243;]<\/p>\n<h2><span style=\"color: #ffffff;\">Civilian<\/span><\/h2>\n<p>[\/et_pb_text][et_pb_divider _builder_version=&#8221;4.16&#8243; width=&#8221;50%&#8221; module_alignment=&#8221;center&#8221; custom_margin=&#8221;||0px||false|false&#8221; global_colors_info=&#8221;{}&#8221;][\/et_pb_divider][et_pb_text _builder_version=&#8221;4.20.2&#8243; text_orientation=&#8221;center&#8221; hover_enabled=&#8221;0&#8243; global_colors_info=&#8221;{}&#8221; sticky_enabled=&#8221;0&#8243;]<\/p>\n<p style=\"text-align: center;\"><span style=\"color: #ffffff;\">Gr\u00e9gory DAMY&#8217;s expertise in family and personal matters extends to every stage of a person&#8217;s life and covers both advice and litigation.<\/span><\/p>\n<p>[\/et_pb_text][\/et_pb_column][\/et_pb_row][et_pb_row _builder_version=&#8221;4.20.2&#8243; background_color=&#8221;#262626&#8243; box_shadow_style=&#8221;preset2&#8243; global_colors_info=&#8221;{}&#8221;][et_pb_column type=&#8221;4_4&#8243; _builder_version=&#8221;4.16&#8243; global_colors_info=&#8221;{}&#8221;][et_pb_blurb title=&#8221;In Summary&#8221; image=&#8221;https:\/\/gregorydamy.niceavocats.fr\/wp-content\/uploads\/2023\/04\/gt-partners-case-study-4.jpg&#8221; content_tablet=&#8221;<\/p>\n<p style=%22text-align: justify;%22><span style=%22color: #ffffff;%22>Ma\u00eetre DAMY propose son accompagnement dans de multiples domaines r\u00e9gis par le droit civil, notamment :<\/span><\/p>\n<p style=%22text-align: justify;%22><span style=%22color: #ffffff;%22> <\/span><\/p>\n<ul style=%22text-align: justify;%22>\n<li><span style=%22color: #ffffff;%22>La r\u00e9daction d\u2019un <strong>PACS<\/strong> afin de garantir au mieux vos int\u00e9r\u00eats,<\/span><\/li>\n<li><span style=%22color: #ffffff;%22>Les <strong>divorces<\/strong> sous toutes ses formes. Ma\u00eetre DAMY peut, depuis f\u00e9vrier 2017, r\u00e9gler un divorce par consentement mutuel, sans passer devant un juge, en 3 semaines,<\/span><\/li>\n<li><span style=%22color: #ffffff;%22>R\u00e8glement des <strong>droits de visite et d\u2019h\u00e9bergement<\/strong>, de <strong>l\u2019autorit\u00e9<\/strong> <strong>parentale<\/strong> toujours en respectant l\u2019int\u00e9r\u00eat de l\u2019enfant,<\/span><\/li>\n<li><span style=%22color: #ffffff;%22>Les <strong>successions<\/strong>, par exemple lorsque les h\u00e9ritiers ne parviennent pas \u00e0 trouver un accord entre eux,<\/span><\/li>\n<li><span style=%22color: #ffffff;%22>R\u00e9gler des probl\u00e8mes li\u00e9s au <strong>voisinage<\/strong>,<\/span><\/li>\n<li><span style=%22color: #ffffff;%22>Plus largement prot\u00e9ger vos droits concernant la non-conformit\u00e9 de certains produits.<\/span><\/li>\n<\/ul>\n<p style=%22text-align: justify;%22><span style=%22color: #ffffff;%22> <\/span><\/p>\n<p style=%22text-align: justify;%22><span style=%22color: #ffffff;%22>La comp\u00e9tence de Ma\u00eetre DAMY en <strong>droit<\/strong> <strong>patrimonial<\/strong> des personnes s\u2019appuie sur sa technicit\u00e9 et son exp\u00e9rience acquise depuis plus de 17 ans. Le droit de la famille est complexe. Dans les situations de conflit av\u00e9r\u00e9, Ma\u00eetre Gr\u00e9gory DAMY saura vous donner des conseils avis\u00e9s pour vous permettre de sortir rapidement de l\u2019impasse.<\/span><\/p>\n<p>&#8221; content_phone=&#8221;<\/p>\n<p style=%22text-align: center;%22><span style=%22color: #ffffff;%22>Ma\u00eetre DAMY propose son accompagnement dans de multiples domaines r\u00e9gis par le droit civil, notamment :<\/span><\/p>\n<p style=%22text-align: center;%22><span style=%22color: #ffffff;%22> <\/span><\/p>\n<ul style=%22text-align: center;%22>\n<li><span style=%22color: #ffffff;%22>La r\u00e9daction d\u2019un <strong>PACS<\/strong> afin de garantir au mieux vos int\u00e9r\u00eats,<\/span><\/li>\n<li><span style=%22color: #ffffff;%22>Les <strong>divorces<\/strong> sous toutes ses formes. Ma\u00eetre DAMY peut, depuis f\u00e9vrier 2017, r\u00e9gler un divorce par consentement mutuel, sans passer devant un juge, en 3 semaines,<\/span><\/li>\n<li><span style=%22color: #ffffff;%22>R\u00e8glement des <strong>droits de visite et d\u2019h\u00e9bergement<\/strong>, de <strong>l\u2019autorit\u00e9<\/strong> <strong>parentale<\/strong> toujours en respectant l\u2019int\u00e9r\u00eat de l\u2019enfant,<\/span><\/li>\n<li><span style=%22color: #ffffff;%22>Les <strong>successions<\/strong>, par exemple lorsque les h\u00e9ritiers ne parviennent pas \u00e0 trouver un accord entre eux,<\/span><\/li>\n<li><span style=%22color: #ffffff;%22>R\u00e9gler des probl\u00e8mes li\u00e9s au <strong>voisinage<\/strong>,<\/span><\/li>\n<li><span style=%22color: #ffffff;%22>Plus largement prot\u00e9ger vos droits concernant la non-conformit\u00e9 de certains produits.<\/span><\/li>\n<\/ul>\n<p style=%22text-align: center;%22><span style=%22color: #ffffff;%22> <\/span><\/p>\n<p style=%22text-align: center;%22><span style=%22color: #ffffff;%22>La comp\u00e9tence de Ma\u00eetre DAMY en <strong>droit<\/strong> <strong>patrimonial<\/strong> des personnes s\u2019appuie sur sa technicit\u00e9 et son exp\u00e9rience acquise depuis plus de 17 ans. Le droit de la famille est complexe. Dans les situations de conflit av\u00e9r\u00e9, Ma\u00eetre Gr\u00e9gory DAMY saura vous donner des conseils avis\u00e9s pour vous permettre de sortir rapidement de l\u2019impasse.<\/span><\/p>\n<p>&#8221; content_last_edited=&#8221;on|phone&#8221; module_class=&#8221;gt_service_style2&#8243; _builder_version=&#8221;4.20.2&#8243; header_level=&#8221;h3&#8243; header_text_color=&#8221;#d5aa6d&#8221; transform_translate_linked__hover=&#8221;off&#8221; text_orientation=&#8221;center&#8221; hover_enabled=&#8221;0&#8243; box_shadow_style_image=&#8221;preset2&#8243; global_colors_info=&#8221;{}&#8221; transform_styles__hover_enabled=&#8221;on|hover&#8221; transform_scale__hover_enabled=&#8221;on|desktop&#8221; transform_translate__hover_enabled=&#8221;on|hover&#8221; transform_rotate__hover_enabled=&#8221;on|desktop&#8221; transform_skew__hover_enabled=&#8221;on|desktop&#8221; transform_origin__hover_enabled=&#8221;on|desktop&#8221; transform_translate__hover=&#8221;0px|-5px&#8221; sticky_enabled=&#8221;0&#8243;]<\/p>\n<p style=\"text-align: justify;\"><span style=\"color: #ffffff;\">Ma\u00eetre DAMY offers assistance in many areas governed by civil law, including<\/span><\/p>\n<p style=\"text-align: justify;\">\n<p style=\"text-align: justify;\"><span style=\"color: #ffffff;\">The drafting of a PACS in order to guarantee your best interests,<\/span><br \/><span style=\"color: #ffffff;\">Divorce in all its forms. Ma\u00eetre DAMY can, since February 2017, settle a divorce by mutual consent, without going before a judge, in 3 weeks,<\/span><br \/><span style=\"color: #ffffff;\">Settlement of visiting and accommodation rights, of parental authority, always respecting the interests of the child,<\/span><br \/><span style=\"color: #ffffff;\">Inheritance, for example when the heirs do not manage to reach an agreement between themselves,<\/span><br \/><span style=\"color: #ffffff;\">Settling problems related to the neighbourhood,<\/span><br \/><span style=\"color: #ffffff;\">More broadly, protecting your rights concerning the non-conformity of certain products.<\/span><\/p>\n<p style=\"text-align: justify;\">\n<p style=\"text-align: justify;\"><span style=\"color: #ffffff;\">Ma\u00eetre DAMY&#8217;s competence in personal property law is based on her technical skills and experience acquired over more than 17 years. Family law is complex. In situations of conflict, Gr\u00e9gory DAMY will give you sound advice to help you quickly get out of the impasse.<\/span><\/p>\n<p>[\/et_pb_blurb][\/et_pb_column][\/et_pb_row][\/et_pb_section]<\/p>\n","protected":false},"excerpt":{"rendered":"<p>A competenceCivil Lawyer in NiceCivilianGr\u00e9gory DAMY&#8217;s expertise in family and personal matters extends to every stage of a person&#8217;s life and covers both advice and litigation.Ma\u00eetre DAMY offers assistance in many areas governed by civil law, including The drafting of a PACS in order to guarantee your best interests,Divorce in all its forms. Ma\u00eetre DAMY [&hellip;]<\/p>\n","protected":false},"author":2,"featured_media":0,"parent":0,"menu_order":0,"comment_status":"closed","ping_status":"closed","template":"","meta":{"_et_pb_use_builder":"on","_et_pb_old_content":"","_et_gb_content_width":"","footnotes":""},"class_list":["post-16795","page","type-page","status-publish","hentry"],"yoast_head":"<!-- This site is optimized with the Yoast SEO plugin v26.8 - https:\/\/yoast.com\/product\/yoast-seo-wordpress\/ -->\n<title>Civil - Soci\u00e9t\u00e9 d&#039;avocats Damy<\/title>\n<meta name=\"robots\" content=\"index, follow, max-snippet:-1, max-image-preview:large, max-video-preview:-1\" \/>\n<link rel=\"canonical\" href=\"https:\/\/gregorydamy.niceavocats.fr\/en\/civil-2\/\" \/>\n<meta property=\"og:locale\" content=\"en_US\" \/>\n<meta property=\"og:type\" content=\"article\" \/>\n<meta property=\"og:title\" content=\"Civil - Soci\u00e9t\u00e9 d&#039;avocats Damy\" \/>\n<meta property=\"og:description\" content=\"A competenceCivil Lawyer in NiceCivilianGr\u00e9gory DAMY&#039;s expertise in family and personal matters extends to every stage of a person&#039;s life and covers both advice and litigation.Ma\u00eetre DAMY offers assistance in many areas governed by civil law, including The drafting of a PACS in order to guarantee your best interests,Divorce in all its forms. Ma\u00eetre DAMY [&hellip;]\" \/>\n<meta property=\"og:url\" content=\"https:\/\/gregorydamy.niceavocats.fr\/en\/civil-2\/\" \/>\n<meta property=\"og:site_name\" content=\"Soci\u00e9t\u00e9 d&#039;avocats Damy\" \/>\n<meta property=\"article:publisher\" content=\"https:\/\/www.facebook.com\/niceavocats.fr\/\" \/>\n<meta property=\"article:modified_time\" content=\"2023-04-28T16:09:25+00:00\" \/>\n<meta name=\"twitter:card\" content=\"summary_large_image\" \/>\n<script type=\"application\/ld+json\" class=\"yoast-schema-graph\">{\"@context\":\"https:\/\/schema.org\",\"@graph\":[{\"@type\":\"WebPage\",\"@id\":\"https:\/\/gregorydamy.niceavocats.fr\/en\/civil-2\/\",\"url\":\"https:\/\/gregorydamy.niceavocats.fr\/en\/civil-2\/\",\"name\":\"Civil - Soci\u00e9t\u00e9 d&#039;avocats Damy\",\"isPartOf\":{\"@id\":\"https:\/\/gregorydamy.niceavocats.fr\/en\/#website\"},\"datePublished\":\"2023-01-10T15:19:50+00:00\",\"dateModified\":\"2023-04-28T16:09:25+00:00\",\"breadcrumb\":{\"@id\":\"https:\/\/gregorydamy.niceavocats.fr\/en\/civil-2\/#breadcrumb\"},\"inLanguage\":\"en-US\",\"potentialAction\":[{\"@type\":\"ReadAction\",\"target\":[\"https:\/\/gregorydamy.niceavocats.fr\/en\/civil-2\/\"]}]},{\"@type\":\"BreadcrumbList\",\"@id\":\"https:\/\/gregorydamy.niceavocats.fr\/en\/civil-2\/#breadcrumb\",\"itemListElement\":[{\"@type\":\"ListItem\",\"position\":1,\"name\":\"Accueil\",\"item\":\"https:\/\/gregorydamy.niceavocats.fr\/en\/\"},{\"@type\":\"ListItem\",\"position\":2,\"name\":\"Civil\"}]},{\"@type\":\"WebSite\",\"@id\":\"https:\/\/gregorydamy.niceavocats.fr\/en\/#website\",\"url\":\"https:\/\/gregorydamy.niceavocats.fr\/en\/\",\"name\":\"Soci\u00e9t\u00e9 d&#039;avocats Damy\",\"description\":\"Justice - Confiance - Efficacit\u00e9\",\"publisher\":{\"@id\":\"https:\/\/gregorydamy.niceavocats.fr\/en\/#organization\"},\"potentialAction\":[{\"@type\":\"SearchAction\",\"target\":{\"@type\":\"EntryPoint\",\"urlTemplate\":\"https:\/\/gregorydamy.niceavocats.fr\/en\/?s={search_term_string}\"},\"query-input\":{\"@type\":\"PropertyValueSpecification\",\"valueRequired\":true,\"valueName\":\"search_term_string\"}}],\"inLanguage\":\"en-US\"},{\"@type\":\"Organization\",\"@id\":\"https:\/\/gregorydamy.niceavocats.fr\/en\/#organization\",\"name\":\"Soci\u00e9t\u00e9 d'Avocats DAMY\",\"alternateName\":\"Gr\u00e9gory DAMY\",\"url\":\"https:\/\/gregorydamy.niceavocats.fr\/en\/\",\"logo\":{\"@type\":\"ImageObject\",\"inLanguage\":\"en-US\",\"@id\":\"https:\/\/gregorydamy.niceavocats.fr\/en\/#\/schema\/logo\/image\/\",\"url\":\"https:\/\/gregorydamy.niceavocats.fr\/wp-content\/uploads\/2023\/04\/damylogo-1.png\",\"contentUrl\":\"https:\/\/gregorydamy.niceavocats.fr\/wp-content\/uploads\/2023\/04\/damylogo-1.png\",\"width\":1890,\"height\":1417,\"caption\":\"Soci\u00e9t\u00e9 d'Avocats DAMY\"},\"image\":{\"@id\":\"https:\/\/gregorydamy.niceavocats.fr\/en\/#\/schema\/logo\/image\/\"},\"sameAs\":[\"https:\/\/www.facebook.com\/niceavocats.fr\/\"]}]}<\/script>\n<!-- \/ Yoast SEO plugin. -->","yoast_head_json":{"title":"Civil - Soci\u00e9t\u00e9 d&#039;avocats Damy","robots":{"index":"index","follow":"follow","max-snippet":"max-snippet:-1","max-image-preview":"max-image-preview:large","max-video-preview":"max-video-preview:-1"},"canonical":"https:\/\/gregorydamy.niceavocats.fr\/en\/civil-2\/","og_locale":"en_US","og_type":"article","og_title":"Civil - Soci\u00e9t\u00e9 d&#039;avocats Damy","og_description":"A competenceCivil Lawyer in NiceCivilianGr\u00e9gory DAMY's expertise in family and personal matters extends to every stage of a person's life and covers both advice and litigation.Ma\u00eetre DAMY offers assistance in many areas governed by civil law, including The drafting of a PACS in order to guarantee your best interests,Divorce in all its forms. Ma\u00eetre DAMY [&hellip;]","og_url":"https:\/\/gregorydamy.niceavocats.fr\/en\/civil-2\/","og_site_name":"Soci\u00e9t\u00e9 d&#039;avocats Damy","article_publisher":"https:\/\/www.facebook.com\/niceavocats.fr\/","article_modified_time":"2023-04-28T16:09:25+00:00","twitter_card":"summary_large_image","schema":{"@context":"https:\/\/schema.org","@graph":[{"@type":"WebPage","@id":"https:\/\/gregorydamy.niceavocats.fr\/en\/civil-2\/","url":"https:\/\/gregorydamy.niceavocats.fr\/en\/civil-2\/","name":"Civil - Soci\u00e9t\u00e9 d&#039;avocats Damy","isPartOf":{"@id":"https:\/\/gregorydamy.niceavocats.fr\/en\/#website"},"datePublished":"2023-01-10T15:19:50+00:00","dateModified":"2023-04-28T16:09:25+00:00","breadcrumb":{"@id":"https:\/\/gregorydamy.niceavocats.fr\/en\/civil-2\/#breadcrumb"},"inLanguage":"en-US","potentialAction":[{"@type":"ReadAction","target":["https:\/\/gregorydamy.niceavocats.fr\/en\/civil-2\/"]}]},{"@type":"BreadcrumbList","@id":"https:\/\/gregorydamy.niceavocats.fr\/en\/civil-2\/#breadcrumb","itemListElement":[{"@type":"ListItem","position":1,"name":"Accueil","item":"https:\/\/gregorydamy.niceavocats.fr\/en\/"},{"@type":"ListItem","position":2,"name":"Civil"}]},{"@type":"WebSite","@id":"https:\/\/gregorydamy.niceavocats.fr\/en\/#website","url":"https:\/\/gregorydamy.niceavocats.fr\/en\/","name":"Soci\u00e9t\u00e9 d&#039;avocats Damy","description":"Justice - Confiance - Efficacit\u00e9","publisher":{"@id":"https:\/\/gregorydamy.niceavocats.fr\/en\/#organization"},"potentialAction":[{"@type":"SearchAction","target":{"@type":"EntryPoint","urlTemplate":"https:\/\/gregorydamy.niceavocats.fr\/en\/?s={search_term_string}"},"query-input":{"@type":"PropertyValueSpecification","valueRequired":true,"valueName":"search_term_string"}}],"inLanguage":"en-US"},{"@type":"Organization","@id":"https:\/\/gregorydamy.niceavocats.fr\/en\/#organization","name":"Soci\u00e9t\u00e9 d'Avocats DAMY","alternateName":"Gr\u00e9gory DAMY","url":"https:\/\/gregorydamy.niceavocats.fr\/en\/","logo":{"@type":"ImageObject","inLanguage":"en-US","@id":"https:\/\/gregorydamy.niceavocats.fr\/en\/#\/schema\/logo\/image\/","url":"https:\/\/gregorydamy.niceavocats.fr\/wp-content\/uploads\/2023\/04\/damylogo-1.png","contentUrl":"https:\/\/gregorydamy.niceavocats.fr\/wp-content\/uploads\/2023\/04\/damylogo-1.png","width":1890,"height":1417,"caption":"Soci\u00e9t\u00e9 d'Avocats DAMY"},"image":{"@id":"https:\/\/gregorydamy.niceavocats.fr\/en\/#\/schema\/logo\/image\/"},"sameAs":["https:\/\/www.facebook.com\/niceavocats.fr\/"]}]}},"_links":{"self":[{"href":"https:\/\/gregorydamy.niceavocats.fr\/en\/wp-json\/wp\/v2\/pages\/16795","targetHints":{"allow":["GET"]}}],"collection":[{"href":"https:\/\/gregorydamy.niceavocats.fr\/en\/wp-json\/wp\/v2\/pages"}],"about":[{"href":"https:\/\/gregorydamy.niceavocats.fr\/en\/wp-json\/wp\/v2\/types\/page"}],"author":[{"embeddable":true,"href":"https:\/\/gregorydamy.niceavocats.fr\/en\/wp-json\/wp\/v2\/users\/2"}],"replies":[{"embeddable":true,"href":"https:\/\/gregorydamy.niceavocats.fr\/en\/wp-json\/wp\/v2\/comments?post=16795"}],"version-history":[{"count":0,"href":"https:\/\/gregorydamy.niceavocats.fr\/en\/wp-json\/wp\/v2\/pages\/16795\/revisions"}],"wp:attachment":[{"href":"https:\/\/gregorydamy.niceavocats.fr\/en\/wp-json\/wp\/v2\/media?parent=16795"}],"curies":[{"name":"wp","href":"https:\/\/api.w.org\/{rel}","templated":true}]}}