{"id":16777,"date":"2023-01-10T07:19:42","date_gmt":"2023-01-10T07:19:42","guid":{"rendered":"https:\/\/gregorydamy.niceavocats.fr\/?page_id=16777"},"modified":"2023-05-12T16:09:16","modified_gmt":"2023-05-12T16:09:16","slug":"our-areas-of-activity","status":"publish","type":"page","link":"https:\/\/gregorydamy.niceavocats.fr\/en\/our-areas-of-activity\/","title":{"rendered":"Our areas of activity"},"content":{"rendered":"<p>[et_pb_section fb_built=&#8221;1&#8243; custom_padding_last_edited=&#8221;on|phone&#8221; _builder_version=&#8221;4.20.2&#8243; background_enable_image=&#8221;off&#8221; parallax=&#8221;on&#8221; custom_padding=&#8221;73px||||false|false&#8221; custom_padding_tablet=&#8221;150px||||false|false&#8221; custom_padding_phone=&#8221;125px||||false|false&#8221; box_shadow_style=&#8221;preset3&#8243; global_colors_info=&#8221;{}&#8221;][et_pb_row _builder_version=&#8221;4.16&#8243; global_colors_info=&#8221;{}&#8221;][et_pb_column type=&#8221;4_4&#8243; _builder_version=&#8221;4.16&#8243; global_colors_info=&#8221;{}&#8221;][et_pb_text _builder_version=&#8221;4.20.2&#8243; header_3_text_color=&#8221;#d5aa6d&#8221; text_orientation=&#8221;center&#8221; custom_margin=&#8221;||0px||false|false&#8221; global_colors_info=&#8221;{}&#8221;]<\/p>\n<h3>What we do<\/h3>\n<p>[\/et_pb_text][et_pb_text _builder_version=&#8221;4.20.2&#8243; text_orientation=&#8221;center&#8221; background_layout=&#8221;dark&#8221; global_colors_info=&#8221;{}&#8221;]<\/p>\n<h1><span style=\"color: #333333;\">Our areas of activity<\/span><\/h1>\n<p>[\/et_pb_text][et_pb_text _builder_version=&#8221;4.20.2&#8243; _module_preset=&#8221;default&#8221; global_colors_info=&#8221;{}&#8221;]<\/p>\n<p style=\"text-align: center;\">The law firm operates in various fields of law because each lawyer has his own expertise.<\/p>\n<p>[\/et_pb_text][\/et_pb_column][\/et_pb_row][\/et_pb_section][et_pb_section fb_built=&#8221;1&#8243; _builder_version=&#8221;4.16&#8243; locked=&#8221;off&#8221; global_colors_info=&#8221;{}&#8221;][et_pb_row custom_padding_last_edited=&#8221;on|desktop&#8221; _builder_version=&#8221;4.16&#8243; custom_padding=&#8221;|225px||225px|false|true&#8221; custom_padding_tablet=&#8221;|0px||0px|false|true&#8221; custom_padding_phone=&#8221;&#8221; global_colors_info=&#8221;{}&#8221;][et_pb_column type=&#8221;4_4&#8243; _builder_version=&#8221;4.16&#8243; global_colors_info=&#8221;{}&#8221;][et_pb_text _builder_version=&#8221;4.20.2&#8243; header_4_text_color=&#8221;#d5aa6d&#8221; text_orientation=&#8221;center&#8221; custom_margin=&#8221;||0px||false|false&#8221; global_colors_info=&#8221;{}&#8221;]<\/p>\n<h4>Our areas of activity<\/h4>\n<p>[\/et_pb_text][et_pb_text _builder_version=&#8221;4.20.2&#8243; text_orientation=&#8221;center&#8221; global_colors_info=&#8221;{}&#8221;]<\/p>\n<h2>Practices and specialities<\/h2>\n<p>[\/et_pb_text][et_pb_divider _builder_version=&#8221;4.16&#8243; width=&#8221;50%&#8221; module_alignment=&#8221;center&#8221; custom_margin=&#8221;||0px||false|false&#8221; global_colors_info=&#8221;{}&#8221;][\/et_pb_divider][et_pb_text _builder_version=&#8221;4.20.2&#8243; text_orientation=&#8221;center&#8221; global_colors_info=&#8221;{}&#8221;]<\/p>\n<p>The law firm intervenes in various fields of law because each lawyer has his own expertise.<\/p>\n<p>[\/et_pb_text][\/et_pb_column][\/et_pb_row][et_pb_row column_structure=&#8221;1_3,1_3,1_3&#8243; custom_padding_last_edited=&#8221;on|tablet&#8221; _builder_version=&#8221;4.16&#8243; custom_padding_tablet=&#8221;||0px||false|false&#8221; custom_padding_phone=&#8221;&#8221; global_colors_info=&#8221;{}&#8221;][et_pb_column type=&#8221;1_3&#8243; _builder_version=&#8221;4.16&#8243; global_colors_info=&#8221;{}&#8221;][et_pb_blurb title=&#8221;Labour Law&#8221; url=&#8221;https:\/\/gregorydamy.niceavocats.fr\/en\/social-law\/&#8221; image=&#8221;https:\/\/gregorydamy.niceavocats.fr\/wp-content\/uploads\/2023\/04\/gt-partners-case-study-4.jpg&#8221; module_class=&#8221;gt_service_style2&#8243; _builder_version=&#8221;4.20.2&#8243; header_level=&#8221;h3&#8243; header_text_color=&#8221;#d5aa6d&#8221; transform_translate_linked__hover=&#8221;off&#8221; text_orientation=&#8221;center&#8221; link_option_url=&#8221;\/service-detail\/&#8221; box_shadow_style_image=&#8221;preset2&#8243; global_colors_info=&#8221;{}&#8221; transform_styles__hover_enabled=&#8221;on|hover&#8221; transform_scale__hover_enabled=&#8221;on|desktop&#8221; transform_translate__hover_enabled=&#8221;on|hover&#8221; transform_rotate__hover_enabled=&#8221;on|desktop&#8221; transform_skew__hover_enabled=&#8221;on|desktop&#8221; transform_origin__hover_enabled=&#8221;on|desktop&#8221; transform_translate__hover=&#8221;0px|-5px&#8221;]<\/p>\n<p style=\"text-align: justify;\">Drafting or proofreading of employment contracts, negotiation and handling of contractual terminations, dismissal procedures, calculation of compensation, resignation letters, harassment, unpaid overtime, etc. We act both as plaintiffs and defendants<\/p>\n<p>[\/et_pb_blurb][\/et_pb_column][et_pb_column type=&#8221;1_3&#8243; _builder_version=&#8221;4.16&#8243; global_colors_info=&#8221;{}&#8221;][et_pb_blurb title=&#8221;Company law&#8221; url=&#8221;https:\/\/gregorydamy.niceavocats.fr\/en\/business\/&#8221; image=&#8221;https:\/\/gregorydamy.niceavocats.fr\/wp-content\/uploads\/2023\/04\/gt-partners-case-study-5.jpg&#8221; module_class=&#8221;gt_service_style2&#8243; _builder_version=&#8221;4.20.2&#8243; header_level=&#8221;h3&#8243; header_text_color=&#8221;#d5aa6d&#8221; transform_translate_linked__hover=&#8221;off&#8221; text_orientation=&#8221;center&#8221; link_option_url=&#8221;\/service-detail\/&#8221; box_shadow_style_image=&#8221;preset2&#8243; global_colors_info=&#8221;{}&#8221; transform_styles__hover_enabled=&#8221;on|hover&#8221; transform_scale__hover_enabled=&#8221;on|desktop&#8221; transform_translate__hover_enabled=&#8221;on|hover&#8221; transform_rotate__hover_enabled=&#8221;on|desktop&#8221; transform_skew__hover_enabled=&#8221;on|desktop&#8221; transform_origin__hover_enabled=&#8221;on|desktop&#8221; transform_translate__hover=&#8221;0px|-5px&#8221;]<\/p>\n<p style=\"text-align: justify;\">SA, SARL, SAS, SNC, SCI, debt collection, contracts, in particular transfers of company shares, amendments to articles of association, general meetings, drafting of minutes, transfers of businesses, transfers of leasehold rights, creation, acquisition of companies, etc.<\/p>\n<p>[\/et_pb_blurb][\/et_pb_column][et_pb_column type=&#8221;1_3&#8243; _builder_version=&#8221;4.16&#8243; global_colors_info=&#8221;{}&#8221;][et_pb_blurb title=&#8221;Victims&#8217; rights&#8221; url=&#8221;https:\/\/gregorydamy.niceavocats.fr\/en\/victims-rights\/&#8221; image=&#8221;https:\/\/gregorydamy.niceavocats.fr\/wp-content\/uploads\/2023\/04\/gt-partners-background-4.jpg&#8221; module_class=&#8221;gt_service_style2&#8243; _builder_version=&#8221;4.20.2&#8243; header_level=&#8221;h3&#8243; header_text_color=&#8221;#d5aa6d&#8221; transform_translate_linked__hover=&#8221;off&#8221; text_orientation=&#8221;center&#8221; link_option_url=&#8221;\/service-detail\/&#8221; box_shadow_style_image=&#8221;preset2&#8243; global_colors_info=&#8221;{}&#8221; transform_styles__hover_enabled=&#8221;on|hover&#8221; transform_scale__hover_enabled=&#8221;on|desktop&#8221; transform_translate__hover_enabled=&#8221;on|hover&#8221; transform_rotate__hover_enabled=&#8221;on|desktop&#8221; transform_skew__hover_enabled=&#8221;on|desktop&#8221; transform_origin__hover_enabled=&#8221;on|desktop&#8221; transform_translate__hover=&#8221;0px|-5px&#8221;]<\/p>\n<p style=\"text-align: justify;\">We defend all victims, including in cases of criminal offences.<\/p>\n<p>[\/et_pb_blurb][\/et_pb_column][\/et_pb_row][et_pb_row column_structure=&#8221;1_3,1_3,1_3&#8243; _builder_version=&#8221;4.16&#8243; global_colors_info=&#8221;{}&#8221;][et_pb_column type=&#8221;1_3&#8243; _builder_version=&#8221;4.16&#8243; global_colors_info=&#8221;{}&#8221;][et_pb_blurb title=&#8221;Wealth Management \/ Real Estate&#8221; url=&#8221;https:\/\/gregorydamy.niceavocats.fr\/en\/civil-2\/&#8221; image=&#8221;https:\/\/gregorydamy.niceavocats.fr\/wp-content\/uploads\/2023\/04\/gt-partners-case-study-7.jpg&#8221; module_class=&#8221;gt_service_style2&#8243; _builder_version=&#8221;4.20.2&#8243; header_level=&#8221;h3&#8243; header_text_color=&#8221;#d5aa6d&#8221; transform_translate_linked__hover=&#8221;off&#8221; text_orientation=&#8221;center&#8221; link_option_url=&#8221;\/service-detail\/&#8221; box_shadow_style_image=&#8221;preset2&#8243; global_colors_info=&#8221;{}&#8221; transform_styles__hover_enabled=&#8221;on|hover&#8221; transform_scale__hover_enabled=&#8221;on|desktop&#8221; transform_translate__hover_enabled=&#8221;on|hover&#8221; transform_rotate__hover_enabled=&#8221;on|desktop&#8221; transform_skew__hover_enabled=&#8221;on|desktop&#8221; transform_origin__hover_enabled=&#8221;on|desktop&#8221; transform_translate__hover=&#8221;0px|-5px&#8221;]<\/p>\n<p style=\"text-align: justify;\">Transfer of professional and private assets&#8230;<\/p>\n<p style=\"text-align: justify;\">Sale of real estate as an agent in real estate transactions, assistance with appraisals, valuations, assistance with auctions, real estate litigation, co-ownership litigation&#8230;).<br \/>Do not hesitate to consult our departments specialising in different areas of law.<\/p>\n<p>[\/et_pb_blurb][\/et_pb_column][et_pb_column type=&#8221;1_3&#8243; _builder_version=&#8221;4.16&#8243; global_colors_info=&#8221;{}&#8221;][et_pb_blurb title=&#8221;Banking and Insurance Law&#8221; url=&#8221;https:\/\/gregorydamy.niceavocats.fr\/en\/droit-bancaire\/&#8221; image=&#8221;https:\/\/gregorydamy.niceavocats.fr\/wp-content\/uploads\/2023\/04\/gt-partners-case-study-2.jpg&#8221; module_class=&#8221;gt_service_style2&#8243; _builder_version=&#8221;4.20.2&#8243; header_level=&#8221;h3&#8243; header_text_color=&#8221;#d5aa6d&#8221; transform_translate_linked__hover=&#8221;off&#8221; text_orientation=&#8221;center&#8221; link_option_url=&#8221;\/service-detail\/&#8221; box_shadow_style_image=&#8221;preset2&#8243; global_colors_info=&#8221;{}&#8221; transform_styles__hover_enabled=&#8221;on|hover&#8221; transform_scale__hover_enabled=&#8221;on|desktop&#8221; transform_translate__hover_enabled=&#8221;on|hover&#8221; transform_rotate__hover_enabled=&#8221;on|desktop&#8221; transform_skew__hover_enabled=&#8221;on|desktop&#8221; transform_origin__hover_enabled=&#8221;on|desktop&#8221; transform_translate__hover=&#8221;0px|-5px&#8221;]<\/p>\n<p style=\"text-align: justify;\">Contestations de contrats, contestations du taux effectif global, contestations des propositions d&#8217;indemnisation.<\/p>\n<p>[\/et_pb_blurb][\/et_pb_column][et_pb_column type=&#8221;1_3&#8243; _builder_version=&#8221;4.16&#8243; global_colors_info=&#8221;{}&#8221;][et_pb_blurb title=&#8221;Families \/ Criminal and others&#8221; url=&#8221;https:\/\/gregorydamy.niceavocats.fr\/en\/civil-2\/&#8221; image=&#8221;https:\/\/gregorydamy.niceavocats.fr\/wp-content\/uploads\/2023\/04\/gt-partners-case-study-3.jpg&#8221; module_class=&#8221;gt_service_style2&#8243; _builder_version=&#8221;4.20.2&#8243; header_level=&#8221;h3&#8243; header_text_color=&#8221;#d5aa6d&#8221; transform_translate_linked__hover=&#8221;off&#8221; text_orientation=&#8221;center&#8221; link_option_url=&#8221;\/service-detail\/&#8221; box_shadow_style_image=&#8221;preset2&#8243; global_colors_info=&#8221;{}&#8221; transform_styles__hover_enabled=&#8221;on|hover&#8221; transform_scale__hover_enabled=&#8221;on|desktop&#8221; transform_translate__hover_enabled=&#8221;on|hover&#8221; transform_rotate__hover_enabled=&#8221;on|desktop&#8221; transform_skew__hover_enabled=&#8221;on|desktop&#8221; transform_origin__hover_enabled=&#8221;on|desktop&#8221; transform_translate__hover=&#8221;0px|-5px&#8221;]<\/p>\n<p style=\"text-align: justify;\">Divorce, compensatory allowance, abandonment of domicile, adoption, filiation, change of matrimonial regime, successions, donations&#8230;<\/p>\n<p>[\/et_pb_blurb][\/et_pb_column][\/et_pb_row][\/et_pb_section]<\/p>\n","protected":false},"excerpt":{"rendered":"<p>What we doOur areas of activityThe law firm operates in various fields of law because each lawyer has his own expertise.Our areas of activityPractices and specialitiesThe law firm intervenes in various fields of law because each lawyer has his own expertise.Drafting or proofreading of employment contracts, negotiation and handling of contractual terminations, dismissal procedures, calculation [&hellip;]<\/p>\n","protected":false},"author":2,"featured_media":15676,"parent":0,"menu_order":0,"comment_status":"closed","ping_status":"closed","template":"","meta":{"_et_pb_use_builder":"on","_et_pb_old_content":"","_et_gb_content_width":"","footnotes":""},"class_list":["post-16777","page","type-page","status-publish","has-post-thumbnail","hentry"],"yoast_head":"<!-- This site is optimized with the Yoast SEO plugin v26.8 - https:\/\/yoast.com\/product\/yoast-seo-wordpress\/ -->\n<title>Our areas of activity - Soci\u00e9t\u00e9 d&#039;avocats Damy<\/title>\n<meta name=\"description\" content=\"Drafting or proofreading of employment contracts, negotiation and handling of contractual terminations, for employer and employees.\" \/>\n<meta name=\"robots\" content=\"index, follow, max-snippet:-1, max-image-preview:large, max-video-preview:-1\" \/>\n<link rel=\"canonical\" href=\"https:\/\/gregorydamy.niceavocats.fr\/en\/our-areas-of-activity\/\" \/>\n<meta property=\"og:locale\" content=\"en_US\" \/>\n<meta property=\"og:type\" content=\"article\" \/>\n<meta property=\"og:title\" content=\"Our areas of activity - Soci\u00e9t\u00e9 d&#039;avocats Damy\" \/>\n<meta property=\"og:description\" content=\"Drafting or proofreading of employment contracts, negotiation and handling of contractual terminations, for employer and employees.\" \/>\n<meta property=\"og:url\" content=\"https:\/\/gregorydamy.niceavocats.fr\/en\/our-areas-of-activity\/\" \/>\n<meta property=\"og:site_name\" content=\"Soci\u00e9t\u00e9 d&#039;avocats Damy\" \/>\n<meta property=\"article:publisher\" content=\"https:\/\/www.facebook.com\/niceavocats.fr\/\" \/>\n<meta property=\"article:modified_time\" content=\"2023-05-12T16:09:16+00:00\" \/>\n<meta property=\"og:image\" content=\"https:\/\/gregorydamy.niceavocats.fr\/wp-content\/uploads\/2023\/04\/gt-partners-background-1.jpg\" \/>\n\t<meta property=\"og:image:width\" content=\"1920\" \/>\n\t<meta property=\"og:image:height\" content=\"1280\" \/>\n\t<meta property=\"og:image:type\" content=\"image\/jpeg\" \/>\n<meta name=\"twitter:card\" content=\"summary_large_image\" \/>\n<meta name=\"twitter:label1\" content=\"Est. reading time\" \/>\n\t<meta name=\"twitter:data1\" content=\"2 minutes\" \/>\n<script type=\"application\/ld+json\" class=\"yoast-schema-graph\">{\"@context\":\"https:\/\/schema.org\",\"@graph\":[{\"@type\":\"WebPage\",\"@id\":\"https:\/\/gregorydamy.niceavocats.fr\/en\/our-areas-of-activity\/\",\"url\":\"https:\/\/gregorydamy.niceavocats.fr\/en\/our-areas-of-activity\/\",\"name\":\"Our areas of activity - Soci\u00e9t\u00e9 d&#039;avocats Damy\",\"isPartOf\":{\"@id\":\"https:\/\/gregorydamy.niceavocats.fr\/en\/#website\"},\"primaryImageOfPage\":{\"@id\":\"https:\/\/gregorydamy.niceavocats.fr\/en\/our-areas-of-activity\/#primaryimage\"},\"image\":{\"@id\":\"https:\/\/gregorydamy.niceavocats.fr\/en\/our-areas-of-activity\/#primaryimage\"},\"thumbnailUrl\":\"https:\/\/gregorydamy.niceavocats.fr\/wp-content\/uploads\/2023\/04\/gt-partners-background-1.jpg\",\"datePublished\":\"2023-01-10T07:19:42+00:00\",\"dateModified\":\"2023-05-12T16:09:16+00:00\",\"description\":\"Drafting or proofreading of employment contracts, negotiation and handling of contractual terminations, for employer and employees.\",\"breadcrumb\":{\"@id\":\"https:\/\/gregorydamy.niceavocats.fr\/en\/our-areas-of-activity\/#breadcrumb\"},\"inLanguage\":\"en-US\",\"potentialAction\":[{\"@type\":\"ReadAction\",\"target\":[\"https:\/\/gregorydamy.niceavocats.fr\/en\/our-areas-of-activity\/\"]}]},{\"@type\":\"ImageObject\",\"inLanguage\":\"en-US\",\"@id\":\"https:\/\/gregorydamy.niceavocats.fr\/en\/our-areas-of-activity\/#primaryimage\",\"url\":\"https:\/\/gregorydamy.niceavocats.fr\/wp-content\/uploads\/2023\/04\/gt-partners-background-1.jpg\",\"contentUrl\":\"https:\/\/gregorydamy.niceavocats.fr\/wp-content\/uploads\/2023\/04\/gt-partners-background-1.jpg\",\"width\":1920,\"height\":1280,\"caption\":\"domaines d'activit\u00e9\"},{\"@type\":\"BreadcrumbList\",\"@id\":\"https:\/\/gregorydamy.niceavocats.fr\/en\/our-areas-of-activity\/#breadcrumb\",\"itemListElement\":[{\"@type\":\"ListItem\",\"position\":1,\"name\":\"Accueil\",\"item\":\"https:\/\/gregorydamy.niceavocats.fr\/en\/\"},{\"@type\":\"ListItem\",\"position\":2,\"name\":\"Our areas of activity\"}]},{\"@type\":\"WebSite\",\"@id\":\"https:\/\/gregorydamy.niceavocats.fr\/en\/#website\",\"url\":\"https:\/\/gregorydamy.niceavocats.fr\/en\/\",\"name\":\"Soci\u00e9t\u00e9 d&#039;avocats Damy\",\"description\":\"Justice - Confiance - Efficacit\u00e9\",\"publisher\":{\"@id\":\"https:\/\/gregorydamy.niceavocats.fr\/en\/#organization\"},\"potentialAction\":[{\"@type\":\"SearchAction\",\"target\":{\"@type\":\"EntryPoint\",\"urlTemplate\":\"https:\/\/gregorydamy.niceavocats.fr\/en\/?s={search_term_string}\"},\"query-input\":{\"@type\":\"PropertyValueSpecification\",\"valueRequired\":true,\"valueName\":\"search_term_string\"}}],\"inLanguage\":\"en-US\"},{\"@type\":\"Organization\",\"@id\":\"https:\/\/gregorydamy.niceavocats.fr\/en\/#organization\",\"name\":\"Soci\u00e9t\u00e9 d'Avocats DAMY\",\"alternateName\":\"Gr\u00e9gory DAMY\",\"url\":\"https:\/\/gregorydamy.niceavocats.fr\/en\/\",\"logo\":{\"@type\":\"ImageObject\",\"inLanguage\":\"en-US\",\"@id\":\"https:\/\/gregorydamy.niceavocats.fr\/en\/#\/schema\/logo\/image\/\",\"url\":\"https:\/\/gregorydamy.niceavocats.fr\/wp-content\/uploads\/2023\/04\/damylogo-1.png\",\"contentUrl\":\"https:\/\/gregorydamy.niceavocats.fr\/wp-content\/uploads\/2023\/04\/damylogo-1.png\",\"width\":1890,\"height\":1417,\"caption\":\"Soci\u00e9t\u00e9 d'Avocats DAMY\"},\"image\":{\"@id\":\"https:\/\/gregorydamy.niceavocats.fr\/en\/#\/schema\/logo\/image\/\"},\"sameAs\":[\"https:\/\/www.facebook.com\/niceavocats.fr\/\"]}]}<\/script>\n<!-- \/ Yoast SEO plugin. -->","yoast_head_json":{"title":"Our areas of activity - Soci\u00e9t\u00e9 d&#039;avocats Damy","description":"Drafting or proofreading of employment contracts, negotiation and handling of contractual terminations, for employer and employees.","robots":{"index":"index","follow":"follow","max-snippet":"max-snippet:-1","max-image-preview":"max-image-preview:large","max-video-preview":"max-video-preview:-1"},"canonical":"https:\/\/gregorydamy.niceavocats.fr\/en\/our-areas-of-activity\/","og_locale":"en_US","og_type":"article","og_title":"Our areas of activity - Soci\u00e9t\u00e9 d&#039;avocats Damy","og_description":"Drafting or proofreading of employment contracts, negotiation and handling of contractual terminations, for employer and employees.","og_url":"https:\/\/gregorydamy.niceavocats.fr\/en\/our-areas-of-activity\/","og_site_name":"Soci\u00e9t\u00e9 d&#039;avocats Damy","article_publisher":"https:\/\/www.facebook.com\/niceavocats.fr\/","article_modified_time":"2023-05-12T16:09:16+00:00","og_image":[{"width":1920,"height":1280,"url":"https:\/\/gregorydamy.niceavocats.fr\/wp-content\/uploads\/2023\/04\/gt-partners-background-1.jpg","type":"image\/jpeg"}],"twitter_card":"summary_large_image","twitter_misc":{"Est. reading time":"2 minutes"},"schema":{"@context":"https:\/\/schema.org","@graph":[{"@type":"WebPage","@id":"https:\/\/gregorydamy.niceavocats.fr\/en\/our-areas-of-activity\/","url":"https:\/\/gregorydamy.niceavocats.fr\/en\/our-areas-of-activity\/","name":"Our areas of activity - Soci\u00e9t\u00e9 d&#039;avocats Damy","isPartOf":{"@id":"https:\/\/gregorydamy.niceavocats.fr\/en\/#website"},"primaryImageOfPage":{"@id":"https:\/\/gregorydamy.niceavocats.fr\/en\/our-areas-of-activity\/#primaryimage"},"image":{"@id":"https:\/\/gregorydamy.niceavocats.fr\/en\/our-areas-of-activity\/#primaryimage"},"thumbnailUrl":"https:\/\/gregorydamy.niceavocats.fr\/wp-content\/uploads\/2023\/04\/gt-partners-background-1.jpg","datePublished":"2023-01-10T07:19:42+00:00","dateModified":"2023-05-12T16:09:16+00:00","description":"Drafting or proofreading of employment contracts, negotiation and handling of contractual terminations, for employer and employees.","breadcrumb":{"@id":"https:\/\/gregorydamy.niceavocats.fr\/en\/our-areas-of-activity\/#breadcrumb"},"inLanguage":"en-US","potentialAction":[{"@type":"ReadAction","target":["https:\/\/gregorydamy.niceavocats.fr\/en\/our-areas-of-activity\/"]}]},{"@type":"ImageObject","inLanguage":"en-US","@id":"https:\/\/gregorydamy.niceavocats.fr\/en\/our-areas-of-activity\/#primaryimage","url":"https:\/\/gregorydamy.niceavocats.fr\/wp-content\/uploads\/2023\/04\/gt-partners-background-1.jpg","contentUrl":"https:\/\/gregorydamy.niceavocats.fr\/wp-content\/uploads\/2023\/04\/gt-partners-background-1.jpg","width":1920,"height":1280,"caption":"domaines d'activit\u00e9"},{"@type":"BreadcrumbList","@id":"https:\/\/gregorydamy.niceavocats.fr\/en\/our-areas-of-activity\/#breadcrumb","itemListElement":[{"@type":"ListItem","position":1,"name":"Accueil","item":"https:\/\/gregorydamy.niceavocats.fr\/en\/"},{"@type":"ListItem","position":2,"name":"Our areas of activity"}]},{"@type":"WebSite","@id":"https:\/\/gregorydamy.niceavocats.fr\/en\/#website","url":"https:\/\/gregorydamy.niceavocats.fr\/en\/","name":"Soci\u00e9t\u00e9 d&#039;avocats Damy","description":"Justice - Confiance - Efficacit\u00e9","publisher":{"@id":"https:\/\/gregorydamy.niceavocats.fr\/en\/#organization"},"potentialAction":[{"@type":"SearchAction","target":{"@type":"EntryPoint","urlTemplate":"https:\/\/gregorydamy.niceavocats.fr\/en\/?s={search_term_string}"},"query-input":{"@type":"PropertyValueSpecification","valueRequired":true,"valueName":"search_term_string"}}],"inLanguage":"en-US"},{"@type":"Organization","@id":"https:\/\/gregorydamy.niceavocats.fr\/en\/#organization","name":"Soci\u00e9t\u00e9 d'Avocats DAMY","alternateName":"Gr\u00e9gory DAMY","url":"https:\/\/gregorydamy.niceavocats.fr\/en\/","logo":{"@type":"ImageObject","inLanguage":"en-US","@id":"https:\/\/gregorydamy.niceavocats.fr\/en\/#\/schema\/logo\/image\/","url":"https:\/\/gregorydamy.niceavocats.fr\/wp-content\/uploads\/2023\/04\/damylogo-1.png","contentUrl":"https:\/\/gregorydamy.niceavocats.fr\/wp-content\/uploads\/2023\/04\/damylogo-1.png","width":1890,"height":1417,"caption":"Soci\u00e9t\u00e9 d'Avocats DAMY"},"image":{"@id":"https:\/\/gregorydamy.niceavocats.fr\/en\/#\/schema\/logo\/image\/"},"sameAs":["https:\/\/www.facebook.com\/niceavocats.fr\/"]}]}},"_links":{"self":[{"href":"https:\/\/gregorydamy.niceavocats.fr\/en\/wp-json\/wp\/v2\/pages\/16777","targetHints":{"allow":["GET"]}}],"collection":[{"href":"https:\/\/gregorydamy.niceavocats.fr\/en\/wp-json\/wp\/v2\/pages"}],"about":[{"href":"https:\/\/gregorydamy.niceavocats.fr\/en\/wp-json\/wp\/v2\/types\/page"}],"author":[{"embeddable":true,"href":"https:\/\/gregorydamy.niceavocats.fr\/en\/wp-json\/wp\/v2\/users\/2"}],"replies":[{"embeddable":true,"href":"https:\/\/gregorydamy.niceavocats.fr\/en\/wp-json\/wp\/v2\/comments?post=16777"}],"version-history":[{"count":0,"href":"https:\/\/gregorydamy.niceavocats.fr\/en\/wp-json\/wp\/v2\/pages\/16777\/revisions"}],"wp:featuredmedia":[{"embeddable":true,"href":"https:\/\/gregorydamy.niceavocats.fr\/en\/wp-json\/wp\/v2\/media\/15676"}],"wp:attachment":[{"href":"https:\/\/gregorydamy.niceavocats.fr\/en\/wp-json\/wp\/v2\/media?parent=16777"}],"curies":[{"name":"wp","href":"https:\/\/api.w.org\/{rel}","templated":true}]}}