{"id":16147,"date":"2023-01-10T15:24:21","date_gmt":"2023-01-10T15:24:21","guid":{"rendered":"https:\/\/gregorydamy.niceavocats.fr\/?page_id=16147"},"modified":"2023-06-12T06:24:15","modified_gmt":"2023-06-12T06:24:15","slug":"victims-rights","status":"publish","type":"page","link":"https:\/\/gregorydamy.niceavocats.fr\/en\/victims-rights\/","title":{"rendered":"Victims rights"},"content":{"rendered":"<p>[et_pb_section fb_built=&#8221;1&#8243; custom_padding_last_edited=&#8221;on|phone&#8221; _builder_version=&#8221;4.20.2&#8243; background_enable_image=&#8221;off&#8221; custom_padding=&#8221;97px||||false|false&#8221; custom_padding_tablet=&#8221;150px||||false|false&#8221; custom_padding_phone=&#8221;125px||||false|false&#8221; box_shadow_style=&#8221;preset3&#8243; global_colors_info=&#8221;{}&#8221;][et_pb_row _builder_version=&#8221;4.16&#8243; global_colors_info=&#8221;{}&#8221;][et_pb_column type=&#8221;4_4&#8243; _builder_version=&#8221;4.16&#8243; global_colors_info=&#8221;{}&#8221;][et_pb_text _builder_version=&#8221;4.20.2&#8243; header_3_text_color=&#8221;#d5aa6d&#8221; text_orientation=&#8221;center&#8221; custom_margin=&#8221;||0px||false|false&#8221; global_colors_info=&#8221;{}&#8221;]<\/p>\n<h3>A competence<\/h3>\n<p>[\/et_pb_text][et_pb_text _builder_version=&#8221;4.20.2&#8243; text_orientation=&#8221;center&#8221; background_layout=&#8221;dark&#8221; global_colors_info=&#8221;{}&#8221;]<\/p>\n<h1><span style=\"color: #333333;\">Expert lawyer in Victims&#8217; Rights<\/span><\/h1>\n<p>[\/et_pb_text][\/et_pb_column][\/et_pb_row][\/et_pb_section][et_pb_section fb_built=&#8221;1&#8243; _builder_version=&#8221;4.20.2&#8243; background_enable_color=&#8221;off&#8221; background_enable_image=&#8221;off&#8221; background_blend=&#8221;darken&#8221; custom_padding=&#8221;|1px||||&#8221; locked=&#8221;off&#8221; global_colors_info=&#8221;{}&#8221;][et_pb_row custom_padding_last_edited=&#8221;on|desktop&#8221; _builder_version=&#8221;4.20.2&#8243; background_color=&#8221;#bfcdd9&#8243; custom_padding=&#8221;|225px||225px|false|true&#8221; custom_padding_tablet=&#8221;|0px||0px|false|true&#8221; custom_padding_phone=&#8221;&#8221; box_shadow_style=&#8221;preset2&#8243; global_colors_info=&#8221;{}&#8221;][et_pb_column type=&#8221;4_4&#8243; _builder_version=&#8221;4.16&#8243; global_colors_info=&#8221;{}&#8221;][et_pb_text _builder_version=&#8221;4.21.0&#8243; text_orientation=&#8221;center&#8221; global_colors_info=&#8221;{}&#8221;]<\/p>\n<h2><span style=\"color: #ffffff;\">A sharp defence<\/span><\/h2>\n<p>[\/et_pb_text][et_pb_divider _builder_version=&#8221;4.16&#8243; width=&#8221;50%&#8221; module_alignment=&#8221;center&#8221; custom_margin=&#8221;||0px||false|false&#8221; global_colors_info=&#8221;{}&#8221;][\/et_pb_divider][et_pb_text _builder_version=&#8221;4.21.0&#8243; text_orientation=&#8221;center&#8221; global_colors_info=&#8221;{}&#8221;]<\/p>\n<p style=\"text-align: center;\"><span style=\"color: #ffffff;\">Victims rights More than fifteen years of practice and a particular interest in this field give Ma\u00eetre Gr\u00e9gory DAMY an expertise that is highly appreciated by his clients.<\/span><\/p>\n<p>[\/et_pb_text][\/et_pb_column][\/et_pb_row][et_pb_row _builder_version=&#8221;4.20.2&#8243; background_color=&#8221;#262626&#8243; box_shadow_style=&#8221;preset2&#8243; global_colors_info=&#8221;{}&#8221;][et_pb_column type=&#8221;4_4&#8243; _builder_version=&#8221;4.16&#8243; global_colors_info=&#8221;{}&#8221;][et_pb_blurb title=&#8221;In Summary&#8221; image=&#8221;https:\/\/gregorydamy.niceavocats.fr\/wp-content\/uploads\/2023\/04\/gt-partners-case-study-3.jpg&#8221; content_tablet=&#8221;<\/p>\n<p style=%22text-align: justify;%22><span style=%22color: #ffffff;%22>Les victimes recontr\u00e9es peuvent avoir subi un pr\u00e9judice corporel mais cette th\u00e9matique est bien plus large. Nous nous occupons des victimes d&#8217;arnaques sur Internet, des victimes des banques ou des crypto-monnaies&#8230;<\/span><\/p>\n<p style=%22text-align: justify;%22><span style=%22color: #ffffff;%22>Toute personne bless\u00e9e a droit \u00e0 une indemnisation qui va au-del\u00e0 de ce que les assureurs s\u2019empressent de proposer sur simple lecture de bar\u00e8mes. Le droit de la r\u00e9paration du dommage est un droit militant, opposant les victimes aux assureurs. Nous sommes aux c\u00f4t\u00e9s des victimes pour leur obtenir la meilleure indemnisation possible.<\/span><\/p>\n<p style=%22text-align: justify;%22><span style=%22color: #ffffff;%22>Chaque victime a droit \u00e0 la personnalisation de son indemnit\u00e9 quant \u00e0 sa situation professionnelle et personnelle. La v\u00e9ritable indemnisation passe par la constitution d&#8217;un dossier argument\u00e9 et technique, permettant d&#8217;individualiser votre pr\u00e9judice et de sortir du cadre des bar\u00e8mes des assureurs. Chaque situation est unique et l&#8217;indemnisation doit \u00eatre \u00e0 la hauteur du pr\u00e9judice r\u00e9ellement subi, afin que l&#8217;avenir puisse \u00eatre envisag\u00e9 sereinement.<\/span><\/p>\n<p style=%22text-align: justify;%22><span style=%22color: #ffffff;%22>Il n&#8217;est donc pas envisageable de s&#8217;en tenir au questionnaire adress\u00e9 par l&#8217;assureur qui ne permettra jamais d&#8217;aboutir \u00e0 une indemnisation optimale, \u00e0 la hauteur de ce que vous \u00eates en droit de percevoir.<\/span><\/p>\n<p style=%22text-align: justify;%22><span style=%22color: #ffffff;%22>Ma\u00eetre Gr\u00e9gory DAMY s\u2019engage \u00e0 vous apporter son analyse personnalis\u00e9e afin de d\u00e9terminer une indemnisation maximum adapt\u00e9e \u00e0 votre situation.<\/span><\/p>\n<p style=%22text-align: justify;%22><span style=%22color: #ffffff;%22>Vous m\u00e9ritez une approche individuelle afin de d\u00e9terminer le changement pr\u00e9cis de situation qu\u2019a engendr\u00e9 votre statut de victime tant au plan personnel (probl\u00e8mes m\u00e9dicaux, situation financi\u00e8re d\u00e9grad\u00e9e, rupture avec votre conjoint \u2026.) que professionnel (perte d\u2019un emploi ou perte d\u2019une chance de promotion\u2026).<\/span><\/p>\n<p style=%22text-align: justify;%22><span style=%22color: #ffffff;%22>D\u00e8s lors que l\u2019accident a eu lieu (il peut s\u2019agir d\u2019un accident de la circulation, vous \u00eates victime d\u2019une agression ou d\u2019un attentat. Vous avez subi une erreur m\u00e9dicale ou vous avez perdu toutes vos \u00e9conomies) vous devez contacter votre avocat qui vous aidera \u00e0 r\u00e9unir les documents et preuves (certificats m\u00e9dicaux, dossier m\u00e9dical, rapports de police\u2026) qui seront n\u00e9cessaires pour obtenir la meilleure indemnisation possible.<\/span><\/p>\n<p style=%22text-align: justify;%22><span style=%22color: #ffffff;%22>En cas d\u2019accident de la circulation, la l\u00e9gislation fran\u00e7aise est tr\u00e8s pr\u00e9cise sur les responsabilit\u00e9s et le droit \u00e0 indemnisation de chaque victime. Notre cabinet d&#8217;avocats vous accompagne tout au long de la proc\u00e9dure jusqu\u2019\u00e0 votre indemnisation compl\u00e8te.<\/span><\/p>\n<p style=%22text-align: justify;%22><span style=%22color: #ffffff;%22>La juste indemnisation, c&#8217;est celle qui compense int\u00e9gralement votre dommage, sans laisser de c\u00f4t\u00e9 le moindre \u00e9l\u00e9ment qui le compose.<\/span><\/p>\n<p style=%22text-align: justify;%22><span style=%22color: #ffffff;%22>Votre entourage, dont la vie est \u00e9galement affect\u00e9e, doit \u00eatre aussi indemnis\u00e9.<\/span><br \/><span style=%22color: #ffffff;%22>Sur le plan financier, votre accident vous place dans la difficult\u00e9, les indemnit\u00e9s journali\u00e8res, pay\u00e9es avec un d\u00e9calage, ne couvrent plus vos d\u00e9penses. Cela m\u00e9rite une analyse approfondie, selon une m\u00e9thode tr\u00e8s technique, parfaitement ma\u00eetris\u00e9e par votre avocat expert dans l&#8217;indemnisation du pr\u00e9judice corporel.<\/span><\/p>\n<p style=%22text-align: justify;%22><span style=%22color: #ffffff;%22>Votre assureur a pour r\u00f4le de vous faire accepter une indemnisation faible le plus rapidement possible, l&#8217;\u00e9tude d&#8217;avocats de<\/span><\/p>\n<p style=%22text-align: justify;%22><span style=%22color: #ffffff;%22>Ma\u00eetre Gr\u00e9gory DAMY d\u00e9fendra avec ferveur l\u2019ensemble de vos int\u00e9r\u00eats amiablement dans un premier temps puis au contentieux si n\u00e9cessaire.  <\/span><\/p>\n<p>&#8221; content_phone=&#8221;<\/p>\n<p style=%22text-align: center;%22><span style=%22color: #ffffff;%22>Les victimes recontr\u00e9es peuvent avoir subi un pr\u00e9judice corporel mais cette th\u00e9matique est bien plus large. Nous nous occupons des victimes d&#8217;arnaques sur Internet, des victimes des banques ou des crypto-monnaies&#8230;<\/span><\/p>\n<p style=%22text-align: center;%22><span style=%22color: #ffffff;%22>Toute personne bless\u00e9e a droit \u00e0 une indemnisation qui va au-del\u00e0 de ce que les assureurs s\u2019empressent de proposer sur simple lecture de bar\u00e8mes. Le droit de la r\u00e9paration du dommage est un droit militant, opposant les victimes aux assureurs. Nous sommes aux c\u00f4t\u00e9s des victimes pour leur obtenir la meilleure indemnisation possible.<\/span><\/p>\n<p style=%22text-align: center;%22><span style=%22color: #ffffff;%22>Chaque victime a droit \u00e0 la personnalisation de son indemnit\u00e9 quant \u00e0 sa situation professionnelle et personnelle. La v\u00e9ritable indemnisation passe par la constitution d&#8217;un dossier argument\u00e9 et technique, permettant d&#8217;individualiser votre pr\u00e9judice et de sortir du cadre des bar\u00e8mes des assureurs. Chaque situation est unique et l&#8217;indemnisation doit \u00eatre \u00e0 la hauteur du pr\u00e9judice r\u00e9ellement subi, afin que l&#8217;avenir puisse \u00eatre envisag\u00e9 sereinement.<\/span><\/p>\n<p style=%22text-align: center;%22><span style=%22color: #ffffff;%22>Il n&#8217;est donc pas envisageable de s&#8217;en tenir au questionnaire adress\u00e9 par l&#8217;assureur qui ne permettra jamais d&#8217;aboutir \u00e0 une indemnisation optimale, \u00e0 la hauteur de ce que vous \u00eates en droit de percevoir.<\/span><\/p>\n<p style=%22text-align: center;%22><span style=%22color: #ffffff;%22>Ma\u00eetre Gr\u00e9gory DAMY s\u2019engage \u00e0 vous apporter son analyse personnalis\u00e9e afin de d\u00e9terminer une indemnisation maximum adapt\u00e9e \u00e0 votre situation.<\/span><\/p>\n<p style=%22text-align: center;%22><span style=%22color: #ffffff;%22>Vous m\u00e9ritez une approche individuelle afin de d\u00e9terminer le changement pr\u00e9cis de situation qu\u2019a engendr\u00e9 votre statut de victime tant au plan personnel (probl\u00e8mes m\u00e9dicaux, situation financi\u00e8re d\u00e9grad\u00e9e, rupture avec votre conjoint \u2026.) que professionnel (perte d\u2019un emploi ou perte d\u2019une chance de promotion\u2026).<\/span><\/p>\n<p style=%22text-align: center;%22><span style=%22color: #ffffff;%22>D\u00e8s lors que l\u2019accident a eu lieu (il peut s\u2019agir d\u2019un accident de la circulation, vous \u00eates victime d\u2019une agression ou d\u2019un attentat. Vous avez subi une erreur m\u00e9dicale ou vous avez perdu toutes vos \u00e9conomies) vous devez contacter votre avocat qui vous aidera \u00e0 r\u00e9unir les documents et preuves (certificats m\u00e9dicaux, dossier m\u00e9dical, rapports de police\u2026) qui seront n\u00e9cessaires pour obtenir la meilleure indemnisation possible.<\/span><\/p>\n<p style=%22text-align: center;%22><span style=%22color: #ffffff;%22>En cas d\u2019accident de la circulation, la l\u00e9gislation fran\u00e7aise est tr\u00e8s pr\u00e9cise sur les responsabilit\u00e9s et le droit \u00e0 indemnisation de chaque victime. Notre cabinet d&#8217;avocats vous accompagne tout au long de la proc\u00e9dure jusqu\u2019\u00e0 votre indemnisation compl\u00e8te.<\/span><\/p>\n<p style=%22text-align: center;%22><span style=%22color: #ffffff;%22>La juste indemnisation, c&#8217;est celle qui compense int\u00e9gralement votre dommage, sans laisser de c\u00f4t\u00e9 le moindre \u00e9l\u00e9ment qui le compose.<\/span><\/p>\n<p style=%22text-align: center;%22><span style=%22color: #ffffff;%22>Votre entourage, dont la vie est \u00e9galement affect\u00e9e, doit \u00eatre aussi indemnis\u00e9.<\/span><br \/><span style=%22color: #ffffff;%22>Sur le plan financier, votre accident vous place dans la difficult\u00e9, les indemnit\u00e9s journali\u00e8res, pay\u00e9es avec un d\u00e9calage, ne couvrent plus vos d\u00e9penses. Cela m\u00e9rite une analyse approfondie, selon une m\u00e9thode tr\u00e8s technique, parfaitement ma\u00eetris\u00e9e par votre avocat expert dans l&#8217;indemnisation du pr\u00e9judice corporel.<\/span><\/p>\n<p style=%22text-align: center;%22><span style=%22color: #ffffff;%22>Votre assureur a pour r\u00f4le de vous faire accepter une indemnisation faible le plus rapidement possible, l&#8217;\u00e9tude d&#8217;avocats de<\/span><\/p>\n<p style=%22text-align: center;%22><span style=%22color: #ffffff;%22>Ma\u00eetre Gr\u00e9gory DAMY d\u00e9fendra avec ferveur l\u2019ensemble de vos int\u00e9r\u00eats amiablement dans un premier temps puis au contentieux si n\u00e9cessaire.  <\/span><\/p>\n<p>&#8221; content_last_edited=&#8221;on|phone&#8221; module_class=&#8221;gt_service_style2&#8243; _builder_version=&#8221;4.21.0&#8243; header_level=&#8221;h3&#8243; header_text_color=&#8221;#d5aa6d&#8221; transform_translate_linked__hover=&#8221;off&#8221; text_orientation=&#8221;center&#8221; box_shadow_style_image=&#8221;preset2&#8243; global_colors_info=&#8221;{}&#8221; transform_styles__hover_enabled=&#8221;on|hover&#8221; transform_scale__hover_enabled=&#8221;on|desktop&#8221; transform_translate__hover_enabled=&#8221;on|hover&#8221; transform_rotate__hover_enabled=&#8221;on|desktop&#8221; transform_skew__hover_enabled=&#8221;on|desktop&#8221; transform_origin__hover_enabled=&#8221;on|desktop&#8221; transform_translate__hover=&#8221;0px|-5px&#8221;]<\/p>\n<p style=\"text-align: justify;\"><span style=\"color: #ffffff;\">Victims may have suffered personal injury, but this topic is much broader. We deal with victims of internet scams, victims of banking or <a href=\"https:\/\/www.justice.fr\/\">crypto-currencies<\/a>&#8230;<\/span><\/p>\n<p style=\"text-align: justify;\"><span style=\"color: #ffffff;\">Anyone who is injured is entitled to compensation that goes beyond what insurers are quick to offer simply by reading scales. The law of compensation is an activist law, pitting victims against insurers. We are at the side of the victims to obtain the best possible compensation.<\/span><\/p>\n<p style=\"text-align: justify;\"><span style=\"color: #ffffff;\">Each victim has the right to have his or her compensation tailored to his or her professional and personal situation. Real compensation is achieved by putting together a well-founded and technical file, which allows you to individualise your loss and get out of the framework of the insurers&#8217; scales. Each situation is unique and the compensation must be commensurate with the actual loss suffered, so that the future can be envisaged calmly.<\/span><\/p>\n<p style=\"text-align: justify;\"><span style=\"color: #ffffff;\">It is therefore unthinkable to stick to the questionnaire sent by the insurer, which will never lead to optimal compensation, up to what you are entitled to receive.<\/span><\/p>\n<p style=\"text-align: justify;\"><span style=\"color: #ffffff;\">Ma\u00eetre Gr\u00e9gory DAMY is committed to providing you with a personalised analysis in order to determine the maximum compensation adapted to your situation.<\/span><\/p>\n<p style=\"text-align: justify;\"><span style=\"color: #ffffff;\">You deserve an individual approach in order to determine the precise change in your situation caused by your status as a victim, both on a personal level (medical problems, deteriorated financial situation, break-up with your spouse &#8230;.) and on a professional level (loss of a job or loss of a chance for promotion, etc.).<\/span><\/p>\n<p style=\"text-align: justify;\"><span style=\"color: #ffffff;\">As soon as the accident has occurred (it may be a traffic accident, you are the victim of an assault or an attack. You have suffered a medical error or you have lost all your savings) you should contact your lawyer who will help you gather the documents and evidence (medical certificates, medical records, police reports, etc.) that will be necessary to obtain the best possible compensation.<\/span><\/p>\n<p style=\"text-align: justify;\"><span style=\"color: #ffffff;\">In the event of a traffic accident, French law is very precise on the responsibilities and the right to compensation of each victim. Our law firm will accompany you throughout the procedure until you are fully compensated.<\/span><\/p>\n<p style=\"text-align: justify;\"><span style=\"color: #ffffff;\">The right compensation is the one that fully compensates your damage, without leaving out any of its components.<\/span><\/p>\n<p style=\"text-align: justify;\"><span style=\"color: #ffffff;\">Your family and friends, whose lives are also affected, must also be compensated.<\/span><br \/><span style=\"color: #ffffff;\">Financially, your accident puts you in a difficult situation, as the daily benefits, paid with a time lag, no longer cover your expenses. This deserves an in-depth analysis, according to a very technical method, perfectly mastered by your lawyer, an expert in personal injury compensation.<\/span><\/p>\n<p style=\"text-align: justify;\"><span style=\"color: #ffffff;\"><strong>Your insurer will tend to offer the lowest compensation possible, Ma\u00eetre Gr\u00e9gory DAMY will protect your interests first in a friendly settlement and in a litigation in case it <a href=\"https:\/\/gregorydamy.niceavocats.fr\/en\/french-tax-transition\/\">appears necessary<\/a><\/strong><\/span><\/p>\n<p>[\/et_pb_blurb][\/et_pb_column][\/et_pb_row][\/et_pb_section]<\/p>\n","protected":false},"excerpt":{"rendered":"<p>A competenceExpert lawyer in Victims&#8217; RightsA sharp defenceVictims rights More than fifteen years of practice and a particular interest in this field give Ma\u00eetre Gr\u00e9gory DAMY an expertise that is highly appreciated by his clients.Victims may have suffered personal injury, but this topic is much broader. We deal with victims of internet scams, victims of [&hellip;]<\/p>\n","protected":false},"author":2,"featured_media":0,"parent":0,"menu_order":0,"comment_status":"closed","ping_status":"closed","template":"","meta":{"_et_pb_use_builder":"on","_et_pb_old_content":"","_et_gb_content_width":"","footnotes":""},"class_list":["post-16147","page","type-page","status-publish","hentry"],"yoast_head":"<!-- This site is optimized with the Yoast SEO plugin v26.8 - https:\/\/yoast.com\/product\/yoast-seo-wordpress\/ -->\n<title>Victims rights - Soci\u00e9t\u00e9 d&#039;avocats Damy<\/title>\n<meta name=\"description\" content=\"Victims rights The law firm defends you to obtain the best possible compensation negotiating with insurers and other parties.\" \/>\n<meta name=\"robots\" content=\"index, follow, max-snippet:-1, max-image-preview:large, max-video-preview:-1\" \/>\n<link rel=\"canonical\" href=\"https:\/\/gregorydamy.niceavocats.fr\/en\/victims-rights\/\" \/>\n<meta property=\"og:locale\" content=\"en_US\" \/>\n<meta property=\"og:type\" content=\"article\" \/>\n<meta property=\"og:title\" content=\"Victims rights - Soci\u00e9t\u00e9 d&#039;avocats Damy\" \/>\n<meta property=\"og:description\" content=\"Victims rights The law firm defends you to obtain the best possible compensation negotiating with insurers and other parties.\" \/>\n<meta property=\"og:url\" content=\"https:\/\/gregorydamy.niceavocats.fr\/en\/victims-rights\/\" \/>\n<meta property=\"og:site_name\" content=\"Soci\u00e9t\u00e9 d&#039;avocats Damy\" \/>\n<meta property=\"article:publisher\" content=\"https:\/\/www.facebook.com\/niceavocats.fr\/\" \/>\n<meta property=\"article:modified_time\" content=\"2023-06-12T06:24:15+00:00\" \/>\n<meta name=\"twitter:card\" content=\"summary_large_image\" \/>\n<meta name=\"twitter:label1\" content=\"Est. reading time\" \/>\n\t<meta name=\"twitter:data1\" content=\"8 minutes\" \/>\n<script type=\"application\/ld+json\" class=\"yoast-schema-graph\">{\"@context\":\"https:\/\/schema.org\",\"@graph\":[{\"@type\":\"WebPage\",\"@id\":\"https:\/\/gregorydamy.niceavocats.fr\/en\/victims-rights\/\",\"url\":\"https:\/\/gregorydamy.niceavocats.fr\/en\/victims-rights\/\",\"name\":\"Victims rights - Soci\u00e9t\u00e9 d&#039;avocats Damy\",\"isPartOf\":{\"@id\":\"https:\/\/gregorydamy.niceavocats.fr\/en\/#website\"},\"datePublished\":\"2023-01-10T15:24:21+00:00\",\"dateModified\":\"2023-06-12T06:24:15+00:00\",\"description\":\"Victims rights The law firm defends you to obtain the best possible compensation negotiating with insurers and other parties.\",\"breadcrumb\":{\"@id\":\"https:\/\/gregorydamy.niceavocats.fr\/en\/victims-rights\/#breadcrumb\"},\"inLanguage\":\"en-US\",\"potentialAction\":[{\"@type\":\"ReadAction\",\"target\":[\"https:\/\/gregorydamy.niceavocats.fr\/en\/victims-rights\/\"]}]},{\"@type\":\"BreadcrumbList\",\"@id\":\"https:\/\/gregorydamy.niceavocats.fr\/en\/victims-rights\/#breadcrumb\",\"itemListElement\":[{\"@type\":\"ListItem\",\"position\":1,\"name\":\"Accueil\",\"item\":\"https:\/\/gregorydamy.niceavocats.fr\/en\/\"},{\"@type\":\"ListItem\",\"position\":2,\"name\":\"Victims rights\"}]},{\"@type\":\"WebSite\",\"@id\":\"https:\/\/gregorydamy.niceavocats.fr\/en\/#website\",\"url\":\"https:\/\/gregorydamy.niceavocats.fr\/en\/\",\"name\":\"Soci\u00e9t\u00e9 d&#039;avocats Damy\",\"description\":\"Justice - Confiance - Efficacit\u00e9\",\"publisher\":{\"@id\":\"https:\/\/gregorydamy.niceavocats.fr\/en\/#organization\"},\"potentialAction\":[{\"@type\":\"SearchAction\",\"target\":{\"@type\":\"EntryPoint\",\"urlTemplate\":\"https:\/\/gregorydamy.niceavocats.fr\/en\/?s={search_term_string}\"},\"query-input\":{\"@type\":\"PropertyValueSpecification\",\"valueRequired\":true,\"valueName\":\"search_term_string\"}}],\"inLanguage\":\"en-US\"},{\"@type\":\"Organization\",\"@id\":\"https:\/\/gregorydamy.niceavocats.fr\/en\/#organization\",\"name\":\"Soci\u00e9t\u00e9 d'Avocats DAMY\",\"alternateName\":\"Gr\u00e9gory DAMY\",\"url\":\"https:\/\/gregorydamy.niceavocats.fr\/en\/\",\"logo\":{\"@type\":\"ImageObject\",\"inLanguage\":\"en-US\",\"@id\":\"https:\/\/gregorydamy.niceavocats.fr\/en\/#\/schema\/logo\/image\/\",\"url\":\"https:\/\/gregorydamy.niceavocats.fr\/wp-content\/uploads\/2023\/04\/damylogo-1.png\",\"contentUrl\":\"https:\/\/gregorydamy.niceavocats.fr\/wp-content\/uploads\/2023\/04\/damylogo-1.png\",\"width\":1890,\"height\":1417,\"caption\":\"Soci\u00e9t\u00e9 d'Avocats DAMY\"},\"image\":{\"@id\":\"https:\/\/gregorydamy.niceavocats.fr\/en\/#\/schema\/logo\/image\/\"},\"sameAs\":[\"https:\/\/www.facebook.com\/niceavocats.fr\/\"]}]}<\/script>\n<!-- \/ Yoast SEO plugin. -->","yoast_head_json":{"title":"Victims rights - Soci\u00e9t\u00e9 d&#039;avocats Damy","description":"Victims rights The law firm defends you to obtain the best possible compensation negotiating with insurers and other parties.","robots":{"index":"index","follow":"follow","max-snippet":"max-snippet:-1","max-image-preview":"max-image-preview:large","max-video-preview":"max-video-preview:-1"},"canonical":"https:\/\/gregorydamy.niceavocats.fr\/en\/victims-rights\/","og_locale":"en_US","og_type":"article","og_title":"Victims rights - Soci\u00e9t\u00e9 d&#039;avocats Damy","og_description":"Victims rights The law firm defends you to obtain the best possible compensation negotiating with insurers and other parties.","og_url":"https:\/\/gregorydamy.niceavocats.fr\/en\/victims-rights\/","og_site_name":"Soci\u00e9t\u00e9 d&#039;avocats Damy","article_publisher":"https:\/\/www.facebook.com\/niceavocats.fr\/","article_modified_time":"2023-06-12T06:24:15+00:00","twitter_card":"summary_large_image","twitter_misc":{"Est. reading time":"8 minutes"},"schema":{"@context":"https:\/\/schema.org","@graph":[{"@type":"WebPage","@id":"https:\/\/gregorydamy.niceavocats.fr\/en\/victims-rights\/","url":"https:\/\/gregorydamy.niceavocats.fr\/en\/victims-rights\/","name":"Victims rights - Soci\u00e9t\u00e9 d&#039;avocats Damy","isPartOf":{"@id":"https:\/\/gregorydamy.niceavocats.fr\/en\/#website"},"datePublished":"2023-01-10T15:24:21+00:00","dateModified":"2023-06-12T06:24:15+00:00","description":"Victims rights The law firm defends you to obtain the best possible compensation negotiating with insurers and other parties.","breadcrumb":{"@id":"https:\/\/gregorydamy.niceavocats.fr\/en\/victims-rights\/#breadcrumb"},"inLanguage":"en-US","potentialAction":[{"@type":"ReadAction","target":["https:\/\/gregorydamy.niceavocats.fr\/en\/victims-rights\/"]}]},{"@type":"BreadcrumbList","@id":"https:\/\/gregorydamy.niceavocats.fr\/en\/victims-rights\/#breadcrumb","itemListElement":[{"@type":"ListItem","position":1,"name":"Accueil","item":"https:\/\/gregorydamy.niceavocats.fr\/en\/"},{"@type":"ListItem","position":2,"name":"Victims rights"}]},{"@type":"WebSite","@id":"https:\/\/gregorydamy.niceavocats.fr\/en\/#website","url":"https:\/\/gregorydamy.niceavocats.fr\/en\/","name":"Soci\u00e9t\u00e9 d&#039;avocats Damy","description":"Justice - Confiance - Efficacit\u00e9","publisher":{"@id":"https:\/\/gregorydamy.niceavocats.fr\/en\/#organization"},"potentialAction":[{"@type":"SearchAction","target":{"@type":"EntryPoint","urlTemplate":"https:\/\/gregorydamy.niceavocats.fr\/en\/?s={search_term_string}"},"query-input":{"@type":"PropertyValueSpecification","valueRequired":true,"valueName":"search_term_string"}}],"inLanguage":"en-US"},{"@type":"Organization","@id":"https:\/\/gregorydamy.niceavocats.fr\/en\/#organization","name":"Soci\u00e9t\u00e9 d'Avocats DAMY","alternateName":"Gr\u00e9gory DAMY","url":"https:\/\/gregorydamy.niceavocats.fr\/en\/","logo":{"@type":"ImageObject","inLanguage":"en-US","@id":"https:\/\/gregorydamy.niceavocats.fr\/en\/#\/schema\/logo\/image\/","url":"https:\/\/gregorydamy.niceavocats.fr\/wp-content\/uploads\/2023\/04\/damylogo-1.png","contentUrl":"https:\/\/gregorydamy.niceavocats.fr\/wp-content\/uploads\/2023\/04\/damylogo-1.png","width":1890,"height":1417,"caption":"Soci\u00e9t\u00e9 d'Avocats DAMY"},"image":{"@id":"https:\/\/gregorydamy.niceavocats.fr\/en\/#\/schema\/logo\/image\/"},"sameAs":["https:\/\/www.facebook.com\/niceavocats.fr\/"]}]}},"_links":{"self":[{"href":"https:\/\/gregorydamy.niceavocats.fr\/en\/wp-json\/wp\/v2\/pages\/16147","targetHints":{"allow":["GET"]}}],"collection":[{"href":"https:\/\/gregorydamy.niceavocats.fr\/en\/wp-json\/wp\/v2\/pages"}],"about":[{"href":"https:\/\/gregorydamy.niceavocats.fr\/en\/wp-json\/wp\/v2\/types\/page"}],"author":[{"embeddable":true,"href":"https:\/\/gregorydamy.niceavocats.fr\/en\/wp-json\/wp\/v2\/users\/2"}],"replies":[{"embeddable":true,"href":"https:\/\/gregorydamy.niceavocats.fr\/en\/wp-json\/wp\/v2\/comments?post=16147"}],"version-history":[{"count":0,"href":"https:\/\/gregorydamy.niceavocats.fr\/en\/wp-json\/wp\/v2\/pages\/16147\/revisions"}],"wp:attachment":[{"href":"https:\/\/gregorydamy.niceavocats.fr\/en\/wp-json\/wp\/v2\/media?parent=16147"}],"curies":[{"name":"wp","href":"https:\/\/api.w.org\/{rel}","templated":true}]}}