{"id":16098,"date":"2023-04-16T10:13:02","date_gmt":"2023-04-16T10:13:02","guid":{"rendered":"https:\/\/gregorydamy.niceavocats.fr\/?page_id=16098"},"modified":"2024-04-17T10:02:17","modified_gmt":"2024-04-17T10:02:17","slug":"legal-notices","status":"publish","type":"page","link":"https:\/\/gregorydamy.niceavocats.fr\/en\/legal-notices\/","title":{"rendered":"Legal notices"},"content":{"rendered":"<p>[et_pb_section fb_built=&#8221;1&#8243; custom_padding_last_edited=&#8221;on|phone&#8221; _builder_version=&#8221;4.20.2&#8243; background_enable_image=&#8221;off&#8221; custom_padding=&#8221;62px||||false|false&#8221; custom_padding_tablet=&#8221;150px||||false|false&#8221; custom_padding_phone=&#8221;125px||||false|false&#8221; box_shadow_style=&#8221;preset3&#8243; global_colors_info=&#8221;{}&#8221;][et_pb_row _builder_version=&#8221;4.16&#8243; global_colors_info=&#8221;{}&#8221;][et_pb_column type=&#8221;4_4&#8243; _builder_version=&#8221;4.16&#8243; global_colors_info=&#8221;{}&#8221;][et_pb_text _builder_version=&#8221;4.20.2&#8243; header_3_text_color=&#8221;#d5aa6d&#8221; text_orientation=&#8221;center&#8221; custom_margin=&#8221;||0px||false|false&#8221; global_colors_info=&#8221;{}&#8221;]<\/p>\n<h3>To be consulted regularly<\/h3>\n<p>[\/et_pb_text][et_pb_text _builder_version=&#8221;4.20.2&#8243; text_orientation=&#8221;center&#8221; background_layout=&#8221;dark&#8221; global_colors_info=&#8221;{}&#8221;]<\/p>\n<h1><span style=\"color: #333333;\">Legal notice and privacy policy<\/span><\/h1>\n<p>[\/et_pb_text][\/et_pb_column][\/et_pb_row][\/et_pb_section][et_pb_section fb_built=&#8221;1&#8243; _builder_version=&#8221;4.16&#8243; global_colors_info=&#8221;{}&#8221;][et_pb_row _builder_version=&#8221;4.16&#8243; global_colors_info=&#8221;{}&#8221;][et_pb_column type=&#8221;4_4&#8243; _builder_version=&#8221;4.16&#8243; global_colors_info=&#8221;{}&#8221;][et_pb_text _builder_version=&#8221;4.20.2&#8243; global_colors_info=&#8221;{}&#8221;]<\/p>\n<div class=\"page-header\">\n<p style=\"text-align: justify;\">Please read carefully the present terms and conditions of the legal notices for use of the Ma\u00eetre Gr\u00e9gory DAMY site before browsing this site. By connecting to this site, you accept the present terms and conditions of the legal notices.<\/p>\n<h3 style=\"text-align: justify;\">Copyright<\/h3>\n<p style=\"text-align: justify;\">All rights reserved\u00a9 Soci\u00e9t\u00e9 d&#8217;avocats DAMY 2006-2018. All pages of the website of Ma\u00eetre Gr\u00e9gory DAMY are protected \u00a9 2018. All reproduction and distribution rights reserved. DAMY Law Firm 2006-2022.<\/p>\n<h3 style=\"text-align: justify;\">The content of the site<\/h3>\n<p style=\"text-align: justify;\">All the information contained on the website of Ma\u00eetre Gr\u00e9gory DAMY is non-contractual. The information contained in the site is provided for the sole purpose of providing general information to visitors. It is not intended to replace or substitute for legal, tax or other professional advice or consultations.<br \/>This information in no way constitutes an assertion, guarantee or commitment on the part of Ma\u00eetre Gr\u00e9gory DAMY with regard to any product or service; and Ma\u00eetre Gr\u00e9gory DAMY hereby declines all responsibility, express or implied, as to its completeness, accuracy or suitability for any purpose whatsoever. Ma\u00eetre Gr\u00e9gory DAMY makes every effort to ensure the accuracy and updating of the information published on this site, the content of which he reserves the right to correct at any time and without notice. However, he cannot guarantee its completeness or the absence of modification by a third party (intrusion, virus).<br \/>Ma\u00eetre Gr\u00e9gory DAMY declines all responsibility for the relevance of the information provided and the use that an Internet user is likely to make of it. The information contained on this site is intended for personal and non-commercial use.<\/p>\n<h3 style=\"text-align: justify;\">Data processing and liberties<\/h3>\n<p style=\"text-align: justify;\">In accordance with the law n\u00b0 78-17 of January 6, 1978, relating to data processing, files and freedoms (known as the &#8220;Data Processing and Freedom&#8221; law), this site benefits from an exemption from declaration (Deliberation n\u00b02006-138 of May 9, 2006 deciding on the exemption from declaration of processing constituted for purposes of information or external communication: Exemption n\u00b07). By virtue of the law n\u00b0 2000-719 of August 1, 2000, the contact details declared by the user may be communicated on request by the legal authorities.<\/p>\n<h3 style=\"text-align: justify;\">Intellectual property<\/h3>\n<p style=\"text-align: justify;\">The general structure of the Site, the texts, the data and the graphic elements, animated or not, constitute works which are protected as such by the laws on intellectual property, in particular by the copyright, the drawings and models and the right of trademarks, and by the international treaties.<\/p>\n<p style=\"text-align: justify;\">Any use of the products offered by the website of Ma\u00eetre Gr\u00e9gory DAMY may only be made with the written authorisation of Ma\u00eetre Gr\u00e9gory DAMY.<\/p>\n<p style=\"text-align: justify;\">According to the rules of common law, Ma\u00eetre Gr\u00e9gory DAMY may also bring into play the contractual responsibility of its visitors or engage any action for unfair or parasitic competition against the authors of breaches of the provisions in question.<\/p>\n<p style=\"text-align: justify;\">The Internet user may not modify, reproduce or adapt the data available on the Ma\u00eetre Gr\u00e9gory DAMY website.<\/p>\n<p style=\"text-align: justify;\">Any person who downloads or collects information published on the website of Ma\u00eetre Gr\u00e9gory DAMY only has a private, personal and non-transferable right of use. Any use of the product other than that listed in this notice would constitute an act of distribution requiring prior authorisation from Ma\u00eetre Gr\u00e9gory DAMY. In the absence of such authorisation, any reproduction or representation, even partial, by any means whatsoever, without the written consent of Ma\u00eetre Gr\u00e9gory DAMY is prohibited and illegal. Failure to comply with this prohibition constitutes an infringement that may incur the civil and criminal liability of the infringer.<br \/>The visitor acknowledges having read this legal notice and undertakes to respect it.<\/p>\n<h3 style=\"text-align: justify;\">Declaration to the CNIL<\/h3>\n<p style=\"text-align: justify;\">This site has been declared to the CNIL<\/p>\n<\/div>\n<p>[\/et_pb_text][\/et_pb_column][\/et_pb_row][\/et_pb_section]<\/p>\n","protected":false},"excerpt":{"rendered":"<p>To be consulted regularlyLegal notice and privacy policy Please read carefully the present terms and conditions of the legal notices for use of the Ma\u00eetre Gr\u00e9gory DAMY site before browsing this site. By connecting to this site, you accept the present terms and conditions of the legal notices. Copyright All rights reserved\u00a9 Soci\u00e9t\u00e9 d&#8217;avocats DAMY [&hellip;]<\/p>\n","protected":false},"author":2,"featured_media":0,"parent":0,"menu_order":0,"comment_status":"closed","ping_status":"closed","template":"","meta":{"_et_pb_use_builder":"on","_et_pb_old_content":"","_et_gb_content_width":"","footnotes":""},"class_list":["post-16098","page","type-page","status-publish","hentry"],"yoast_head":"<!-- This site is optimized with the Yoast SEO plugin v26.8 - https:\/\/yoast.com\/product\/yoast-seo-wordpress\/ -->\n<title>Legal notices - Soci\u00e9t\u00e9 d&#039;avocats Damy<\/title>\n<meta name=\"description\" content=\"Please read carefully the present terms and conditions of the legal notices for use of the Ma\u00eetre Gr\u00e9gory DAMY site before browsing this site.\" \/>\n<meta name=\"robots\" content=\"index, follow, max-snippet:-1, max-image-preview:large, max-video-preview:-1\" \/>\n<link rel=\"canonical\" href=\"https:\/\/gregorydamy.niceavocats.fr\/en\/legal-notices\/\" \/>\n<meta property=\"og:locale\" content=\"en_US\" \/>\n<meta property=\"og:type\" content=\"article\" \/>\n<meta property=\"og:title\" content=\"Legal notices - Soci\u00e9t\u00e9 d&#039;avocats Damy\" \/>\n<meta property=\"og:description\" content=\"Please read carefully the present terms and conditions of the legal notices for use of the Ma\u00eetre Gr\u00e9gory DAMY site before browsing this site.\" \/>\n<meta property=\"og:url\" content=\"https:\/\/gregorydamy.niceavocats.fr\/en\/legal-notices\/\" \/>\n<meta property=\"og:site_name\" content=\"Soci\u00e9t\u00e9 d&#039;avocats Damy\" \/>\n<meta property=\"article:publisher\" content=\"https:\/\/www.facebook.com\/niceavocats.fr\/\" \/>\n<meta property=\"article:modified_time\" content=\"2024-04-17T10:02:17+00:00\" \/>\n<meta name=\"twitter:card\" content=\"summary_large_image\" \/>\n<meta name=\"twitter:label1\" content=\"Est. reading time\" \/>\n\t<meta name=\"twitter:data1\" content=\"4 minutes\" \/>\n<script type=\"application\/ld+json\" class=\"yoast-schema-graph\">{\"@context\":\"https:\/\/schema.org\",\"@graph\":[{\"@type\":\"WebPage\",\"@id\":\"https:\/\/gregorydamy.niceavocats.fr\/en\/legal-notices\/\",\"url\":\"https:\/\/gregorydamy.niceavocats.fr\/en\/legal-notices\/\",\"name\":\"Legal notices - Soci\u00e9t\u00e9 d&#039;avocats Damy\",\"isPartOf\":{\"@id\":\"https:\/\/gregorydamy.niceavocats.fr\/en\/#website\"},\"datePublished\":\"2023-04-16T10:13:02+00:00\",\"dateModified\":\"2024-04-17T10:02:17+00:00\",\"description\":\"Please read carefully the present terms and conditions of the legal notices for use of the Ma\u00eetre Gr\u00e9gory DAMY site before browsing this site.\",\"breadcrumb\":{\"@id\":\"https:\/\/gregorydamy.niceavocats.fr\/en\/legal-notices\/#breadcrumb\"},\"inLanguage\":\"en-US\",\"potentialAction\":[{\"@type\":\"ReadAction\",\"target\":[\"https:\/\/gregorydamy.niceavocats.fr\/en\/legal-notices\/\"]}]},{\"@type\":\"BreadcrumbList\",\"@id\":\"https:\/\/gregorydamy.niceavocats.fr\/en\/legal-notices\/#breadcrumb\",\"itemListElement\":[{\"@type\":\"ListItem\",\"position\":1,\"name\":\"Accueil\",\"item\":\"https:\/\/gregorydamy.niceavocats.fr\/en\/\"},{\"@type\":\"ListItem\",\"position\":2,\"name\":\"Legal notices\"}]},{\"@type\":\"WebSite\",\"@id\":\"https:\/\/gregorydamy.niceavocats.fr\/en\/#website\",\"url\":\"https:\/\/gregorydamy.niceavocats.fr\/en\/\",\"name\":\"Soci\u00e9t\u00e9 d&#039;avocats Damy\",\"description\":\"Justice - Confiance - Efficacit\u00e9\",\"publisher\":{\"@id\":\"https:\/\/gregorydamy.niceavocats.fr\/en\/#organization\"},\"potentialAction\":[{\"@type\":\"SearchAction\",\"target\":{\"@type\":\"EntryPoint\",\"urlTemplate\":\"https:\/\/gregorydamy.niceavocats.fr\/en\/?s={search_term_string}\"},\"query-input\":{\"@type\":\"PropertyValueSpecification\",\"valueRequired\":true,\"valueName\":\"search_term_string\"}}],\"inLanguage\":\"en-US\"},{\"@type\":\"Organization\",\"@id\":\"https:\/\/gregorydamy.niceavocats.fr\/en\/#organization\",\"name\":\"Soci\u00e9t\u00e9 d'Avocats DAMY\",\"alternateName\":\"Gr\u00e9gory DAMY\",\"url\":\"https:\/\/gregorydamy.niceavocats.fr\/en\/\",\"logo\":{\"@type\":\"ImageObject\",\"inLanguage\":\"en-US\",\"@id\":\"https:\/\/gregorydamy.niceavocats.fr\/en\/#\/schema\/logo\/image\/\",\"url\":\"https:\/\/gregorydamy.niceavocats.fr\/wp-content\/uploads\/2023\/04\/damylogo-1.png\",\"contentUrl\":\"https:\/\/gregorydamy.niceavocats.fr\/wp-content\/uploads\/2023\/04\/damylogo-1.png\",\"width\":1890,\"height\":1417,\"caption\":\"Soci\u00e9t\u00e9 d'Avocats DAMY\"},\"image\":{\"@id\":\"https:\/\/gregorydamy.niceavocats.fr\/en\/#\/schema\/logo\/image\/\"},\"sameAs\":[\"https:\/\/www.facebook.com\/niceavocats.fr\/\"]}]}<\/script>\n<!-- \/ Yoast SEO plugin. -->","yoast_head_json":{"title":"Legal notices - Soci\u00e9t\u00e9 d&#039;avocats Damy","description":"Please read carefully the present terms and conditions of the legal notices for use of the Ma\u00eetre Gr\u00e9gory DAMY site before browsing this site.","robots":{"index":"index","follow":"follow","max-snippet":"max-snippet:-1","max-image-preview":"max-image-preview:large","max-video-preview":"max-video-preview:-1"},"canonical":"https:\/\/gregorydamy.niceavocats.fr\/en\/legal-notices\/","og_locale":"en_US","og_type":"article","og_title":"Legal notices - Soci\u00e9t\u00e9 d&#039;avocats Damy","og_description":"Please read carefully the present terms and conditions of the legal notices for use of the Ma\u00eetre Gr\u00e9gory DAMY site before browsing this site.","og_url":"https:\/\/gregorydamy.niceavocats.fr\/en\/legal-notices\/","og_site_name":"Soci\u00e9t\u00e9 d&#039;avocats Damy","article_publisher":"https:\/\/www.facebook.com\/niceavocats.fr\/","article_modified_time":"2024-04-17T10:02:17+00:00","twitter_card":"summary_large_image","twitter_misc":{"Est. reading time":"4 minutes"},"schema":{"@context":"https:\/\/schema.org","@graph":[{"@type":"WebPage","@id":"https:\/\/gregorydamy.niceavocats.fr\/en\/legal-notices\/","url":"https:\/\/gregorydamy.niceavocats.fr\/en\/legal-notices\/","name":"Legal notices - Soci\u00e9t\u00e9 d&#039;avocats Damy","isPartOf":{"@id":"https:\/\/gregorydamy.niceavocats.fr\/en\/#website"},"datePublished":"2023-04-16T10:13:02+00:00","dateModified":"2024-04-17T10:02:17+00:00","description":"Please read carefully the present terms and conditions of the legal notices for use of the Ma\u00eetre Gr\u00e9gory DAMY site before browsing this site.","breadcrumb":{"@id":"https:\/\/gregorydamy.niceavocats.fr\/en\/legal-notices\/#breadcrumb"},"inLanguage":"en-US","potentialAction":[{"@type":"ReadAction","target":["https:\/\/gregorydamy.niceavocats.fr\/en\/legal-notices\/"]}]},{"@type":"BreadcrumbList","@id":"https:\/\/gregorydamy.niceavocats.fr\/en\/legal-notices\/#breadcrumb","itemListElement":[{"@type":"ListItem","position":1,"name":"Accueil","item":"https:\/\/gregorydamy.niceavocats.fr\/en\/"},{"@type":"ListItem","position":2,"name":"Legal notices"}]},{"@type":"WebSite","@id":"https:\/\/gregorydamy.niceavocats.fr\/en\/#website","url":"https:\/\/gregorydamy.niceavocats.fr\/en\/","name":"Soci\u00e9t\u00e9 d&#039;avocats Damy","description":"Justice - Confiance - Efficacit\u00e9","publisher":{"@id":"https:\/\/gregorydamy.niceavocats.fr\/en\/#organization"},"potentialAction":[{"@type":"SearchAction","target":{"@type":"EntryPoint","urlTemplate":"https:\/\/gregorydamy.niceavocats.fr\/en\/?s={search_term_string}"},"query-input":{"@type":"PropertyValueSpecification","valueRequired":true,"valueName":"search_term_string"}}],"inLanguage":"en-US"},{"@type":"Organization","@id":"https:\/\/gregorydamy.niceavocats.fr\/en\/#organization","name":"Soci\u00e9t\u00e9 d'Avocats DAMY","alternateName":"Gr\u00e9gory DAMY","url":"https:\/\/gregorydamy.niceavocats.fr\/en\/","logo":{"@type":"ImageObject","inLanguage":"en-US","@id":"https:\/\/gregorydamy.niceavocats.fr\/en\/#\/schema\/logo\/image\/","url":"https:\/\/gregorydamy.niceavocats.fr\/wp-content\/uploads\/2023\/04\/damylogo-1.png","contentUrl":"https:\/\/gregorydamy.niceavocats.fr\/wp-content\/uploads\/2023\/04\/damylogo-1.png","width":1890,"height":1417,"caption":"Soci\u00e9t\u00e9 d'Avocats DAMY"},"image":{"@id":"https:\/\/gregorydamy.niceavocats.fr\/en\/#\/schema\/logo\/image\/"},"sameAs":["https:\/\/www.facebook.com\/niceavocats.fr\/"]}]}},"_links":{"self":[{"href":"https:\/\/gregorydamy.niceavocats.fr\/en\/wp-json\/wp\/v2\/pages\/16098","targetHints":{"allow":["GET"]}}],"collection":[{"href":"https:\/\/gregorydamy.niceavocats.fr\/en\/wp-json\/wp\/v2\/pages"}],"about":[{"href":"https:\/\/gregorydamy.niceavocats.fr\/en\/wp-json\/wp\/v2\/types\/page"}],"author":[{"embeddable":true,"href":"https:\/\/gregorydamy.niceavocats.fr\/en\/wp-json\/wp\/v2\/users\/2"}],"replies":[{"embeddable":true,"href":"https:\/\/gregorydamy.niceavocats.fr\/en\/wp-json\/wp\/v2\/comments?post=16098"}],"version-history":[{"count":0,"href":"https:\/\/gregorydamy.niceavocats.fr\/en\/wp-json\/wp\/v2\/pages\/16098\/revisions"}],"wp:attachment":[{"href":"https:\/\/gregorydamy.niceavocats.fr\/en\/wp-json\/wp\/v2\/media?parent=16098"}],"curies":[{"name":"wp","href":"https:\/\/api.w.org\/{rel}","templated":true}]}}