{"id":1232,"date":"2023-01-10T15:22:13","date_gmt":"2023-01-10T15:22:13","guid":{"rendered":"https:\/\/gregorydamy.niceavocats.fr\/nos-expertises\/droit-bancaire\/"},"modified":"2024-04-17T10:00:16","modified_gmt":"2024-04-17T10:00:16","slug":"droit-bancaire","status":"publish","type":"page","link":"https:\/\/gregorydamy.niceavocats.fr\/en\/droit-bancaire\/","title":{"rendered":"Banking law"},"content":{"rendered":"<p>[et_pb_section fb_built=&#8221;1&#8243; custom_padding_last_edited=&#8221;on|phone&#8221; _builder_version=&#8221;4.20.2&#8243; background_enable_image=&#8221;off&#8221; custom_padding=&#8221;64px||||false|false&#8221; custom_padding_tablet=&#8221;150px||||false|false&#8221; custom_padding_phone=&#8221;125px||||false|false&#8221; box_shadow_style=&#8221;preset3&#8243; global_colors_info=&#8221;{}&#8221;][et_pb_row _builder_version=&#8221;4.16&#8243; global_colors_info=&#8221;{}&#8221;][et_pb_column type=&#8221;4_4&#8243; _builder_version=&#8221;4.16&#8243; global_colors_info=&#8221;{}&#8221;][et_pb_text _builder_version=&#8221;4.20.2&#8243; header_3_text_color=&#8221;#d5aa6d&#8221; text_orientation=&#8221;center&#8221; custom_margin=&#8221;||0px||false|false&#8221; global_colors_info=&#8221;{}&#8221;]<\/p>\n<h3>Expertise<\/h3>\n<p>[\/et_pb_text][et_pb_text _builder_version=&#8221;4.20.2&#8243; text_orientation=&#8221;center&#8221; background_layout=&#8221;dark&#8221; global_colors_info=&#8221;{}&#8221;]<\/p>\n<h1><span style=\"color: #333333;\">Expert Lawyer in Banking Law in Nice<\/span><\/h1>\n<p>[\/et_pb_text][\/et_pb_column][\/et_pb_row][\/et_pb_section][et_pb_section fb_built=&#8221;1&#8243; _builder_version=&#8221;4.20.2&#8243; background_enable_color=&#8221;off&#8221; background_enable_image=&#8221;off&#8221; background_blend=&#8221;darken&#8221; locked=&#8221;off&#8221; global_colors_info=&#8221;{}&#8221;][et_pb_row custom_padding_last_edited=&#8221;on|desktop&#8221; _builder_version=&#8221;4.20.2&#8243; background_color=&#8221;#bfcdd9&#8243; custom_padding=&#8221;|225px||225px|false|true&#8221; custom_padding_tablet=&#8221;|0px||0px|false|true&#8221; custom_padding_phone=&#8221;&#8221; box_shadow_style=&#8221;preset2&#8243; global_colors_info=&#8221;{}&#8221;][et_pb_column type=&#8221;4_4&#8243; _builder_version=&#8221;4.16&#8243; global_colors_info=&#8221;{}&#8221;][et_pb_text _builder_version=&#8221;4.20.2&#8243; text_orientation=&#8221;center&#8221; global_colors_info=&#8221;{}&#8221;]<\/p>\n<h2><span style=\"color: #ffffff;\">Areas of expertise<\/span><\/h2>\n<p>[\/et_pb_text][et_pb_divider _builder_version=&#8221;4.16&#8243; width=&#8221;50%&#8221; module_alignment=&#8221;center&#8221; custom_margin=&#8221;||0px||false|false&#8221; global_colors_info=&#8221;{}&#8221;][\/et_pb_divider][et_pb_text _builder_version=&#8221;4.20.2&#8243; text_orientation=&#8221;center&#8221; global_colors_info=&#8221;{}&#8221;]<\/p>\n<p style=\"text-align: center;\"><span style=\"color: #ffffff;\">Gr\u00e9gory DAMY holds a doctorate in law and a thesis in banking law. With this knowledge base and more than fifteen years of experience, banking law is one of his favourite fields.<\/span><\/p>\n<p style=\"text-align: center;\"><span style=\"color: #ffffff;\">Gr\u00e9gory DAMY will advise and assist you in banking law thanks to his in-depth expertise if a dispute arises with your banker, insurer or asset management consultant.<\/span><\/p>\n<p>[\/et_pb_text][\/et_pb_column][\/et_pb_row][et_pb_row _builder_version=&#8221;4.20.2&#8243; background_color=&#8221;#262626&#8243; global_colors_info=&#8221;{}&#8221;][et_pb_column type=&#8221;4_4&#8243; _builder_version=&#8221;4.16&#8243; global_colors_info=&#8221;{}&#8221;][et_pb_blurb title=&#8221;In Summary&#8221; image=&#8221;https:\/\/gregorydamy.niceavocats.fr\/wp-content\/uploads\/2023\/04\/gt-partners-case-study-5.jpg&#8221; content_tablet=&#8221;<\/p>\n<p style=%22text-align: justify;%22><span style=%22color: #ffffff;%22>Tr\u00e8s souvent, les banques vous poursuivent en justice alors qu&#8217;il est possible de soutenir que l&#8217;\u00e9tablissement est forclos dans son action. Dans 90 % de nos cas, nous arrivons \u00e0 faire constater par les tribunaux cette forclusion. Nos clients n&#8217;ont donc plus rien \u00e0 payer&#8230;<\/span><\/p>\n<p style=%22text-align: justify;%22><span style=%22color: #ffffff;%22>La responsabilit\u00e9 des \u00e9tablissements de cr\u00e9dit peut \u00eatre mise en cause notamment en cas de refus ou de rupture abusive de cr\u00e9dit ainsi qu\u2019en cas de demandes de garanties abusives.<\/span><\/p>\n<p style=%22text-align: justify;%22><span style=%22color: #ffffff;%22>Ces agissements peuvent avoir de graves cons\u00e9quences pour un particulier ou une entreprise.<\/span><\/p>\n<p style=%22text-align: justify;%22><span style=%22color: #ffffff;%22>Ma\u00eetre Gr\u00e9gory DAMY vous apportera son soutien face \u00e0 des institutions financi\u00e8res qui n\u2019agissent pas toujours dans le respect de la loi.<\/span><\/p>\n<p style=%22text-align: justify;%22><span style=%22color: #ffffff;%22>Un exemple : vous avez souscrit un cr\u00e9dit immobilier pour acheter un bien. Le taux effectif global est erron\u00e9. Notre cabinet pourra vous l\u2019indiquer tr\u00e8s rapidement car il a cr\u00e9\u00e9 un logiciel permettant de relever les anomalies de taux effectif global. Beaucoup de cr\u00e9dits sont ainsi vici\u00e9s. Il existe des recours pour y rem\u00e9dier et faire valoir vos droits.<\/span><br \/><span style=%22color: #ffffff;%22>Si le tribunal constate que le taux effectif global du cr\u00e9dit est erron\u00e9, il substituera \u00e0 l\u2019int\u00e9r\u00eat conventionnel, l\u2019int\u00e9r\u00eat l\u00e9gal qui est proche de 0%.<\/span><br \/><span style=%22color: #ffffff;%22>Notre cabinet a fait annuler les taux d\u2019int\u00e9r\u00eats de nombreux cr\u00e9dits permettant \u00e0 nos clients d\u2019\u00e9conomiser plusieurs centaines de milliers d\u2019euros.<\/span><\/p>\n<p style=%22text-align: justify;%22>&#8221; content_phone=&#8221;<\/p>\n<p style=%22text-align: center;%22><span style=%22color: #ffffff;%22>Tr\u00e8s souvent, les banques vous poursuivent en justice alors qu&#8217;il est possible de soutenir que l&#8217;\u00e9tablissement est forclos dans son action. Dans 90 % de nos cas, nous arrivons \u00e0 faire constater par les tribunaux cette forclusion. Nos clients n&#8217;ont donc plus rien \u00e0 payer&#8230;<\/span><\/p>\n<p style=%22text-align: center;%22><span style=%22color: #ffffff;%22>La responsabilit\u00e9 des \u00e9tablissements de cr\u00e9dit peut \u00eatre mise en cause notamment en cas de refus ou de rupture abusive de cr\u00e9dit ainsi qu\u2019en cas de demandes de garanties abusives.<\/span><\/p>\n<p style=%22text-align: center;%22><span style=%22color: #ffffff;%22>Ces agissements peuvent avoir de graves cons\u00e9quences pour un particulier ou une entreprise.<\/span><\/p>\n<p style=%22text-align: center;%22><span style=%22color: #ffffff;%22>Ma\u00eetre Gr\u00e9gory DAMY vous apportera son soutien face \u00e0 des institutions financi\u00e8res qui n\u2019agissent pas toujours dans le respect de la loi.<\/span><\/p>\n<p style=%22text-align: center;%22><span style=%22color: #ffffff;%22>Un exemple : vous avez souscrit un cr\u00e9dit immobilier pour acheter un bien. Le taux effectif global est erron\u00e9. Notre cabinet pourra vous l\u2019indiquer tr\u00e8s rapidement car il a cr\u00e9\u00e9 un logiciel permettant de relever les anomalies de taux effectif global. Beaucoup de cr\u00e9dits sont ainsi vici\u00e9s. Il existe des recours pour y rem\u00e9dier et faire valoir vos droits.<\/span><br \/><span style=%22color: #ffffff;%22>Si le tribunal constate que le taux effectif global du cr\u00e9dit est erron\u00e9, il substituera \u00e0 l\u2019int\u00e9r\u00eat conventionnel, l\u2019int\u00e9r\u00eat l\u00e9gal qui est proche de 0%.<\/span><br \/><span style=%22color: #ffffff;%22>Notre cabinet a fait annuler les taux d\u2019int\u00e9r\u00eats de nombreux cr\u00e9dits permettant \u00e0 nos clients d\u2019\u00e9conomiser plusieurs centaines de milliers d\u2019euros.<\/span><\/p>\n<p style=%22text-align: center;%22>&#8221; content_last_edited=&#8221;on|phone&#8221; module_class=&#8221;gt_service_style2&#8243; _builder_version=&#8221;4.20.2&#8243; header_level=&#8221;h3&#8243; header_text_color=&#8221;#d5aa6d&#8221; transform_translate_linked__hover=&#8221;off&#8221; text_orientation=&#8221;center&#8221; box_shadow_style=&#8221;preset2&#8243; box_shadow_style_image=&#8221;preset2&#8243; global_colors_info=&#8221;{}&#8221; transform_styles__hover_enabled=&#8221;on|hover&#8221; transform_scale__hover_enabled=&#8221;on|desktop&#8221; transform_translate__hover_enabled=&#8221;on|hover&#8221; transform_rotate__hover_enabled=&#8221;on|desktop&#8221; transform_skew__hover_enabled=&#8221;on|desktop&#8221; transform_origin__hover_enabled=&#8221;on|desktop&#8221; transform_translate__hover=&#8221;0px|-5px&#8221;]<\/p>\n<p style=\"text-align: justify;\"><span style=\"color: #ffffff;\">Very often, banks take you to court even though it is possible to argue that the institution is foreclosed in its action. In 90% of our cases, we succeed in getting the courts to declare the foreclosure. Our clients then have nothing left to pay&#8230;<\/span><\/p>\n<p style=\"text-align: justify;\"><span style=\"color: #ffffff;\">The responsibility of credit institutions can be called into question, particularly in the event of refusal or abusive termination of credit as well as in the event of abusive requests for guarantees.<\/span><\/p>\n<p style=\"text-align: justify;\"><span style=\"color: #ffffff;\">These actions can have serious consequences for an individual or a company.<\/span><\/p>\n<p style=\"text-align: justify;\"><span style=\"color: #ffffff;\">Ma\u00eetre Gr\u00e9gory DAMY will provide you with support in the face of financial institutions that do not always act in accordance with the law.<\/span><\/p>\n<p style=\"text-align: justify;\"><span style=\"color: #ffffff;\">An example: you have taken out a mortgage to buy a property. The total effective rate is wrong. Our firm will be able to tell you very quickly because it has created a software program that allows it to identify anomalies in the overall effective rate. Many loans are thus defective. There are remedies to remedy this and assert your rights.<\/span><br \/><span style=\"color: #ffffff;\">If the court finds that the overall effective rate of credit is incorrect, it will substitute the conventional interest with the legal interest which is close to 0%.<\/span><br \/><span style=\"color: #ffffff;\">Our firm has had the interest rates on many loans cancelled, saving our clients several hundred thousand euros.<\/span><\/p>\n<p>[\/et_pb_blurb][\/et_pb_column][\/et_pb_row][\/et_pb_section]<\/p>\n","protected":false},"excerpt":{"rendered":"<p>ExpertiseExpert Lawyer in Banking Law in NiceAreas of expertiseGr\u00e9gory DAMY holds a doctorate in law and a thesis in banking law. With this knowledge base and more than fifteen years of experience, banking law is one of his favourite fields. Gr\u00e9gory DAMY will advise and assist you in banking law thanks to his in-depth expertise [&hellip;]<\/p>\n","protected":false},"author":1,"featured_media":0,"parent":0,"menu_order":0,"comment_status":"closed","ping_status":"closed","template":"","meta":{"_et_pb_use_builder":"on","_et_pb_old_content":"<!-- wp:divi\/placeholder \/-->","_et_gb_content_width":"","footnotes":""},"class_list":["post-1232","page","type-page","status-publish","hentry"],"yoast_head":"<!-- This site is optimized with the Yoast SEO plugin v26.8 - https:\/\/yoast.com\/product\/yoast-seo-wordpress\/ -->\n<title>Banking law - gregorydamy.niceavocats.fr<\/title>\n<meta name=\"description\" content=\"Gr\u00e9gory DAMY holds a doctorate in law and a thesis in banking law. With this knowledge base and more than fifteen years of experience, banking law.\" \/>\n<meta name=\"robots\" content=\"index, follow, max-snippet:-1, max-image-preview:large, max-video-preview:-1\" \/>\n<link rel=\"canonical\" href=\"https:\/\/gregorydamy.niceavocats.fr\/en\/droit-bancaire\/\" \/>\n<meta property=\"og:locale\" content=\"en_US\" \/>\n<meta property=\"og:type\" content=\"article\" \/>\n<meta property=\"og:title\" content=\"Banking law - gregorydamy.niceavocats.fr\" \/>\n<meta property=\"og:description\" content=\"Gr\u00e9gory DAMY holds a doctorate in law and a thesis in banking law. With this knowledge base and more than fifteen years of experience, banking law.\" \/>\n<meta property=\"og:url\" content=\"https:\/\/gregorydamy.niceavocats.fr\/en\/droit-bancaire\/\" \/>\n<meta property=\"og:site_name\" content=\"Soci\u00e9t\u00e9 d&#039;avocats Damy\" \/>\n<meta property=\"article:publisher\" content=\"https:\/\/www.facebook.com\/niceavocats.fr\/\" \/>\n<meta property=\"article:modified_time\" content=\"2024-04-17T10:00:16+00:00\" \/>\n<meta name=\"twitter:card\" content=\"summary_large_image\" \/>\n<meta name=\"twitter:label1\" content=\"Est. reading time\" \/>\n\t<meta name=\"twitter:data1\" content=\"6 minutes\" \/>\n<script type=\"application\/ld+json\" class=\"yoast-schema-graph\">{\"@context\":\"https:\/\/schema.org\",\"@graph\":[{\"@type\":\"WebPage\",\"@id\":\"https:\/\/gregorydamy.niceavocats.fr\/en\/droit-bancaire\/\",\"url\":\"https:\/\/gregorydamy.niceavocats.fr\/en\/droit-bancaire\/\",\"name\":\"Banking law - gregorydamy.niceavocats.fr\",\"isPartOf\":{\"@id\":\"https:\/\/gregorydamy.niceavocats.fr\/en\/#website\"},\"datePublished\":\"2023-01-10T15:22:13+00:00\",\"dateModified\":\"2024-04-17T10:00:16+00:00\",\"description\":\"Gr\u00e9gory DAMY holds a doctorate in law and a thesis in banking law. With this knowledge base and more than fifteen years of experience, banking law.\",\"breadcrumb\":{\"@id\":\"https:\/\/gregorydamy.niceavocats.fr\/en\/droit-bancaire\/#breadcrumb\"},\"inLanguage\":\"en-US\",\"potentialAction\":[{\"@type\":\"ReadAction\",\"target\":[\"https:\/\/gregorydamy.niceavocats.fr\/en\/droit-bancaire\/\"]}]},{\"@type\":\"BreadcrumbList\",\"@id\":\"https:\/\/gregorydamy.niceavocats.fr\/en\/droit-bancaire\/#breadcrumb\",\"itemListElement\":[{\"@type\":\"ListItem\",\"position\":1,\"name\":\"Accueil\",\"item\":\"https:\/\/gregorydamy.niceavocats.fr\/en\/\"},{\"@type\":\"ListItem\",\"position\":2,\"name\":\"Banking law\"}]},{\"@type\":\"WebSite\",\"@id\":\"https:\/\/gregorydamy.niceavocats.fr\/en\/#website\",\"url\":\"https:\/\/gregorydamy.niceavocats.fr\/en\/\",\"name\":\"Soci\u00e9t\u00e9 d&#039;avocats Damy\",\"description\":\"Justice - Confiance - Efficacit\u00e9\",\"publisher\":{\"@id\":\"https:\/\/gregorydamy.niceavocats.fr\/en\/#organization\"},\"potentialAction\":[{\"@type\":\"SearchAction\",\"target\":{\"@type\":\"EntryPoint\",\"urlTemplate\":\"https:\/\/gregorydamy.niceavocats.fr\/en\/?s={search_term_string}\"},\"query-input\":{\"@type\":\"PropertyValueSpecification\",\"valueRequired\":true,\"valueName\":\"search_term_string\"}}],\"inLanguage\":\"en-US\"},{\"@type\":\"Organization\",\"@id\":\"https:\/\/gregorydamy.niceavocats.fr\/en\/#organization\",\"name\":\"Soci\u00e9t\u00e9 d'Avocats DAMY\",\"alternateName\":\"Gr\u00e9gory DAMY\",\"url\":\"https:\/\/gregorydamy.niceavocats.fr\/en\/\",\"logo\":{\"@type\":\"ImageObject\",\"inLanguage\":\"en-US\",\"@id\":\"https:\/\/gregorydamy.niceavocats.fr\/en\/#\/schema\/logo\/image\/\",\"url\":\"https:\/\/gregorydamy.niceavocats.fr\/wp-content\/uploads\/2023\/04\/damylogo-1.png\",\"contentUrl\":\"https:\/\/gregorydamy.niceavocats.fr\/wp-content\/uploads\/2023\/04\/damylogo-1.png\",\"width\":1890,\"height\":1417,\"caption\":\"Soci\u00e9t\u00e9 d'Avocats DAMY\"},\"image\":{\"@id\":\"https:\/\/gregorydamy.niceavocats.fr\/en\/#\/schema\/logo\/image\/\"},\"sameAs\":[\"https:\/\/www.facebook.com\/niceavocats.fr\/\"]}]}<\/script>\n<!-- \/ Yoast SEO plugin. -->","yoast_head_json":{"title":"Banking law - gregorydamy.niceavocats.fr","description":"Gr\u00e9gory DAMY holds a doctorate in law and a thesis in banking law. With this knowledge base and more than fifteen years of experience, banking law.","robots":{"index":"index","follow":"follow","max-snippet":"max-snippet:-1","max-image-preview":"max-image-preview:large","max-video-preview":"max-video-preview:-1"},"canonical":"https:\/\/gregorydamy.niceavocats.fr\/en\/droit-bancaire\/","og_locale":"en_US","og_type":"article","og_title":"Banking law - gregorydamy.niceavocats.fr","og_description":"Gr\u00e9gory DAMY holds a doctorate in law and a thesis in banking law. With this knowledge base and more than fifteen years of experience, banking law.","og_url":"https:\/\/gregorydamy.niceavocats.fr\/en\/droit-bancaire\/","og_site_name":"Soci\u00e9t\u00e9 d&#039;avocats Damy","article_publisher":"https:\/\/www.facebook.com\/niceavocats.fr\/","article_modified_time":"2024-04-17T10:00:16+00:00","twitter_card":"summary_large_image","twitter_misc":{"Est. reading time":"6 minutes"},"schema":{"@context":"https:\/\/schema.org","@graph":[{"@type":"WebPage","@id":"https:\/\/gregorydamy.niceavocats.fr\/en\/droit-bancaire\/","url":"https:\/\/gregorydamy.niceavocats.fr\/en\/droit-bancaire\/","name":"Banking law - gregorydamy.niceavocats.fr","isPartOf":{"@id":"https:\/\/gregorydamy.niceavocats.fr\/en\/#website"},"datePublished":"2023-01-10T15:22:13+00:00","dateModified":"2024-04-17T10:00:16+00:00","description":"Gr\u00e9gory DAMY holds a doctorate in law and a thesis in banking law. With this knowledge base and more than fifteen years of experience, banking law.","breadcrumb":{"@id":"https:\/\/gregorydamy.niceavocats.fr\/en\/droit-bancaire\/#breadcrumb"},"inLanguage":"en-US","potentialAction":[{"@type":"ReadAction","target":["https:\/\/gregorydamy.niceavocats.fr\/en\/droit-bancaire\/"]}]},{"@type":"BreadcrumbList","@id":"https:\/\/gregorydamy.niceavocats.fr\/en\/droit-bancaire\/#breadcrumb","itemListElement":[{"@type":"ListItem","position":1,"name":"Accueil","item":"https:\/\/gregorydamy.niceavocats.fr\/en\/"},{"@type":"ListItem","position":2,"name":"Banking law"}]},{"@type":"WebSite","@id":"https:\/\/gregorydamy.niceavocats.fr\/en\/#website","url":"https:\/\/gregorydamy.niceavocats.fr\/en\/","name":"Soci\u00e9t\u00e9 d&#039;avocats Damy","description":"Justice - Confiance - Efficacit\u00e9","publisher":{"@id":"https:\/\/gregorydamy.niceavocats.fr\/en\/#organization"},"potentialAction":[{"@type":"SearchAction","target":{"@type":"EntryPoint","urlTemplate":"https:\/\/gregorydamy.niceavocats.fr\/en\/?s={search_term_string}"},"query-input":{"@type":"PropertyValueSpecification","valueRequired":true,"valueName":"search_term_string"}}],"inLanguage":"en-US"},{"@type":"Organization","@id":"https:\/\/gregorydamy.niceavocats.fr\/en\/#organization","name":"Soci\u00e9t\u00e9 d'Avocats DAMY","alternateName":"Gr\u00e9gory DAMY","url":"https:\/\/gregorydamy.niceavocats.fr\/en\/","logo":{"@type":"ImageObject","inLanguage":"en-US","@id":"https:\/\/gregorydamy.niceavocats.fr\/en\/#\/schema\/logo\/image\/","url":"https:\/\/gregorydamy.niceavocats.fr\/wp-content\/uploads\/2023\/04\/damylogo-1.png","contentUrl":"https:\/\/gregorydamy.niceavocats.fr\/wp-content\/uploads\/2023\/04\/damylogo-1.png","width":1890,"height":1417,"caption":"Soci\u00e9t\u00e9 d'Avocats DAMY"},"image":{"@id":"https:\/\/gregorydamy.niceavocats.fr\/en\/#\/schema\/logo\/image\/"},"sameAs":["https:\/\/www.facebook.com\/niceavocats.fr\/"]}]}},"_links":{"self":[{"href":"https:\/\/gregorydamy.niceavocats.fr\/en\/wp-json\/wp\/v2\/pages\/1232","targetHints":{"allow":["GET"]}}],"collection":[{"href":"https:\/\/gregorydamy.niceavocats.fr\/en\/wp-json\/wp\/v2\/pages"}],"about":[{"href":"https:\/\/gregorydamy.niceavocats.fr\/en\/wp-json\/wp\/v2\/types\/page"}],"author":[{"embeddable":true,"href":"https:\/\/gregorydamy.niceavocats.fr\/en\/wp-json\/wp\/v2\/users\/1"}],"replies":[{"embeddable":true,"href":"https:\/\/gregorydamy.niceavocats.fr\/en\/wp-json\/wp\/v2\/comments?post=1232"}],"version-history":[{"count":0,"href":"https:\/\/gregorydamy.niceavocats.fr\/en\/wp-json\/wp\/v2\/pages\/1232\/revisions"}],"wp:attachment":[{"href":"https:\/\/gregorydamy.niceavocats.fr\/en\/wp-json\/wp\/v2\/media?parent=1232"}],"curies":[{"name":"wp","href":"https:\/\/api.w.org\/{rel}","templated":true}]}}